{"id":3808,"date":"2025-10-23T13:50:28","date_gmt":"2025-10-23T13:50:28","guid":{"rendered":"https:\/\/loop-of-light.com\/product\/en-rolig-stund-7-dagers-dagbok-for-tanke-og-trad\/"},"modified":"2025-10-28T14:10:28","modified_gmt":"2025-10-28T14:10:28","slug":"en-rolig-stund-7-dagers-dagbok-for-tanke-og-trad","status":"publish","type":"product","link":"https:\/\/loop-of-light.com\/nb\/produkt\/en-rolig-stund-7-dagers-dagbok-for-tanke-og-trad\/","title":{"rendered":"En Rolig Stund &#8211; 7 dagers dagbok -for tanke og tr\u00e5d"},"content":{"rendered":"<p>En stille invitasjon til \u00e5 senke skuldrene og v\u00e6re til stede \u2013 med tr\u00e5d, pust og tanke.<br \/>\nDenne dagboken guider deg gjennom 7 rolige dager med sm\u00e5 refleksjoner, myke oppgaver og enkle puste\u00f8velser.<br \/>\nSkap rom for deg selv \u2013 og lag sm\u00e5 \u00f8yeblikk av skj\u00f8nnhet i ditt eget tempo.<\/p>\n<p><strong>Hva du f\u00e5r:<\/strong><br \/>\n\u2713 PDF-dagbok (norsk versjon)<br \/>\n\u2713 7 dagers struktur med refleksjonssp\u00f8rsm\u00e5l og kreative pusterom<br \/>\n\u2713 Kan brukes digitalt eller printes<\/p>\n<p><strong>Perfekt for deg som:<\/strong><br \/>\n\u2013 elsker rolig kreativitet<br \/>\n\u2013 vil skrive, reflektere eller bare v\u00e6re<br \/>\n\u2013 trenger en vennlig pause i hverdagen<\/p>\n<p><strong>Dette er ogs\u00e5 en del av pakken Den varsomme sti: <\/strong><a href=\"https:\/\/loopoflight.gumroad.com\/l\/qiclxb\" target=\"_blank\" rel=\"noopener noreferrer nofollow\"><strong>F\u00e5 pakken med flere dokumenter her<\/strong><\/a><strong><br \/>\nGratis om du melder deg p\u00e5 nyhetsbrevet her <\/strong><br \/>\n(Trykk p\u00e5 det norske flagget for en norsk variant av siden): <a href=\"https:\/\/loop-of-light.com\/nb\/gentle-path\/\" target=\"_blank\" rel=\"noopener noreferrer nofollow\"><strong>The Gentle Path &#8211; Loop of Light<\/strong><\/a><\/p>","protected":false},"excerpt":{"rendered":"<p>En stille invitasjon til \u00e5 senke skuldrene og v\u00e6re til stede \u2013 med tr\u00e5d, pust og tanke. Denne dagboken guider&#8230;<\/p>","protected":false},"featured_media":3809,"comment_status":"open","ping_status":"closed","template":"","meta":{"nf_dc_page":"","om_disable_all_campaigns":false,"_monsterinsights_skip_tracking":false,"_monsterinsights_sitenote_active":false,"_monsterinsights_sitenote_note":"","_monsterinsights_sitenote_category":0,"_kadence_starter_templates_imported_post":false,"_kad_post_transparent":"default","_kad_post_title":"","_kad_post_layout":"default","_kad_post_sidebar_id":"","_kad_post_content_style":"default","_kad_post_vertical_padding":"default","_kad_post_feature":"","_kad_post_feature_position":"","_kad_post_header":false,"_kad_post_footer":false,"_kad_post_classname":""},"product_brand":[],"product_cat":[103,104],"product_tag":[],"class_list":{"0":"post-3808","1":"product","2":"type-product","3":"status-publish","4":"has-post-thumbnail","6":"product_cat-downloads","7":"product_cat-norsk","9":"first","10":"instock","11":"downloadable","12":"taxable","13":"shipping-taxable","14":"purchasable","15":"product-type-simple","16":"entry","17":"content-bg","18":"loop-entry"},"yoast_head":"<!-- This site is optimized with the Yoast SEO Premium plugin v27.1 (Yoast SEO v27.4) - https:\/\/yoast.com\/product\/yoast-seo-premium-wordpress\/ -->\n<title>En Rolig Stund - 7 dagers dagbok -for tanke og tr\u00e5d - Loop of Light<\/title>\n<meta name=\"robots\" content=\"noindex, follow\" \/>\n<meta property=\"og:locale\" content=\"nb_NO\" \/>\n<meta property=\"og:type\" content=\"article\" \/>\n<meta property=\"og:title\" content=\"En Rolig Stund - 7 dagers dagbok -for tanke og tr\u00e5d\" \/>\n<meta property=\"og:description\" content=\"En stille invitasjon til \u00e5 senke skuldrene og v\u00e6re til stede \u2013 med tr\u00e5d, pust og tanke. Denne dagboken guider...\" \/>\n<meta property=\"og:url\" content=\"https:\/\/loop-of-light.com\/nb\/produkt\/en-rolig-stund-7-dagers-dagbok-for-tanke-og-trad\/\" \/>\n<meta property=\"og:site_name\" content=\"Loop of Light\" \/>\n<meta property=\"article:publisher\" content=\"https:\/\/www.facebook.com\/profile.php?id=61575882834639\" \/>\n<meta property=\"article:modified_time\" content=\"2025-10-28T14:10:28+00:00\" \/>\n<meta property=\"og:image\" content=\"https:\/\/loop-of-light.com\/wp-content\/uploads\/2025\/10\/En-Rolig-Stund-7-dagers-dagbok-for-tanke-og-trad.jpg\" \/>\n\t<meta property=\"og:image:width\" content=\"600\" \/>\n\t<meta property=\"og:image:height\" content=\"600\" \/>\n\t<meta property=\"og:image:type\" content=\"image\/jpeg\" \/>\n<meta name=\"twitter:card\" content=\"summary_large_image\" \/>\n<meta name=\"twitter:label1\" content=\"Ansl. lesetid\" \/>\n\t<meta name=\"twitter:data1\" content=\"1 minutt\" \/>\n<script type=\"application\/ld+json\" class=\"yoast-schema-graph\">{\"@context\":\"https:\\\/\\\/schema.org\",\"@graph\":[{\"@type\":\"WebPage\",\"@id\":\"https:\\\/\\\/loop-of-light.com\\\/product\\\/en-rolig-stund-7-dagers-dagbok-for-tanke-og-trad\\\/\",\"url\":\"https:\\\/\\\/loop-of-light.com\\\/product\\\/en-rolig-stund-7-dagers-dagbok-for-tanke-og-trad\\\/\",\"name\":\"En Rolig Stund - 7 dagers dagbok -for tanke og tr\u00e5d - Loop of Light\",\"isPartOf\":{\"@id\":\"https:\\\/\\\/loop-of-light.com\\\/#website\"},\"primaryImageOfPage\":{\"@id\":\"https:\\\/\\\/loop-of-light.com\\\/product\\\/en-rolig-stund-7-dagers-dagbok-for-tanke-og-trad\\\/#primaryimage\"},\"image\":{\"@id\":\"https:\\\/\\\/loop-of-light.com\\\/product\\\/en-rolig-stund-7-dagers-dagbok-for-tanke-og-trad\\\/#primaryimage\"},\"thumbnailUrl\":\"https:\\\/\\\/i0.wp.com\\\/loop-of-light.com\\\/wp-content\\\/uploads\\\/2025\\\/10\\\/En-Rolig-Stund-7-dagers-dagbok-for-tanke-og-trad.jpg?fit=600%2C600&ssl=1\",\"datePublished\":\"2025-10-23T13:50:28+00:00\",\"dateModified\":\"2025-10-28T14:10:28+00:00\",\"breadcrumb\":{\"@id\":\"https:\\\/\\\/loop-of-light.com\\\/product\\\/en-rolig-stund-7-dagers-dagbok-for-tanke-og-trad\\\/#breadcrumb\"},\"inLanguage\":\"nb-NO\",\"potentialAction\":[{\"@type\":\"ReadAction\",\"target\":[\"https:\\\/\\\/loop-of-light.com\\\/product\\\/en-rolig-stund-7-dagers-dagbok-for-tanke-og-trad\\\/\"]}]},{\"@type\":\"ImageObject\",\"inLanguage\":\"nb-NO\",\"@id\":\"https:\\\/\\\/loop-of-light.com\\\/product\\\/en-rolig-stund-7-dagers-dagbok-for-tanke-og-trad\\\/#primaryimage\",\"url\":\"https:\\\/\\\/i0.wp.com\\\/loop-of-light.com\\\/wp-content\\\/uploads\\\/2025\\\/10\\\/En-Rolig-Stund-7-dagers-dagbok-for-tanke-og-trad.jpg?fit=600%2C600&ssl=1\",\"contentUrl\":\"https:\\\/\\\/i0.wp.com\\\/loop-of-light.com\\\/wp-content\\\/uploads\\\/2025\\\/10\\\/En-Rolig-Stund-7-dagers-dagbok-for-tanke-og-trad.jpg?fit=600%2C600&ssl=1\",\"width\":600,\"height\":600},{\"@type\":\"BreadcrumbList\",\"@id\":\"https:\\\/\\\/loop-of-light.com\\\/product\\\/en-rolig-stund-7-dagers-dagbok-for-tanke-og-trad\\\/#breadcrumb\",\"itemListElement\":[{\"@type\":\"ListItem\",\"position\":1,\"name\":\"Home\",\"item\":\"https:\\\/\\\/loop-of-light.com\\\/\"},{\"@type\":\"ListItem\",\"position\":2,\"name\":\"Shop\",\"item\":\"https:\\\/\\\/loop-of-light.com\\\/shop\\\/\"},{\"@type\":\"ListItem\",\"position\":3,\"name\":\"En Rolig Stund &#8211; 7 dagers dagbok -for tanke og tr\u00e5d\"}]},{\"@type\":\"WebSite\",\"@id\":\"https:\\\/\\\/loop-of-light.com\\\/#website\",\"url\":\"https:\\\/\\\/loop-of-light.com\\\/\",\"name\":\"Loop-of-light.com\",\"description\":\"Creativity with calm\",\"publisher\":{\"@id\":\"https:\\\/\\\/loop-of-light.com\\\/#\\\/schema\\\/person\\\/c0a33ff135d2d321a191176e6446ead9\"},\"potentialAction\":[{\"@type\":\"SearchAction\",\"target\":{\"@type\":\"EntryPoint\",\"urlTemplate\":\"https:\\\/\\\/loop-of-light.com\\\/?s={search_term_string}\"},\"query-input\":{\"@type\":\"PropertyValueSpecification\",\"valueRequired\":true,\"valueName\":\"search_term_string\"}}],\"inLanguage\":\"nb-NO\"},{\"@type\":[\"Person\",\"Organization\"],\"@id\":\"https:\\\/\\\/loop-of-light.com\\\/#\\\/schema\\\/person\\\/c0a33ff135d2d321a191176e6446ead9\",\"name\":\"Bente\",\"image\":{\"@type\":\"ImageObject\",\"inLanguage\":\"nb-NO\",\"@id\":\"https:\\\/\\\/i0.wp.com\\\/loop-of-light.com\\\/wp-content\\\/uploads\\\/2025\\\/06\\\/cropped-logo-1.webp?fit=512%2C512&ssl=1\",\"url\":\"https:\\\/\\\/i0.wp.com\\\/loop-of-light.com\\\/wp-content\\\/uploads\\\/2025\\\/06\\\/cropped-logo-1.webp?fit=512%2C512&ssl=1\",\"contentUrl\":\"https:\\\/\\\/i0.wp.com\\\/loop-of-light.com\\\/wp-content\\\/uploads\\\/2025\\\/06\\\/cropped-logo-1.webp?fit=512%2C512&ssl=1\",\"width\":512,\"height\":512,\"caption\":\"Bente\"},\"logo\":{\"@id\":\"https:\\\/\\\/i0.wp.com\\\/loop-of-light.com\\\/wp-content\\\/uploads\\\/2025\\\/06\\\/cropped-logo-1.webp?fit=512%2C512&ssl=1\"},\"sameAs\":[\"http:\\\/\\\/loop-of-light.com\",\"https:\\\/\\\/www.facebook.com\\\/profile.php?id=61575882834639\",\"https:\\\/\\\/www.instagram.com\\\/skaperglede_med_hvilepuls\\\/\",\"https:\\\/\\\/no.pinterest.com\\\/Loopoflight\\\/?actingBusinessId=305893137098757733\"]}]}<\/script>\n<!-- \/ Yoast SEO Premium plugin. -->","yoast_head_json":{"title":"En Rolig Stund - 7 dagers dagbok -for tanke og tr\u00e5d - Loop of Light","robots":{"index":"noindex","follow":"follow"},"og_locale":"nb_NO","og_type":"article","og_title":"En Rolig Stund - 7 dagers dagbok -for tanke og tr\u00e5d","og_description":"En stille invitasjon til \u00e5 senke skuldrene og v\u00e6re til stede \u2013 med tr\u00e5d, pust og tanke. Denne dagboken guider...","og_url":"https:\/\/loop-of-light.com\/nb\/produkt\/en-rolig-stund-7-dagers-dagbok-for-tanke-og-trad\/","og_site_name":"Loop of Light","article_publisher":"https:\/\/www.facebook.com\/profile.php?id=61575882834639","article_modified_time":"2025-10-28T14:10:28+00:00","og_image":[{"width":600,"height":600,"url":"https:\/\/loop-of-light.com\/wp-content\/uploads\/2025\/10\/En-Rolig-Stund-7-dagers-dagbok-for-tanke-og-trad.jpg","type":"image\/jpeg"}],"twitter_card":"summary_large_image","twitter_misc":{"Ansl. lesetid":"1 minutt"},"schema":{"@context":"https:\/\/schema.org","@graph":[{"@type":"WebPage","@id":"https:\/\/loop-of-light.com\/product\/en-rolig-stund-7-dagers-dagbok-for-tanke-og-trad\/","url":"https:\/\/loop-of-light.com\/product\/en-rolig-stund-7-dagers-dagbok-for-tanke-og-trad\/","name":"En Rolig Stund - 7 dagers dagbok -for tanke og tr\u00e5d - Loop of Light","isPartOf":{"@id":"https:\/\/loop-of-light.com\/#website"},"primaryImageOfPage":{"@id":"https:\/\/loop-of-light.com\/product\/en-rolig-stund-7-dagers-dagbok-for-tanke-og-trad\/#primaryimage"},"image":{"@id":"https:\/\/loop-of-light.com\/product\/en-rolig-stund-7-dagers-dagbok-for-tanke-og-trad\/#primaryimage"},"thumbnailUrl":"https:\/\/i0.wp.com\/loop-of-light.com\/wp-content\/uploads\/2025\/10\/En-Rolig-Stund-7-dagers-dagbok-for-tanke-og-trad.jpg?fit=600%2C600&ssl=1","datePublished":"2025-10-23T13:50:28+00:00","dateModified":"2025-10-28T14:10:28+00:00","breadcrumb":{"@id":"https:\/\/loop-of-light.com\/product\/en-rolig-stund-7-dagers-dagbok-for-tanke-og-trad\/#breadcrumb"},"inLanguage":"nb-NO","potentialAction":[{"@type":"ReadAction","target":["https:\/\/loop-of-light.com\/product\/en-rolig-stund-7-dagers-dagbok-for-tanke-og-trad\/"]}]},{"@type":"ImageObject","inLanguage":"nb-NO","@id":"https:\/\/loop-of-light.com\/product\/en-rolig-stund-7-dagers-dagbok-for-tanke-og-trad\/#primaryimage","url":"https:\/\/i0.wp.com\/loop-of-light.com\/wp-content\/uploads\/2025\/10\/En-Rolig-Stund-7-dagers-dagbok-for-tanke-og-trad.jpg?fit=600%2C600&ssl=1","contentUrl":"https:\/\/i0.wp.com\/loop-of-light.com\/wp-content\/uploads\/2025\/10\/En-Rolig-Stund-7-dagers-dagbok-for-tanke-og-trad.jpg?fit=600%2C600&ssl=1","width":600,"height":600},{"@type":"BreadcrumbList","@id":"https:\/\/loop-of-light.com\/product\/en-rolig-stund-7-dagers-dagbok-for-tanke-og-trad\/#breadcrumb","itemListElement":[{"@type":"ListItem","position":1,"name":"Home","item":"https:\/\/loop-of-light.com\/"},{"@type":"ListItem","position":2,"name":"Shop","item":"https:\/\/loop-of-light.com\/shop\/"},{"@type":"ListItem","position":3,"name":"En Rolig Stund &#8211; 7 dagers dagbok -for tanke og tr\u00e5d"}]},{"@type":"WebSite","@id":"https:\/\/loop-of-light.com\/#website","url":"https:\/\/loop-of-light.com\/","name":"Loop-of-light.com","description":"Creativity with calm","publisher":{"@id":"https:\/\/loop-of-light.com\/#\/schema\/person\/c0a33ff135d2d321a191176e6446ead9"},"potentialAction":[{"@type":"SearchAction","target":{"@type":"EntryPoint","urlTemplate":"https:\/\/loop-of-light.com\/?s={search_term_string}"},"query-input":{"@type":"PropertyValueSpecification","valueRequired":true,"valueName":"search_term_string"}}],"inLanguage":"nb-NO"},{"@type":["Person","Organization"],"@id":"https:\/\/loop-of-light.com\/#\/schema\/person\/c0a33ff135d2d321a191176e6446ead9","name":"Bente","image":{"@type":"ImageObject","inLanguage":"nb-NO","@id":"https:\/\/i0.wp.com\/loop-of-light.com\/wp-content\/uploads\/2025\/06\/cropped-logo-1.webp?fit=512%2C512&ssl=1","url":"https:\/\/i0.wp.com\/loop-of-light.com\/wp-content\/uploads\/2025\/06\/cropped-logo-1.webp?fit=512%2C512&ssl=1","contentUrl":"https:\/\/i0.wp.com\/loop-of-light.com\/wp-content\/uploads\/2025\/06\/cropped-logo-1.webp?fit=512%2C512&ssl=1","width":512,"height":512,"caption":"Bente"},"logo":{"@id":"https:\/\/i0.wp.com\/loop-of-light.com\/wp-content\/uploads\/2025\/06\/cropped-logo-1.webp?fit=512%2C512&ssl=1"},"sameAs":["http:\/\/loop-of-light.com","https:\/\/www.facebook.com\/profile.php?id=61575882834639","https:\/\/www.instagram.com\/skaperglede_med_hvilepuls\/","https:\/\/no.pinterest.com\/Loopoflight\/?actingBusinessId=305893137098757733"]}]}},"jetpack_sharing_enabled":true,"_links":{"self":[{"href":"https:\/\/loop-of-light.com\/nb\/wp-json\/wp\/v2\/product\/3808","targetHints":{"allow":["GET"]}}],"collection":[{"href":"https:\/\/loop-of-light.com\/nb\/wp-json\/wp\/v2\/product"}],"about":[{"href":"https:\/\/loop-of-light.com\/nb\/wp-json\/wp\/v2\/types\/product"}],"replies":[{"embeddable":true,"href":"https:\/\/loop-of-light.com\/nb\/wp-json\/wp\/v2\/comments?post=3808"}],"wp:featuredmedia":[{"embeddable":true,"href":"https:\/\/loop-of-light.com\/nb\/wp-json\/wp\/v2\/media\/3809"}],"wp:attachment":[{"href":"https:\/\/loop-of-light.com\/nb\/wp-json\/wp\/v2\/media?parent=3808"}],"wp:term":[{"taxonomy":"product_brand","embeddable":true,"href":"https:\/\/loop-of-light.com\/nb\/wp-json\/wp\/v2\/product_brand?post=3808"},{"taxonomy":"product_cat","embeddable":true,"href":"https:\/\/loop-of-light.com\/nb\/wp-json\/wp\/v2\/product_cat?post=3808"},{"taxonomy":"product_tag","embeddable":true,"href":"https:\/\/loop-of-light.com\/nb\/wp-json\/wp\/v2\/product_tag?post=3808"}],"curies":[{"name":"wp","href":"https:\/\/api.w.org\/{rel}","templated":true}]}}