{"id":3767,"date":"2025-10-23T13:50:05","date_gmt":"2025-10-23T13:50:05","guid":{"rendered":"https:\/\/loop-of-light.com\/product\/gentle-loop-panneband-norsk-variant\/"},"modified":"2025-10-28T14:10:27","modified_gmt":"2025-10-28T14:10:27","slug":"gentle-loop-panneband-norsk-variant","status":"publish","type":"product","link":"https:\/\/loop-of-light.com\/nb\/produkt\/gentle-loop-panneband-norsk-variant\/","title":{"rendered":"Gentle Loop Panneb\u00e5nd &#8211; Norsk variant"},"content":{"rendered":"<p><strong>En mindful hekleoppskrift \ud83c\udf38<\/strong><\/p>\n<p>Det er noe beroligende med et gjentakende m\u00f8nster som lar deg skape noe fint p\u00e5 kort tid. Dette panneb\u00e5ndet er enkelt \u00e5 hekle, nybegynnervennlig og deilig \u00e5 bruke.<\/p>\n<p>\u2728 Perfekt som en mindful pause i vinterhverdagen \u2014 enten til deg selv eller som gave.<\/p>\n<p><strong>Format:<\/strong> PDF (norsk) \u2013 tydelige steg-for-steg forklaringer, tips og valgfri kant.<br \/>\n<strong>St\u00f8rrelse:<\/strong> Justerbar i bredde og h\u00f8yde.<br \/>\n<strong>Niv\u00e5:<\/strong> Nybegynnervennlig \/ lett \u00f8vet.<\/p>\n<p><strong>Tutorial<\/strong>: Flinke Jenna Kelly har laget en video (p\u00e5 engelsk) som viser m\u00e5l og montering av vridde panneb\u00e5nd i Skool gruppen <a href=\"https:\/\/www.skool.com\/the-crochet-blueprint-1611\/about?ref=e8d65e88f8b34330a26ed1ebc9140938\" target=\"_blank\" rel=\"noopener noreferrer nofollow\">The Crochet Cottage<\/a> (affaliate link)<\/p>\n<p>This pattern is also avaiable in English here: <a href=\"https:\/\/loopoflight.gumroad.com\/l\/agltbb\" target=\"_blank\" rel=\"noopener noreferrer nofollow\">Gentle Loop Headband<\/a><\/p>","protected":false},"excerpt":{"rendered":"<p>En mindful hekleoppskrift \ud83c\udf38 Det er noe beroligende med et gjentakende m\u00f8nster som lar deg skape noe fint p\u00e5 kort&#8230;<\/p>","protected":false},"featured_media":3768,"comment_status":"open","ping_status":"closed","template":"","meta":{"nf_dc_page":"","om_disable_all_campaigns":false,"_monsterinsights_skip_tracking":false,"_monsterinsights_sitenote_active":false,"_monsterinsights_sitenote_note":"","_monsterinsights_sitenote_category":0,"_kadence_starter_templates_imported_post":false,"_kad_post_transparent":"default","_kad_post_title":"","_kad_post_layout":"default","_kad_post_sidebar_id":"","_kad_post_content_style":"default","_kad_post_vertical_padding":"default","_kad_post_feature":"","_kad_post_feature_position":"","_kad_post_header":false,"_kad_post_footer":false,"_kad_post_classname":""},"product_brand":[],"product_cat":[102,104],"product_tag":[],"class_list":{"0":"post-3767","1":"product","2":"type-product","3":"status-publish","4":"has-post-thumbnail","6":"product_cat-patterns","7":"product_cat-norsk","9":"first","10":"instock","11":"downloadable","12":"taxable","13":"shipping-taxable","14":"purchasable","15":"product-type-simple","16":"entry","17":"content-bg","18":"loop-entry"},"yoast_head":"<!-- This site is optimized with the Yoast SEO Premium plugin v27.1 (Yoast SEO v27.4) - https:\/\/yoast.com\/product\/yoast-seo-premium-wordpress\/ -->\n<title>Gentle Loop Panneb\u00e5nd - Norsk variant - Loop of Light<\/title>\n<meta name=\"robots\" content=\"noindex, follow\" \/>\n<meta property=\"og:locale\" content=\"nb_NO\" \/>\n<meta property=\"og:type\" content=\"article\" \/>\n<meta property=\"og:title\" content=\"Gentle Loop Panneb\u00e5nd - Norsk variant\" \/>\n<meta property=\"og:description\" content=\"En mindful hekleoppskrift \ud83c\udf38 Det er noe beroligende med et gjentakende m\u00f8nster som lar deg skape noe fint p\u00e5 kort...\" \/>\n<meta property=\"og:url\" content=\"https:\/\/loop-of-light.com\/nb\/produkt\/gentle-loop-panneband-norsk-variant\/\" \/>\n<meta property=\"og:site_name\" content=\"Loop of Light\" \/>\n<meta property=\"article:publisher\" content=\"https:\/\/www.facebook.com\/profile.php?id=61575882834639\" \/>\n<meta property=\"article:modified_time\" content=\"2025-10-28T14:10:27+00:00\" \/>\n<meta property=\"og:image\" content=\"https:\/\/loop-of-light.com\/wp-content\/uploads\/2025\/10\/Gentle-Loop-Panneband-Norsk-variant.jpg\" \/>\n\t<meta property=\"og:image:width\" content=\"600\" \/>\n\t<meta property=\"og:image:height\" content=\"600\" \/>\n\t<meta property=\"og:image:type\" content=\"image\/jpeg\" \/>\n<meta name=\"twitter:card\" content=\"summary_large_image\" \/>\n<meta name=\"twitter:label1\" content=\"Ansl. lesetid\" \/>\n\t<meta name=\"twitter:data1\" content=\"1 minutt\" \/>\n<script type=\"application\/ld+json\" class=\"yoast-schema-graph\">{\"@context\":\"https:\\\/\\\/schema.org\",\"@graph\":[{\"@type\":\"WebPage\",\"@id\":\"https:\\\/\\\/loop-of-light.com\\\/product\\\/gentle-loop-panneband-norsk-variant\\\/\",\"url\":\"https:\\\/\\\/loop-of-light.com\\\/product\\\/gentle-loop-panneband-norsk-variant\\\/\",\"name\":\"Gentle Loop Panneb\u00e5nd - Norsk variant - Loop of Light\",\"isPartOf\":{\"@id\":\"https:\\\/\\\/loop-of-light.com\\\/#website\"},\"primaryImageOfPage\":{\"@id\":\"https:\\\/\\\/loop-of-light.com\\\/product\\\/gentle-loop-panneband-norsk-variant\\\/#primaryimage\"},\"image\":{\"@id\":\"https:\\\/\\\/loop-of-light.com\\\/product\\\/gentle-loop-panneband-norsk-variant\\\/#primaryimage\"},\"thumbnailUrl\":\"https:\\\/\\\/i0.wp.com\\\/loop-of-light.com\\\/wp-content\\\/uploads\\\/2025\\\/10\\\/Gentle-Loop-Panneband-Norsk-variant.jpg?fit=600%2C600&ssl=1\",\"datePublished\":\"2025-10-23T13:50:05+00:00\",\"dateModified\":\"2025-10-28T14:10:27+00:00\",\"breadcrumb\":{\"@id\":\"https:\\\/\\\/loop-of-light.com\\\/product\\\/gentle-loop-panneband-norsk-variant\\\/#breadcrumb\"},\"inLanguage\":\"nb-NO\",\"potentialAction\":[{\"@type\":\"ReadAction\",\"target\":[\"https:\\\/\\\/loop-of-light.com\\\/product\\\/gentle-loop-panneband-norsk-variant\\\/\"]}]},{\"@type\":\"ImageObject\",\"inLanguage\":\"nb-NO\",\"@id\":\"https:\\\/\\\/loop-of-light.com\\\/product\\\/gentle-loop-panneband-norsk-variant\\\/#primaryimage\",\"url\":\"https:\\\/\\\/i0.wp.com\\\/loop-of-light.com\\\/wp-content\\\/uploads\\\/2025\\\/10\\\/Gentle-Loop-Panneband-Norsk-variant.jpg?fit=600%2C600&ssl=1\",\"contentUrl\":\"https:\\\/\\\/i0.wp.com\\\/loop-of-light.com\\\/wp-content\\\/uploads\\\/2025\\\/10\\\/Gentle-Loop-Panneband-Norsk-variant.jpg?fit=600%2C600&ssl=1\",\"width\":600,\"height\":600},{\"@type\":\"BreadcrumbList\",\"@id\":\"https:\\\/\\\/loop-of-light.com\\\/product\\\/gentle-loop-panneband-norsk-variant\\\/#breadcrumb\",\"itemListElement\":[{\"@type\":\"ListItem\",\"position\":1,\"name\":\"Home\",\"item\":\"https:\\\/\\\/loop-of-light.com\\\/\"},{\"@type\":\"ListItem\",\"position\":2,\"name\":\"Shop\",\"item\":\"https:\\\/\\\/loop-of-light.com\\\/shop\\\/\"},{\"@type\":\"ListItem\",\"position\":3,\"name\":\"Gentle Loop Panneb\u00e5nd &#8211; Norsk variant\"}]},{\"@type\":\"WebSite\",\"@id\":\"https:\\\/\\\/loop-of-light.com\\\/#website\",\"url\":\"https:\\\/\\\/loop-of-light.com\\\/\",\"name\":\"Loop-of-light.com\",\"description\":\"Creativity with calm\",\"publisher\":{\"@id\":\"https:\\\/\\\/loop-of-light.com\\\/#\\\/schema\\\/person\\\/c0a33ff135d2d321a191176e6446ead9\"},\"potentialAction\":[{\"@type\":\"SearchAction\",\"target\":{\"@type\":\"EntryPoint\",\"urlTemplate\":\"https:\\\/\\\/loop-of-light.com\\\/?s={search_term_string}\"},\"query-input\":{\"@type\":\"PropertyValueSpecification\",\"valueRequired\":true,\"valueName\":\"search_term_string\"}}],\"inLanguage\":\"nb-NO\"},{\"@type\":[\"Person\",\"Organization\"],\"@id\":\"https:\\\/\\\/loop-of-light.com\\\/#\\\/schema\\\/person\\\/c0a33ff135d2d321a191176e6446ead9\",\"name\":\"Bente\",\"image\":{\"@type\":\"ImageObject\",\"inLanguage\":\"nb-NO\",\"@id\":\"https:\\\/\\\/i0.wp.com\\\/loop-of-light.com\\\/wp-content\\\/uploads\\\/2025\\\/06\\\/cropped-logo-1.webp?fit=512%2C512&ssl=1\",\"url\":\"https:\\\/\\\/i0.wp.com\\\/loop-of-light.com\\\/wp-content\\\/uploads\\\/2025\\\/06\\\/cropped-logo-1.webp?fit=512%2C512&ssl=1\",\"contentUrl\":\"https:\\\/\\\/i0.wp.com\\\/loop-of-light.com\\\/wp-content\\\/uploads\\\/2025\\\/06\\\/cropped-logo-1.webp?fit=512%2C512&ssl=1\",\"width\":512,\"height\":512,\"caption\":\"Bente\"},\"logo\":{\"@id\":\"https:\\\/\\\/i0.wp.com\\\/loop-of-light.com\\\/wp-content\\\/uploads\\\/2025\\\/06\\\/cropped-logo-1.webp?fit=512%2C512&ssl=1\"},\"sameAs\":[\"http:\\\/\\\/loop-of-light.com\",\"https:\\\/\\\/www.facebook.com\\\/profile.php?id=61575882834639\",\"https:\\\/\\\/www.instagram.com\\\/skaperglede_med_hvilepuls\\\/\",\"https:\\\/\\\/no.pinterest.com\\\/Loopoflight\\\/?actingBusinessId=305893137098757733\"]}]}<\/script>\n<!-- \/ Yoast SEO Premium plugin. -->","yoast_head_json":{"title":"Gentle Loop Panneb\u00e5nd - Norsk variant - Loop of Light","robots":{"index":"noindex","follow":"follow"},"og_locale":"nb_NO","og_type":"article","og_title":"Gentle Loop Panneb\u00e5nd - Norsk variant","og_description":"En mindful hekleoppskrift \ud83c\udf38 Det er noe beroligende med et gjentakende m\u00f8nster som lar deg skape noe fint p\u00e5 kort...","og_url":"https:\/\/loop-of-light.com\/nb\/produkt\/gentle-loop-panneband-norsk-variant\/","og_site_name":"Loop of Light","article_publisher":"https:\/\/www.facebook.com\/profile.php?id=61575882834639","article_modified_time":"2025-10-28T14:10:27+00:00","og_image":[{"width":600,"height":600,"url":"https:\/\/loop-of-light.com\/wp-content\/uploads\/2025\/10\/Gentle-Loop-Panneband-Norsk-variant.jpg","type":"image\/jpeg"}],"twitter_card":"summary_large_image","twitter_misc":{"Ansl. lesetid":"1 minutt"},"schema":{"@context":"https:\/\/schema.org","@graph":[{"@type":"WebPage","@id":"https:\/\/loop-of-light.com\/product\/gentle-loop-panneband-norsk-variant\/","url":"https:\/\/loop-of-light.com\/product\/gentle-loop-panneband-norsk-variant\/","name":"Gentle Loop Panneb\u00e5nd - Norsk variant - Loop of Light","isPartOf":{"@id":"https:\/\/loop-of-light.com\/#website"},"primaryImageOfPage":{"@id":"https:\/\/loop-of-light.com\/product\/gentle-loop-panneband-norsk-variant\/#primaryimage"},"image":{"@id":"https:\/\/loop-of-light.com\/product\/gentle-loop-panneband-norsk-variant\/#primaryimage"},"thumbnailUrl":"https:\/\/i0.wp.com\/loop-of-light.com\/wp-content\/uploads\/2025\/10\/Gentle-Loop-Panneband-Norsk-variant.jpg?fit=600%2C600&ssl=1","datePublished":"2025-10-23T13:50:05+00:00","dateModified":"2025-10-28T14:10:27+00:00","breadcrumb":{"@id":"https:\/\/loop-of-light.com\/product\/gentle-loop-panneband-norsk-variant\/#breadcrumb"},"inLanguage":"nb-NO","potentialAction":[{"@type":"ReadAction","target":["https:\/\/loop-of-light.com\/product\/gentle-loop-panneband-norsk-variant\/"]}]},{"@type":"ImageObject","inLanguage":"nb-NO","@id":"https:\/\/loop-of-light.com\/product\/gentle-loop-panneband-norsk-variant\/#primaryimage","url":"https:\/\/i0.wp.com\/loop-of-light.com\/wp-content\/uploads\/2025\/10\/Gentle-Loop-Panneband-Norsk-variant.jpg?fit=600%2C600&ssl=1","contentUrl":"https:\/\/i0.wp.com\/loop-of-light.com\/wp-content\/uploads\/2025\/10\/Gentle-Loop-Panneband-Norsk-variant.jpg?fit=600%2C600&ssl=1","width":600,"height":600},{"@type":"BreadcrumbList","@id":"https:\/\/loop-of-light.com\/product\/gentle-loop-panneband-norsk-variant\/#breadcrumb","itemListElement":[{"@type":"ListItem","position":1,"name":"Home","item":"https:\/\/loop-of-light.com\/"},{"@type":"ListItem","position":2,"name":"Shop","item":"https:\/\/loop-of-light.com\/shop\/"},{"@type":"ListItem","position":3,"name":"Gentle Loop Panneb\u00e5nd &#8211; Norsk variant"}]},{"@type":"WebSite","@id":"https:\/\/loop-of-light.com\/#website","url":"https:\/\/loop-of-light.com\/","name":"Loop-of-light.com","description":"Creativity with calm","publisher":{"@id":"https:\/\/loop-of-light.com\/#\/schema\/person\/c0a33ff135d2d321a191176e6446ead9"},"potentialAction":[{"@type":"SearchAction","target":{"@type":"EntryPoint","urlTemplate":"https:\/\/loop-of-light.com\/?s={search_term_string}"},"query-input":{"@type":"PropertyValueSpecification","valueRequired":true,"valueName":"search_term_string"}}],"inLanguage":"nb-NO"},{"@type":["Person","Organization"],"@id":"https:\/\/loop-of-light.com\/#\/schema\/person\/c0a33ff135d2d321a191176e6446ead9","name":"Bente","image":{"@type":"ImageObject","inLanguage":"nb-NO","@id":"https:\/\/i0.wp.com\/loop-of-light.com\/wp-content\/uploads\/2025\/06\/cropped-logo-1.webp?fit=512%2C512&ssl=1","url":"https:\/\/i0.wp.com\/loop-of-light.com\/wp-content\/uploads\/2025\/06\/cropped-logo-1.webp?fit=512%2C512&ssl=1","contentUrl":"https:\/\/i0.wp.com\/loop-of-light.com\/wp-content\/uploads\/2025\/06\/cropped-logo-1.webp?fit=512%2C512&ssl=1","width":512,"height":512,"caption":"Bente"},"logo":{"@id":"https:\/\/i0.wp.com\/loop-of-light.com\/wp-content\/uploads\/2025\/06\/cropped-logo-1.webp?fit=512%2C512&ssl=1"},"sameAs":["http:\/\/loop-of-light.com","https:\/\/www.facebook.com\/profile.php?id=61575882834639","https:\/\/www.instagram.com\/skaperglede_med_hvilepuls\/","https:\/\/no.pinterest.com\/Loopoflight\/?actingBusinessId=305893137098757733"]}]}},"jetpack_sharing_enabled":true,"_links":{"self":[{"href":"https:\/\/loop-of-light.com\/nb\/wp-json\/wp\/v2\/product\/3767","targetHints":{"allow":["GET"]}}],"collection":[{"href":"https:\/\/loop-of-light.com\/nb\/wp-json\/wp\/v2\/product"}],"about":[{"href":"https:\/\/loop-of-light.com\/nb\/wp-json\/wp\/v2\/types\/product"}],"replies":[{"embeddable":true,"href":"https:\/\/loop-of-light.com\/nb\/wp-json\/wp\/v2\/comments?post=3767"}],"wp:featuredmedia":[{"embeddable":true,"href":"https:\/\/loop-of-light.com\/nb\/wp-json\/wp\/v2\/media\/3768"}],"wp:attachment":[{"href":"https:\/\/loop-of-light.com\/nb\/wp-json\/wp\/v2\/media?parent=3767"}],"wp:term":[{"taxonomy":"product_brand","embeddable":true,"href":"https:\/\/loop-of-light.com\/nb\/wp-json\/wp\/v2\/product_brand?post=3767"},{"taxonomy":"product_cat","embeddable":true,"href":"https:\/\/loop-of-light.com\/nb\/wp-json\/wp\/v2\/product_cat?post=3767"},{"taxonomy":"product_tag","embeddable":true,"href":"https:\/\/loop-of-light.com\/nb\/wp-json\/wp\/v2\/product_tag?post=3767"}],"curies":[{"name":"wp","href":"https:\/\/api.w.org\/{rel}","templated":true}]}}