{"id":3765,"date":"2025-10-23T13:50:04","date_gmt":"2025-10-23T13:50:04","guid":{"rendered":"https:\/\/loop-of-light.com\/product\/gentle-loop-cowl-english-version\/"},"modified":"2025-10-28T14:10:27","modified_gmt":"2025-10-28T14:10:27","slug":"gentle-loop-cowl-english-version","status":"publish","type":"product","link":"https:\/\/loop-of-light.com\/nb\/produkt\/gentle-loop-cowl-english-version\/","title":{"rendered":"Gentle Loop Cowl &#8211; English Version"},"content":{"rendered":"<p>A mindful crochet pattern \ud83c\udf38<\/p>\n<p>This cowl is designed to sit close to your neck like a gentle hug. The repeating wave pattern is grounding, calming, and easy to work with.<\/p>\n<p>\u2728 A simple yet meaningful project \u2014 beginner-friendly and perfect for cozy winter days.<\/p>\n<p><strong>Format:<\/strong> PDF (English) \u2013 with clear instructions, tips, and optional edging.<br \/>\n<strong>Size:<\/strong> Adjustable width and height. Short or long version included.<br \/>\n<strong>Level:<\/strong> Beginner-friendly \/ easy.<\/p>\n<p>This pattern is also avaiable in Norwegian\/ dette m\u00f8nsteret er ogs\u00e5 tilgjengelig p\u00e5 norsk here: <a href=\"https:\/\/loopoflight.gumroad.com\/l\/qazgs\" target=\"_blank\" rel=\"noopener noreferrer nofollow\">Gentle Loop Hals<\/a><\/p>","protected":false},"excerpt":{"rendered":"<p>A mindful crochet pattern \ud83c\udf38 This cowl is designed to sit close to your neck like a gentle hug. The&#8230;<\/p>","protected":false},"featured_media":3766,"comment_status":"open","ping_status":"closed","template":"","meta":{"nf_dc_page":"","om_disable_all_campaigns":false,"_monsterinsights_skip_tracking":false,"_monsterinsights_sitenote_active":false,"_monsterinsights_sitenote_note":"","_monsterinsights_sitenote_category":0,"_kadence_starter_templates_imported_post":false,"_kad_post_transparent":"default","_kad_post_title":"","_kad_post_layout":"default","_kad_post_sidebar_id":"","_kad_post_content_style":"default","_kad_post_vertical_padding":"default","_kad_post_feature":"","_kad_post_feature_position":"","_kad_post_header":false,"_kad_post_footer":false,"_kad_post_classname":""},"product_brand":[],"product_cat":[102,105],"product_tag":[],"class_list":{"0":"post-3765","1":"product","2":"type-product","3":"status-publish","4":"has-post-thumbnail","6":"product_cat-patterns","7":"product_cat-engelsk","9":"first","10":"instock","11":"downloadable","12":"taxable","13":"shipping-taxable","14":"purchasable","15":"product-type-simple","16":"entry","17":"content-bg","18":"loop-entry"},"yoast_head":"<!-- This site is optimized with the Yoast SEO Premium plugin v27.1 (Yoast SEO v27.4) - https:\/\/yoast.com\/product\/yoast-seo-premium-wordpress\/ -->\n<title>Gentle Loop Cowl - English Version - Loop of Light<\/title>\n<meta name=\"robots\" content=\"noindex, follow\" \/>\n<meta property=\"og:locale\" content=\"nb_NO\" \/>\n<meta property=\"og:type\" content=\"article\" \/>\n<meta property=\"og:title\" content=\"Gentle Loop Cowl - English Version\" \/>\n<meta property=\"og:description\" content=\"A mindful crochet pattern \ud83c\udf38 This cowl is designed to sit close to your neck like a gentle hug. The...\" \/>\n<meta property=\"og:url\" content=\"https:\/\/loop-of-light.com\/nb\/produkt\/gentle-loop-cowl-english-version\/\" \/>\n<meta property=\"og:site_name\" content=\"Loop of Light\" \/>\n<meta property=\"article:publisher\" content=\"https:\/\/www.facebook.com\/profile.php?id=61575882834639\" \/>\n<meta property=\"article:modified_time\" content=\"2025-10-28T14:10:27+00:00\" \/>\n<meta property=\"og:image\" content=\"https:\/\/loop-of-light.com\/wp-content\/uploads\/2025\/10\/Gentle-Loop-Cowl-English-Version.jpg\" \/>\n\t<meta property=\"og:image:width\" content=\"600\" \/>\n\t<meta property=\"og:image:height\" content=\"600\" \/>\n\t<meta property=\"og:image:type\" content=\"image\/jpeg\" \/>\n<meta name=\"twitter:card\" content=\"summary_large_image\" \/>\n<meta name=\"twitter:label1\" content=\"Ansl. lesetid\" \/>\n\t<meta name=\"twitter:data1\" content=\"1 minutt\" \/>\n<script type=\"application\/ld+json\" class=\"yoast-schema-graph\">{\"@context\":\"https:\\\/\\\/schema.org\",\"@graph\":[{\"@type\":\"WebPage\",\"@id\":\"https:\\\/\\\/loop-of-light.com\\\/product\\\/gentle-loop-cowl-english-version\\\/\",\"url\":\"https:\\\/\\\/loop-of-light.com\\\/product\\\/gentle-loop-cowl-english-version\\\/\",\"name\":\"Gentle Loop Cowl - English Version - Loop of Light\",\"isPartOf\":{\"@id\":\"https:\\\/\\\/loop-of-light.com\\\/#website\"},\"primaryImageOfPage\":{\"@id\":\"https:\\\/\\\/loop-of-light.com\\\/product\\\/gentle-loop-cowl-english-version\\\/#primaryimage\"},\"image\":{\"@id\":\"https:\\\/\\\/loop-of-light.com\\\/product\\\/gentle-loop-cowl-english-version\\\/#primaryimage\"},\"thumbnailUrl\":\"https:\\\/\\\/i0.wp.com\\\/loop-of-light.com\\\/wp-content\\\/uploads\\\/2025\\\/10\\\/Gentle-Loop-Cowl-English-Version.jpg?fit=600%2C600&ssl=1\",\"datePublished\":\"2025-10-23T13:50:04+00:00\",\"dateModified\":\"2025-10-28T14:10:27+00:00\",\"breadcrumb\":{\"@id\":\"https:\\\/\\\/loop-of-light.com\\\/product\\\/gentle-loop-cowl-english-version\\\/#breadcrumb\"},\"inLanguage\":\"nb-NO\",\"potentialAction\":[{\"@type\":\"ReadAction\",\"target\":[\"https:\\\/\\\/loop-of-light.com\\\/product\\\/gentle-loop-cowl-english-version\\\/\"]}]},{\"@type\":\"ImageObject\",\"inLanguage\":\"nb-NO\",\"@id\":\"https:\\\/\\\/loop-of-light.com\\\/product\\\/gentle-loop-cowl-english-version\\\/#primaryimage\",\"url\":\"https:\\\/\\\/i0.wp.com\\\/loop-of-light.com\\\/wp-content\\\/uploads\\\/2025\\\/10\\\/Gentle-Loop-Cowl-English-Version.jpg?fit=600%2C600&ssl=1\",\"contentUrl\":\"https:\\\/\\\/i0.wp.com\\\/loop-of-light.com\\\/wp-content\\\/uploads\\\/2025\\\/10\\\/Gentle-Loop-Cowl-English-Version.jpg?fit=600%2C600&ssl=1\",\"width\":600,\"height\":600},{\"@type\":\"BreadcrumbList\",\"@id\":\"https:\\\/\\\/loop-of-light.com\\\/product\\\/gentle-loop-cowl-english-version\\\/#breadcrumb\",\"itemListElement\":[{\"@type\":\"ListItem\",\"position\":1,\"name\":\"Home\",\"item\":\"https:\\\/\\\/loop-of-light.com\\\/\"},{\"@type\":\"ListItem\",\"position\":2,\"name\":\"Shop\",\"item\":\"https:\\\/\\\/loop-of-light.com\\\/shop\\\/\"},{\"@type\":\"ListItem\",\"position\":3,\"name\":\"Gentle Loop Cowl &#8211; English Version\"}]},{\"@type\":\"WebSite\",\"@id\":\"https:\\\/\\\/loop-of-light.com\\\/#website\",\"url\":\"https:\\\/\\\/loop-of-light.com\\\/\",\"name\":\"Loop-of-light.com\",\"description\":\"Creativity with calm\",\"publisher\":{\"@id\":\"https:\\\/\\\/loop-of-light.com\\\/#\\\/schema\\\/person\\\/c0a33ff135d2d321a191176e6446ead9\"},\"potentialAction\":[{\"@type\":\"SearchAction\",\"target\":{\"@type\":\"EntryPoint\",\"urlTemplate\":\"https:\\\/\\\/loop-of-light.com\\\/?s={search_term_string}\"},\"query-input\":{\"@type\":\"PropertyValueSpecification\",\"valueRequired\":true,\"valueName\":\"search_term_string\"}}],\"inLanguage\":\"nb-NO\"},{\"@type\":[\"Person\",\"Organization\"],\"@id\":\"https:\\\/\\\/loop-of-light.com\\\/#\\\/schema\\\/person\\\/c0a33ff135d2d321a191176e6446ead9\",\"name\":\"Bente\",\"image\":{\"@type\":\"ImageObject\",\"inLanguage\":\"nb-NO\",\"@id\":\"https:\\\/\\\/i0.wp.com\\\/loop-of-light.com\\\/wp-content\\\/uploads\\\/2025\\\/06\\\/cropped-logo-1.webp?fit=512%2C512&ssl=1\",\"url\":\"https:\\\/\\\/i0.wp.com\\\/loop-of-light.com\\\/wp-content\\\/uploads\\\/2025\\\/06\\\/cropped-logo-1.webp?fit=512%2C512&ssl=1\",\"contentUrl\":\"https:\\\/\\\/i0.wp.com\\\/loop-of-light.com\\\/wp-content\\\/uploads\\\/2025\\\/06\\\/cropped-logo-1.webp?fit=512%2C512&ssl=1\",\"width\":512,\"height\":512,\"caption\":\"Bente\"},\"logo\":{\"@id\":\"https:\\\/\\\/i0.wp.com\\\/loop-of-light.com\\\/wp-content\\\/uploads\\\/2025\\\/06\\\/cropped-logo-1.webp?fit=512%2C512&ssl=1\"},\"sameAs\":[\"http:\\\/\\\/loop-of-light.com\",\"https:\\\/\\\/www.facebook.com\\\/profile.php?id=61575882834639\",\"https:\\\/\\\/www.instagram.com\\\/skaperglede_med_hvilepuls\\\/\",\"https:\\\/\\\/no.pinterest.com\\\/Loopoflight\\\/?actingBusinessId=305893137098757733\"]}]}<\/script>\n<!-- \/ Yoast SEO Premium plugin. -->","yoast_head_json":{"title":"Gentle Loop Cowl - English Version - Loop of Light","robots":{"index":"noindex","follow":"follow"},"og_locale":"nb_NO","og_type":"article","og_title":"Gentle Loop Cowl - English Version","og_description":"A mindful crochet pattern \ud83c\udf38 This cowl is designed to sit close to your neck like a gentle hug. The...","og_url":"https:\/\/loop-of-light.com\/nb\/produkt\/gentle-loop-cowl-english-version\/","og_site_name":"Loop of Light","article_publisher":"https:\/\/www.facebook.com\/profile.php?id=61575882834639","article_modified_time":"2025-10-28T14:10:27+00:00","og_image":[{"width":600,"height":600,"url":"https:\/\/loop-of-light.com\/wp-content\/uploads\/2025\/10\/Gentle-Loop-Cowl-English-Version.jpg","type":"image\/jpeg"}],"twitter_card":"summary_large_image","twitter_misc":{"Ansl. lesetid":"1 minutt"},"schema":{"@context":"https:\/\/schema.org","@graph":[{"@type":"WebPage","@id":"https:\/\/loop-of-light.com\/product\/gentle-loop-cowl-english-version\/","url":"https:\/\/loop-of-light.com\/product\/gentle-loop-cowl-english-version\/","name":"Gentle Loop Cowl - English Version - Loop of Light","isPartOf":{"@id":"https:\/\/loop-of-light.com\/#website"},"primaryImageOfPage":{"@id":"https:\/\/loop-of-light.com\/product\/gentle-loop-cowl-english-version\/#primaryimage"},"image":{"@id":"https:\/\/loop-of-light.com\/product\/gentle-loop-cowl-english-version\/#primaryimage"},"thumbnailUrl":"https:\/\/i0.wp.com\/loop-of-light.com\/wp-content\/uploads\/2025\/10\/Gentle-Loop-Cowl-English-Version.jpg?fit=600%2C600&ssl=1","datePublished":"2025-10-23T13:50:04+00:00","dateModified":"2025-10-28T14:10:27+00:00","breadcrumb":{"@id":"https:\/\/loop-of-light.com\/product\/gentle-loop-cowl-english-version\/#breadcrumb"},"inLanguage":"nb-NO","potentialAction":[{"@type":"ReadAction","target":["https:\/\/loop-of-light.com\/product\/gentle-loop-cowl-english-version\/"]}]},{"@type":"ImageObject","inLanguage":"nb-NO","@id":"https:\/\/loop-of-light.com\/product\/gentle-loop-cowl-english-version\/#primaryimage","url":"https:\/\/i0.wp.com\/loop-of-light.com\/wp-content\/uploads\/2025\/10\/Gentle-Loop-Cowl-English-Version.jpg?fit=600%2C600&ssl=1","contentUrl":"https:\/\/i0.wp.com\/loop-of-light.com\/wp-content\/uploads\/2025\/10\/Gentle-Loop-Cowl-English-Version.jpg?fit=600%2C600&ssl=1","width":600,"height":600},{"@type":"BreadcrumbList","@id":"https:\/\/loop-of-light.com\/product\/gentle-loop-cowl-english-version\/#breadcrumb","itemListElement":[{"@type":"ListItem","position":1,"name":"Home","item":"https:\/\/loop-of-light.com\/"},{"@type":"ListItem","position":2,"name":"Shop","item":"https:\/\/loop-of-light.com\/shop\/"},{"@type":"ListItem","position":3,"name":"Gentle Loop Cowl &#8211; English Version"}]},{"@type":"WebSite","@id":"https:\/\/loop-of-light.com\/#website","url":"https:\/\/loop-of-light.com\/","name":"Loop-of-light.com","description":"Creativity with calm","publisher":{"@id":"https:\/\/loop-of-light.com\/#\/schema\/person\/c0a33ff135d2d321a191176e6446ead9"},"potentialAction":[{"@type":"SearchAction","target":{"@type":"EntryPoint","urlTemplate":"https:\/\/loop-of-light.com\/?s={search_term_string}"},"query-input":{"@type":"PropertyValueSpecification","valueRequired":true,"valueName":"search_term_string"}}],"inLanguage":"nb-NO"},{"@type":["Person","Organization"],"@id":"https:\/\/loop-of-light.com\/#\/schema\/person\/c0a33ff135d2d321a191176e6446ead9","name":"Bente","image":{"@type":"ImageObject","inLanguage":"nb-NO","@id":"https:\/\/i0.wp.com\/loop-of-light.com\/wp-content\/uploads\/2025\/06\/cropped-logo-1.webp?fit=512%2C512&ssl=1","url":"https:\/\/i0.wp.com\/loop-of-light.com\/wp-content\/uploads\/2025\/06\/cropped-logo-1.webp?fit=512%2C512&ssl=1","contentUrl":"https:\/\/i0.wp.com\/loop-of-light.com\/wp-content\/uploads\/2025\/06\/cropped-logo-1.webp?fit=512%2C512&ssl=1","width":512,"height":512,"caption":"Bente"},"logo":{"@id":"https:\/\/i0.wp.com\/loop-of-light.com\/wp-content\/uploads\/2025\/06\/cropped-logo-1.webp?fit=512%2C512&ssl=1"},"sameAs":["http:\/\/loop-of-light.com","https:\/\/www.facebook.com\/profile.php?id=61575882834639","https:\/\/www.instagram.com\/skaperglede_med_hvilepuls\/","https:\/\/no.pinterest.com\/Loopoflight\/?actingBusinessId=305893137098757733"]}]}},"jetpack_sharing_enabled":true,"_links":{"self":[{"href":"https:\/\/loop-of-light.com\/nb\/wp-json\/wp\/v2\/product\/3765","targetHints":{"allow":["GET"]}}],"collection":[{"href":"https:\/\/loop-of-light.com\/nb\/wp-json\/wp\/v2\/product"}],"about":[{"href":"https:\/\/loop-of-light.com\/nb\/wp-json\/wp\/v2\/types\/product"}],"replies":[{"embeddable":true,"href":"https:\/\/loop-of-light.com\/nb\/wp-json\/wp\/v2\/comments?post=3765"}],"wp:featuredmedia":[{"embeddable":true,"href":"https:\/\/loop-of-light.com\/nb\/wp-json\/wp\/v2\/media\/3766"}],"wp:attachment":[{"href":"https:\/\/loop-of-light.com\/nb\/wp-json\/wp\/v2\/media?parent=3765"}],"wp:term":[{"taxonomy":"product_brand","embeddable":true,"href":"https:\/\/loop-of-light.com\/nb\/wp-json\/wp\/v2\/product_brand?post=3765"},{"taxonomy":"product_cat","embeddable":true,"href":"https:\/\/loop-of-light.com\/nb\/wp-json\/wp\/v2\/product_cat?post=3765"},{"taxonomy":"product_tag","embeddable":true,"href":"https:\/\/loop-of-light.com\/nb\/wp-json\/wp\/v2\/product_tag?post=3765"}],"curies":[{"name":"wp","href":"https:\/\/api.w.org\/{rel}","templated":true}]}}