{"id":978,"date":"2025-05-14T22:49:41","date_gmt":"2025-05-14T20:49:41","guid":{"rendered":"https:\/\/loop-of-light.com\/?page_id=978"},"modified":"2025-06-13T07:52:51","modified_gmt":"2025-06-13T07:52:51","slug":"patterns-and-yarns-from-other-countries","status":"publish","type":"page","link":"https:\/\/loop-of-light.com\/nb\/patterns-and-yarns-from-other-countries\/","title":{"rendered":"Internasjonale garn og oppskrifter"},"content":{"rendered":"<p class=\"\">Du har gjerne oppdaget det store og spennende universet p\u00e5 internasjonale nettsider. Disse er laget av en rekke internasjonale designere. Det er lett \u00e5 f\u00f8lge seg overveldet av de ulike begrepene og uttrykkene som brukes i ulike deler av verden. N\u00e5r du klarer \u00e5 knekke denne koden er det en nesten uendelig mengde muligheter som \u00e5pner seg for deg. Dette kan brukes b\u00e5de til uendelige prosjekter og oppskrifter.<\/p>\n\n\n\n<p class=\"\">Once you&#8217;ve cracked the code on abbreviations and terms with US and UK references, another problem arises. This relates to translating yarn choices from yarn labels elsewhere. These need to be adapted to the yarn variations we have discovered here. To make it easier for you, we&#8217;ve created a glossary. It will help you quickly find which yarn you can use. You can find an alternative to what is specified in the pattern.<\/p>\n\n\n\n<div class=\"wp-block-columns is-layout-flex wp-container-core-columns-is-layout-9d6595d7 wp-block-columns-is-layout-flex\">\n<div class=\"wp-block-column is-layout-flow wp-block-column-is-layout-flow\">\n<div class=\"wp-block-file\"><a id=\"wp-block-file--media-f1731df4-fed8-460e-9dad-0cdf59acd4c4\" href=\"https:\/\/loopoflightcom.wordpress.com\/wp-content\/uploads\/2025\/05\/crochet-dictionary.pdf\">ENGLISH <strong>Crochet dictionary<\/strong><\/a><a href=\"https:\/\/loopoflightcom.wordpress.com\/wp-content\/uploads\/2025\/05\/crochet-dictionary.pdf\" class=\"wp-block-file__button wp-element-button\" download aria-describedby=\"wp-block-file--media-f1731df4-fed8-460e-9dad-0cdf59acd4c4\">Last ned<\/a><\/div>\n\n\n\n<figure class=\"wp-block-image size-large\"><img data-recalc-dims=\"1\" loading=\"lazy\" decoding=\"async\" width=\"622\" height=\"869\" src=\"https:\/\/i0.wp.com\/loopoflightcom.wordpress.com\/wp-content\/uploads\/2025\/05\/8228d7aa-3247-4120-bf3f-e8d73dc16e3c.jpg?resize=622%2C869&#038;ssl=1\" alt=\"A crochet stitch dictionary displaying Norwegian names, US and UK terms, abbreviations, and chart symbols, with a leafy background.\" class=\"wp-image-1218\" srcset=\"https:\/\/i0.wp.com\/loop-of-light.com\/wp-content\/uploads\/2025\/05\/8228d7aa-3247-4120-bf3f-e8d73dc16e3c.jpg?w=622&amp;ssl=1 622w, https:\/\/i0.wp.com\/loop-of-light.com\/wp-content\/uploads\/2025\/05\/8228d7aa-3247-4120-bf3f-e8d73dc16e3c.jpg?resize=215%2C300&amp;ssl=1 215w\" sizes=\"auto, (max-width: 622px) 100vw, 622px\" \/><\/figure>\n<\/div>\n\n\n\n<div class=\"wp-block-column is-layout-flow wp-block-column-is-layout-flow\">\n<div class=\"wp-block-file\"><a id=\"wp-block-file--media-3c3ac595-203f-4f63-8505-9f272fc26abd\" href=\"https:\/\/loopoflightcom.wordpress.com\/wp-content\/uploads\/2025\/05\/yarn-weight-chart.pdf\">ENGLISH: <strong>Yarn weight chart<\/strong><\/a><a href=\"https:\/\/loopoflightcom.wordpress.com\/wp-content\/uploads\/2025\/05\/yarn-weight-chart.pdf\" class=\"wp-block-file__button wp-element-button\" download aria-describedby=\"wp-block-file--media-3c3ac595-203f-4f63-8505-9f272fc26abd\">Last ned<\/a><\/div>\n\n\n\n<figure class=\"wp-block-image size-large\"><img data-recalc-dims=\"1\" decoding=\"async\" loading=\"lazy\" src=\"https:\/\/i0.wp.com\/loopoflightcom.wordpress.com\/wp-content\/uploads\/2025\/05\/5982049e-4115-4f90-9960-b2d8348e1183.jpg?w=1290&#038;ssl=1\" alt=\"Yarn weight chart comparing international categories, featuring US and European terms, estimated yardage, and recommended needle sizes for various yarn weights.\" class=\"wp-image-1219\"\/><\/figure>\n<\/div>\n<\/div>\n\n\n\n<p class=\"\"><\/p>","protected":false},"excerpt":{"rendered":"<p>You may have noticed a large and exciting universe out there. It is filled with wonderful crochet projects. These are&#8230;<\/p>","protected":false},"author":1,"featured_media":0,"parent":0,"menu_order":0,"comment_status":"open","ping_status":"closed","template":"","meta":{"nf_dc_page":"","om_disable_all_campaigns":false,"_monsterinsights_skip_tracking":false,"_monsterinsights_sitenote_active":false,"_monsterinsights_sitenote_note":"","_monsterinsights_sitenote_category":0,"_kadence_starter_templates_imported_post":false,"_kad_post_transparent":"","_kad_post_title":"","_kad_post_layout":"","_kad_post_sidebar_id":"","_kad_post_content_style":"","_kad_post_vertical_padding":"","_kad_post_feature":"","_kad_post_feature_position":"","_kad_post_header":false,"_kad_post_footer":false,"_kad_post_classname":"","footnotes":""},"class_list":["post-978","page","type-page","status-publish","hentry"],"yoast_head":"<!-- This site is optimized with the Yoast SEO Premium plugin v27.1 (Yoast SEO v27.4) - https:\/\/yoast.com\/product\/yoast-seo-premium-wordpress\/ -->\n<title>Patterns and Yarns from other countries - Loop of Light<\/title>\n<meta name=\"robots\" content=\"index, follow, max-snippet:-1, max-image-preview:large, max-video-preview:-1\" \/>\n<link rel=\"canonical\" href=\"https:\/\/loop-of-light.com\/nb\/patterns-and-yarns-from-other-countries\/\" \/>\n<meta property=\"og:locale\" content=\"nb_NO\" \/>\n<meta property=\"og:type\" content=\"article\" \/>\n<meta property=\"og:title\" content=\"Patterns and Yarns from other countries\" \/>\n<meta property=\"og:description\" content=\"You may have noticed a large and exciting universe out there. It is filled with wonderful crochet projects. These are...\" \/>\n<meta property=\"og:url\" content=\"https:\/\/loop-of-light.com\/nb\/patterns-and-yarns-from-other-countries\/\" \/>\n<meta property=\"og:site_name\" content=\"Loop of Light\" \/>\n<meta property=\"article:publisher\" content=\"https:\/\/www.facebook.com\/profile.php?id=61575882834639\" \/>\n<meta property=\"article:modified_time\" content=\"2025-06-13T07:52:51+00:00\" \/>\n<meta property=\"og:image\" content=\"https:\/\/loopoflightcom.wordpress.com\/wp-content\/uploads\/2025\/05\/8228d7aa-3247-4120-bf3f-e8d73dc16e3c.jpg?w=622\" \/>\n<meta name=\"twitter:card\" content=\"summary_large_image\" \/>\n<meta name=\"twitter:label1\" content=\"Ansl. lesetid\" \/>\n\t<meta name=\"twitter:data1\" content=\"2 minutter\" \/>\n<script type=\"application\/ld+json\" class=\"yoast-schema-graph\">{\"@context\":\"https:\\\/\\\/schema.org\",\"@graph\":[{\"@type\":\"WebPage\",\"@id\":\"https:\\\/\\\/loop-of-light.com\\\/patterns-and-yarns-from-other-countries\\\/\",\"url\":\"https:\\\/\\\/loop-of-light.com\\\/patterns-and-yarns-from-other-countries\\\/\",\"name\":\"Patterns and Yarns from other countries - Loop of Light\",\"isPartOf\":{\"@id\":\"https:\\\/\\\/loop-of-light.com\\\/#website\"},\"primaryImageOfPage\":{\"@id\":\"https:\\\/\\\/loop-of-light.com\\\/patterns-and-yarns-from-other-countries\\\/#primaryimage\"},\"image\":{\"@id\":\"https:\\\/\\\/loop-of-light.com\\\/patterns-and-yarns-from-other-countries\\\/#primaryimage\"},\"thumbnailUrl\":\"https:\\\/\\\/loopoflightcom.wordpress.com\\\/wp-content\\\/uploads\\\/2025\\\/05\\\/8228d7aa-3247-4120-bf3f-e8d73dc16e3c.jpg?w=622\",\"datePublished\":\"2025-05-14T20:49:41+00:00\",\"dateModified\":\"2025-06-13T07:52:51+00:00\",\"breadcrumb\":{\"@id\":\"https:\\\/\\\/loop-of-light.com\\\/patterns-and-yarns-from-other-countries\\\/#breadcrumb\"},\"inLanguage\":\"nb-NO\",\"potentialAction\":[{\"@type\":\"ReadAction\",\"target\":[\"https:\\\/\\\/loop-of-light.com\\\/patterns-and-yarns-from-other-countries\\\/\"]}]},{\"@type\":\"ImageObject\",\"inLanguage\":\"nb-NO\",\"@id\":\"https:\\\/\\\/loop-of-light.com\\\/patterns-and-yarns-from-other-countries\\\/#primaryimage\",\"url\":\"https:\\\/\\\/loopoflightcom.wordpress.com\\\/wp-content\\\/uploads\\\/2025\\\/05\\\/8228d7aa-3247-4120-bf3f-e8d73dc16e3c.jpg?w=622\",\"contentUrl\":\"https:\\\/\\\/loopoflightcom.wordpress.com\\\/wp-content\\\/uploads\\\/2025\\\/05\\\/8228d7aa-3247-4120-bf3f-e8d73dc16e3c.jpg?w=622\"},{\"@type\":\"BreadcrumbList\",\"@id\":\"https:\\\/\\\/loop-of-light.com\\\/patterns-and-yarns-from-other-countries\\\/#breadcrumb\",\"itemListElement\":[{\"@type\":\"ListItem\",\"position\":1,\"name\":\"Home\",\"item\":\"https:\\\/\\\/loop-of-light.com\\\/\"},{\"@type\":\"ListItem\",\"position\":2,\"name\":\"Patterns and Yarns from other countries\"}]},{\"@type\":\"WebSite\",\"@id\":\"https:\\\/\\\/loop-of-light.com\\\/#website\",\"url\":\"https:\\\/\\\/loop-of-light.com\\\/\",\"name\":\"Loop-of-light.com\",\"description\":\"Creativity with calm\",\"publisher\":{\"@id\":\"https:\\\/\\\/loop-of-light.com\\\/#\\\/schema\\\/person\\\/c0a33ff135d2d321a191176e6446ead9\"},\"potentialAction\":[{\"@type\":\"SearchAction\",\"target\":{\"@type\":\"EntryPoint\",\"urlTemplate\":\"https:\\\/\\\/loop-of-light.com\\\/?s={search_term_string}\"},\"query-input\":{\"@type\":\"PropertyValueSpecification\",\"valueRequired\":true,\"valueName\":\"search_term_string\"}}],\"inLanguage\":\"nb-NO\"},{\"@type\":[\"Person\",\"Organization\"],\"@id\":\"https:\\\/\\\/loop-of-light.com\\\/#\\\/schema\\\/person\\\/c0a33ff135d2d321a191176e6446ead9\",\"name\":\"Bente\",\"image\":{\"@type\":\"ImageObject\",\"inLanguage\":\"nb-NO\",\"@id\":\"https:\\\/\\\/i0.wp.com\\\/loop-of-light.com\\\/wp-content\\\/uploads\\\/2025\\\/06\\\/cropped-logo-1.webp?fit=512%2C512&ssl=1\",\"url\":\"https:\\\/\\\/i0.wp.com\\\/loop-of-light.com\\\/wp-content\\\/uploads\\\/2025\\\/06\\\/cropped-logo-1.webp?fit=512%2C512&ssl=1\",\"contentUrl\":\"https:\\\/\\\/i0.wp.com\\\/loop-of-light.com\\\/wp-content\\\/uploads\\\/2025\\\/06\\\/cropped-logo-1.webp?fit=512%2C512&ssl=1\",\"width\":512,\"height\":512,\"caption\":\"Bente\"},\"logo\":{\"@id\":\"https:\\\/\\\/i0.wp.com\\\/loop-of-light.com\\\/wp-content\\\/uploads\\\/2025\\\/06\\\/cropped-logo-1.webp?fit=512%2C512&ssl=1\"},\"sameAs\":[\"http:\\\/\\\/loop-of-light.com\",\"https:\\\/\\\/www.facebook.com\\\/profile.php?id=61575882834639\",\"https:\\\/\\\/www.instagram.com\\\/skaperglede_med_hvilepuls\\\/\",\"https:\\\/\\\/no.pinterest.com\\\/Loopoflight\\\/?actingBusinessId=305893137098757733\"]}]}<\/script>\n<!-- \/ Yoast SEO Premium plugin. -->","yoast_head_json":{"title":"Patterns and Yarns from other countries - Loop of Light","robots":{"index":"index","follow":"follow","max-snippet":"max-snippet:-1","max-image-preview":"max-image-preview:large","max-video-preview":"max-video-preview:-1"},"canonical":"https:\/\/loop-of-light.com\/nb\/patterns-and-yarns-from-other-countries\/","og_locale":"nb_NO","og_type":"article","og_title":"Patterns and Yarns from other countries","og_description":"You may have noticed a large and exciting universe out there. It is filled with wonderful crochet projects. These are...","og_url":"https:\/\/loop-of-light.com\/nb\/patterns-and-yarns-from-other-countries\/","og_site_name":"Loop of Light","article_publisher":"https:\/\/www.facebook.com\/profile.php?id=61575882834639","article_modified_time":"2025-06-13T07:52:51+00:00","og_image":[{"url":"https:\/\/loopoflightcom.wordpress.com\/wp-content\/uploads\/2025\/05\/8228d7aa-3247-4120-bf3f-e8d73dc16e3c.jpg?w=622","type":"","width":"","height":""}],"twitter_card":"summary_large_image","twitter_misc":{"Ansl. lesetid":"2 minutter"},"schema":{"@context":"https:\/\/schema.org","@graph":[{"@type":"WebPage","@id":"https:\/\/loop-of-light.com\/patterns-and-yarns-from-other-countries\/","url":"https:\/\/loop-of-light.com\/patterns-and-yarns-from-other-countries\/","name":"Patterns and Yarns from other countries - Loop of Light","isPartOf":{"@id":"https:\/\/loop-of-light.com\/#website"},"primaryImageOfPage":{"@id":"https:\/\/loop-of-light.com\/patterns-and-yarns-from-other-countries\/#primaryimage"},"image":{"@id":"https:\/\/loop-of-light.com\/patterns-and-yarns-from-other-countries\/#primaryimage"},"thumbnailUrl":"https:\/\/loopoflightcom.wordpress.com\/wp-content\/uploads\/2025\/05\/8228d7aa-3247-4120-bf3f-e8d73dc16e3c.jpg?w=622","datePublished":"2025-05-14T20:49:41+00:00","dateModified":"2025-06-13T07:52:51+00:00","breadcrumb":{"@id":"https:\/\/loop-of-light.com\/patterns-and-yarns-from-other-countries\/#breadcrumb"},"inLanguage":"nb-NO","potentialAction":[{"@type":"ReadAction","target":["https:\/\/loop-of-light.com\/patterns-and-yarns-from-other-countries\/"]}]},{"@type":"ImageObject","inLanguage":"nb-NO","@id":"https:\/\/loop-of-light.com\/patterns-and-yarns-from-other-countries\/#primaryimage","url":"https:\/\/loopoflightcom.wordpress.com\/wp-content\/uploads\/2025\/05\/8228d7aa-3247-4120-bf3f-e8d73dc16e3c.jpg?w=622","contentUrl":"https:\/\/loopoflightcom.wordpress.com\/wp-content\/uploads\/2025\/05\/8228d7aa-3247-4120-bf3f-e8d73dc16e3c.jpg?w=622"},{"@type":"BreadcrumbList","@id":"https:\/\/loop-of-light.com\/patterns-and-yarns-from-other-countries\/#breadcrumb","itemListElement":[{"@type":"ListItem","position":1,"name":"Home","item":"https:\/\/loop-of-light.com\/"},{"@type":"ListItem","position":2,"name":"Patterns and Yarns from other countries"}]},{"@type":"WebSite","@id":"https:\/\/loop-of-light.com\/#website","url":"https:\/\/loop-of-light.com\/","name":"Loop-of-light.com","description":"Creativity with calm","publisher":{"@id":"https:\/\/loop-of-light.com\/#\/schema\/person\/c0a33ff135d2d321a191176e6446ead9"},"potentialAction":[{"@type":"SearchAction","target":{"@type":"EntryPoint","urlTemplate":"https:\/\/loop-of-light.com\/?s={search_term_string}"},"query-input":{"@type":"PropertyValueSpecification","valueRequired":true,"valueName":"search_term_string"}}],"inLanguage":"nb-NO"},{"@type":["Person","Organization"],"@id":"https:\/\/loop-of-light.com\/#\/schema\/person\/c0a33ff135d2d321a191176e6446ead9","name":"Bente","image":{"@type":"ImageObject","inLanguage":"nb-NO","@id":"https:\/\/i0.wp.com\/loop-of-light.com\/wp-content\/uploads\/2025\/06\/cropped-logo-1.webp?fit=512%2C512&ssl=1","url":"https:\/\/i0.wp.com\/loop-of-light.com\/wp-content\/uploads\/2025\/06\/cropped-logo-1.webp?fit=512%2C512&ssl=1","contentUrl":"https:\/\/i0.wp.com\/loop-of-light.com\/wp-content\/uploads\/2025\/06\/cropped-logo-1.webp?fit=512%2C512&ssl=1","width":512,"height":512,"caption":"Bente"},"logo":{"@id":"https:\/\/i0.wp.com\/loop-of-light.com\/wp-content\/uploads\/2025\/06\/cropped-logo-1.webp?fit=512%2C512&ssl=1"},"sameAs":["http:\/\/loop-of-light.com","https:\/\/www.facebook.com\/profile.php?id=61575882834639","https:\/\/www.instagram.com\/skaperglede_med_hvilepuls\/","https:\/\/no.pinterest.com\/Loopoflight\/?actingBusinessId=305893137098757733"]}]}},"jetpack_sharing_enabled":true,"_links":{"self":[{"href":"https:\/\/loop-of-light.com\/nb\/wp-json\/wp\/v2\/pages\/978","targetHints":{"allow":["GET"]}}],"collection":[{"href":"https:\/\/loop-of-light.com\/nb\/wp-json\/wp\/v2\/pages"}],"about":[{"href":"https:\/\/loop-of-light.com\/nb\/wp-json\/wp\/v2\/types\/page"}],"author":[{"embeddable":true,"href":"https:\/\/loop-of-light.com\/nb\/wp-json\/wp\/v2\/users\/1"}],"replies":[{"embeddable":true,"href":"https:\/\/loop-of-light.com\/nb\/wp-json\/wp\/v2\/comments?post=978"}],"version-history":[{"count":0,"href":"https:\/\/loop-of-light.com\/nb\/wp-json\/wp\/v2\/pages\/978\/revisions"}],"wp:attachment":[{"href":"https:\/\/loop-of-light.com\/nb\/wp-json\/wp\/v2\/media?parent=978"}],"curies":[{"name":"wp","href":"https:\/\/api.w.org\/{rel}","templated":true}]}}