{"id":963,"date":"2025-05-14T22:13:41","date_gmt":"2025-05-14T20:13:41","guid":{"rendered":"https:\/\/loop-of-light.com\/?page_id=963"},"modified":"2025-05-14T22:13:41","modified_gmt":"2025-05-14T20:13:41","slug":"organization-projects","status":"publish","type":"page","link":"https:\/\/loop-of-light.com\/nb\/organization-projects\/","title":{"rendered":"Organisering og valg av prosjekter"},"content":{"rendered":"<p>Nedenfor finner du to nedlastbare filer som du kan bruke fritt og uten kostnad.<\/p>\n\n\n\n<p>Vi h\u00e5per at disse dokumentene kan hjelpe deg med \u00e5 beholde gleden og kontrollen over hekleprosjektene dine.<\/p>\n\n\n\n<div class=\"wp-block-columns is-layout-flex wp-container-core-columns-is-layout-9d6595d7 wp-block-columns-is-layout-flex\">\n<div class=\"wp-block-column is-layout-flow wp-block-column-is-layout-flow\">\n<h2 class=\"wp-block-heading\">\u00c5 velge riktig hekleprosjekt<\/h2>\n\n\n\n<p>Det er vanskelig \u00e5 vurdere hvilket prosjekt du skal starte eller fortsette med. Her er et skjema. Du fyller ut kronbladene til en blomst. Dette hjelper deg med \u00e5 finne den r\u00f8de tr\u00e5den. Den r\u00f8de tr\u00e5den hjelper deg \u00e5 finne ditt hjerteprosjekt.<\/p>\n\n\n\n<div class=\"wp-block-file\"><a id=\"wp-block-file--media-e1021c66-f854-4d47-9c23-fe8c21a78ec4\" href=\"https:\/\/loopoflightcom.wordpress.com\/wp-content\/uploads\/2025\/05\/choose-your-right-project-1.pdf\">Velg riktig prosjekt<\/a><a href=\"https:\/\/loopoflightcom.wordpress.com\/wp-content\/uploads\/2025\/05\/choose-your-right-project-1.pdf\" class=\"wp-block-file__button wp-element-button\" download aria-describedby=\"wp-block-file--media-e1021c66-f854-4d47-9c23-fe8c21a78ec4\">Last ned<\/a><\/div>\n\n\n\n<figure class=\"wp-block-image size-large\"><img data-recalc-dims=\"1\" decoding=\"async\" loading=\"lazy\" src=\"https:\/\/i0.wp.com\/loopoflightcom.wordpress.com\/wp-content\/uploads\/2025\/05\/1d8d54b6-38f8-4cc2-a04a-6761cc640526.jpg?w=1290&#038;ssl=1\" alt=\"\" class=\"wp-image-1222\" \/><\/figure>\n<\/div>\n\n\n\n<div class=\"wp-block-column is-layout-flow wp-block-column-is-layout-flow\">\n<h2 class=\"wp-block-heading\">Overview of Ongoing Projects &#8211; Project Tracker<\/h2>\n\n\n\n<p>Synes du det er vanskelig \u00e5 holde oversikt over p\u00e5g\u00e5ende prosjekter? Det gj\u00f8r jeg i hvert fall. Her er en logg som skal hjelpe oss \u00e5 holde kontroll over p\u00e5g\u00e5ende prosjekter. P\u00e5 heklesider refererer WIP ofte til Work in Progress.<\/p>\n\n\n\n<div class=\"wp-block-file\"><a id=\"wp-block-file--media-5b04a35b-814e-452e-b441-cce44f8598ee\" href=\"https:\/\/loopoflightcom.wordpress.com\/wp-content\/uploads\/2025\/05\/project-tracker-en-1.pdf\">Prosjektsporing DA<\/a><a href=\"https:\/\/loopoflightcom.wordpress.com\/wp-content\/uploads\/2025\/05\/project-tracker-en-1.pdf\" class=\"wp-block-file__button wp-element-button\" download aria-describedby=\"wp-block-file--media-5b04a35b-814e-452e-b441-cce44f8598ee\">Last ned<\/a><\/div>\n\n\n\n<figure class=\"wp-block-image size-large\"><img data-recalc-dims=\"1\" decoding=\"async\" loading=\"lazy\" src=\"https:\/\/i0.wp.com\/loopoflightcom.wordpress.com\/wp-content\/uploads\/2025\/05\/img_3199-1.jpg?w=1290&#038;ssl=1\" alt=\"\" class=\"wp-image-1223\" \/><\/figure>\n<\/div>\n<\/div>\n\n\n\n<p><\/p>","protected":false},"excerpt":{"rendered":"<p>I dette innlegget kan du laste ned to gratis filer som kan gj\u00f8re hekleopplevelsen din enda bedre. Den ene filen hjelper deg med \u00e5 velge riktig prosjekt ved \u00e5 identifisere lidenskapen din, mens den andre fungerer som en logg for \u00e5 holde oversikt over p\u00e5g\u00e5ende prosjekter. Med disse verkt\u00f8yene kan du bevare gleden og kontrollen p\u00e5 hekleferden.<\/p>","protected":false},"author":1,"featured_media":0,"parent":0,"menu_order":0,"comment_status":"closed","ping_status":"closed","template":"","meta":{"nf_dc_page":"","om_disable_all_campaigns":false,"_monsterinsights_skip_tracking":false,"_monsterinsights_sitenote_active":false,"_monsterinsights_sitenote_note":"","_monsterinsights_sitenote_category":0,"_kadence_starter_templates_imported_post":false,"_kad_post_transparent":"","_kad_post_title":"","_kad_post_layout":"","_kad_post_sidebar_id":"","_kad_post_content_style":"","_kad_post_vertical_padding":"","_kad_post_feature":"","_kad_post_feature_position":"","_kad_post_header":false,"_kad_post_footer":false,"_kad_post_classname":"","footnotes":""},"class_list":["post-963","page","type-page","status-publish","hentry"],"yoast_head":"<!-- This site is optimized with the Yoast SEO Premium plugin v27.1 (Yoast SEO v27.4) - https:\/\/yoast.com\/product\/yoast-seo-premium-wordpress\/ -->\n<title>Organization and choosing projects - Loop of Light<\/title>\n<meta name=\"robots\" content=\"index, follow, max-snippet:-1, max-image-preview:large, max-video-preview:-1\" \/>\n<link rel=\"canonical\" href=\"https:\/\/loop-of-light.com\/nb\/organization-projects\/\" \/>\n<meta property=\"og:locale\" content=\"nb_NO\" \/>\n<meta property=\"og:type\" content=\"article\" \/>\n<meta property=\"og:title\" content=\"Organization and choosing projects\" \/>\n<meta property=\"og:description\" content=\"This post offers two free downloadable files designed to enhance your crochet experience. One file helps you choose the right project by identifying your passion, while the other serves as a log to track ongoing projects. With these tools, you can maintain joy and control in your crochet journey.\" \/>\n<meta property=\"og:url\" content=\"https:\/\/loop-of-light.com\/nb\/organization-projects\/\" \/>\n<meta property=\"og:site_name\" content=\"Loop of Light\" \/>\n<meta property=\"article:publisher\" content=\"https:\/\/www.facebook.com\/profile.php?id=61575882834639\" \/>\n<meta property=\"og:image\" content=\"https:\/\/loopoflightcom.wordpress.com\/wp-content\/uploads\/2025\/05\/1d8d54b6-38f8-4cc2-a04a-6761cc640526.jpg?w=675\" \/>\n<meta name=\"twitter:card\" content=\"summary_large_image\" \/>\n<meta name=\"twitter:label1\" content=\"Ansl. lesetid\" \/>\n\t<meta name=\"twitter:data1\" content=\"1 minutt\" \/>\n<script type=\"application\/ld+json\" class=\"yoast-schema-graph\">{\"@context\":\"https:\\\/\\\/schema.org\",\"@graph\":[{\"@type\":\"WebPage\",\"@id\":\"https:\\\/\\\/loop-of-light.com\\\/organization-projects\\\/\",\"url\":\"https:\\\/\\\/loop-of-light.com\\\/organization-projects\\\/\",\"name\":\"Organization and choosing projects - Loop of Light\",\"isPartOf\":{\"@id\":\"https:\\\/\\\/loop-of-light.com\\\/#website\"},\"primaryImageOfPage\":{\"@id\":\"https:\\\/\\\/loop-of-light.com\\\/organization-projects\\\/#primaryimage\"},\"image\":{\"@id\":\"https:\\\/\\\/loop-of-light.com\\\/organization-projects\\\/#primaryimage\"},\"thumbnailUrl\":\"https:\\\/\\\/loopoflightcom.wordpress.com\\\/wp-content\\\/uploads\\\/2025\\\/05\\\/1d8d54b6-38f8-4cc2-a04a-6761cc640526.jpg?w=675\",\"datePublished\":\"2025-05-14T20:13:41+00:00\",\"breadcrumb\":{\"@id\":\"https:\\\/\\\/loop-of-light.com\\\/organization-projects\\\/#breadcrumb\"},\"inLanguage\":\"nb-NO\",\"potentialAction\":[{\"@type\":\"ReadAction\",\"target\":[\"https:\\\/\\\/loop-of-light.com\\\/organization-projects\\\/\"]}]},{\"@type\":\"ImageObject\",\"inLanguage\":\"nb-NO\",\"@id\":\"https:\\\/\\\/loop-of-light.com\\\/organization-projects\\\/#primaryimage\",\"url\":\"https:\\\/\\\/loopoflightcom.wordpress.com\\\/wp-content\\\/uploads\\\/2025\\\/05\\\/1d8d54b6-38f8-4cc2-a04a-6761cc640526.jpg?w=675\",\"contentUrl\":\"https:\\\/\\\/loopoflightcom.wordpress.com\\\/wp-content\\\/uploads\\\/2025\\\/05\\\/1d8d54b6-38f8-4cc2-a04a-6761cc640526.jpg?w=675\"},{\"@type\":\"BreadcrumbList\",\"@id\":\"https:\\\/\\\/loop-of-light.com\\\/organization-projects\\\/#breadcrumb\",\"itemListElement\":[{\"@type\":\"ListItem\",\"position\":1,\"name\":\"Home\",\"item\":\"https:\\\/\\\/loop-of-light.com\\\/\"},{\"@type\":\"ListItem\",\"position\":2,\"name\":\"Organization and choosing projects\"}]},{\"@type\":\"WebSite\",\"@id\":\"https:\\\/\\\/loop-of-light.com\\\/#website\",\"url\":\"https:\\\/\\\/loop-of-light.com\\\/\",\"name\":\"Loop-of-light.com\",\"description\":\"Creativity with calm\",\"publisher\":{\"@id\":\"https:\\\/\\\/loop-of-light.com\\\/#\\\/schema\\\/person\\\/c0a33ff135d2d321a191176e6446ead9\"},\"potentialAction\":[{\"@type\":\"SearchAction\",\"target\":{\"@type\":\"EntryPoint\",\"urlTemplate\":\"https:\\\/\\\/loop-of-light.com\\\/?s={search_term_string}\"},\"query-input\":{\"@type\":\"PropertyValueSpecification\",\"valueRequired\":true,\"valueName\":\"search_term_string\"}}],\"inLanguage\":\"nb-NO\"},{\"@type\":[\"Person\",\"Organization\"],\"@id\":\"https:\\\/\\\/loop-of-light.com\\\/#\\\/schema\\\/person\\\/c0a33ff135d2d321a191176e6446ead9\",\"name\":\"Bente\",\"image\":{\"@type\":\"ImageObject\",\"inLanguage\":\"nb-NO\",\"@id\":\"https:\\\/\\\/i0.wp.com\\\/loop-of-light.com\\\/wp-content\\\/uploads\\\/2025\\\/06\\\/cropped-logo-1.webp?fit=512%2C512&ssl=1\",\"url\":\"https:\\\/\\\/i0.wp.com\\\/loop-of-light.com\\\/wp-content\\\/uploads\\\/2025\\\/06\\\/cropped-logo-1.webp?fit=512%2C512&ssl=1\",\"contentUrl\":\"https:\\\/\\\/i0.wp.com\\\/loop-of-light.com\\\/wp-content\\\/uploads\\\/2025\\\/06\\\/cropped-logo-1.webp?fit=512%2C512&ssl=1\",\"width\":512,\"height\":512,\"caption\":\"Bente\"},\"logo\":{\"@id\":\"https:\\\/\\\/i0.wp.com\\\/loop-of-light.com\\\/wp-content\\\/uploads\\\/2025\\\/06\\\/cropped-logo-1.webp?fit=512%2C512&ssl=1\"},\"sameAs\":[\"http:\\\/\\\/loop-of-light.com\",\"https:\\\/\\\/www.facebook.com\\\/profile.php?id=61575882834639\",\"https:\\\/\\\/www.instagram.com\\\/skaperglede_med_hvilepuls\\\/\",\"https:\\\/\\\/no.pinterest.com\\\/Loopoflight\\\/?actingBusinessId=305893137098757733\"]}]}<\/script>\n<!-- \/ Yoast SEO Premium plugin. -->","yoast_head_json":{"title":"Organisering og valg av prosjekter - Loop of Light","robots":{"index":"index","follow":"follow","max-snippet":"max-snippet:-1","max-image-preview":"max-image-preview:large","max-video-preview":"max-video-preview:-1"},"canonical":"https:\/\/loop-of-light.com\/nb\/organization-projects\/","og_locale":"nb_NO","og_type":"article","og_title":"Organization and choosing projects","og_description":"This post offers two free downloadable files designed to enhance your crochet experience. One file helps you choose the right project by identifying your passion, while the other serves as a log to track ongoing projects. With these tools, you can maintain joy and control in your crochet journey.","og_url":"https:\/\/loop-of-light.com\/nb\/organization-projects\/","og_site_name":"Loop of Light","article_publisher":"https:\/\/www.facebook.com\/profile.php?id=61575882834639","og_image":[{"url":"https:\/\/loopoflightcom.wordpress.com\/wp-content\/uploads\/2025\/05\/1d8d54b6-38f8-4cc2-a04a-6761cc640526.jpg?w=675","type":"","width":"","height":""}],"twitter_card":"summary_large_image","twitter_misc":{"Ansl. lesetid":"1 minutt"},"schema":{"@context":"https:\/\/schema.org","@graph":[{"@type":"WebPage","@id":"https:\/\/loop-of-light.com\/organization-projects\/","url":"https:\/\/loop-of-light.com\/organization-projects\/","name":"Organisering og valg av prosjekter - Loop of Light","isPartOf":{"@id":"https:\/\/loop-of-light.com\/#website"},"primaryImageOfPage":{"@id":"https:\/\/loop-of-light.com\/organization-projects\/#primaryimage"},"image":{"@id":"https:\/\/loop-of-light.com\/organization-projects\/#primaryimage"},"thumbnailUrl":"https:\/\/loopoflightcom.wordpress.com\/wp-content\/uploads\/2025\/05\/1d8d54b6-38f8-4cc2-a04a-6761cc640526.jpg?w=675","datePublished":"2025-05-14T20:13:41+00:00","breadcrumb":{"@id":"https:\/\/loop-of-light.com\/organization-projects\/#breadcrumb"},"inLanguage":"nb-NO","potentialAction":[{"@type":"ReadAction","target":["https:\/\/loop-of-light.com\/organization-projects\/"]}]},{"@type":"ImageObject","inLanguage":"nb-NO","@id":"https:\/\/loop-of-light.com\/organization-projects\/#primaryimage","url":"https:\/\/loopoflightcom.wordpress.com\/wp-content\/uploads\/2025\/05\/1d8d54b6-38f8-4cc2-a04a-6761cc640526.jpg?w=675","contentUrl":"https:\/\/loopoflightcom.wordpress.com\/wp-content\/uploads\/2025\/05\/1d8d54b6-38f8-4cc2-a04a-6761cc640526.jpg?w=675"},{"@type":"BreadcrumbList","@id":"https:\/\/loop-of-light.com\/organization-projects\/#breadcrumb","itemListElement":[{"@type":"ListItem","position":1,"name":"Home","item":"https:\/\/loop-of-light.com\/"},{"@type":"ListItem","position":2,"name":"Organization and choosing projects"}]},{"@type":"WebSite","@id":"https:\/\/loop-of-light.com\/#website","url":"https:\/\/loop-of-light.com\/","name":"Loop-of-light.com","description":"Creativity with calm","publisher":{"@id":"https:\/\/loop-of-light.com\/#\/schema\/person\/c0a33ff135d2d321a191176e6446ead9"},"potentialAction":[{"@type":"SearchAction","target":{"@type":"EntryPoint","urlTemplate":"https:\/\/loop-of-light.com\/?s={search_term_string}"},"query-input":{"@type":"PropertyValueSpecification","valueRequired":true,"valueName":"search_term_string"}}],"inLanguage":"nb-NO"},{"@type":["Person","Organization"],"@id":"https:\/\/loop-of-light.com\/#\/schema\/person\/c0a33ff135d2d321a191176e6446ead9","name":"Bente","image":{"@type":"ImageObject","inLanguage":"nb-NO","@id":"https:\/\/i0.wp.com\/loop-of-light.com\/wp-content\/uploads\/2025\/06\/cropped-logo-1.webp?fit=512%2C512&ssl=1","url":"https:\/\/i0.wp.com\/loop-of-light.com\/wp-content\/uploads\/2025\/06\/cropped-logo-1.webp?fit=512%2C512&ssl=1","contentUrl":"https:\/\/i0.wp.com\/loop-of-light.com\/wp-content\/uploads\/2025\/06\/cropped-logo-1.webp?fit=512%2C512&ssl=1","width":512,"height":512,"caption":"Bente"},"logo":{"@id":"https:\/\/i0.wp.com\/loop-of-light.com\/wp-content\/uploads\/2025\/06\/cropped-logo-1.webp?fit=512%2C512&ssl=1"},"sameAs":["http:\/\/loop-of-light.com","https:\/\/www.facebook.com\/profile.php?id=61575882834639","https:\/\/www.instagram.com\/skaperglede_med_hvilepuls\/","https:\/\/no.pinterest.com\/Loopoflight\/?actingBusinessId=305893137098757733"]}]}},"jetpack_sharing_enabled":true,"_links":{"self":[{"href":"https:\/\/loop-of-light.com\/nb\/wp-json\/wp\/v2\/pages\/963","targetHints":{"allow":["GET"]}}],"collection":[{"href":"https:\/\/loop-of-light.com\/nb\/wp-json\/wp\/v2\/pages"}],"about":[{"href":"https:\/\/loop-of-light.com\/nb\/wp-json\/wp\/v2\/types\/page"}],"author":[{"embeddable":true,"href":"https:\/\/loop-of-light.com\/nb\/wp-json\/wp\/v2\/users\/1"}],"replies":[{"embeddable":true,"href":"https:\/\/loop-of-light.com\/nb\/wp-json\/wp\/v2\/comments?post=963"}],"version-history":[{"count":0,"href":"https:\/\/loop-of-light.com\/nb\/wp-json\/wp\/v2\/pages\/963\/revisions"}],"wp:attachment":[{"href":"https:\/\/loop-of-light.com\/nb\/wp-json\/wp\/v2\/media?parent=963"}],"curies":[{"name":"wp","href":"https:\/\/api.w.org\/{rel}","templated":true}]}}