{"id":892,"date":"2025-05-14T19:30:03","date_gmt":"2025-05-14T17:30:03","guid":{"rendered":"https:\/\/loop-of-light.com\/?page_id=892"},"modified":"2025-05-14T19:30:03","modified_gmt":"2025-05-14T17:30:03","slug":"organisere-hekleprosjekt","status":"publish","type":"page","link":"https:\/\/loop-of-light.com\/nb\/organisere-hekleprosjekt\/","title":{"rendered":"Nedlastbare verkt\u00f8y for hekleprosjekter"},"content":{"rendered":"<p>Under finner du to nedlastbare filer, som du kan bruke fritt uten kostnad. <br><\/p>\n\n\n\n<p>Vi h\u00e5per at disse dokumentene kan hjelpe deg med \u00e5 bevare gleden og kontrollen over hekleprosjektene dine<\/p>\n\n\n\n<div class=\"wp-block-columns is-layout-flex wp-container-core-columns-is-layout-9d6595d7 wp-block-columns-is-layout-flex\">\n<div class=\"wp-block-column is-layout-flow wp-block-column-is-layout-flow\">\n<h2 class=\"wp-block-heading\">Valg av riktig hekleprosjekt<\/h2>\n\n\n\n<p>Er det vanskelig \u00e5 vurdere hvilket prosjekt du skal begynne med?  Her er et skjema. Du fyller ut krombladene p\u00e5 en blomst. Dette hjelper deg \u00e5 finne den r\u00f8de tr\u00e5den. Den r\u00f8de tr\u00e5den hjelper deg med \u00e5 finne ditt hjerteprosjekt.<\/p>\n\n\n\n<div class=\"wp-block-file\"><a id=\"wp-block-file--media-a1c98afb-31f6-4bfe-b405-e6e2ad886ba1\" href=\"https:\/\/loopoflightcom.wordpress.com\/wp-content\/uploads\/2025\/05\/finn-prosjektet-som-er-rett-for-deg-norsk-3.pdf\">finn-prosjektet-som-er-rett-for-deg-norsk<\/a><a href=\"https:\/\/loopoflightcom.wordpress.com\/wp-content\/uploads\/2025\/05\/finn-prosjektet-som-er-rett-for-deg-norsk-3.pdf\" class=\"wp-block-file__button wp-element-button\" download aria-describedby=\"wp-block-file--media-a1c98afb-31f6-4bfe-b405-e6e2ad886ba1\">Last ned<\/a><\/div>\n\n\n\n<figure class=\"wp-block-image size-large\"><img data-recalc-dims=\"1\" loading=\"lazy\" decoding=\"async\" width=\"675\" height=\"944\" src=\"https:\/\/i0.wp.com\/loopoflightcom.wordpress.com\/wp-content\/uploads\/2025\/05\/bcc23d7a-4b2a-479f-ad88-759df83ec14f.jpg?resize=675%2C944&#038;ssl=1\" alt=\"Informativt dokument som hjelper brukeren med \u00e5 bestemme seg for hekleprosjekter, med en illustrasjon av en blomst og plass til notater.\" class=\"wp-image-1230\" srcset=\"https:\/\/i0.wp.com\/loop-of-light.com\/wp-content\/uploads\/2025\/05\/bcc23d7a-4b2a-479f-ad88-759df83ec14f.jpg?w=675&amp;ssl=1 675w, https:\/\/i0.wp.com\/loop-of-light.com\/wp-content\/uploads\/2025\/05\/bcc23d7a-4b2a-479f-ad88-759df83ec14f.jpg?resize=215%2C300&amp;ssl=1 215w\" sizes=\"auto, (max-width: 675px) 100vw, 675px\" \/><\/figure>\n<\/div>\n\n\n\n<div class=\"wp-block-column is-layout-flow wp-block-column-is-layout-flow\">\n<h2 class=\"wp-block-heading\">Oversikt over p\u00e5g\u00e5ende prosjekt<\/h2>\n\n\n\n<p>Synes du det er vanskelig \u00e5 holde kontroll over p\u00e5g\u00e5ende prosjekt? Det synes i alle fall jeg. Her er en logg som skal hjelpe oss \u00e5 holde kontroll over p\u00e5g\u00e5ende prosjekt. Det blir ofte kalt WIP eller Work in progress p\u00e5 heklesider.<\/p>\n\n\n\n<div class=\"wp-block-file\"><a id=\"wp-block-file--media-efa0cbce-35fa-4bf1-a84c-f7845c089775\" href=\"https:\/\/loopoflightcom.wordpress.com\/wp-content\/uploads\/2025\/05\/prosjektlogg-no-4.pdf\">Prosjektlogg NO<\/a><a href=\"https:\/\/loopoflightcom.wordpress.com\/wp-content\/uploads\/2025\/05\/prosjektlogg-no-4.pdf\" class=\"wp-block-file__button wp-element-button\" download aria-describedby=\"wp-block-file--media-efa0cbce-35fa-4bf1-a84c-f7845c089775\">Last ned<\/a><\/div>\n\n\n\n<figure class=\"wp-block-image size-large\"><img data-recalc-dims=\"1\" loading=\"lazy\" decoding=\"async\" width=\"634\" height=\"877\" src=\"https:\/\/i0.wp.com\/loopoflightcom.wordpress.com\/wp-content\/uploads\/2025\/05\/84817943-ccce-4688-9b76-d6115d794920.jpg?resize=634%2C877&#038;ssl=1\" alt=\"Prosjektlogg for hekling med overskrifter for mine prosjekter, oppskrift, garn, st\u00f8rrelse, n\u00e5l og notater, designet med blomster og myke farger.\" class=\"wp-image-1231\" srcset=\"https:\/\/i0.wp.com\/loop-of-light.com\/wp-content\/uploads\/2025\/05\/84817943-ccce-4688-9b76-d6115d794920.jpg?w=634&amp;ssl=1 634w, https:\/\/i0.wp.com\/loop-of-light.com\/wp-content\/uploads\/2025\/05\/84817943-ccce-4688-9b76-d6115d794920.jpg?resize=217%2C300&amp;ssl=1 217w\" sizes=\"auto, (max-width: 634px) 100vw, 634px\" \/><\/figure>\n<\/div>\n<\/div>\n\n\n\n<div class=\"wp-block-columns is-layout-flex wp-container-core-columns-is-layout-9d6595d7 wp-block-columns-is-layout-flex\">\n<div class=\"wp-block-column is-layout-flow wp-block-column-is-layout-flow\"><\/div>\n<\/div>\n\n\n\n<div class=\"wp-block-group is-layout-constrained wp-block-group-is-layout-constrained\">\n<div class=\"wp-block-group is-layout-constrained wp-block-group-is-layout-constrained\"><\/div>\n<\/div>\n\n\n\n<div class=\"wp-block-columns is-layout-flex wp-container-core-columns-is-layout-9d6595d7 wp-block-columns-is-layout-flex\">\n<div class=\"wp-block-column is-layout-flow wp-block-column-is-layout-flow\"><\/div>\n\n\n\n<div class=\"wp-block-column is-layout-flow wp-block-column-is-layout-flow\"><\/div>\n<\/div>","protected":false},"excerpt":{"rendered":"<p>Innleggene tilbyr to gratis nedlastbare filer for hekling, designet for \u00e5 hjelpe deg med \u00e5 velge og organisere prosjekter. Et skjema veileder deg til ditt ideelle prosjekt, mens en prosjektlogg gir oversikt over p\u00e5g\u00e5ende arbeid. M\u00e5let er \u00e5 bevare gleden og kontrollen i heklingens verden.<\/p>","protected":false},"author":1,"featured_media":0,"parent":0,"menu_order":0,"comment_status":"closed","ping_status":"closed","template":"","meta":{"nf_dc_page":"","om_disable_all_campaigns":false,"_monsterinsights_skip_tracking":false,"_monsterinsights_sitenote_active":false,"_monsterinsights_sitenote_note":"","_monsterinsights_sitenote_category":0,"_kadence_starter_templates_imported_post":false,"_kad_post_transparent":"","_kad_post_title":"","_kad_post_layout":"","_kad_post_sidebar_id":"","_kad_post_content_style":"","_kad_post_vertical_padding":"","_kad_post_feature":"","_kad_post_feature_position":"","_kad_post_header":false,"_kad_post_footer":false,"_kad_post_classname":"","footnotes":""},"class_list":["post-892","page","type-page","status-publish","hentry"],"yoast_head":"<!-- This site is optimized with the Yoast SEO Premium plugin v27.1 (Yoast SEO v27.4) - https:\/\/yoast.com\/product\/yoast-seo-premium-wordpress\/ -->\n<title>Nedlastbare verkt\u00f8y for hekleprosjekter - Loop of Light<\/title>\n<meta name=\"robots\" content=\"index, follow, max-snippet:-1, max-image-preview:large, max-video-preview:-1\" \/>\n<link rel=\"canonical\" href=\"https:\/\/loop-of-light.com\/nb\/organisere-hekleprosjekt\/\" \/>\n<meta property=\"og:locale\" content=\"nb_NO\" \/>\n<meta property=\"og:type\" content=\"article\" \/>\n<meta property=\"og:title\" content=\"Nedlastbare verkt\u00f8y for hekleprosjekter\" \/>\n<meta property=\"og:description\" content=\"Innleggene tilbyr to gratis nedlastbare filer for hekling, designet for \u00e5 hjelpe deg med \u00e5 velge og organisere prosjekter. Et skjema veileder deg til ditt ideelle prosjekt, mens en prosjektlogg gir oversikt over p\u00e5g\u00e5ende arbeid. M\u00e5let er \u00e5 bevare gleden og kontrollen i heklingens verden.\" \/>\n<meta property=\"og:url\" content=\"https:\/\/loop-of-light.com\/nb\/organisere-hekleprosjekt\/\" \/>\n<meta property=\"og:site_name\" content=\"Loop of Light\" \/>\n<meta property=\"article:publisher\" content=\"https:\/\/www.facebook.com\/profile.php?id=61575882834639\" \/>\n<meta property=\"og:image\" content=\"https:\/\/loopoflightcom.wordpress.com\/wp-content\/uploads\/2025\/05\/bcc23d7a-4b2a-479f-ad88-759df83ec14f.jpg?w=675\" \/>\n<meta name=\"twitter:card\" content=\"summary_large_image\" \/>\n<meta name=\"twitter:label1\" content=\"Ansl. lesetid\" \/>\n\t<meta name=\"twitter:data1\" content=\"1 minutt\" \/>\n<script type=\"application\/ld+json\" class=\"yoast-schema-graph\">{\"@context\":\"https:\\\/\\\/schema.org\",\"@graph\":[{\"@type\":\"WebPage\",\"@id\":\"https:\\\/\\\/loop-of-light.com\\\/en\\\/organisere-hekleprosjekt\\\/\",\"url\":\"https:\\\/\\\/loop-of-light.com\\\/en\\\/organisere-hekleprosjekt\\\/\",\"name\":\"Nedlastbare verkt\u00f8y for hekleprosjekter - Loop of Light\",\"isPartOf\":{\"@id\":\"https:\\\/\\\/loop-of-light.com\\\/#website\"},\"primaryImageOfPage\":{\"@id\":\"https:\\\/\\\/loop-of-light.com\\\/en\\\/organisere-hekleprosjekt\\\/#primaryimage\"},\"image\":{\"@id\":\"https:\\\/\\\/loop-of-light.com\\\/en\\\/organisere-hekleprosjekt\\\/#primaryimage\"},\"thumbnailUrl\":\"https:\\\/\\\/loopoflightcom.wordpress.com\\\/wp-content\\\/uploads\\\/2025\\\/05\\\/bcc23d7a-4b2a-479f-ad88-759df83ec14f.jpg?w=675\",\"datePublished\":\"2025-05-14T17:30:03+00:00\",\"breadcrumb\":{\"@id\":\"https:\\\/\\\/loop-of-light.com\\\/en\\\/organisere-hekleprosjekt\\\/#breadcrumb\"},\"inLanguage\":\"nb-NO\",\"potentialAction\":[{\"@type\":\"ReadAction\",\"target\":[\"https:\\\/\\\/loop-of-light.com\\\/en\\\/organisere-hekleprosjekt\\\/\"]}]},{\"@type\":\"ImageObject\",\"inLanguage\":\"nb-NO\",\"@id\":\"https:\\\/\\\/loop-of-light.com\\\/en\\\/organisere-hekleprosjekt\\\/#primaryimage\",\"url\":\"https:\\\/\\\/loopoflightcom.wordpress.com\\\/wp-content\\\/uploads\\\/2025\\\/05\\\/bcc23d7a-4b2a-479f-ad88-759df83ec14f.jpg?w=675\",\"contentUrl\":\"https:\\\/\\\/loopoflightcom.wordpress.com\\\/wp-content\\\/uploads\\\/2025\\\/05\\\/bcc23d7a-4b2a-479f-ad88-759df83ec14f.jpg?w=675\"},{\"@type\":\"BreadcrumbList\",\"@id\":\"https:\\\/\\\/loop-of-light.com\\\/en\\\/organisere-hekleprosjekt\\\/#breadcrumb\",\"itemListElement\":[{\"@type\":\"ListItem\",\"position\":1,\"name\":\"Home\",\"item\":\"https:\\\/\\\/loop-of-light.com\\\/\"},{\"@type\":\"ListItem\",\"position\":2,\"name\":\"Nedlastbare verkt\u00f8y for hekleprosjekter\"}]},{\"@type\":\"WebSite\",\"@id\":\"https:\\\/\\\/loop-of-light.com\\\/#website\",\"url\":\"https:\\\/\\\/loop-of-light.com\\\/\",\"name\":\"Loop-of-light.com\",\"description\":\"Creativity with calm\",\"publisher\":{\"@id\":\"https:\\\/\\\/loop-of-light.com\\\/#\\\/schema\\\/person\\\/c0a33ff135d2d321a191176e6446ead9\"},\"potentialAction\":[{\"@type\":\"SearchAction\",\"target\":{\"@type\":\"EntryPoint\",\"urlTemplate\":\"https:\\\/\\\/loop-of-light.com\\\/?s={search_term_string}\"},\"query-input\":{\"@type\":\"PropertyValueSpecification\",\"valueRequired\":true,\"valueName\":\"search_term_string\"}}],\"inLanguage\":\"nb-NO\"},{\"@type\":[\"Person\",\"Organization\"],\"@id\":\"https:\\\/\\\/loop-of-light.com\\\/#\\\/schema\\\/person\\\/c0a33ff135d2d321a191176e6446ead9\",\"name\":\"Bente\",\"image\":{\"@type\":\"ImageObject\",\"inLanguage\":\"nb-NO\",\"@id\":\"https:\\\/\\\/i0.wp.com\\\/loop-of-light.com\\\/wp-content\\\/uploads\\\/2025\\\/06\\\/cropped-logo-1.webp?fit=512%2C512&ssl=1\",\"url\":\"https:\\\/\\\/i0.wp.com\\\/loop-of-light.com\\\/wp-content\\\/uploads\\\/2025\\\/06\\\/cropped-logo-1.webp?fit=512%2C512&ssl=1\",\"contentUrl\":\"https:\\\/\\\/i0.wp.com\\\/loop-of-light.com\\\/wp-content\\\/uploads\\\/2025\\\/06\\\/cropped-logo-1.webp?fit=512%2C512&ssl=1\",\"width\":512,\"height\":512,\"caption\":\"Bente\"},\"logo\":{\"@id\":\"https:\\\/\\\/i0.wp.com\\\/loop-of-light.com\\\/wp-content\\\/uploads\\\/2025\\\/06\\\/cropped-logo-1.webp?fit=512%2C512&ssl=1\"},\"sameAs\":[\"http:\\\/\\\/loop-of-light.com\",\"https:\\\/\\\/www.facebook.com\\\/profile.php?id=61575882834639\",\"https:\\\/\\\/www.instagram.com\\\/skaperglede_med_hvilepuls\\\/\",\"https:\\\/\\\/no.pinterest.com\\\/Loopoflight\\\/?actingBusinessId=305893137098757733\"]}]}<\/script>\n<!-- \/ Yoast SEO Premium plugin. -->","yoast_head_json":{"title":"Nedlastbare verkt\u00f8y for hekleprosjekter - Loop of Light","robots":{"index":"index","follow":"follow","max-snippet":"max-snippet:-1","max-image-preview":"max-image-preview:large","max-video-preview":"max-video-preview:-1"},"canonical":"https:\/\/loop-of-light.com\/nb\/organisere-hekleprosjekt\/","og_locale":"nb_NO","og_type":"article","og_title":"Nedlastbare verkt\u00f8y for hekleprosjekter","og_description":"Innleggene tilbyr to gratis nedlastbare filer for hekling, designet for \u00e5 hjelpe deg med \u00e5 velge og organisere prosjekter. Et skjema veileder deg til ditt ideelle prosjekt, mens en prosjektlogg gir oversikt over p\u00e5g\u00e5ende arbeid. M\u00e5let er \u00e5 bevare gleden og kontrollen i heklingens verden.","og_url":"https:\/\/loop-of-light.com\/nb\/organisere-hekleprosjekt\/","og_site_name":"Loop of Light","article_publisher":"https:\/\/www.facebook.com\/profile.php?id=61575882834639","og_image":[{"url":"https:\/\/loopoflightcom.wordpress.com\/wp-content\/uploads\/2025\/05\/bcc23d7a-4b2a-479f-ad88-759df83ec14f.jpg?w=675","type":"","width":"","height":""}],"twitter_card":"summary_large_image","twitter_misc":{"Ansl. lesetid":"1 minutt"},"schema":{"@context":"https:\/\/schema.org","@graph":[{"@type":"WebPage","@id":"https:\/\/loop-of-light.com\/en\/organisere-hekleprosjekt\/","url":"https:\/\/loop-of-light.com\/en\/organisere-hekleprosjekt\/","name":"Nedlastbare verkt\u00f8y for hekleprosjekter - Loop of Light","isPartOf":{"@id":"https:\/\/loop-of-light.com\/#website"},"primaryImageOfPage":{"@id":"https:\/\/loop-of-light.com\/en\/organisere-hekleprosjekt\/#primaryimage"},"image":{"@id":"https:\/\/loop-of-light.com\/en\/organisere-hekleprosjekt\/#primaryimage"},"thumbnailUrl":"https:\/\/loopoflightcom.wordpress.com\/wp-content\/uploads\/2025\/05\/bcc23d7a-4b2a-479f-ad88-759df83ec14f.jpg?w=675","datePublished":"2025-05-14T17:30:03+00:00","breadcrumb":{"@id":"https:\/\/loop-of-light.com\/en\/organisere-hekleprosjekt\/#breadcrumb"},"inLanguage":"nb-NO","potentialAction":[{"@type":"ReadAction","target":["https:\/\/loop-of-light.com\/en\/organisere-hekleprosjekt\/"]}]},{"@type":"ImageObject","inLanguage":"nb-NO","@id":"https:\/\/loop-of-light.com\/en\/organisere-hekleprosjekt\/#primaryimage","url":"https:\/\/loopoflightcom.wordpress.com\/wp-content\/uploads\/2025\/05\/bcc23d7a-4b2a-479f-ad88-759df83ec14f.jpg?w=675","contentUrl":"https:\/\/loopoflightcom.wordpress.com\/wp-content\/uploads\/2025\/05\/bcc23d7a-4b2a-479f-ad88-759df83ec14f.jpg?w=675"},{"@type":"BreadcrumbList","@id":"https:\/\/loop-of-light.com\/en\/organisere-hekleprosjekt\/#breadcrumb","itemListElement":[{"@type":"ListItem","position":1,"name":"Home","item":"https:\/\/loop-of-light.com\/"},{"@type":"ListItem","position":2,"name":"Nedlastbare verkt\u00f8y for hekleprosjekter"}]},{"@type":"WebSite","@id":"https:\/\/loop-of-light.com\/#website","url":"https:\/\/loop-of-light.com\/","name":"Loop-of-light.com","description":"Creativity with calm","publisher":{"@id":"https:\/\/loop-of-light.com\/#\/schema\/person\/c0a33ff135d2d321a191176e6446ead9"},"potentialAction":[{"@type":"SearchAction","target":{"@type":"EntryPoint","urlTemplate":"https:\/\/loop-of-light.com\/?s={search_term_string}"},"query-input":{"@type":"PropertyValueSpecification","valueRequired":true,"valueName":"search_term_string"}}],"inLanguage":"nb-NO"},{"@type":["Person","Organization"],"@id":"https:\/\/loop-of-light.com\/#\/schema\/person\/c0a33ff135d2d321a191176e6446ead9","name":"Bente","image":{"@type":"ImageObject","inLanguage":"nb-NO","@id":"https:\/\/i0.wp.com\/loop-of-light.com\/wp-content\/uploads\/2025\/06\/cropped-logo-1.webp?fit=512%2C512&ssl=1","url":"https:\/\/i0.wp.com\/loop-of-light.com\/wp-content\/uploads\/2025\/06\/cropped-logo-1.webp?fit=512%2C512&ssl=1","contentUrl":"https:\/\/i0.wp.com\/loop-of-light.com\/wp-content\/uploads\/2025\/06\/cropped-logo-1.webp?fit=512%2C512&ssl=1","width":512,"height":512,"caption":"Bente"},"logo":{"@id":"https:\/\/i0.wp.com\/loop-of-light.com\/wp-content\/uploads\/2025\/06\/cropped-logo-1.webp?fit=512%2C512&ssl=1"},"sameAs":["http:\/\/loop-of-light.com","https:\/\/www.facebook.com\/profile.php?id=61575882834639","https:\/\/www.instagram.com\/skaperglede_med_hvilepuls\/","https:\/\/no.pinterest.com\/Loopoflight\/?actingBusinessId=305893137098757733"]}]}},"jetpack_sharing_enabled":true,"_links":{"self":[{"href":"https:\/\/loop-of-light.com\/nb\/wp-json\/wp\/v2\/pages\/892","targetHints":{"allow":["GET"]}}],"collection":[{"href":"https:\/\/loop-of-light.com\/nb\/wp-json\/wp\/v2\/pages"}],"about":[{"href":"https:\/\/loop-of-light.com\/nb\/wp-json\/wp\/v2\/types\/page"}],"author":[{"embeddable":true,"href":"https:\/\/loop-of-light.com\/nb\/wp-json\/wp\/v2\/users\/1"}],"replies":[{"embeddable":true,"href":"https:\/\/loop-of-light.com\/nb\/wp-json\/wp\/v2\/comments?post=892"}],"version-history":[{"count":0,"href":"https:\/\/loop-of-light.com\/nb\/wp-json\/wp\/v2\/pages\/892\/revisions"}],"wp:attachment":[{"href":"https:\/\/loop-of-light.com\/nb\/wp-json\/wp\/v2\/media?parent=892"}],"curies":[{"name":"wp","href":"https:\/\/api.w.org\/{rel}","templated":true}]}}