{"id":664,"date":"2025-05-07T23:55:51","date_gmt":"2025-05-07T21:55:51","guid":{"rendered":"https:\/\/loop-of-light.com\/?page_id=664"},"modified":"2025-05-07T23:55:51","modified_gmt":"2025-05-07T21:55:51","slug":"colors-materials-and-emotions","status":"publish","type":"page","link":"https:\/\/loop-of-light.com\/nb\/colors-materials-and-emotions\/","title":{"rendered":"Farger, materialer og f\u00f8lelser"},"content":{"rendered":"<hr class=\"wp-block-separator has-alpha-channel-opacity\" \/>\n\n\n\n<p>Velkommen til <em>Farger og f\u00f8lelser i h\u00e5ndarbeid<\/em> - en plass som er dedikert til sammenhengene mellom kreativitet, sensoriske opplevelser og det indre livet. Her utforsker vi hvordan farger og h\u00e5ndarbeid kan bli et spr\u00e5k for f\u00f8lelser. Dette fostrer tilstedev\u00e6relsen og en forsiktig prosessering, uavhengig av hvilket niv\u00e5 du er p\u00e5 i forhold til erfaring eller teknikk.<\/p>\n\n\n\n<p><strong>Min e-bok \"Farger og f\u00f8lelser - en h\u00e5ndbok om fargevalg i h\u00e5ndarbeid.<\/strong> Denne tilbyr en myk og personlig introduksjon til tema. Boken inneholder enkle refleksjoner som skal inspirere deg. Vi vil hjelpe deg til \u00e5 komme i kontakt med den kreative gleden. Dette kan du gj\u00f8re helt i ditt eget tempo.<\/p>\n\n\n\n<hr class=\"wp-block-separator has-alpha-channel-opacity\" \/>\n\n\n\n<div class=\"wp-block-group is-nowrap is-layout-flex wp-container-core-group-is-layout-ad2f72ca wp-block-group-is-layout-flex\">\n<p>The <strong>Den praktiske arbeidsboken<\/strong> - inkluderer \u00f8velser og praktiske sp\u00f8rsm\u00e5l. Denne \u00f8velsen legger grunnlaget for \u00e5 bruke farger og kreativt arbeid som et verkt\u00f8y for hvile, refleksjon og f\u00f8lelsesmessig uttrykk.<\/p>\n\n\n\n<figure class=\"wp-block-image size-medium\"><img data-recalc-dims=\"1\" loading=\"lazy\" decoding=\"async\" width=\"1098\" height=\"1708\" src=\"https:\/\/i0.wp.com\/loopoflightcom.wordpress.com\/wp-content\/uploads\/2025\/04\/img_1072.png?resize=1098%2C1708&#038;ssl=1\" alt=\"Cover of a workbook titled 'Colors and Emotions' featuring a crocheted texture, a crochet hook, and a flower, designed to explore color choices in handicrafts.\" class=\"wp-image-264\" srcset=\"https:\/\/i0.wp.com\/loop-of-light.com\/wp-content\/uploads\/2025\/04\/img_1072.png?w=1098&amp;ssl=1 1098w, https:\/\/i0.wp.com\/loop-of-light.com\/wp-content\/uploads\/2025\/04\/img_1072.png?resize=193%2C300&amp;ssl=1 193w, https:\/\/i0.wp.com\/loop-of-light.com\/wp-content\/uploads\/2025\/04\/img_1072.png?resize=658%2C1024&amp;ssl=1 658w, https:\/\/i0.wp.com\/loop-of-light.com\/wp-content\/uploads\/2025\/04\/img_1072.png?resize=768%2C1195&amp;ssl=1 768w, https:\/\/i0.wp.com\/loop-of-light.com\/wp-content\/uploads\/2025\/04\/img_1072.png?resize=987%2C1536&amp;ssl=1 987w\" sizes=\"auto, (max-width: 1098px) 100vw, 1098px\" \/><\/figure>\n<\/div>\n\n\n\n<div class=\"wp-block-buttons is-content-justification-center is-layout-flex wp-container-core-buttons-is-layout-16018d1d wp-block-buttons-is-layout-flex\">\n<div class=\"wp-block-button\"><a class=\"wp-block-button__link wp-element-button\" href=\"http:\/\/subscribepage.io\/LvLf0S\">Gratis e-bok<\/a><\/div>\n<\/div>\n\n\n\n<p>Over time, this page will also grow. It will include reflections, insights, and inspiration. These will be shared through blog posts and other creative content. For now, it&#8217;s a calm space. You can return to it whenever you need a reminder that small steps are more than enough.<\/p>\n\n\n\n<blockquote class=\"wp-block-quote is-layout-flow wp-block-quote-is-layout-flow\">\n<p>Du trenger ikke \u00e5 prestere for \u00e5 v\u00e6re kreativ. Alt du trenger er et litt plass - og kanskje en farge eller to.<\/p>\n<\/blockquote>\n\n\n\n<p><\/p>","protected":false},"excerpt":{"rendered":"<p>Velkommen til Farger og f\u00f8lelser, en plattform som fremmer kreativitet og indre liv gjennom farger og h\u00e5ndarbeid. E-boken \u201cFarger og f\u00f8lelser i h\u00e5ndarbeid\u201d tilbyr en myk tiln\u00e6rming, med refleksjoner og \u00f8velser som oppmuntrer til personlig skaperglede. Her er gode minner om at sm\u00e5 skritt er mer enn tilstrekkelig.<\/p>","protected":false},"author":1,"featured_media":0,"parent":0,"menu_order":0,"comment_status":"closed","ping_status":"closed","template":"","meta":{"nf_dc_page":"","om_disable_all_campaigns":false,"_monsterinsights_skip_tracking":false,"_monsterinsights_sitenote_active":false,"_monsterinsights_sitenote_note":"","_monsterinsights_sitenote_category":0,"_kadence_starter_templates_imported_post":false,"_kad_post_transparent":"","_kad_post_title":"","_kad_post_layout":"","_kad_post_sidebar_id":"","_kad_post_content_style":"","_kad_post_vertical_padding":"","_kad_post_feature":"","_kad_post_feature_position":"","_kad_post_header":false,"_kad_post_footer":false,"_kad_post_classname":"","footnotes":""},"class_list":["post-664","page","type-page","status-publish","hentry"],"yoast_head":"<!-- This site is optimized with the Yoast SEO Premium plugin v27.1 (Yoast SEO v27.4) - https:\/\/yoast.com\/product\/yoast-seo-premium-wordpress\/ -->\n<title>Colors, Materials and Emotions - Loop of Light<\/title>\n<meta name=\"robots\" content=\"index, follow, max-snippet:-1, max-image-preview:large, max-video-preview:-1\" \/>\n<link rel=\"canonical\" href=\"https:\/\/loop-of-light.com\/nb\/colors-materials-and-emotions\/\" \/>\n<meta property=\"og:locale\" content=\"nb_NO\" \/>\n<meta property=\"og:type\" content=\"article\" \/>\n<meta property=\"og:title\" content=\"Colors, Materials and Emotions\" \/>\n<meta property=\"og:description\" content=\"Velkommen til Farger og f\u00f8lelser, en plattform som fremmer kreativitet og indre liv gjennom farger og h\u00e5ndarbeid. E-boken \u201cFarger og f\u00f8lelser i h\u00e5ndarbeid\u201d tilbyr en myk tiln\u00e6rming, med refleksjoner og \u00f8velser som oppmuntrer til personlig skaperglede. Her er gode minner om at sm\u00e5 skritt er mer enn tilstrekkelig.\" \/>\n<meta property=\"og:url\" content=\"https:\/\/loop-of-light.com\/nb\/colors-materials-and-emotions\/\" \/>\n<meta property=\"og:site_name\" content=\"Loop of Light\" \/>\n<meta property=\"article:publisher\" content=\"https:\/\/www.facebook.com\/profile.php?id=61575882834639\" \/>\n<meta property=\"og:image\" content=\"https:\/\/loopoflightcom.wordpress.com\/wp-content\/uploads\/2025\/04\/img_1072.png?w=193\" \/>\n<meta name=\"twitter:card\" content=\"summary_large_image\" \/>\n<meta name=\"twitter:label1\" content=\"Ansl. lesetid\" \/>\n\t<meta name=\"twitter:data1\" content=\"1 minutt\" \/>\n<script type=\"application\/ld+json\" class=\"yoast-schema-graph\">{\"@context\":\"https:\\\/\\\/schema.org\",\"@graph\":[{\"@type\":\"WebPage\",\"@id\":\"https:\\\/\\\/loop-of-light.com\\\/colors-materials-and-emotions\\\/\",\"url\":\"https:\\\/\\\/loop-of-light.com\\\/colors-materials-and-emotions\\\/\",\"name\":\"Colors, Materials and Emotions - Loop of Light\",\"isPartOf\":{\"@id\":\"https:\\\/\\\/loop-of-light.com\\\/#website\"},\"primaryImageOfPage\":{\"@id\":\"https:\\\/\\\/loop-of-light.com\\\/colors-materials-and-emotions\\\/#primaryimage\"},\"image\":{\"@id\":\"https:\\\/\\\/loop-of-light.com\\\/colors-materials-and-emotions\\\/#primaryimage\"},\"thumbnailUrl\":\"https:\\\/\\\/loopoflightcom.wordpress.com\\\/wp-content\\\/uploads\\\/2025\\\/04\\\/img_1072.png?w=193\",\"datePublished\":\"2025-05-07T21:55:51+00:00\",\"breadcrumb\":{\"@id\":\"https:\\\/\\\/loop-of-light.com\\\/colors-materials-and-emotions\\\/#breadcrumb\"},\"inLanguage\":\"nb-NO\",\"potentialAction\":[{\"@type\":\"ReadAction\",\"target\":[\"https:\\\/\\\/loop-of-light.com\\\/colors-materials-and-emotions\\\/\"]}]},{\"@type\":\"ImageObject\",\"inLanguage\":\"nb-NO\",\"@id\":\"https:\\\/\\\/loop-of-light.com\\\/colors-materials-and-emotions\\\/#primaryimage\",\"url\":\"https:\\\/\\\/loopoflightcom.wordpress.com\\\/wp-content\\\/uploads\\\/2025\\\/04\\\/img_1072.png?w=193\",\"contentUrl\":\"https:\\\/\\\/loopoflightcom.wordpress.com\\\/wp-content\\\/uploads\\\/2025\\\/04\\\/img_1072.png?w=193\"},{\"@type\":\"BreadcrumbList\",\"@id\":\"https:\\\/\\\/loop-of-light.com\\\/colors-materials-and-emotions\\\/#breadcrumb\",\"itemListElement\":[{\"@type\":\"ListItem\",\"position\":1,\"name\":\"Home\",\"item\":\"https:\\\/\\\/loop-of-light.com\\\/\"},{\"@type\":\"ListItem\",\"position\":2,\"name\":\"Colors, Materials and Emotions\"}]},{\"@type\":\"WebSite\",\"@id\":\"https:\\\/\\\/loop-of-light.com\\\/#website\",\"url\":\"https:\\\/\\\/loop-of-light.com\\\/\",\"name\":\"Loop-of-light.com\",\"description\":\"Creativity with calm\",\"publisher\":{\"@id\":\"https:\\\/\\\/loop-of-light.com\\\/#\\\/schema\\\/person\\\/c0a33ff135d2d321a191176e6446ead9\"},\"potentialAction\":[{\"@type\":\"SearchAction\",\"target\":{\"@type\":\"EntryPoint\",\"urlTemplate\":\"https:\\\/\\\/loop-of-light.com\\\/?s={search_term_string}\"},\"query-input\":{\"@type\":\"PropertyValueSpecification\",\"valueRequired\":true,\"valueName\":\"search_term_string\"}}],\"inLanguage\":\"nb-NO\"},{\"@type\":[\"Person\",\"Organization\"],\"@id\":\"https:\\\/\\\/loop-of-light.com\\\/#\\\/schema\\\/person\\\/c0a33ff135d2d321a191176e6446ead9\",\"name\":\"Bente\",\"image\":{\"@type\":\"ImageObject\",\"inLanguage\":\"nb-NO\",\"@id\":\"https:\\\/\\\/i0.wp.com\\\/loop-of-light.com\\\/wp-content\\\/uploads\\\/2025\\\/06\\\/cropped-logo-1.webp?fit=512%2C512&ssl=1\",\"url\":\"https:\\\/\\\/i0.wp.com\\\/loop-of-light.com\\\/wp-content\\\/uploads\\\/2025\\\/06\\\/cropped-logo-1.webp?fit=512%2C512&ssl=1\",\"contentUrl\":\"https:\\\/\\\/i0.wp.com\\\/loop-of-light.com\\\/wp-content\\\/uploads\\\/2025\\\/06\\\/cropped-logo-1.webp?fit=512%2C512&ssl=1\",\"width\":512,\"height\":512,\"caption\":\"Bente\"},\"logo\":{\"@id\":\"https:\\\/\\\/i0.wp.com\\\/loop-of-light.com\\\/wp-content\\\/uploads\\\/2025\\\/06\\\/cropped-logo-1.webp?fit=512%2C512&ssl=1\"},\"sameAs\":[\"http:\\\/\\\/loop-of-light.com\",\"https:\\\/\\\/www.facebook.com\\\/profile.php?id=61575882834639\",\"https:\\\/\\\/www.instagram.com\\\/skaperglede_med_hvilepuls\\\/\",\"https:\\\/\\\/no.pinterest.com\\\/Loopoflight\\\/?actingBusinessId=305893137098757733\"]}]}<\/script>\n<!-- \/ Yoast SEO Premium plugin. -->","yoast_head_json":{"title":"Farger, materialer og f\u00f8lelser","robots":{"index":"index","follow":"follow","max-snippet":"max-snippet:-1","max-image-preview":"max-image-preview:large","max-video-preview":"max-video-preview:-1"},"canonical":"https:\/\/loop-of-light.com\/nb\/colors-materials-and-emotions\/","og_locale":"nb_NO","og_type":"article","og_title":"Colors, Materials and Emotions","og_description":"Velkommen til Farger og f\u00f8lelser, en plattform som fremmer kreativitet og indre liv gjennom farger og h\u00e5ndarbeid. E-boken \u201cFarger og f\u00f8lelser i h\u00e5ndarbeid\u201d tilbyr en myk tiln\u00e6rming, med refleksjoner og \u00f8velser som oppmuntrer til personlig skaperglede. Her er gode minner om at sm\u00e5 skritt er mer enn tilstrekkelig.","og_url":"https:\/\/loop-of-light.com\/nb\/colors-materials-and-emotions\/","og_site_name":"Loop of Light","article_publisher":"https:\/\/www.facebook.com\/profile.php?id=61575882834639","og_image":[{"url":"https:\/\/loopoflightcom.wordpress.com\/wp-content\/uploads\/2025\/04\/img_1072.png?w=193","type":"","width":"","height":""}],"twitter_card":"summary_large_image","twitter_misc":{"Ansl. lesetid":"1 minutt"},"schema":{"@context":"https:\/\/schema.org","@graph":[{"@type":"WebPage","@id":"https:\/\/loop-of-light.com\/colors-materials-and-emotions\/","url":"https:\/\/loop-of-light.com\/colors-materials-and-emotions\/","name":"Farger, materialer og f\u00f8lelser","isPartOf":{"@id":"https:\/\/loop-of-light.com\/#website"},"primaryImageOfPage":{"@id":"https:\/\/loop-of-light.com\/colors-materials-and-emotions\/#primaryimage"},"image":{"@id":"https:\/\/loop-of-light.com\/colors-materials-and-emotions\/#primaryimage"},"thumbnailUrl":"https:\/\/loopoflightcom.wordpress.com\/wp-content\/uploads\/2025\/04\/img_1072.png?w=193","datePublished":"2025-05-07T21:55:51+00:00","breadcrumb":{"@id":"https:\/\/loop-of-light.com\/colors-materials-and-emotions\/#breadcrumb"},"inLanguage":"nb-NO","potentialAction":[{"@type":"ReadAction","target":["https:\/\/loop-of-light.com\/colors-materials-and-emotions\/"]}]},{"@type":"ImageObject","inLanguage":"nb-NO","@id":"https:\/\/loop-of-light.com\/colors-materials-and-emotions\/#primaryimage","url":"https:\/\/loopoflightcom.wordpress.com\/wp-content\/uploads\/2025\/04\/img_1072.png?w=193","contentUrl":"https:\/\/loopoflightcom.wordpress.com\/wp-content\/uploads\/2025\/04\/img_1072.png?w=193"},{"@type":"BreadcrumbList","@id":"https:\/\/loop-of-light.com\/colors-materials-and-emotions\/#breadcrumb","itemListElement":[{"@type":"ListItem","position":1,"name":"Home","item":"https:\/\/loop-of-light.com\/"},{"@type":"ListItem","position":2,"name":"Colors, Materials and Emotions"}]},{"@type":"WebSite","@id":"https:\/\/loop-of-light.com\/#website","url":"https:\/\/loop-of-light.com\/","name":"Loop-of-light.com","description":"Creativity with calm","publisher":{"@id":"https:\/\/loop-of-light.com\/#\/schema\/person\/c0a33ff135d2d321a191176e6446ead9"},"potentialAction":[{"@type":"SearchAction","target":{"@type":"EntryPoint","urlTemplate":"https:\/\/loop-of-light.com\/?s={search_term_string}"},"query-input":{"@type":"PropertyValueSpecification","valueRequired":true,"valueName":"search_term_string"}}],"inLanguage":"nb-NO"},{"@type":["Person","Organization"],"@id":"https:\/\/loop-of-light.com\/#\/schema\/person\/c0a33ff135d2d321a191176e6446ead9","name":"Bente","image":{"@type":"ImageObject","inLanguage":"nb-NO","@id":"https:\/\/i0.wp.com\/loop-of-light.com\/wp-content\/uploads\/2025\/06\/cropped-logo-1.webp?fit=512%2C512&ssl=1","url":"https:\/\/i0.wp.com\/loop-of-light.com\/wp-content\/uploads\/2025\/06\/cropped-logo-1.webp?fit=512%2C512&ssl=1","contentUrl":"https:\/\/i0.wp.com\/loop-of-light.com\/wp-content\/uploads\/2025\/06\/cropped-logo-1.webp?fit=512%2C512&ssl=1","width":512,"height":512,"caption":"Bente"},"logo":{"@id":"https:\/\/i0.wp.com\/loop-of-light.com\/wp-content\/uploads\/2025\/06\/cropped-logo-1.webp?fit=512%2C512&ssl=1"},"sameAs":["http:\/\/loop-of-light.com","https:\/\/www.facebook.com\/profile.php?id=61575882834639","https:\/\/www.instagram.com\/skaperglede_med_hvilepuls\/","https:\/\/no.pinterest.com\/Loopoflight\/?actingBusinessId=305893137098757733"]}]}},"jetpack_sharing_enabled":true,"_links":{"self":[{"href":"https:\/\/loop-of-light.com\/nb\/wp-json\/wp\/v2\/pages\/664","targetHints":{"allow":["GET"]}}],"collection":[{"href":"https:\/\/loop-of-light.com\/nb\/wp-json\/wp\/v2\/pages"}],"about":[{"href":"https:\/\/loop-of-light.com\/nb\/wp-json\/wp\/v2\/types\/page"}],"author":[{"embeddable":true,"href":"https:\/\/loop-of-light.com\/nb\/wp-json\/wp\/v2\/users\/1"}],"replies":[{"embeddable":true,"href":"https:\/\/loop-of-light.com\/nb\/wp-json\/wp\/v2\/comments?post=664"}],"version-history":[{"count":0,"href":"https:\/\/loop-of-light.com\/nb\/wp-json\/wp\/v2\/pages\/664\/revisions"}],"wp:attachment":[{"href":"https:\/\/loop-of-light.com\/nb\/wp-json\/wp\/v2\/media?parent=664"}],"curies":[{"name":"wp","href":"https:\/\/api.w.org\/{rel}","templated":true}]}}