{"id":435,"date":"2025-05-01T17:21:38","date_gmt":"2025-05-01T15:21:38","guid":{"rendered":"https:\/\/loop-of-light.com\/?page_id=435"},"modified":"2025-05-01T17:21:38","modified_gmt":"2025-05-01T15:21:38","slug":"nedlastinger","status":"publish","type":"page","link":"https:\/\/loop-of-light.com\/nb\/nedlastinger\/","title":{"rendered":"Ressursbiliotekt\/ Nedlastinger"},"content":{"rendered":"<h2 class=\"wp-block-heading\"><strong>Velkommen til v\u00e5rt nedlastingsomr\u00e5de.<\/strong><\/h2>\n\n\n\n<figure class=\"wp-block-table\"><table class=\"has-white-color has-cyan-bluish-gray-background-color has-text-color has-background has-link-color has-fixed-layout\"><tbody><tr><td>Her finner du gratis nedlastbare ressurser som hekleoppskrifter, guider og verkt\u00f8y for \u00e5 st\u00f8tte din kreative reise.<\/td><\/tr><\/tbody><\/table><\/figure>\n\n\n\n<hr class=\"wp-block-separator has-alpha-channel-opacity\" \/>\n\n\n\n<div class=\"wp-block-group is-nowrap is-layout-flex wp-container-core-group-is-layout-ad2f72ca wp-block-group-is-layout-flex\">\n<div class=\"wp-block-group is-vertical is-layout-flex wp-container-core-group-is-layout-8cf370e7 wp-block-group-is-layout-flex\">\n<div class=\"wp-block-group is-layout-constrained wp-block-group-is-layout-constrained\">\n<p>Det du finner p\u00e5 dette omr\u00e5det er ment \u00e5 gi deg inspirasjon og st\u00f8tte i din skaperglede. Alle filene er laget med fokus p\u00e5 enkelhet, varme og tilpasning til din hverdag.<\/p>\n\n\n\n<p>Innholdet er under utvikling og det vil komme stadig flere ressurser etterhvert.<\/p>\n\n\n\n<p><br><\/p>\n\n\n\n<div class=\"wp-block-columns is-layout-flex wp-container-core-columns-is-layout-9d6595d7 wp-block-columns-is-layout-flex\">\n<div class=\"wp-block-column is-layout-flow wp-block-column-is-layout-flow\">\n<h2 class=\"wp-block-heading\">Arbeidsbok farger og f\u00f8lelse<\/h2>\n\n\n\n<p>Her finnner du en praktisk arbeidsbok i forhold til hvordan fargevalg i blant annet h\u00e5ndarbeid kan p\u00e5virke f\u00f8lelsene v\u00e5re i \u00f8nsket retning. Det er en rekke praksiske \u00f8velser i arbeidsboken som hjelper deg med \u00e5 finne ut hvilke farger som kan bidra til \u00e5 gi deg ro og glede. Du f\u00e5 arbeidsboksen ved \u00e5 melde deg p\u00e5 nettbrevet til Loop Of Light. Helt gratisk og helt uten forpiktelser. Lykke til<\/p>\n\n\n\n<div class=\"wp-block-buttons is-layout-flex wp-block-buttons-is-layout-flex\">\n<div class=\"wp-block-button\"><a class=\"wp-block-button__link wp-element-button\" href=\"https:\/\/loop-of-light.com\/nb\/farger-materialer-og-folelser\/\">Arbeidsbok\/Nyhetsbrev<\/a><\/div>\n<\/div>\n<\/div>\n\n\n\n<div class=\"wp-block-column is-layout-flow wp-block-column-is-layout-flow\">\n<h2 class=\"wp-block-heading\">Hekleguider<\/h2>\n\n\n\n<p>Jeg har tro p\u00e5 viktigheten av \u00e5 gj\u00f8re ting enkelt, fleksibelt og lett \u00e5 tilpasset. Her vil jeg legge ut ulike hekleguider (oppskifter) som lages p\u00e5 m\u00e5l etter mottaker og med de garnene du har tilgjengelig. Jeg h\u00e5per at dette er med p\u00e5 \u00e5 senke listen i forhold til \u00e5 v\u00e5ge \u00e5 skape og lage de tingene du virkelig har lyst \u00e5 lage uten \u00e5 bli bundet at \u00e5 v\u00e6re avhengig av ferdige m\u00f8nstre til alt. Det vil komme flere guider her etterhvert.<\/p>\n\n\n\n<div class=\"wp-block-buttons is-layout-flex wp-block-buttons-is-layout-flex\">\n<div class=\"wp-block-button\"><a class=\"wp-block-button__link wp-element-button\" href=\"https:\/\/loopoflightcom.wordpress.com\/wp-admin\/post.php?post=707&amp;action=edit\">Hekleguide\/ hekleoppskrifter<\/a><\/div>\n<\/div>\n<\/div>\n<\/div>\n<\/div>\n<\/div>\n<\/div>\n\n\n\n<div class=\"wp-block-columns is-layout-flex wp-container-core-columns-is-layout-9d6595d7 wp-block-columns-is-layout-flex\">\n<div class=\"wp-block-column is-layout-flow wp-block-column-is-layout-flow\">\n<h2 class=\"wp-block-heading\">Organisering og prosjektvalg<\/h2>\n\n\n\n<p>Dette er ressurser som er mest \u00e5 hjelpe deg med \u00e5 holde oversikt over prosjektene dine, velge riktig prosjekt og notere de tilpasninger du gj\u00f8r p\u00e5 oppskriftene. M\u00e5let er at bedre oversikt = mer glede.<\/p>\n\n\n\n<div class=\"wp-block-buttons is-layout-flex wp-block-buttons-is-layout-flex\">\n<div class=\"wp-block-button\"><a class=\"wp-block-button__link wp-element-button\" href=\"https:\/\/loop-of-light.com\/nb\/organisere-hekleprosjekt\/\">Organisering og prosjektvalg<\/a><\/div>\n<\/div>\n<\/div>\n\n\n\n<div class=\"wp-block-column is-layout-flow wp-block-column-is-layout-flow\">\n<h2 class=\"wp-block-heading\">Internasjonale oppskrifter og garn<\/h2>\n\n\n\n<p>Har du oppdaget det store universet av oppskrifter fra internasjonale designere. Her er det ordbok og oversikt over ulike garnkategorier, som skal \u00e5pne dette universet for det.<\/p>\n\n\n\n<div class=\"wp-block-buttons is-layout-flex wp-block-buttons-is-layout-flex\">\n<div class=\"wp-block-button\"><a class=\"wp-block-button__link wp-element-button\" href=\"https:\/\/loop-of-light.com\/nb\/internasjonaleoppskrifter-garnalternativer\/\">Internasjonale oppskrifter og garnvalg<\/a><\/div>\n<\/div>\n<\/div>\n<\/div>\n\n\n\n<p><\/p>","protected":false},"excerpt":{"rendered":"<p>Welcome to our downloads area, where you can find free e-books and resources focused on colors and emotions in handicrafts. Our free e-book, &#8220;Colors and Emotions in Handicraft,&#8221; offers inspiration and guidance to help you experience calm and joy through your creative pursuits. Download and let it inspire you.<\/p>","protected":false},"author":1,"featured_media":0,"parent":0,"menu_order":0,"comment_status":"closed","ping_status":"closed","template":"","meta":{"nf_dc_page":"","om_disable_all_campaigns":false,"_monsterinsights_skip_tracking":false,"_monsterinsights_sitenote_active":false,"_monsterinsights_sitenote_note":"","_monsterinsights_sitenote_category":0,"_kadence_starter_templates_imported_post":false,"_kad_post_transparent":"","_kad_post_title":"","_kad_post_layout":"","_kad_post_sidebar_id":"","_kad_post_content_style":"","_kad_post_vertical_padding":"","_kad_post_feature":"","_kad_post_feature_position":"","_kad_post_header":false,"_kad_post_footer":false,"_kad_post_classname":"","footnotes":""},"class_list":["post-435","page","type-page","status-publish","hentry"],"yoast_head":"<!-- This site is optimized with the Yoast SEO Premium plugin v27.1 (Yoast SEO v27.4) - https:\/\/yoast.com\/product\/yoast-seo-premium-wordpress\/ -->\n<title>Ressursbiliotekt\/ Nedlastinger - Loop of Light<\/title>\n<meta name=\"robots\" content=\"index, follow, max-snippet:-1, max-image-preview:large, max-video-preview:-1\" \/>\n<link rel=\"canonical\" href=\"https:\/\/loop-of-light.com\/nb\/nedlastinger\/\" \/>\n<meta property=\"og:locale\" content=\"nb_NO\" \/>\n<meta property=\"og:type\" content=\"article\" \/>\n<meta property=\"og:title\" content=\"Ressursbiliotekt\/ Nedlastinger\" \/>\n<meta property=\"og:description\" content=\"Welcome to our downloads area, where you can find free e-books and resources focused on colors and emotions in handicrafts. Our free e-book, &quot;Colors and Emotions in Handicraft,&quot; offers inspiration and guidance to help you experience calm and joy through your creative pursuits. Download and let it inspire you.\" \/>\n<meta property=\"og:url\" content=\"https:\/\/loop-of-light.com\/nb\/nedlastinger\/\" \/>\n<meta property=\"og:site_name\" content=\"Loop of Light\" \/>\n<meta property=\"article:publisher\" content=\"https:\/\/www.facebook.com\/profile.php?id=61575882834639\" \/>\n<meta name=\"twitter:card\" content=\"summary_large_image\" \/>\n<meta name=\"twitter:label1\" content=\"Ansl. lesetid\" \/>\n\t<meta name=\"twitter:data1\" content=\"2 minutter\" \/>\n<script type=\"application\/ld+json\" class=\"yoast-schema-graph\">{\"@context\":\"https:\\\/\\\/schema.org\",\"@graph\":[{\"@type\":\"WebPage\",\"@id\":\"https:\\\/\\\/loop-of-light.com\\\/nedlastinger\\\/\",\"url\":\"https:\\\/\\\/loop-of-light.com\\\/nedlastinger\\\/\",\"name\":\"Ressursbiliotekt\\\/ Nedlastinger - Loop of Light\",\"isPartOf\":{\"@id\":\"https:\\\/\\\/loop-of-light.com\\\/#website\"},\"datePublished\":\"2025-05-01T15:21:38+00:00\",\"breadcrumb\":{\"@id\":\"https:\\\/\\\/loop-of-light.com\\\/nedlastinger\\\/#breadcrumb\"},\"inLanguage\":\"nb-NO\",\"potentialAction\":[{\"@type\":\"ReadAction\",\"target\":[\"https:\\\/\\\/loop-of-light.com\\\/nedlastinger\\\/\"]}]},{\"@type\":\"BreadcrumbList\",\"@id\":\"https:\\\/\\\/loop-of-light.com\\\/nedlastinger\\\/#breadcrumb\",\"itemListElement\":[{\"@type\":\"ListItem\",\"position\":1,\"name\":\"Home\",\"item\":\"https:\\\/\\\/loop-of-light.com\\\/\"},{\"@type\":\"ListItem\",\"position\":2,\"name\":\"Ressursbiliotekt\\\/ Nedlastinger\"}]},{\"@type\":\"WebSite\",\"@id\":\"https:\\\/\\\/loop-of-light.com\\\/#website\",\"url\":\"https:\\\/\\\/loop-of-light.com\\\/\",\"name\":\"Loop-of-light.com\",\"description\":\"Creativity with calm\",\"publisher\":{\"@id\":\"https:\\\/\\\/loop-of-light.com\\\/#\\\/schema\\\/person\\\/c0a33ff135d2d321a191176e6446ead9\"},\"potentialAction\":[{\"@type\":\"SearchAction\",\"target\":{\"@type\":\"EntryPoint\",\"urlTemplate\":\"https:\\\/\\\/loop-of-light.com\\\/?s={search_term_string}\"},\"query-input\":{\"@type\":\"PropertyValueSpecification\",\"valueRequired\":true,\"valueName\":\"search_term_string\"}}],\"inLanguage\":\"nb-NO\"},{\"@type\":[\"Person\",\"Organization\"],\"@id\":\"https:\\\/\\\/loop-of-light.com\\\/#\\\/schema\\\/person\\\/c0a33ff135d2d321a191176e6446ead9\",\"name\":\"Bente\",\"image\":{\"@type\":\"ImageObject\",\"inLanguage\":\"nb-NO\",\"@id\":\"https:\\\/\\\/i0.wp.com\\\/loop-of-light.com\\\/wp-content\\\/uploads\\\/2025\\\/06\\\/cropped-logo-1.webp?fit=512%2C512&ssl=1\",\"url\":\"https:\\\/\\\/i0.wp.com\\\/loop-of-light.com\\\/wp-content\\\/uploads\\\/2025\\\/06\\\/cropped-logo-1.webp?fit=512%2C512&ssl=1\",\"contentUrl\":\"https:\\\/\\\/i0.wp.com\\\/loop-of-light.com\\\/wp-content\\\/uploads\\\/2025\\\/06\\\/cropped-logo-1.webp?fit=512%2C512&ssl=1\",\"width\":512,\"height\":512,\"caption\":\"Bente\"},\"logo\":{\"@id\":\"https:\\\/\\\/i0.wp.com\\\/loop-of-light.com\\\/wp-content\\\/uploads\\\/2025\\\/06\\\/cropped-logo-1.webp?fit=512%2C512&ssl=1\"},\"sameAs\":[\"http:\\\/\\\/loop-of-light.com\",\"https:\\\/\\\/www.facebook.com\\\/profile.php?id=61575882834639\",\"https:\\\/\\\/www.instagram.com\\\/skaperglede_med_hvilepuls\\\/\",\"https:\\\/\\\/no.pinterest.com\\\/Loopoflight\\\/?actingBusinessId=305893137098757733\"]}]}<\/script>\n<!-- \/ Yoast SEO Premium plugin. -->","yoast_head_json":{"title":"Ressursbiliotekt\/ Nedlastinger - Loop of Light","robots":{"index":"index","follow":"follow","max-snippet":"max-snippet:-1","max-image-preview":"max-image-preview:large","max-video-preview":"max-video-preview:-1"},"canonical":"https:\/\/loop-of-light.com\/nb\/nedlastinger\/","og_locale":"nb_NO","og_type":"article","og_title":"Ressursbiliotekt\/ Nedlastinger","og_description":"Welcome to our downloads area, where you can find free e-books and resources focused on colors and emotions in handicrafts. Our free e-book, \"Colors and Emotions in Handicraft,\" offers inspiration and guidance to help you experience calm and joy through your creative pursuits. Download and let it inspire you.","og_url":"https:\/\/loop-of-light.com\/nb\/nedlastinger\/","og_site_name":"Loop of Light","article_publisher":"https:\/\/www.facebook.com\/profile.php?id=61575882834639","twitter_card":"summary_large_image","twitter_misc":{"Ansl. lesetid":"2 minutter"},"schema":{"@context":"https:\/\/schema.org","@graph":[{"@type":"WebPage","@id":"https:\/\/loop-of-light.com\/nedlastinger\/","url":"https:\/\/loop-of-light.com\/nedlastinger\/","name":"Ressursbiliotekt\/ Nedlastinger - Loop of Light","isPartOf":{"@id":"https:\/\/loop-of-light.com\/#website"},"datePublished":"2025-05-01T15:21:38+00:00","breadcrumb":{"@id":"https:\/\/loop-of-light.com\/nedlastinger\/#breadcrumb"},"inLanguage":"nb-NO","potentialAction":[{"@type":"ReadAction","target":["https:\/\/loop-of-light.com\/nedlastinger\/"]}]},{"@type":"BreadcrumbList","@id":"https:\/\/loop-of-light.com\/nedlastinger\/#breadcrumb","itemListElement":[{"@type":"ListItem","position":1,"name":"Home","item":"https:\/\/loop-of-light.com\/"},{"@type":"ListItem","position":2,"name":"Ressursbiliotekt\/ Nedlastinger"}]},{"@type":"WebSite","@id":"https:\/\/loop-of-light.com\/#website","url":"https:\/\/loop-of-light.com\/","name":"Loop-of-light.com","description":"Creativity with calm","publisher":{"@id":"https:\/\/loop-of-light.com\/#\/schema\/person\/c0a33ff135d2d321a191176e6446ead9"},"potentialAction":[{"@type":"SearchAction","target":{"@type":"EntryPoint","urlTemplate":"https:\/\/loop-of-light.com\/?s={search_term_string}"},"query-input":{"@type":"PropertyValueSpecification","valueRequired":true,"valueName":"search_term_string"}}],"inLanguage":"nb-NO"},{"@type":["Person","Organization"],"@id":"https:\/\/loop-of-light.com\/#\/schema\/person\/c0a33ff135d2d321a191176e6446ead9","name":"Bente","image":{"@type":"ImageObject","inLanguage":"nb-NO","@id":"https:\/\/i0.wp.com\/loop-of-light.com\/wp-content\/uploads\/2025\/06\/cropped-logo-1.webp?fit=512%2C512&ssl=1","url":"https:\/\/i0.wp.com\/loop-of-light.com\/wp-content\/uploads\/2025\/06\/cropped-logo-1.webp?fit=512%2C512&ssl=1","contentUrl":"https:\/\/i0.wp.com\/loop-of-light.com\/wp-content\/uploads\/2025\/06\/cropped-logo-1.webp?fit=512%2C512&ssl=1","width":512,"height":512,"caption":"Bente"},"logo":{"@id":"https:\/\/i0.wp.com\/loop-of-light.com\/wp-content\/uploads\/2025\/06\/cropped-logo-1.webp?fit=512%2C512&ssl=1"},"sameAs":["http:\/\/loop-of-light.com","https:\/\/www.facebook.com\/profile.php?id=61575882834639","https:\/\/www.instagram.com\/skaperglede_med_hvilepuls\/","https:\/\/no.pinterest.com\/Loopoflight\/?actingBusinessId=305893137098757733"]}]}},"jetpack_sharing_enabled":true,"_links":{"self":[{"href":"https:\/\/loop-of-light.com\/nb\/wp-json\/wp\/v2\/pages\/435","targetHints":{"allow":["GET"]}}],"collection":[{"href":"https:\/\/loop-of-light.com\/nb\/wp-json\/wp\/v2\/pages"}],"about":[{"href":"https:\/\/loop-of-light.com\/nb\/wp-json\/wp\/v2\/types\/page"}],"author":[{"embeddable":true,"href":"https:\/\/loop-of-light.com\/nb\/wp-json\/wp\/v2\/users\/1"}],"replies":[{"embeddable":true,"href":"https:\/\/loop-of-light.com\/nb\/wp-json\/wp\/v2\/comments?post=435"}],"version-history":[{"count":0,"href":"https:\/\/loop-of-light.com\/nb\/wp-json\/wp\/v2\/pages\/435\/revisions"}],"wp:attachment":[{"href":"https:\/\/loop-of-light.com\/nb\/wp-json\/wp\/v2\/media?parent=435"}],"curies":[{"name":"wp","href":"https:\/\/api.w.org\/{rel}","templated":true}]}}