{"id":433,"date":"2025-05-01T17:15:48","date_gmt":"2025-05-01T15:15:48","guid":{"rendered":"https:\/\/loop-of-light.com\/?page_id=433"},"modified":"2025-06-13T08:08:14","modified_gmt":"2025-06-13T08:08:14","slug":"contact","status":"publish","type":"page","link":"https:\/\/loop-of-light.com\/nb\/contact\/","title":{"rendered":"Kontakt meg - Del f\u00f8lelser og ideer"},"content":{"rendered":"<hr class=\"wp-block-separator has-alpha-channel-opacity\"\/>\n\n\n\n<p class=\"\">Tusen takk for at \u00f8nsker \u00e5 komme i kontakt med meg.<\/p>\n\n\n\n<p class=\"\">Har du sp\u00f8rsm\u00e5l,  tilbakemeldinger eller \u00f8nsker \u00e5 dele dine egne ideer. Ta gjerne kontakt med meg- <br>Jeg blir veldig glad for \u00e5 h\u00f8re fra deg.&nbsp;<\/p>\n\n\n\n<div class=\"wp-block-group is-nowrap is-layout-flex wp-container-core-group-is-layout-ad2f72ca wp-block-group-is-layout-flex\">\n<p class=\"\">Ta gjerne kontakt med meg p\u00e5 e-post, Instagram, Facebook eller skjemaet under. <br>Post@loop-of-light.com<br><\/p>\n\n\n\n<ul class=\"wp-block-social-links is-layout-flex wp-block-social-links-is-layout-flex\"><li class=\"wp-social-link wp-social-link-instagram  wp-block-social-link\"><a href=\"https:\/\/www.instagram.com\/skaperglede_med_hvilepuls\/\" class=\"wp-block-social-link-anchor\"><svg width=\"24\" height=\"24\" viewbox=\"0 0 24 24\" version=\"1.1\" xmlns=\"http:\/\/www.w3.org\/2000\/svg\" aria-hidden=\"true\" focusable=\"false\"><path d=\"M12,4.622c2.403,0,2.688,0.009,3.637,0.052c0.877,0.04,1.354,0.187,1.671,0.31c0.42,0.163,0.72,0.358,1.035,0.673 c0.315,0.315,0.51,0.615,0.673,1.035c0.123,0.317,0.27,0.794,0.31,1.671c0.043,0.949,0.052,1.234,0.052,3.637 s-0.009,2.688-0.052,3.637c-0.04,0.877-0.187,1.354-0.31,1.671c-0.163,0.42-0.358,0.72-0.673,1.035 c-0.315,0.315-0.615,0.51-1.035,0.673c-0.317,0.123-0.794,0.27-1.671,0.31c-0.949,0.043-1.233,0.052-3.637,0.052 s-2.688-0.009-3.637-0.052c-0.877-0.04-1.354-0.187-1.671-0.31c-0.42-0.163-0.72-0.358-1.035-0.673 c-0.315-0.315-0.51-0.615-0.673-1.035c-0.123-0.317-0.27-0.794-0.31-1.671C4.631,14.688,4.622,14.403,4.622,12 s0.009-2.688,0.052-3.637c0.04-0.877,0.187-1.354,0.31-1.671c0.163-0.42,0.358-0.72,0.673-1.035 c0.315-0.315,0.615-0.51,1.035-0.673c0.317-0.123,0.794-0.27,1.671-0.31C9.312,4.631,9.597,4.622,12,4.622 M12,3 C9.556,3,9.249,3.01,8.289,3.054C7.331,3.098,6.677,3.25,6.105,3.472C5.513,3.702,5.011,4.01,4.511,4.511 c-0.5,0.5-0.808,1.002-1.038,1.594C3.25,6.677,3.098,7.331,3.054,8.289C3.01,9.249,3,9.556,3,12c0,2.444,0.01,2.751,0.054,3.711 c0.044,0.958,0.196,1.612,0.418,2.185c0.23,0.592,0.538,1.094,1.038,1.594c0.5,0.5,1.002,0.808,1.594,1.038 c0.572,0.222,1.227,0.375,2.185,0.418C9.249,20.99,9.556,21,12,21s2.751-0.01,3.711-0.054c0.958-0.044,1.612-0.196,2.185-0.418 c0.592-0.23,1.094-0.538,1.594-1.038c0.5-0.5,0.808-1.002,1.038-1.594c0.222-0.572,0.375-1.227,0.418-2.185 C20.99,14.751,21,14.444,21,12s-0.01-2.751-0.054-3.711c-0.044-0.958-0.196-1.612-0.418-2.185c-0.23-0.592-0.538-1.094-1.038-1.594 c-0.5-0.5-1.002-0.808-1.594-1.038c-0.572-0.222-1.227-0.375-2.185-0.418C14.751,3.01,14.444,3,12,3L12,3z M12,7.378 c-2.552,0-4.622,2.069-4.622,4.622S9.448,16.622,12,16.622s4.622-2.069,4.622-4.622S14.552,7.378,12,7.378z M12,15 c-1.657,0-3-1.343-3-3s1.343-3,3-3s3,1.343,3,3S13.657,15,12,15z M16.804,6.116c-0.596,0-1.08,0.484-1.08,1.08 s0.484,1.08,1.08,1.08c0.596,0,1.08-0.484,1.08-1.08S17.401,6.116,16.804,6.116z\"><\/path><\/svg><span class=\"wp-block-social-link-label screen-reader-text\">Instagram<\/span><\/a><\/li>\n\n<li class=\"wp-social-link wp-social-link-facebook  wp-block-social-link\"><a href=\"https:\/\/www.facebook.com\/profile.php?id=61575882834639\" class=\"wp-block-social-link-anchor\"><svg width=\"24\" height=\"24\" viewbox=\"0 0 24 24\" version=\"1.1\" xmlns=\"http:\/\/www.w3.org\/2000\/svg\" aria-hidden=\"true\" focusable=\"false\"><path d=\"M12 2C6.5 2 2 6.5 2 12c0 5 3.7 9.1 8.4 9.9v-7H7.9V12h2.5V9.8c0-2.5 1.5-3.9 3.8-3.9 1.1 0 2.2.2 2.2.2v2.5h-1.3c-1.2 0-1.6.8-1.6 1.6V12h2.8l-.4 2.9h-2.3v7C18.3 21.1 22 17 22 12c0-5.5-4.5-10-10-10z\"><\/path><\/svg><span class=\"wp-block-social-link-label screen-reader-text\">Facebook<\/span><\/a><\/li><\/ul>\n\n\n\n<p class=\"\"><\/p>\n<\/div>\n\n\n\n<hr class=\"wp-block-separator has-alpha-channel-opacity\"\/>\n\n\n\n<p class=\"\">Jeg har begrenset kapasitet, s\u00e5 det kan noen tilfeller ta noe tid \u00e5 f\u00e5 svar p\u00e5 henvendelsen din. <\/p>\n\n\n\n<div class=\"wp-block-group is-nowrap is-layout-flex wp-container-core-group-is-layout-ad2f72ca wp-block-group-is-layout-flex\">\n<p class=\"\"><strong>Mulige omr\u00e5der for samarbeid:<\/strong> <br>&#8211; Test crochet <br>&#8211; Content collaboration <br>&#8211; Profile reviews \/ small communities<\/p>\n\n\n\n<div class=\"wp-block-buttons is-content-justification-right is-layout-flex wp-container-core-buttons-is-layout-765c4724 wp-block-buttons-is-layout-flex\">\n<div class=\"wp-block-button\"><a class=\"wp-block-button__link wp-element-button\" href=\"https:\/\/rye.ijy.mybluehost.me\/en\/collaborate-english\/\">Mer om<br> Samarbeid<\/a><\/div>\n<\/div>\n<\/div>\n\n\n<div class=\"wp-block-jetpack-contact-form is-layout-flex wp-container-jetpack-contact-form-is-layout-dc45eb8d wp-block-jetpack-contact-form-is-layout-flex\"><a href=\"https:\/\/loop-of-light.com\/nb\/contact\/\" target=\"_blank\" rel=\"noopener noreferrer\">Send inn et skjema.<\/a><\/div>","protected":false},"excerpt":{"rendered":"<p>Feel free to reach out via email or social media with your thoughts on the topic. Your insights and suggestions are valued as they aim to evolve the concept further. Together, we can create moments of calm and joy for others. I genuinely look forward to hearing from you!<\/p>","protected":false},"author":1,"featured_media":0,"parent":0,"menu_order":0,"comment_status":"closed","ping_status":"closed","template":"","meta":{"nf_dc_page":"","om_disable_all_campaigns":false,"_monsterinsights_skip_tracking":false,"_monsterinsights_sitenote_active":false,"_monsterinsights_sitenote_note":"","_monsterinsights_sitenote_category":0,"_kadence_starter_templates_imported_post":false,"_kad_post_transparent":"","_kad_post_title":"","_kad_post_layout":"","_kad_post_sidebar_id":"","_kad_post_content_style":"","_kad_post_vertical_padding":"","_kad_post_feature":"","_kad_post_feature_position":"","_kad_post_header":false,"_kad_post_footer":false,"_kad_post_classname":"","footnotes":""},"class_list":["post-433","page","type-page","status-publish","hentry"],"yoast_head":"<!-- This site is optimized with the Yoast SEO Premium plugin v27.1 (Yoast SEO v27.4) - https:\/\/yoast.com\/product\/yoast-seo-premium-wordpress\/ -->\n<title>Contact Me - Share Emotions and Ideas - Loop of Light<\/title>\n<meta name=\"robots\" content=\"index, follow, max-snippet:-1, max-image-preview:large, max-video-preview:-1\" \/>\n<link rel=\"canonical\" href=\"https:\/\/loop-of-light.com\/nb\/contact\/\" \/>\n<meta property=\"og:locale\" content=\"nb_NO\" \/>\n<meta property=\"og:type\" content=\"article\" \/>\n<meta property=\"og:title\" content=\"Contact Me - Share Emotions and Ideas\" \/>\n<meta property=\"og:description\" content=\"Feel free to reach out via email or social media with your thoughts on the topic. Your insights and suggestions are valued as they aim to evolve the concept further. Together, we can create moments of calm and joy for others. I genuinely look forward to hearing from you!\" \/>\n<meta property=\"og:url\" content=\"https:\/\/loop-of-light.com\/nb\/contact\/\" \/>\n<meta property=\"og:site_name\" content=\"Loop of Light\" \/>\n<meta property=\"article:publisher\" content=\"https:\/\/www.facebook.com\/profile.php?id=61575882834639\" \/>\n<meta property=\"article:modified_time\" content=\"2025-06-13T08:08:14+00:00\" \/>\n<meta name=\"twitter:card\" content=\"summary_large_image\" \/>\n<meta name=\"twitter:label1\" content=\"Ansl. lesetid\" \/>\n\t<meta name=\"twitter:data1\" content=\"1 minutt\" \/>\n<script type=\"application\/ld+json\" class=\"yoast-schema-graph\">{\"@context\":\"https:\\\/\\\/schema.org\",\"@graph\":[{\"@type\":\"WebPage\",\"@id\":\"https:\\\/\\\/loop-of-light.com\\\/en\\\/contact\\\/\",\"url\":\"https:\\\/\\\/loop-of-light.com\\\/en\\\/contact\\\/\",\"name\":\"Contact Me - Share Emotions and Ideas - Loop of Light\",\"isPartOf\":{\"@id\":\"https:\\\/\\\/loop-of-light.com\\\/#website\"},\"datePublished\":\"2025-05-01T15:15:48+00:00\",\"dateModified\":\"2025-06-13T08:08:14+00:00\",\"breadcrumb\":{\"@id\":\"https:\\\/\\\/loop-of-light.com\\\/en\\\/contact\\\/#breadcrumb\"},\"inLanguage\":\"nb-NO\",\"potentialAction\":[{\"@type\":\"ReadAction\",\"target\":[\"https:\\\/\\\/loop-of-light.com\\\/en\\\/contact\\\/\"]}]},{\"@type\":\"BreadcrumbList\",\"@id\":\"https:\\\/\\\/loop-of-light.com\\\/en\\\/contact\\\/#breadcrumb\",\"itemListElement\":[{\"@type\":\"ListItem\",\"position\":1,\"name\":\"Home\",\"item\":\"https:\\\/\\\/loop-of-light.com\\\/\"},{\"@type\":\"ListItem\",\"position\":2,\"name\":\"Contact Me &#8211; Share Emotions and Ideas\"}]},{\"@type\":\"WebSite\",\"@id\":\"https:\\\/\\\/loop-of-light.com\\\/#website\",\"url\":\"https:\\\/\\\/loop-of-light.com\\\/\",\"name\":\"Loop-of-light.com\",\"description\":\"Creativity with calm\",\"publisher\":{\"@id\":\"https:\\\/\\\/loop-of-light.com\\\/#\\\/schema\\\/person\\\/c0a33ff135d2d321a191176e6446ead9\"},\"potentialAction\":[{\"@type\":\"SearchAction\",\"target\":{\"@type\":\"EntryPoint\",\"urlTemplate\":\"https:\\\/\\\/loop-of-light.com\\\/?s={search_term_string}\"},\"query-input\":{\"@type\":\"PropertyValueSpecification\",\"valueRequired\":true,\"valueName\":\"search_term_string\"}}],\"inLanguage\":\"nb-NO\"},{\"@type\":[\"Person\",\"Organization\"],\"@id\":\"https:\\\/\\\/loop-of-light.com\\\/#\\\/schema\\\/person\\\/c0a33ff135d2d321a191176e6446ead9\",\"name\":\"Bente\",\"image\":{\"@type\":\"ImageObject\",\"inLanguage\":\"nb-NO\",\"@id\":\"https:\\\/\\\/i0.wp.com\\\/loop-of-light.com\\\/wp-content\\\/uploads\\\/2025\\\/06\\\/cropped-logo-1.webp?fit=512%2C512&ssl=1\",\"url\":\"https:\\\/\\\/i0.wp.com\\\/loop-of-light.com\\\/wp-content\\\/uploads\\\/2025\\\/06\\\/cropped-logo-1.webp?fit=512%2C512&ssl=1\",\"contentUrl\":\"https:\\\/\\\/i0.wp.com\\\/loop-of-light.com\\\/wp-content\\\/uploads\\\/2025\\\/06\\\/cropped-logo-1.webp?fit=512%2C512&ssl=1\",\"width\":512,\"height\":512,\"caption\":\"Bente\"},\"logo\":{\"@id\":\"https:\\\/\\\/i0.wp.com\\\/loop-of-light.com\\\/wp-content\\\/uploads\\\/2025\\\/06\\\/cropped-logo-1.webp?fit=512%2C512&ssl=1\"},\"sameAs\":[\"http:\\\/\\\/loop-of-light.com\",\"https:\\\/\\\/www.facebook.com\\\/profile.php?id=61575882834639\",\"https:\\\/\\\/www.instagram.com\\\/skaperglede_med_hvilepuls\\\/\",\"https:\\\/\\\/no.pinterest.com\\\/Loopoflight\\\/?actingBusinessId=305893137098757733\"]}]}<\/script>\n<!-- \/ Yoast SEO Premium plugin. -->","yoast_head_json":{"title":"Contact Me - Share Emotions and Ideas - Loop of Light","robots":{"index":"index","follow":"follow","max-snippet":"max-snippet:-1","max-image-preview":"max-image-preview:large","max-video-preview":"max-video-preview:-1"},"canonical":"https:\/\/loop-of-light.com\/nb\/contact\/","og_locale":"nb_NO","og_type":"article","og_title":"Contact Me - Share Emotions and Ideas","og_description":"Feel free to reach out via email or social media with your thoughts on the topic. Your insights and suggestions are valued as they aim to evolve the concept further. Together, we can create moments of calm and joy for others. I genuinely look forward to hearing from you!","og_url":"https:\/\/loop-of-light.com\/nb\/contact\/","og_site_name":"Loop of Light","article_publisher":"https:\/\/www.facebook.com\/profile.php?id=61575882834639","article_modified_time":"2025-06-13T08:08:14+00:00","twitter_card":"summary_large_image","twitter_misc":{"Ansl. lesetid":"1 minutt"},"schema":{"@context":"https:\/\/schema.org","@graph":[{"@type":"WebPage","@id":"https:\/\/loop-of-light.com\/en\/contact\/","url":"https:\/\/loop-of-light.com\/en\/contact\/","name":"Contact Me - Share Emotions and Ideas - Loop of Light","isPartOf":{"@id":"https:\/\/loop-of-light.com\/#website"},"datePublished":"2025-05-01T15:15:48+00:00","dateModified":"2025-06-13T08:08:14+00:00","breadcrumb":{"@id":"https:\/\/loop-of-light.com\/en\/contact\/#breadcrumb"},"inLanguage":"nb-NO","potentialAction":[{"@type":"ReadAction","target":["https:\/\/loop-of-light.com\/en\/contact\/"]}]},{"@type":"BreadcrumbList","@id":"https:\/\/loop-of-light.com\/en\/contact\/#breadcrumb","itemListElement":[{"@type":"ListItem","position":1,"name":"Home","item":"https:\/\/loop-of-light.com\/"},{"@type":"ListItem","position":2,"name":"Contact Me &#8211; Share Emotions and Ideas"}]},{"@type":"WebSite","@id":"https:\/\/loop-of-light.com\/#website","url":"https:\/\/loop-of-light.com\/","name":"Loop-of-light.com","description":"Creativity with calm","publisher":{"@id":"https:\/\/loop-of-light.com\/#\/schema\/person\/c0a33ff135d2d321a191176e6446ead9"},"potentialAction":[{"@type":"SearchAction","target":{"@type":"EntryPoint","urlTemplate":"https:\/\/loop-of-light.com\/?s={search_term_string}"},"query-input":{"@type":"PropertyValueSpecification","valueRequired":true,"valueName":"search_term_string"}}],"inLanguage":"nb-NO"},{"@type":["Person","Organization"],"@id":"https:\/\/loop-of-light.com\/#\/schema\/person\/c0a33ff135d2d321a191176e6446ead9","name":"Bente","image":{"@type":"ImageObject","inLanguage":"nb-NO","@id":"https:\/\/i0.wp.com\/loop-of-light.com\/wp-content\/uploads\/2025\/06\/cropped-logo-1.webp?fit=512%2C512&ssl=1","url":"https:\/\/i0.wp.com\/loop-of-light.com\/wp-content\/uploads\/2025\/06\/cropped-logo-1.webp?fit=512%2C512&ssl=1","contentUrl":"https:\/\/i0.wp.com\/loop-of-light.com\/wp-content\/uploads\/2025\/06\/cropped-logo-1.webp?fit=512%2C512&ssl=1","width":512,"height":512,"caption":"Bente"},"logo":{"@id":"https:\/\/i0.wp.com\/loop-of-light.com\/wp-content\/uploads\/2025\/06\/cropped-logo-1.webp?fit=512%2C512&ssl=1"},"sameAs":["http:\/\/loop-of-light.com","https:\/\/www.facebook.com\/profile.php?id=61575882834639","https:\/\/www.instagram.com\/skaperglede_med_hvilepuls\/","https:\/\/no.pinterest.com\/Loopoflight\/?actingBusinessId=305893137098757733"]}]}},"jetpack_sharing_enabled":true,"_links":{"self":[{"href":"https:\/\/loop-of-light.com\/nb\/wp-json\/wp\/v2\/pages\/433","targetHints":{"allow":["GET"]}}],"collection":[{"href":"https:\/\/loop-of-light.com\/nb\/wp-json\/wp\/v2\/pages"}],"about":[{"href":"https:\/\/loop-of-light.com\/nb\/wp-json\/wp\/v2\/types\/page"}],"author":[{"embeddable":true,"href":"https:\/\/loop-of-light.com\/nb\/wp-json\/wp\/v2\/users\/1"}],"replies":[{"embeddable":true,"href":"https:\/\/loop-of-light.com\/nb\/wp-json\/wp\/v2\/comments?post=433"}],"version-history":[{"count":0,"href":"https:\/\/loop-of-light.com\/nb\/wp-json\/wp\/v2\/pages\/433\/revisions"}],"wp:attachment":[{"href":"https:\/\/loop-of-light.com\/nb\/wp-json\/wp\/v2\/media?parent=433"}],"curies":[{"name":"wp","href":"https:\/\/api.w.org\/{rel}","templated":true}]}}