{"id":297,"date":"2025-04-29T23:48:29","date_gmt":"2025-04-29T21:48:29","guid":{"rendered":"https:\/\/loop-of-light.com\/?page_id=297"},"modified":"2025-04-29T23:48:29","modified_gmt":"2025-04-29T21:48:29","slug":"downloads","status":"publish","type":"page","link":"https:\/\/loop-of-light.com\/nb\/downloads\/","title":{"rendered":"Resources\/ downloads"},"content":{"rendered":"<p><strong>Welcome to our downloads section.<\/strong><\/p>\n\n\n\n<p>Discover free downloadable resources to inspire and support your creative journey<\/p>\n\n\n\n<p> All files are created with a focus on simplicity, warmth and adaptation to your everyday life. <\/p>\n\n\n\n<p>PS: More files will come eventually!<\/p>\n\n\n\n<hr class=\"wp-block-separator has-alpha-channel-opacity\" \/>\n\n\n\n<div class=\"wp-block-columns is-layout-flex wp-container-core-columns-is-layout-9d6595d7 wp-block-columns-is-layout-flex\">\n<div class=\"wp-block-column is-layout-flow wp-block-column-is-layout-flow\">\n<h2 class=\"wp-block-heading\">Free book about Colors and Emotions in Handicraft<\/h2>\n\n\n\n<p>Here is a practical workbook. It explains how color choices in crafts can influence our emotions in a desired direction. The workbook holds a range of practical exercises. These exercises help you discover which colors can bring you peace and joy..  You can obtain the workbook by signing up for Loop Of Light&#8217;s newsletter.<\/p>\n\n\n\n<div class=\"wp-block-buttons is-layout-flex wp-container-core-buttons-is-layout-a74382ec wp-block-buttons-is-layout-flex\">\n<div class=\"wp-block-button\"><a class=\"wp-block-button__link wp-element-button\" href=\"https:\/\/loop-of-light.com\/nb\/colors-materials-and-emotions\/\">Colors &amp; Emotions in handicraft<\/a><\/div>\n<\/div>\n<\/div>\n\n\n\n<div class=\"wp-block-column is-vertically-aligned-stretch is-layout-flow wp-block-column-is-layout-flow\">\n<h2 class=\"wp-block-heading\">Free &#8220;How to&#8221; guides to create happy garments<\/h2>\n\n\n\n<p>I believe in the importance of keeping things simple, flexible, and easy to adapt. Here, I will share various crochet guides. These patterns are tailored to the recipient. They use the yarns you have available. I hope this encourages you to create and make what you truly want. You won&#8217;t need ready-made patterns for everything. More guides will be added here over time.<\/p>\n\n\n\n<div class=\"wp-block-buttons is-layout-flex wp-container-core-buttons-is-layout-6b4e3324 wp-block-buttons-is-layout-flex\">\n<div class=\"wp-block-button\"><a class=\"wp-block-button__link wp-element-button\" href=\"https:\/\/loop-of-light.com\/nb\/crochet-projects\/\">How to guide \/ Pattern<\/a><\/div>\n<\/div>\n<\/div>\n<\/div>\n\n\n\n<div class=\"wp-block-columns is-layout-flex wp-container-core-columns-is-layout-9d6595d7 wp-block-columns-is-layout-flex\">\n<div class=\"wp-block-column is-layout-flow wp-block-column-is-layout-flow\">\n<h2 class=\"wp-block-heading\">Organisering og valg av prosjekter<\/h2>\n\n\n\n<p>These resources are primarily to help you keep track of your projects. They also help you choose the right project. Finally, they enable you to note the adjustments you make to the recipes. <\/p>\n\n\n\n<div class=\"wp-block-buttons is-layout-flex wp-block-buttons-is-layout-flex\">\n<div class=\"wp-block-button\"><a class=\"wp-block-button__link wp-element-button\" href=\"https:\/\/loop-of-light.com\/nb\/organization-projects\/\">Organize and choose projects<\/a><\/div>\n<\/div>\n<\/div>\n\n\n\n<div class=\"wp-block-column is-layout-flow wp-block-column-is-layout-flow\">\n<h2 class=\"wp-block-heading\">Internasjonale garn og oppskrifter <\/h2>\n\n\n\n<p>Have you discovered the vast universe of recipes from international designers? Here is a glossary and overview of various yarn categories, designed to open this universe to you.<\/p>\n\n\n\n<div class=\"wp-block-buttons is-layout-flex wp-block-buttons-is-layout-flex\">\n<div class=\"wp-block-button\"><a class=\"wp-block-button__link wp-element-button\" href=\"https:\/\/loop-of-light.com\/nb\/patterns-and-yarns-from-other-countries\/\">Dictionary and yarn charts<\/a><\/div>\n<\/div>\n<\/div>\n<\/div>\n\n\n\n<figure class=\"wp-block-image aligncenter size-medium\"><a href=\"https:\/\/loop-of-light.com\/nb\/free-e-book-on-colors-and-emotions\/\"><img data-recalc-dims=\"1\" loading=\"lazy\" decoding=\"async\" width=\"1098\" height=\"1708\" src=\"https:\/\/i0.wp.com\/loopoflightcom.wordpress.com\/wp-content\/uploads\/2025\/04\/img_1072.png?resize=1098%2C1708&#038;ssl=1\" alt=\"Omslaget til et arbeidshefte med tittelen 'Farger og F\u00f8lelser' som unders\u00f8ker fargevalg i h\u00e5ndarbeid, med en blomsterillustrasjon og et bilde av garn og heklekrok.\" class=\"wp-image-264\" srcset=\"https:\/\/i0.wp.com\/loop-of-light.com\/wp-content\/uploads\/2025\/04\/img_1072.png?w=1098&amp;ssl=1 1098w, https:\/\/i0.wp.com\/loop-of-light.com\/wp-content\/uploads\/2025\/04\/img_1072.png?resize=193%2C300&amp;ssl=1 193w, https:\/\/i0.wp.com\/loop-of-light.com\/wp-content\/uploads\/2025\/04\/img_1072.png?resize=658%2C1024&amp;ssl=1 658w, https:\/\/i0.wp.com\/loop-of-light.com\/wp-content\/uploads\/2025\/04\/img_1072.png?resize=768%2C1195&amp;ssl=1 768w, https:\/\/i0.wp.com\/loop-of-light.com\/wp-content\/uploads\/2025\/04\/img_1072.png?resize=987%2C1536&amp;ssl=1 987w\" sizes=\"auto, (max-width: 1098px) 100vw, 1098px\" \/><\/a><\/figure>\n\n\n\n<p>You can also take a look at our pdf that is ment to help you fin your right project.<\/p>\n\n\n\n<figure class=\"wp-block-embed is-type-wp-embed is-provider-loop-of-light-skaperglede-med-hvilepuls wp-block-embed-loop-of-light-skaperglede-med-hvilepuls\"><div class=\"wp-block-embed__wrapper\">\n<blockquote class=\"wp-embedded-content\" data-secret=\"ZWbXaqDxyD\"><a href=\"https:\/\/loop-of-light.com\/nb\/find-your-project-free-download\/\">How to Make Happy Garments: Free Crochet Resources<\/a><\/blockquote><iframe class=\"wp-embedded-content\" sandbox=\"allow-scripts\" security=\"restricted\" style=\"position: absolute; visibility: hidden;\" title=\"&laquo;How to Make Happy Garments: Free Crochet Resources&raquo; &#8212; Loop of Light | Skaperglede med hvilepuls\" src=\"https:\/\/loop-of-light.com\/find-your-project-free-download\/embed\/#?secret=wf9BFD1qQT#?secret=ZWbXaqDxyD\" data-secret=\"ZWbXaqDxyD\" width=\"600\" height=\"338\" frameborder=\"0\" marginwidth=\"0\" marginheight=\"0\" scrolling=\"no\"><\/iframe>\n<\/div><\/figure>","protected":false},"excerpt":{"rendered":"<p>Welcome to our downloads area, where you can find free e-books and resources focused on colors and emotions in handicrafts. Our free e-book, &#8220;Colors and Emotions in Handicraft,&#8221; offers inspiration and guidance to help you experience calm and joy through your creative pursuits. Download and let it inspire you.<\/p>","protected":false},"author":1,"featured_media":0,"parent":0,"menu_order":0,"comment_status":"closed","ping_status":"closed","template":"","meta":{"nf_dc_page":"","om_disable_all_campaigns":false,"_monsterinsights_skip_tracking":false,"_monsterinsights_sitenote_active":false,"_monsterinsights_sitenote_note":"","_monsterinsights_sitenote_category":0,"_kadence_starter_templates_imported_post":false,"_kad_post_transparent":"","_kad_post_title":"","_kad_post_layout":"","_kad_post_sidebar_id":"","_kad_post_content_style":"","_kad_post_vertical_padding":"","_kad_post_feature":"","_kad_post_feature_position":"","_kad_post_header":false,"_kad_post_footer":false,"_kad_post_classname":"","footnotes":""},"class_list":["post-297","page","type-page","status-publish","hentry"],"yoast_head":"<!-- This site is optimized with the Yoast SEO Premium plugin v27.1 (Yoast SEO v27.4) - https:\/\/yoast.com\/product\/yoast-seo-premium-wordpress\/ -->\n<title>Resources\/ downloads - Loop of Light<\/title>\n<meta name=\"robots\" content=\"index, follow, max-snippet:-1, max-image-preview:large, max-video-preview:-1\" \/>\n<link rel=\"canonical\" href=\"https:\/\/loop-of-light.com\/nb\/downloads\/\" \/>\n<meta property=\"og:locale\" content=\"nb_NO\" \/>\n<meta property=\"og:type\" content=\"article\" \/>\n<meta property=\"og:title\" content=\"Resources\/ downloads\" \/>\n<meta property=\"og:description\" content=\"Welcome to our downloads area, where you can find free e-books and resources focused on colors and emotions in handicrafts. Our free e-book, &quot;Colors and Emotions in Handicraft,&quot; offers inspiration and guidance to help you experience calm and joy through your creative pursuits. Download and let it inspire you.\" \/>\n<meta property=\"og:url\" content=\"https:\/\/loop-of-light.com\/nb\/downloads\/\" \/>\n<meta property=\"og:site_name\" content=\"Loop of Light\" \/>\n<meta property=\"article:publisher\" content=\"https:\/\/www.facebook.com\/profile.php?id=61575882834639\" \/>\n<meta property=\"og:image\" content=\"https:\/\/loopoflightcom.wordpress.com\/wp-content\/uploads\/2025\/04\/img_1072.png?w=193\" \/>\n<meta name=\"twitter:card\" content=\"summary_large_image\" \/>\n<meta name=\"twitter:label1\" content=\"Ansl. lesetid\" \/>\n\t<meta name=\"twitter:data1\" content=\"1 minutt\" \/>\n<script type=\"application\/ld+json\" class=\"yoast-schema-graph\">{\"@context\":\"https:\\\/\\\/schema.org\",\"@graph\":[{\"@type\":\"WebPage\",\"@id\":\"https:\\\/\\\/loop-of-light.com\\\/downloads\\\/\",\"url\":\"https:\\\/\\\/loop-of-light.com\\\/downloads\\\/\",\"name\":\"Resources\\\/ downloads - Loop of Light\",\"isPartOf\":{\"@id\":\"https:\\\/\\\/loop-of-light.com\\\/#website\"},\"primaryImageOfPage\":{\"@id\":\"https:\\\/\\\/loop-of-light.com\\\/downloads\\\/#primaryimage\"},\"image\":{\"@id\":\"https:\\\/\\\/loop-of-light.com\\\/downloads\\\/#primaryimage\"},\"thumbnailUrl\":\"https:\\\/\\\/loopoflightcom.wordpress.com\\\/wp-content\\\/uploads\\\/2025\\\/04\\\/img_1072.png?w=193\",\"datePublished\":\"2025-04-29T21:48:29+00:00\",\"breadcrumb\":{\"@id\":\"https:\\\/\\\/loop-of-light.com\\\/downloads\\\/#breadcrumb\"},\"inLanguage\":\"nb-NO\",\"potentialAction\":[{\"@type\":\"ReadAction\",\"target\":[\"https:\\\/\\\/loop-of-light.com\\\/downloads\\\/\"]}]},{\"@type\":\"ImageObject\",\"inLanguage\":\"nb-NO\",\"@id\":\"https:\\\/\\\/loop-of-light.com\\\/downloads\\\/#primaryimage\",\"url\":\"https:\\\/\\\/loopoflightcom.wordpress.com\\\/wp-content\\\/uploads\\\/2025\\\/04\\\/img_1072.png?w=193\",\"contentUrl\":\"https:\\\/\\\/loopoflightcom.wordpress.com\\\/wp-content\\\/uploads\\\/2025\\\/04\\\/img_1072.png?w=193\"},{\"@type\":\"BreadcrumbList\",\"@id\":\"https:\\\/\\\/loop-of-light.com\\\/downloads\\\/#breadcrumb\",\"itemListElement\":[{\"@type\":\"ListItem\",\"position\":1,\"name\":\"Home\",\"item\":\"https:\\\/\\\/loop-of-light.com\\\/\"},{\"@type\":\"ListItem\",\"position\":2,\"name\":\"Resources\\\/ downloads\"}]},{\"@type\":\"WebSite\",\"@id\":\"https:\\\/\\\/loop-of-light.com\\\/#website\",\"url\":\"https:\\\/\\\/loop-of-light.com\\\/\",\"name\":\"Loop-of-light.com\",\"description\":\"Creativity with calm\",\"publisher\":{\"@id\":\"https:\\\/\\\/loop-of-light.com\\\/#\\\/schema\\\/person\\\/c0a33ff135d2d321a191176e6446ead9\"},\"potentialAction\":[{\"@type\":\"SearchAction\",\"target\":{\"@type\":\"EntryPoint\",\"urlTemplate\":\"https:\\\/\\\/loop-of-light.com\\\/?s={search_term_string}\"},\"query-input\":{\"@type\":\"PropertyValueSpecification\",\"valueRequired\":true,\"valueName\":\"search_term_string\"}}],\"inLanguage\":\"nb-NO\"},{\"@type\":[\"Person\",\"Organization\"],\"@id\":\"https:\\\/\\\/loop-of-light.com\\\/#\\\/schema\\\/person\\\/c0a33ff135d2d321a191176e6446ead9\",\"name\":\"Bente\",\"image\":{\"@type\":\"ImageObject\",\"inLanguage\":\"nb-NO\",\"@id\":\"https:\\\/\\\/i0.wp.com\\\/loop-of-light.com\\\/wp-content\\\/uploads\\\/2025\\\/06\\\/cropped-logo-1.webp?fit=512%2C512&ssl=1\",\"url\":\"https:\\\/\\\/i0.wp.com\\\/loop-of-light.com\\\/wp-content\\\/uploads\\\/2025\\\/06\\\/cropped-logo-1.webp?fit=512%2C512&ssl=1\",\"contentUrl\":\"https:\\\/\\\/i0.wp.com\\\/loop-of-light.com\\\/wp-content\\\/uploads\\\/2025\\\/06\\\/cropped-logo-1.webp?fit=512%2C512&ssl=1\",\"width\":512,\"height\":512,\"caption\":\"Bente\"},\"logo\":{\"@id\":\"https:\\\/\\\/i0.wp.com\\\/loop-of-light.com\\\/wp-content\\\/uploads\\\/2025\\\/06\\\/cropped-logo-1.webp?fit=512%2C512&ssl=1\"},\"sameAs\":[\"http:\\\/\\\/loop-of-light.com\",\"https:\\\/\\\/www.facebook.com\\\/profile.php?id=61575882834639\",\"https:\\\/\\\/www.instagram.com\\\/skaperglede_med_hvilepuls\\\/\",\"https:\\\/\\\/no.pinterest.com\\\/Loopoflight\\\/?actingBusinessId=305893137098757733\"]}]}<\/script>\n<!-- \/ Yoast SEO Premium plugin. -->","yoast_head_json":{"title":"Resources\/ downloads - Loop of Light","robots":{"index":"index","follow":"follow","max-snippet":"max-snippet:-1","max-image-preview":"max-image-preview:large","max-video-preview":"max-video-preview:-1"},"canonical":"https:\/\/loop-of-light.com\/nb\/downloads\/","og_locale":"nb_NO","og_type":"article","og_title":"Resources\/ downloads","og_description":"Welcome to our downloads area, where you can find free e-books and resources focused on colors and emotions in handicrafts. Our free e-book, \"Colors and Emotions in Handicraft,\" offers inspiration and guidance to help you experience calm and joy through your creative pursuits. Download and let it inspire you.","og_url":"https:\/\/loop-of-light.com\/nb\/downloads\/","og_site_name":"Loop of Light","article_publisher":"https:\/\/www.facebook.com\/profile.php?id=61575882834639","og_image":[{"url":"https:\/\/loopoflightcom.wordpress.com\/wp-content\/uploads\/2025\/04\/img_1072.png?w=193","type":"","width":"","height":""}],"twitter_card":"summary_large_image","twitter_misc":{"Ansl. lesetid":"1 minutt"},"schema":{"@context":"https:\/\/schema.org","@graph":[{"@type":"WebPage","@id":"https:\/\/loop-of-light.com\/downloads\/","url":"https:\/\/loop-of-light.com\/downloads\/","name":"Resources\/ downloads - Loop of Light","isPartOf":{"@id":"https:\/\/loop-of-light.com\/#website"},"primaryImageOfPage":{"@id":"https:\/\/loop-of-light.com\/downloads\/#primaryimage"},"image":{"@id":"https:\/\/loop-of-light.com\/downloads\/#primaryimage"},"thumbnailUrl":"https:\/\/loopoflightcom.wordpress.com\/wp-content\/uploads\/2025\/04\/img_1072.png?w=193","datePublished":"2025-04-29T21:48:29+00:00","breadcrumb":{"@id":"https:\/\/loop-of-light.com\/downloads\/#breadcrumb"},"inLanguage":"nb-NO","potentialAction":[{"@type":"ReadAction","target":["https:\/\/loop-of-light.com\/downloads\/"]}]},{"@type":"ImageObject","inLanguage":"nb-NO","@id":"https:\/\/loop-of-light.com\/downloads\/#primaryimage","url":"https:\/\/loopoflightcom.wordpress.com\/wp-content\/uploads\/2025\/04\/img_1072.png?w=193","contentUrl":"https:\/\/loopoflightcom.wordpress.com\/wp-content\/uploads\/2025\/04\/img_1072.png?w=193"},{"@type":"BreadcrumbList","@id":"https:\/\/loop-of-light.com\/downloads\/#breadcrumb","itemListElement":[{"@type":"ListItem","position":1,"name":"Home","item":"https:\/\/loop-of-light.com\/"},{"@type":"ListItem","position":2,"name":"Resources\/ downloads"}]},{"@type":"WebSite","@id":"https:\/\/loop-of-light.com\/#website","url":"https:\/\/loop-of-light.com\/","name":"Loop-of-light.com","description":"Creativity with calm","publisher":{"@id":"https:\/\/loop-of-light.com\/#\/schema\/person\/c0a33ff135d2d321a191176e6446ead9"},"potentialAction":[{"@type":"SearchAction","target":{"@type":"EntryPoint","urlTemplate":"https:\/\/loop-of-light.com\/?s={search_term_string}"},"query-input":{"@type":"PropertyValueSpecification","valueRequired":true,"valueName":"search_term_string"}}],"inLanguage":"nb-NO"},{"@type":["Person","Organization"],"@id":"https:\/\/loop-of-light.com\/#\/schema\/person\/c0a33ff135d2d321a191176e6446ead9","name":"Bente","image":{"@type":"ImageObject","inLanguage":"nb-NO","@id":"https:\/\/i0.wp.com\/loop-of-light.com\/wp-content\/uploads\/2025\/06\/cropped-logo-1.webp?fit=512%2C512&ssl=1","url":"https:\/\/i0.wp.com\/loop-of-light.com\/wp-content\/uploads\/2025\/06\/cropped-logo-1.webp?fit=512%2C512&ssl=1","contentUrl":"https:\/\/i0.wp.com\/loop-of-light.com\/wp-content\/uploads\/2025\/06\/cropped-logo-1.webp?fit=512%2C512&ssl=1","width":512,"height":512,"caption":"Bente"},"logo":{"@id":"https:\/\/i0.wp.com\/loop-of-light.com\/wp-content\/uploads\/2025\/06\/cropped-logo-1.webp?fit=512%2C512&ssl=1"},"sameAs":["http:\/\/loop-of-light.com","https:\/\/www.facebook.com\/profile.php?id=61575882834639","https:\/\/www.instagram.com\/skaperglede_med_hvilepuls\/","https:\/\/no.pinterest.com\/Loopoflight\/?actingBusinessId=305893137098757733"]}]}},"jetpack_sharing_enabled":true,"_links":{"self":[{"href":"https:\/\/loop-of-light.com\/nb\/wp-json\/wp\/v2\/pages\/297","targetHints":{"allow":["GET"]}}],"collection":[{"href":"https:\/\/loop-of-light.com\/nb\/wp-json\/wp\/v2\/pages"}],"about":[{"href":"https:\/\/loop-of-light.com\/nb\/wp-json\/wp\/v2\/types\/page"}],"author":[{"embeddable":true,"href":"https:\/\/loop-of-light.com\/nb\/wp-json\/wp\/v2\/users\/1"}],"replies":[{"embeddable":true,"href":"https:\/\/loop-of-light.com\/nb\/wp-json\/wp\/v2\/comments?post=297"}],"version-history":[{"count":0,"href":"https:\/\/loop-of-light.com\/nb\/wp-json\/wp\/v2\/pages\/297\/revisions"}],"wp:attachment":[{"href":"https:\/\/loop-of-light.com\/nb\/wp-json\/wp\/v2\/media?parent=297"}],"curies":[{"name":"wp","href":"https:\/\/api.w.org\/{rel}","templated":true}]}}