{"id":2767,"date":"2025-08-21T11:03:53","date_gmt":"2025-08-21T11:03:53","guid":{"rendered":"https:\/\/loop-of-light.com\/?page_id=2767"},"modified":"2025-08-26T13:09:57","modified_gmt":"2025-08-26T13:09:57","slug":"the-gentle-way","status":"publish","type":"page","link":"https:\/\/loop-of-light.com\/nb\/the-gentle-way\/","title":{"rendered":"Den varsomme veien"},"content":{"rendered":"<div data-elementor-type=\"wp-page\" data-elementor-id=\"2767\" class=\"elementor elementor-2767\">\n\t\t\t\t<div class=\"elementor-element elementor-element-2a587b3 e-flex e-con-boxed e-con e-parent\" data-id=\"2a587b3\" data-element_type=\"container\" data-e-type=\"container\">\n\t\t\t\t\t<div class=\"e-con-inner\">\n\t\t\t\t<div class=\"elementor-element elementor-element-1ca7ceb elementor-widget elementor-widget-heading\" data-id=\"1ca7ceb\" data-element_type=\"widget\" data-e-type=\"widget\" data-widget_type=\"heading.default\">\n\t\t\t\t\t<h2 class=\"elementor-heading-title elementor-size-default\">Den varsomme veien <br>En reise tilbake til deg selv<\/h2>\t\t\t\t<\/div>\n\t\t\t\t<div class=\"elementor-element elementor-element-be5897a elementor-widget elementor-widget-image\" data-id=\"be5897a\" data-element_type=\"widget\" data-e-type=\"widget\" data-widget_type=\"image.default\">\n\t\t\t\t\t\t\t\t\t\t\t\t\t\t\t<img loading=\"lazy\" decoding=\"async\" width=\"1024\" height=\"576\" src=\"https:\/\/i0.wp.com\/loop-of-light.com\/wp-content\/uploads\/2025\/08\/The-Path-to.webp?fit=1024%2C576&amp;ssl=1\" class=\"attachment-large size-large wp-image-2830\" alt=\"\" srcset=\"https:\/\/i0.wp.com\/loop-of-light.com\/wp-content\/uploads\/2025\/08\/The-Path-to.webp?w=1366&amp;ssl=1 1366w, https:\/\/i0.wp.com\/loop-of-light.com\/wp-content\/uploads\/2025\/08\/The-Path-to.webp?resize=300%2C169&amp;ssl=1 300w, https:\/\/i0.wp.com\/loop-of-light.com\/wp-content\/uploads\/2025\/08\/The-Path-to.webp?resize=1024%2C576&amp;ssl=1 1024w, https:\/\/i0.wp.com\/loop-of-light.com\/wp-content\/uploads\/2025\/08\/The-Path-to.webp?resize=768%2C432&amp;ssl=1 768w, https:\/\/i0.wp.com\/loop-of-light.com\/wp-content\/uploads\/2025\/08\/The-Path-to.webp?resize=18%2C10&amp;ssl=1 18w\" sizes=\"auto, (max-width: 1024px) 100vw, 1024px\" \/>\t\t\t\t\t\t\t\t\t\t\t\t\t\t\t<\/div>\n\t\t\t\t<div class=\"elementor-element elementor-element-a89c59f elementor-widget elementor-widget-text-editor\" data-id=\"a89c59f\" data-element_type=\"widget\" data-e-type=\"widget\" data-widget_type=\"text-editor.default\">\n\t\t\t\t\t\t\t\t\t<h2 style=\"text-align: center;\"><span class=\"a_GcMg font-feature-liga-on font-feature-clig-on font-feature-calt-on text-decoration-none text-strikethrough-none\">Et stille \u00f8yeblikk om gangen, slik at du kan returnere tilbake til deg selv.<\/span><\/h2>\t\t\t\t\t\t\t\t<\/div>\n\t\t\t\t<div class=\"elementor-element elementor-element-0976fad elementor-widget elementor-widget-text-editor\" data-id=\"0976fad\" data-element_type=\"widget\" data-e-type=\"widget\" data-widget_type=\"text-editor.default\">\n\t\t\t\t\t\t\t\t\t<p data-start=\"244\" data-end=\"410\">Du gir s\u00e5 mye av deg selv - til familien, p\u00e5 jobb og til alle andre rundt deg.<br data-start=\"318\" data-end=\"321\" \/>Et sted p\u00e5 veien, har du kanskje glemt den mest viktige personen: <strong data-start=\"400\" data-end=\"408\">deg.<\/strong><\/p>\n<p data-start=\"412\" data-end=\"579\"><strong data-start=\"412\" data-end=\"430\">Den varsomme veien<\/strong> er min invitasjon til deg - en myk og kj\u00e6rlig reise som hjelper deg \u00e5 gj\u00f8re tiden din med garn til din-tid. En trening p\u00e5 stillhet, egenomsorg og stille glede.<\/p>\n<p data-start=\"581\" data-end=\"689\">Dette er ikke en oppgave p\u00e5 din \"\u00e5 gj\u00f8re\" liste.<br data-start=\"625\" data-end=\"628\" \/>Dette er en vennlig p\u00e5minnelse om hvem du er- et steg av gangen.<\/p>\t\t\t\t\t\t\t\t<\/div>\n\t\t\t\t<div class=\"elementor-element elementor-element-9cdb2ff elementor-widget elementor-widget-text-editor\" data-id=\"9cdb2ff\" data-element_type=\"widget\" data-e-type=\"widget\" data-widget_type=\"text-editor.default\">\n\t\t\t\t\t\t\t\t\t<h3 data-start=\"696\" data-end=\"720\">\ud83c\udf38 De tre stegene<\/h3>\n<p data-start=\"721\" data-end=\"896\"><strong data-start=\"721\" data-end=\"743\">1. Den varsomme stien<\/strong> \ud83c\udf31<br data-start=\"746\" data-end=\"749\" \/>Det f\u00f8rste steget tilbake til deg selv. En gratis pakke med en 7-dagers dagbok, ark med refleksjonssp\u00f8rsm\u00e5l, en mindfult hekleoppskrift og en kort meditasjon med garn.<\/p>\n<p data-start=\"898\" data-end=\"1042\"><strong data-start=\"898\" data-end=\"926\">2. Masker av stillhet<\/strong> \ud83c\udf38<br data-start=\"929\" data-end=\"932\" \/>Det neste steget - sm\u00e5 ritualer og kreative \u00f8velser som hjelper deg med \u00e5 legge til ro og hvile til dagliglivet ditt.<\/p>\n<p data-start=\"1044\" data-end=\"1158\"><strong data-start=\"1044\" data-end=\"1063\">3. Vennlig blomstring<\/strong> \ud83c\udf3f<br data-start=\"1066\" data-end=\"1069\" \/>En dypere reise - gi deg selv n\u00e6ring til egenkj\u00e6rlighet, kreativitet og blomstring inntil ditt fulle selv.<\/p>\t\t\t\t\t\t\t\t<\/div>\n\t\t\t\t<div class=\"elementor-element elementor-element-12ba9f3 elementor-widget elementor-widget-image\" data-id=\"12ba9f3\" data-element_type=\"widget\" data-e-type=\"widget\" data-widget_type=\"image.default\">\n\t\t\t\t\t\t\t\t\t\t\t\t\t\t\t<img loading=\"lazy\" decoding=\"async\" width=\"1024\" height=\"606\" src=\"https:\/\/i0.wp.com\/loop-of-light.com\/wp-content\/uploads\/2025\/08\/Oversikt-Bundles-7.webp?fit=1024%2C606&amp;ssl=1\" class=\"attachment-large size-large wp-image-2787\" alt=\"\" srcset=\"https:\/\/i0.wp.com\/loop-of-light.com\/wp-content\/uploads\/2025\/08\/Oversikt-Bundles-7.webp?w=1366&amp;ssl=1 1366w, https:\/\/i0.wp.com\/loop-of-light.com\/wp-content\/uploads\/2025\/08\/Oversikt-Bundles-7.webp?resize=300%2C177&amp;ssl=1 300w, https:\/\/i0.wp.com\/loop-of-light.com\/wp-content\/uploads\/2025\/08\/Oversikt-Bundles-7.webp?resize=1024%2C606&amp;ssl=1 1024w, https:\/\/i0.wp.com\/loop-of-light.com\/wp-content\/uploads\/2025\/08\/Oversikt-Bundles-7.webp?resize=768%2C454&amp;ssl=1 768w, https:\/\/i0.wp.com\/loop-of-light.com\/wp-content\/uploads\/2025\/08\/Oversikt-Bundles-7.webp?resize=18%2C12&amp;ssl=1 18w\" sizes=\"auto, (max-width: 1024px) 100vw, 1024px\" \/>\t\t\t\t\t\t\t\t\t\t\t\t\t\t\t<\/div>\n\t\t\t\t<div class=\"elementor-element elementor-element-834d8d4 elementor-widget elementor-widget-text-editor\" data-id=\"834d8d4\" data-element_type=\"widget\" data-e-type=\"widget\" data-widget_type=\"text-editor.default\">\n\t\t\t\t\t\t\t\t\t<h3 data-start=\"1165\" data-end=\"1184\"><img decoding=\"async\" draggable=\"false\" role=\"img\" class=\"emoji\" alt=\"\ud83d\udc8c\" src=\"https:\/\/s.w.org\/images\/core\/emoji\/16.0.1\/svg\/1f48c.svg\" loading=\"lazy\"> Invitasjon<\/h3>\n<p data-start=\"1185\" data-end=\"1368\">Du trenger ikke timer med egentid. Du trenger ikke \u00e5 v\u00e6re prefekt.<br data-start=\"1249\" data-end=\"1252\">Alt du trenger er noen f\u00e5 milde minutter og viljen til \u00e5 gi deg selv det du s\u00e5 ofte gir til andre: omsorg.<\/p>\n<p data-start=\"1370\" data-end=\"1457\"><img decoding=\"async\" draggable=\"false\" role=\"img\" class=\"emoji\" alt=\"\ud83d\udc49\" src=\"https:\/\/s.w.org\/images\/core\/emoji\/16.0.1\/svg\/1f449.svg\" loading=\"lazy\"> Start i dag med <strong data-start=\"1390\" data-end=\"1409\">Den varsomme stien<\/strong> - din gratis gave n\u00e5r du melder deg p\u00e5 nyhetsbrevet,<\/p>\t\t\t\t\t\t\t\t<\/div>\n\t\t\t\t<div class=\"elementor-element elementor-element-f1ff82d elementor-align-center elementor-widget elementor-widget-button\" data-id=\"f1ff82d\" data-element_type=\"widget\" data-e-type=\"widget\" data-widget_type=\"button.default\">\n\t\t\t\t\t\t\t\t\t\t<a class=\"elementor-button elementor-button-link elementor-size-sm\" href=\"https:\/\/loop-of-light.com\/nb\/gentle-path\/\">\n\t\t\t\t\t\t<span class=\"elementor-button-content-wrapper\">\n\t\t\t\t\t\t\t\t\t<span class=\"elementor-button-text\">Yes, send me The Gentle Path<\/span>\n\t\t\t\t\t<\/span>\n\t\t\t\t\t<\/a>\n\t\t\t\t\t\t\t\t<\/div>\n\t\t\t\t\t<\/div>\n\t\t\t\t<\/div>\n\t\t\t\t<\/div>","protected":false},"excerpt":{"rendered":"<p>The gentle WAy &#8211; a journey back to yourself One quiet moment at a time, you return to yourself. You&#8230;<\/p>","protected":false},"author":1,"featured_media":2830,"parent":0,"menu_order":0,"comment_status":"closed","ping_status":"closed","template":"","meta":{"nf_dc_page":"","om_disable_all_campaigns":false,"_monsterinsights_skip_tracking":false,"_monsterinsights_sitenote_active":false,"_monsterinsights_sitenote_note":"","_monsterinsights_sitenote_category":0,"_kadence_starter_templates_imported_post":false,"_kad_post_transparent":"","_kad_post_title":"","_kad_post_layout":"","_kad_post_sidebar_id":"","_kad_post_content_style":"","_kad_post_vertical_padding":"","_kad_post_feature":"","_kad_post_feature_position":"","_kad_post_header":false,"_kad_post_footer":false,"_kad_post_classname":"","footnotes":""},"class_list":["post-2767","page","type-page","status-publish","has-post-thumbnail","hentry"],"yoast_head":"<!-- This site is optimized with the Yoast SEO Premium plugin v27.1 (Yoast SEO v27.4) - https:\/\/yoast.com\/product\/yoast-seo-premium-wordpress\/ -->\n<title>The gentle way - Loop of Light<\/title>\n<meta name=\"description\" content=\"We have developed a three step gentle way back to yourself. To allow yourself rest without guilt and to take care of yourself and your needs.\" \/>\n<meta name=\"robots\" content=\"index, follow, max-snippet:-1, max-image-preview:large, max-video-preview:-1\" \/>\n<link rel=\"canonical\" href=\"https:\/\/loop-of-light.com\/nb\/the-gentle-way\/\" \/>\n<meta property=\"og:locale\" content=\"nb_NO\" \/>\n<meta property=\"og:type\" content=\"article\" \/>\n<meta property=\"og:title\" content=\"The gentle way\" \/>\n<meta property=\"og:description\" content=\"We have developed a three step gentle way back to yourself. To allow yourself rest without guilt and to take care of yourself and your needs.\" \/>\n<meta property=\"og:url\" content=\"https:\/\/loop-of-light.com\/nb\/the-gentle-way\/\" \/>\n<meta property=\"og:site_name\" content=\"Loop of Light\" \/>\n<meta property=\"article:publisher\" content=\"https:\/\/www.facebook.com\/profile.php?id=61575882834639\" \/>\n<meta property=\"article:modified_time\" content=\"2025-08-26T13:09:57+00:00\" \/>\n<meta property=\"og:image\" content=\"https:\/\/loop-of-light.com\/wp-content\/uploads\/2025\/08\/The-Path-to.webp\" \/>\n\t<meta property=\"og:image:width\" content=\"1366\" \/>\n\t<meta property=\"og:image:height\" content=\"768\" \/>\n\t<meta property=\"og:image:type\" content=\"image\/webp\" \/>\n<meta name=\"twitter:card\" content=\"summary_large_image\" \/>\n<meta name=\"twitter:label1\" content=\"Ansl. lesetid\" \/>\n\t<meta name=\"twitter:data1\" content=\"2 minutter\" \/>\n<script type=\"application\/ld+json\" class=\"yoast-schema-graph\">{\"@context\":\"https:\\\/\\\/schema.org\",\"@graph\":[{\"@type\":\"WebPage\",\"@id\":\"https:\\\/\\\/loop-of-light.com\\\/the-gentle-way\\\/\",\"url\":\"https:\\\/\\\/loop-of-light.com\\\/the-gentle-way\\\/\",\"name\":\"The gentle way - Loop of Light\",\"isPartOf\":{\"@id\":\"https:\\\/\\\/loop-of-light.com\\\/#website\"},\"primaryImageOfPage\":{\"@id\":\"https:\\\/\\\/loop-of-light.com\\\/the-gentle-way\\\/#primaryimage\"},\"image\":{\"@id\":\"https:\\\/\\\/loop-of-light.com\\\/the-gentle-way\\\/#primaryimage\"},\"thumbnailUrl\":\"https:\\\/\\\/i0.wp.com\\\/loop-of-light.com\\\/wp-content\\\/uploads\\\/2025\\\/08\\\/The-Path-to.webp?fit=1366%2C768&ssl=1\",\"datePublished\":\"2025-08-21T11:03:53+00:00\",\"dateModified\":\"2025-08-26T13:09:57+00:00\",\"description\":\"We have developed a three step gentle way back to yourself. To allow yourself rest without guilt and to take care of yourself and your needs.\",\"breadcrumb\":{\"@id\":\"https:\\\/\\\/loop-of-light.com\\\/the-gentle-way\\\/#breadcrumb\"},\"inLanguage\":\"nb-NO\",\"potentialAction\":[{\"@type\":\"ReadAction\",\"target\":[\"https:\\\/\\\/loop-of-light.com\\\/the-gentle-way\\\/\"]}]},{\"@type\":\"ImageObject\",\"inLanguage\":\"nb-NO\",\"@id\":\"https:\\\/\\\/loop-of-light.com\\\/the-gentle-way\\\/#primaryimage\",\"url\":\"https:\\\/\\\/i0.wp.com\\\/loop-of-light.com\\\/wp-content\\\/uploads\\\/2025\\\/08\\\/The-Path-to.webp?fit=1366%2C768&ssl=1\",\"contentUrl\":\"https:\\\/\\\/i0.wp.com\\\/loop-of-light.com\\\/wp-content\\\/uploads\\\/2025\\\/08\\\/The-Path-to.webp?fit=1366%2C768&ssl=1\",\"width\":1366,\"height\":768},{\"@type\":\"BreadcrumbList\",\"@id\":\"https:\\\/\\\/loop-of-light.com\\\/the-gentle-way\\\/#breadcrumb\",\"itemListElement\":[{\"@type\":\"ListItem\",\"position\":1,\"name\":\"Home\",\"item\":\"https:\\\/\\\/loop-of-light.com\\\/\"},{\"@type\":\"ListItem\",\"position\":2,\"name\":\"The gentle way\"}]},{\"@type\":\"WebSite\",\"@id\":\"https:\\\/\\\/loop-of-light.com\\\/#website\",\"url\":\"https:\\\/\\\/loop-of-light.com\\\/\",\"name\":\"Loop-of-light.com\",\"description\":\"Creativity with calm\",\"publisher\":{\"@id\":\"https:\\\/\\\/loop-of-light.com\\\/#\\\/schema\\\/person\\\/c0a33ff135d2d321a191176e6446ead9\"},\"potentialAction\":[{\"@type\":\"SearchAction\",\"target\":{\"@type\":\"EntryPoint\",\"urlTemplate\":\"https:\\\/\\\/loop-of-light.com\\\/?s={search_term_string}\"},\"query-input\":{\"@type\":\"PropertyValueSpecification\",\"valueRequired\":true,\"valueName\":\"search_term_string\"}}],\"inLanguage\":\"nb-NO\"},{\"@type\":[\"Person\",\"Organization\"],\"@id\":\"https:\\\/\\\/loop-of-light.com\\\/#\\\/schema\\\/person\\\/c0a33ff135d2d321a191176e6446ead9\",\"name\":\"Bente\",\"image\":{\"@type\":\"ImageObject\",\"inLanguage\":\"nb-NO\",\"@id\":\"https:\\\/\\\/i0.wp.com\\\/loop-of-light.com\\\/wp-content\\\/uploads\\\/2025\\\/06\\\/cropped-logo-1.webp?fit=512%2C512&ssl=1\",\"url\":\"https:\\\/\\\/i0.wp.com\\\/loop-of-light.com\\\/wp-content\\\/uploads\\\/2025\\\/06\\\/cropped-logo-1.webp?fit=512%2C512&ssl=1\",\"contentUrl\":\"https:\\\/\\\/i0.wp.com\\\/loop-of-light.com\\\/wp-content\\\/uploads\\\/2025\\\/06\\\/cropped-logo-1.webp?fit=512%2C512&ssl=1\",\"width\":512,\"height\":512,\"caption\":\"Bente\"},\"logo\":{\"@id\":\"https:\\\/\\\/i0.wp.com\\\/loop-of-light.com\\\/wp-content\\\/uploads\\\/2025\\\/06\\\/cropped-logo-1.webp?fit=512%2C512&ssl=1\"},\"sameAs\":[\"http:\\\/\\\/loop-of-light.com\",\"https:\\\/\\\/www.facebook.com\\\/profile.php?id=61575882834639\",\"https:\\\/\\\/www.instagram.com\\\/skaperglede_med_hvilepuls\\\/\",\"https:\\\/\\\/no.pinterest.com\\\/Loopoflight\\\/?actingBusinessId=305893137098757733\"]}]}<\/script>\n<!-- \/ Yoast SEO Premium plugin. -->","yoast_head_json":{"title":"The gentle way - Loop of Light","description":"We have developed a three step gentle way back to yourself. To allow yourself rest without guilt and to take care of yourself and your needs.","robots":{"index":"index","follow":"follow","max-snippet":"max-snippet:-1","max-image-preview":"max-image-preview:large","max-video-preview":"max-video-preview:-1"},"canonical":"https:\/\/loop-of-light.com\/nb\/the-gentle-way\/","og_locale":"nb_NO","og_type":"article","og_title":"The gentle way","og_description":"We have developed a three step gentle way back to yourself. To allow yourself rest without guilt and to take care of yourself and your needs.","og_url":"https:\/\/loop-of-light.com\/nb\/the-gentle-way\/","og_site_name":"Loop of Light","article_publisher":"https:\/\/www.facebook.com\/profile.php?id=61575882834639","article_modified_time":"2025-08-26T13:09:57+00:00","og_image":[{"width":1366,"height":768,"url":"https:\/\/loop-of-light.com\/wp-content\/uploads\/2025\/08\/The-Path-to.webp","type":"image\/webp"}],"twitter_card":"summary_large_image","twitter_misc":{"Ansl. lesetid":"2 minutter"},"schema":{"@context":"https:\/\/schema.org","@graph":[{"@type":"WebPage","@id":"https:\/\/loop-of-light.com\/the-gentle-way\/","url":"https:\/\/loop-of-light.com\/the-gentle-way\/","name":"The gentle way - Loop of Light","isPartOf":{"@id":"https:\/\/loop-of-light.com\/#website"},"primaryImageOfPage":{"@id":"https:\/\/loop-of-light.com\/the-gentle-way\/#primaryimage"},"image":{"@id":"https:\/\/loop-of-light.com\/the-gentle-way\/#primaryimage"},"thumbnailUrl":"https:\/\/i0.wp.com\/loop-of-light.com\/wp-content\/uploads\/2025\/08\/The-Path-to.webp?fit=1366%2C768&ssl=1","datePublished":"2025-08-21T11:03:53+00:00","dateModified":"2025-08-26T13:09:57+00:00","description":"We have developed a three step gentle way back to yourself. To allow yourself rest without guilt and to take care of yourself and your needs.","breadcrumb":{"@id":"https:\/\/loop-of-light.com\/the-gentle-way\/#breadcrumb"},"inLanguage":"nb-NO","potentialAction":[{"@type":"ReadAction","target":["https:\/\/loop-of-light.com\/the-gentle-way\/"]}]},{"@type":"ImageObject","inLanguage":"nb-NO","@id":"https:\/\/loop-of-light.com\/the-gentle-way\/#primaryimage","url":"https:\/\/i0.wp.com\/loop-of-light.com\/wp-content\/uploads\/2025\/08\/The-Path-to.webp?fit=1366%2C768&ssl=1","contentUrl":"https:\/\/i0.wp.com\/loop-of-light.com\/wp-content\/uploads\/2025\/08\/The-Path-to.webp?fit=1366%2C768&ssl=1","width":1366,"height":768},{"@type":"BreadcrumbList","@id":"https:\/\/loop-of-light.com\/the-gentle-way\/#breadcrumb","itemListElement":[{"@type":"ListItem","position":1,"name":"Home","item":"https:\/\/loop-of-light.com\/"},{"@type":"ListItem","position":2,"name":"The gentle way"}]},{"@type":"WebSite","@id":"https:\/\/loop-of-light.com\/#website","url":"https:\/\/loop-of-light.com\/","name":"Loop-of-light.com","description":"Creativity with calm","publisher":{"@id":"https:\/\/loop-of-light.com\/#\/schema\/person\/c0a33ff135d2d321a191176e6446ead9"},"potentialAction":[{"@type":"SearchAction","target":{"@type":"EntryPoint","urlTemplate":"https:\/\/loop-of-light.com\/?s={search_term_string}"},"query-input":{"@type":"PropertyValueSpecification","valueRequired":true,"valueName":"search_term_string"}}],"inLanguage":"nb-NO"},{"@type":["Person","Organization"],"@id":"https:\/\/loop-of-light.com\/#\/schema\/person\/c0a33ff135d2d321a191176e6446ead9","name":"Bente","image":{"@type":"ImageObject","inLanguage":"nb-NO","@id":"https:\/\/i0.wp.com\/loop-of-light.com\/wp-content\/uploads\/2025\/06\/cropped-logo-1.webp?fit=512%2C512&ssl=1","url":"https:\/\/i0.wp.com\/loop-of-light.com\/wp-content\/uploads\/2025\/06\/cropped-logo-1.webp?fit=512%2C512&ssl=1","contentUrl":"https:\/\/i0.wp.com\/loop-of-light.com\/wp-content\/uploads\/2025\/06\/cropped-logo-1.webp?fit=512%2C512&ssl=1","width":512,"height":512,"caption":"Bente"},"logo":{"@id":"https:\/\/i0.wp.com\/loop-of-light.com\/wp-content\/uploads\/2025\/06\/cropped-logo-1.webp?fit=512%2C512&ssl=1"},"sameAs":["http:\/\/loop-of-light.com","https:\/\/www.facebook.com\/profile.php?id=61575882834639","https:\/\/www.instagram.com\/skaperglede_med_hvilepuls\/","https:\/\/no.pinterest.com\/Loopoflight\/?actingBusinessId=305893137098757733"]}]}},"jetpack_sharing_enabled":true,"_links":{"self":[{"href":"https:\/\/loop-of-light.com\/nb\/wp-json\/wp\/v2\/pages\/2767","targetHints":{"allow":["GET"]}}],"collection":[{"href":"https:\/\/loop-of-light.com\/nb\/wp-json\/wp\/v2\/pages"}],"about":[{"href":"https:\/\/loop-of-light.com\/nb\/wp-json\/wp\/v2\/types\/page"}],"author":[{"embeddable":true,"href":"https:\/\/loop-of-light.com\/nb\/wp-json\/wp\/v2\/users\/1"}],"replies":[{"embeddable":true,"href":"https:\/\/loop-of-light.com\/nb\/wp-json\/wp\/v2\/comments?post=2767"}],"version-history":[{"count":15,"href":"https:\/\/loop-of-light.com\/nb\/wp-json\/wp\/v2\/pages\/2767\/revisions"}],"predecessor-version":[{"id":2901,"href":"https:\/\/loop-of-light.com\/nb\/wp-json\/wp\/v2\/pages\/2767\/revisions\/2901"}],"wp:featuredmedia":[{"embeddable":true,"href":"https:\/\/loop-of-light.com\/nb\/wp-json\/wp\/v2\/media\/2830"}],"wp:attachment":[{"href":"https:\/\/loop-of-light.com\/nb\/wp-json\/wp\/v2\/media?parent=2767"}],"curies":[{"name":"wp","href":"https:\/\/api.w.org\/{rel}","templated":true}]}}