{"id":2579,"date":"2025-07-19T15:30:33","date_gmt":"2025-07-19T15:30:33","guid":{"rendered":"https:\/\/loop-of-light.com\/?page_id=2579"},"modified":"2025-08-27T13:20:40","modified_gmt":"2025-08-27T13:20:40","slug":"start-here","status":"publish","type":"page","link":"https:\/\/loop-of-light.com\/nb\/start-here\/","title":{"rendered":"Start her - bli kjent med Loop of Light"},"content":{"rendered":"<h2 class=\"wp-block-heading\">Velkommen<\/h2>\n\n\n\n<h3 class=\"wp-block-heading\"><strong>Velkommen til Loop of Light - dette er et mykt sted \u00e5 lande for kreative sjeler.<\/strong><\/h3>\n\n\n\n<p class=\"\">Denne plassen er for at du igjen skal f\u00e5 kontakt med deg selv. Dette kan du gj\u00f8re gjennom kreativt arbeid med garn, dagb\u00f8ker med refleksjoner og stille \u00f8yeblikk der du tar vare p\u00e5 deg selv.<\/p>\n\n\n\n<p class=\"\"><\/p>\n\n\n\n<hr class=\"wp-block-separator has-alpha-channel-opacity\"\/>\n\n\n\n<p class=\"\"><\/p>\n\n\n\n<p class=\"\"><\/p>\n\n\n\n<div class=\"wp-block-columns is-layout-flex wp-container-core-columns-is-layout-9d6595d7 wp-block-columns-is-layout-flex\">\n<div class=\"wp-block-column is-layout-flow wp-block-column-is-layout-flow\">\n<h2 class=\"wp-block-heading\">Hvem er det for<\/h2>\n\n\n\n<p class=\"\"><strong>Denne plassen er for deg dersom...<\/strong><br><br>- Du f\u00f8ler deg overveldet, sliten og strekt i alle kanter<br>- Du lengter etter mer ro, kreativitet og kontakt med deg selv<br>\u2013 You want to turn your yarn time into &#8220;me time&#8221;<br>- Du lengter etter dypere form for egenkj\u00e6rlighet<\/p>\n\n\n\n<p class=\"\"><em>Loop of Light er her for \u00e5 st\u00f8tte deg i deg.<\/em><\/p>\n<\/div>\n\n\n\n<div class=\"wp-block-column is-layout-flow wp-block-column-is-layout-flow\">\n<figure class=\"wp-block-image aligncenter size-large is-resized\"><img data-recalc-dims=\"1\" loading=\"lazy\" decoding=\"async\" width=\"768\" height=\"1024\" src=\"https:\/\/i0.wp.com\/loop-of-light.com\/wp-content\/uploads\/2025\/07\/20250502_084735047_iOS.webp?resize=768%2C1024&#038;ssl=1\" alt=\"Two hands gently holding a heart-shaped yarn ball \u2013 symbol of mindful crafting and care\" class=\"wp-image-2580\" style=\"width:235px;height:auto\" srcset=\"https:\/\/i0.wp.com\/loop-of-light.com\/wp-content\/uploads\/2025\/07\/20250502_084735047_iOS-scaled.webp?resize=768%2C1024&amp;ssl=1 768w, https:\/\/i0.wp.com\/loop-of-light.com\/wp-content\/uploads\/2025\/07\/20250502_084735047_iOS-scaled.webp?resize=225%2C300&amp;ssl=1 225w, https:\/\/i0.wp.com\/loop-of-light.com\/wp-content\/uploads\/2025\/07\/20250502_084735047_iOS-scaled.webp?resize=1152%2C1536&amp;ssl=1 1152w, https:\/\/i0.wp.com\/loop-of-light.com\/wp-content\/uploads\/2025\/07\/20250502_084735047_iOS-scaled.webp?resize=1536%2C2048&amp;ssl=1 1536w, https:\/\/i0.wp.com\/loop-of-light.com\/wp-content\/uploads\/2025\/07\/20250502_084735047_iOS-scaled.webp?resize=9%2C12&amp;ssl=1 9w, https:\/\/i0.wp.com\/loop-of-light.com\/wp-content\/uploads\/2025\/07\/20250502_084735047_iOS-scaled.webp?resize=600%2C800&amp;ssl=1 600w, https:\/\/i0.wp.com\/loop-of-light.com\/wp-content\/uploads\/2025\/07\/20250502_084735047_iOS-scaled.webp?w=1920&amp;ssl=1 1920w\" sizes=\"auto, (max-width: 768px) 100vw, 768px\" \/><\/figure>\n<\/div>\n<\/div>\n\n\n\n<hr class=\"wp-block-separator has-alpha-channel-opacity\"\/>\n\n\n\n<p class=\"\"><\/p>\n\n\n\n<h2 class=\"wp-block-heading\">Hva du vil  finne her<\/h2>\n\n\n\n<div class=\"wp-block-columns is-layout-flex wp-container-core-columns-is-layout-9d6595d7 wp-block-columns-is-layout-flex\">\n<div class=\"wp-block-column is-layout-flow wp-block-column-is-layout-flow\">\n<h3 class=\"wp-block-heading\">Hekleoppskrifter<\/h3>\n\n\n\n<p class=\"\">&#8220;<em>Mindfull kreativitet, en l\u00f8kke av gangen<\/em>&#8220;<\/p>\n\n\n\n<figure class=\"wp-block-image size-large is-resized\"><img data-recalc-dims=\"1\" loading=\"lazy\" decoding=\"async\" width=\"768\" height=\"1024\" src=\"https:\/\/i0.wp.com\/loop-of-light.com\/wp-content\/uploads\/2025\/07\/20250402_073746300_iOS.webp?resize=768%2C1024&#038;ssl=1\" alt=\"Handmade crochet sweater in soft green and beige tones \u2013 Gentle Hug pattern by Loop of Light\" class=\"wp-image-2324\" style=\"width:310px;height:auto\" srcset=\"https:\/\/i0.wp.com\/loop-of-light.com\/wp-content\/uploads\/2025\/07\/20250402_073746300_iOS-scaled.webp?resize=768%2C1024&amp;ssl=1 768w, https:\/\/i0.wp.com\/loop-of-light.com\/wp-content\/uploads\/2025\/07\/20250402_073746300_iOS-scaled.webp?resize=225%2C300&amp;ssl=1 225w, https:\/\/i0.wp.com\/loop-of-light.com\/wp-content\/uploads\/2025\/07\/20250402_073746300_iOS-scaled.webp?resize=1152%2C1536&amp;ssl=1 1152w, https:\/\/i0.wp.com\/loop-of-light.com\/wp-content\/uploads\/2025\/07\/20250402_073746300_iOS-scaled.webp?resize=1536%2C2048&amp;ssl=1 1536w, https:\/\/i0.wp.com\/loop-of-light.com\/wp-content\/uploads\/2025\/07\/20250402_073746300_iOS-scaled.webp?resize=9%2C12&amp;ssl=1 9w, https:\/\/i0.wp.com\/loop-of-light.com\/wp-content\/uploads\/2025\/07\/20250402_073746300_iOS-scaled.webp?resize=600%2C800&amp;ssl=1 600w, https:\/\/i0.wp.com\/loop-of-light.com\/wp-content\/uploads\/2025\/07\/20250402_073746300_iOS-scaled.webp?w=1920&amp;ssl=1 1920w\" sizes=\"auto, (max-width: 768px) 100vw, 768px\" \/><\/figure>\n\n\n\n<p class=\"\">Simple crochet patterns &#8211; for joy, calm and mindful moment &#8211; if you want.<\/p>\n\n\n<style>.wp-block-kadence-advancedbtn.kb-btns2579_18008e-7a{gap:var(--global-kb-gap-xs, 0.5rem );justify-content:flex-start;align-items:center;}.kt-btns2579_18008e-7a .kt-button{font-weight:normal;font-style:normal;}.kt-btns2579_18008e-7a .kt-btn-wrap-0{margin-right:5px;}.wp-block-kadence-advancedbtn.kt-btns2579_18008e-7a .kt-btn-wrap-0 .kt-button{color:#555555;border-color:#555555;}.wp-block-kadence-advancedbtn.kt-btns2579_18008e-7a .kt-btn-wrap-0 .kt-button:hover, .wp-block-kadence-advancedbtn.kt-btns2579_18008e-7a .kt-btn-wrap-0 .kt-button:focus{color:#ffffff;border-color:#444444;}.wp-block-kadence-advancedbtn.kt-btns2579_18008e-7a .kt-btn-wrap-0 .kt-button::before{display:none;}.wp-block-kadence-advancedbtn.kt-btns2579_18008e-7a .kt-btn-wrap-0 .kt-button:hover, .wp-block-kadence-advancedbtn.kt-btns2579_18008e-7a .kt-btn-wrap-0 .kt-button:focus{background:#444444;}<\/style>\n<div class=\"wp-block-kadence-advancedbtn kb-buttons-wrap kb-btns2579_18008e-7a\"><style>ul.menu .wp-block-kadence-advancedbtn .kb-btn2579_bcf035-77.kb-button{width:initial;}.wp-block-kadence-advancedbtn .kb-btn2579_bcf035-77.kb-button{background:var(--global-palette2, #2B6CB0);}<\/style><a class=\"kb-button kt-button button kb-btn2579_bcf035-77 kt-btn-size-standard kt-btn-width-type-auto kb-btn-global-fill  kt-btn-has-text-true kt-btn-has-svg-false  wp-block-kadence-singlebtn\" href=\"https:\/\/loop-of-light.com\/nb\/loop-by-loop\/\"><span class=\"kt-btn-inner-text\">G\u00e5 til hekleoppskrifter<\/span><\/a><\/div>\n<\/div>\n\n\n\n<div class=\"wp-block-column is-layout-flow wp-block-column-is-layout-flow\">\n<h3 class=\"wp-block-heading\">Dagb\u00f8ker, refleksjonsark med mer<\/h3>\n\n\n\n<p class=\"\">&#8220;<em>Gj\u00f8r de stille \u00f8yeblikkene dine om til ritualer for sjelen din.<\/em>&#8220;<\/p>\n\n\n\n<figure class=\"wp-block-image size-large is-resized\"><img data-recalc-dims=\"1\" loading=\"lazy\" decoding=\"async\" width=\"1024\" height=\"1024\" src=\"https:\/\/i0.wp.com\/loop-of-light.com\/wp-content\/uploads\/2025\/08\/Kopi-av-ETSY_SHOPIFY-Mockups-Esther-Muniu.webp?resize=1024%2C1024&#038;ssl=1\" alt=\"\" class=\"wp-image-2864\" style=\"width:352px;height:auto\" srcset=\"https:\/\/i0.wp.com\/loop-of-light.com\/wp-content\/uploads\/2025\/08\/Kopi-av-ETSY_SHOPIFY-Mockups-Esther-Muniu.webp?resize=1024%2C1024&amp;ssl=1 1024w, https:\/\/i0.wp.com\/loop-of-light.com\/wp-content\/uploads\/2025\/08\/Kopi-av-ETSY_SHOPIFY-Mockups-Esther-Muniu.webp?resize=300%2C300&amp;ssl=1 300w, https:\/\/i0.wp.com\/loop-of-light.com\/wp-content\/uploads\/2025\/08\/Kopi-av-ETSY_SHOPIFY-Mockups-Esther-Muniu.webp?resize=150%2C150&amp;ssl=1 150w, https:\/\/i0.wp.com\/loop-of-light.com\/wp-content\/uploads\/2025\/08\/Kopi-av-ETSY_SHOPIFY-Mockups-Esther-Muniu.webp?resize=768%2C768&amp;ssl=1 768w, https:\/\/i0.wp.com\/loop-of-light.com\/wp-content\/uploads\/2025\/08\/Kopi-av-ETSY_SHOPIFY-Mockups-Esther-Muniu.webp?resize=1536%2C1536&amp;ssl=1 1536w, https:\/\/i0.wp.com\/loop-of-light.com\/wp-content\/uploads\/2025\/08\/Kopi-av-ETSY_SHOPIFY-Mockups-Esther-Muniu.webp?resize=12%2C12&amp;ssl=1 12w, https:\/\/i0.wp.com\/loop-of-light.com\/wp-content\/uploads\/2025\/08\/Kopi-av-ETSY_SHOPIFY-Mockups-Esther-Muniu.webp?w=2000&amp;ssl=1 2000w\" sizes=\"auto, (max-width: 1024px) 100vw, 1024px\" \/><\/figure>\n\n\n\n<p class=\"\">Dagbokf\u00f8ring, refleksjoner, \u00f8velser og rolige aktiviteter<\/p>\n\n\n<style>.wp-block-kadence-advancedbtn.kb-btns2579_8547a7-78{gap:var(--global-kb-gap-xs, 0.5rem );justify-content:flex-start;align-items:center;}.kt-btns2579_8547a7-78 .kt-button{font-weight:normal;font-style:normal;}.kt-btns2579_8547a7-78 .kt-btn-wrap-0{margin-right:5px;}.wp-block-kadence-advancedbtn.kt-btns2579_8547a7-78 .kt-btn-wrap-0 .kt-button{color:#555555;border-color:#555555;}.wp-block-kadence-advancedbtn.kt-btns2579_8547a7-78 .kt-btn-wrap-0 .kt-button:hover, .wp-block-kadence-advancedbtn.kt-btns2579_8547a7-78 .kt-btn-wrap-0 .kt-button:focus{color:#ffffff;border-color:#444444;}.wp-block-kadence-advancedbtn.kt-btns2579_8547a7-78 .kt-btn-wrap-0 .kt-button::before{display:none;}.wp-block-kadence-advancedbtn.kt-btns2579_8547a7-78 .kt-btn-wrap-0 .kt-button:hover, .wp-block-kadence-advancedbtn.kt-btns2579_8547a7-78 .kt-btn-wrap-0 .kt-button:focus{background:#444444;}<\/style>\n<div class=\"wp-block-kadence-advancedbtn kb-buttons-wrap kb-btns2579_8547a7-78\"><style>ul.menu .wp-block-kadence-advancedbtn .kb-btn2579_50e1b0-cf.kb-button{width:initial;}.wp-block-kadence-advancedbtn .kb-btn2579_50e1b0-cf.kb-button{background:var(--global-palette2, #2B6CB0);}<\/style><a class=\"kb-button kt-button button kb-btn2579_50e1b0-cf kt-btn-size-standard kt-btn-width-type-auto kb-btn-global-fill  kt-btn-has-text-true kt-btn-has-svg-false  wp-block-kadence-singlebtn\" href=\"https:\/\/loop-of-light.com\/nb\/light-within\/\"><span class=\"kt-btn-inner-text\">Dagb\u00f8ker, refleksjonsark med mer<\/span><\/a><\/div>\n<\/div>\n\n\n\n<div class=\"wp-block-column is-layout-flow wp-block-column-is-layout-flow\">\n<h3 class=\"wp-block-heading\">Garnguiden din<\/h3>\n\n\n\n<p class=\"\">&#8220;<em>St\u00f8tte, mykhet og klokhet om garn og om \u00e5 ta vare p\u00e5 deg selv - n\u00e5r du trenger det som mest.<\/em>&#8220;<\/p>\n\n\n\n<figure class=\"wp-block-image size-full is-resized\"><img data-recalc-dims=\"1\" loading=\"lazy\" decoding=\"async\" width=\"320\" height=\"320\" src=\"https:\/\/i0.wp.com\/loop-of-light.com\/wp-content\/uploads\/2025\/08\/Beige-Abstract-Watercolor-Instagram-Profile-Picture.webp?resize=320%2C320&#038;ssl=1\" alt=\"A picture of a AI- robot. The is holding a pink yarn\" class=\"wp-image-2738\" style=\"width:383px;height:auto\" srcset=\"https:\/\/i0.wp.com\/loop-of-light.com\/wp-content\/uploads\/2025\/08\/Beige-Abstract-Watercolor-Instagram-Profile-Picture.webp?w=320&amp;ssl=1 320w, https:\/\/i0.wp.com\/loop-of-light.com\/wp-content\/uploads\/2025\/08\/Beige-Abstract-Watercolor-Instagram-Profile-Picture.webp?resize=300%2C300&amp;ssl=1 300w, https:\/\/i0.wp.com\/loop-of-light.com\/wp-content\/uploads\/2025\/08\/Beige-Abstract-Watercolor-Instagram-Profile-Picture.webp?resize=150%2C150&amp;ssl=1 150w, https:\/\/i0.wp.com\/loop-of-light.com\/wp-content\/uploads\/2025\/08\/Beige-Abstract-Watercolor-Instagram-Profile-Picture.webp?resize=12%2C12&amp;ssl=1 12w\" sizes=\"auto, (max-width: 320px) 100vw, 320px\" \/><\/figure>\n\n\n\n<p class=\"\">En mild kreativ KI venn som hjelper deg med \u00e5 reflektere, stille sp\u00f8rsm\u00e5l og hvile.<\/p>\n\n\n<style>.wp-block-kadence-advancedbtn.kb-btns2579_06af72-c7{gap:var(--global-kb-gap-xs, 0.5rem );justify-content:flex-start;align-items:center;}.kt-btns2579_06af72-c7 .kt-button{font-weight:normal;font-style:normal;}.kt-btns2579_06af72-c7 .kt-btn-wrap-0{margin-right:5px;}.wp-block-kadence-advancedbtn.kt-btns2579_06af72-c7 .kt-btn-wrap-0 .kt-button{color:#555555;border-color:#555555;}.wp-block-kadence-advancedbtn.kt-btns2579_06af72-c7 .kt-btn-wrap-0 .kt-button:hover, .wp-block-kadence-advancedbtn.kt-btns2579_06af72-c7 .kt-btn-wrap-0 .kt-button:focus{color:#ffffff;border-color:#444444;}.wp-block-kadence-advancedbtn.kt-btns2579_06af72-c7 .kt-btn-wrap-0 .kt-button::before{display:none;}.wp-block-kadence-advancedbtn.kt-btns2579_06af72-c7 .kt-btn-wrap-0 .kt-button:hover, .wp-block-kadence-advancedbtn.kt-btns2579_06af72-c7 .kt-btn-wrap-0 .kt-button:focus{background:#444444;}<\/style>\n<div class=\"wp-block-kadence-advancedbtn kb-buttons-wrap kb-btns2579_06af72-c7\"><style>ul.menu .wp-block-kadence-advancedbtn .kb-btn2579_8f3652-58.kb-button{width:initial;}.wp-block-kadence-advancedbtn .kb-btn2579_8f3652-58.kb-button{background:var(--global-palette2, #2B6CB0);}<\/style><a class=\"kb-button kt-button button kb-btn2579_8f3652-58 kt-btn-size-standard kt-btn-width-type-auto kb-btn-global-fill  kt-btn-has-text-true kt-btn-has-svg-false  wp-block-kadence-singlebtn\" href=\"https:\/\/loop-of-light.com\/nb\/meet-anea\/\"><span class=\"kt-btn-inner-text\">L\u00e6r mer om Garnguiden din<\/span><\/a><\/div>\n<\/div>\n<\/div>\n\n\n\n<hr class=\"wp-block-separator has-alpha-channel-opacity\"\/>\n\n\n\n<p class=\"\"><\/p>\n\n\n\n<p class=\"\"><\/p>\n\n\n\n<h2 class=\"wp-block-heading\">Start din milde veien tilbake til deg selv med medf\u00f8lelse og egenkj\u00e6rlighet<\/h2>\n\n\n\n<p class=\"\"><strong>Den varsomme veien<\/strong>\u00a0er min invitasjon til deg - en myk og kj\u00e6rlig reise som hjelper deg \u00e5 gj\u00f8re tiden din med garn til din-tid. En trening p\u00e5 stillhet, egenomsorg og stille glede.<\/p>\n\n\n\n<p class=\"\">Dette er ikke en oppgave p\u00e5 din \"\u00e5 gj\u00f8re\" liste.<br>Dette er en vennlig p\u00e5minnelse om hvem du er- et steg av gangen.<\/p>\n\n\n\n<p class=\"\">The first step on this journey is the bundle &#8220;The Gentle Path.&#8221; Sign in the form below. Get the bundle for free!<\/p>\n\n\n<div class=\"ml-embedded\" data-form=\"M83Ufk\"><\/div>\n\n\n\n\n\n<hr class=\"wp-block-separator has-alpha-channel-opacity\"\/>\n\n\n\n<p class=\"\"><\/p>\n\n\n\n<p class=\"\"><\/p>\n\n\n\n<h2 class=\"wp-block-heading\">En vennlig invitasjon til \u00e5 utforske<\/h2>\n\n\n\n<p class=\"\">Utforsk der du vil og bruk det du trenger.<br>Pr\u00f8v et m\u00f8nster (flere kommer etterhvert), \u00e5pne en dagbok - dette er stedet du skal komme i kontakt med deg selv igjen.<\/p>\n\n\n\n<hr class=\"wp-block-separator has-alpha-channel-opacity\"\/>\n\n\n\n<p class=\"\"><\/p>\n\n\n\n<p class=\"\"><\/p>\n\n\n\n<p class=\"\"><\/p>\n\n\n\n<p class=\"\"><em><strong>Du er ikke bak. Du er akkurat ankommet. Velkommen inn.<\/strong><\/em><\/p>\n\n\n\n<figure class=\"wp-block-image size-large\"><img data-recalc-dims=\"1\" loading=\"lazy\" decoding=\"async\" width=\"1024\" height=\"683\" src=\"https:\/\/i0.wp.com\/loop-of-light.com\/wp-content\/uploads\/2025\/06\/IMG_7666.webp?resize=1024%2C683&#038;ssl=1\" alt=\"Close-up of a purple and yellow iris flower \u2013 symbol of beauty, strength, and softness\" class=\"wp-image-2129\" srcset=\"https:\/\/i0.wp.com\/loop-of-light.com\/wp-content\/uploads\/2025\/06\/IMG_7666-scaled.webp?resize=1024%2C683&amp;ssl=1 1024w, https:\/\/i0.wp.com\/loop-of-light.com\/wp-content\/uploads\/2025\/06\/IMG_7666-scaled.webp?resize=300%2C200&amp;ssl=1 300w, https:\/\/i0.wp.com\/loop-of-light.com\/wp-content\/uploads\/2025\/06\/IMG_7666-scaled.webp?resize=768%2C512&amp;ssl=1 768w, https:\/\/i0.wp.com\/loop-of-light.com\/wp-content\/uploads\/2025\/06\/IMG_7666-scaled.webp?resize=1536%2C1024&amp;ssl=1 1536w, https:\/\/i0.wp.com\/loop-of-light.com\/wp-content\/uploads\/2025\/06\/IMG_7666-scaled.webp?resize=2048%2C1365&amp;ssl=1 2048w, https:\/\/i0.wp.com\/loop-of-light.com\/wp-content\/uploads\/2025\/06\/IMG_7666-scaled.webp?resize=18%2C12&amp;ssl=1 18w, https:\/\/i0.wp.com\/loop-of-light.com\/wp-content\/uploads\/2025\/06\/IMG_7666-scaled.webp?resize=600%2C400&amp;ssl=1 600w\" sizes=\"auto, (max-width: 1024px) 100vw, 1024px\" \/><\/figure>","protected":false},"excerpt":{"rendered":"<p>Welcome Welcome to Loop of Light \u2014 a soft place to land for sensitive, creative souls. This is a space&#8230;<\/p>","protected":false},"author":1,"featured_media":0,"parent":0,"menu_order":0,"comment_status":"closed","ping_status":"closed","template":"","meta":{"nf_dc_page":"","om_disable_all_campaigns":false,"_monsterinsights_skip_tracking":false,"_monsterinsights_sitenote_active":false,"_monsterinsights_sitenote_note":"","_monsterinsights_sitenote_category":0,"_kadence_starter_templates_imported_post":false,"_kad_post_transparent":"","_kad_post_title":"","_kad_post_layout":"","_kad_post_sidebar_id":"","_kad_post_content_style":"","_kad_post_vertical_padding":"","_kad_post_feature":"","_kad_post_feature_position":"","_kad_post_header":false,"_kad_post_footer":false,"_kad_post_classname":"","footnotes":""},"class_list":["post-2579","page","type-page","status-publish","hentry"],"yoast_head":"<!-- This site is optimized with the Yoast SEO Premium plugin v27.1 (Yoast SEO v27.4) - https:\/\/yoast.com\/product\/yoast-seo-premium-wordpress\/ -->\n<title>Start here - get to know Loop of Light - Loop of Light<\/title>\n<meta name=\"description\" content=\"Discover a mindful yarn space for calm, creativity, and connection. Learn how to begin your journey with gentle crafting and self-kindness.\" \/>\n<meta name=\"robots\" content=\"index, follow, max-snippet:-1, max-image-preview:large, max-video-preview:-1\" \/>\n<link rel=\"canonical\" href=\"https:\/\/loop-of-light.com\/nb\/start-here\/\" \/>\n<meta property=\"og:locale\" content=\"nb_NO\" \/>\n<meta property=\"og:type\" content=\"article\" \/>\n<meta property=\"og:title\" content=\"Start here - get to know Loop of Light\" \/>\n<meta property=\"og:description\" content=\"Discover a mindful yarn space for calm, creativity, and connection. Learn how to begin your journey with gentle crafting and self-kindness.\" \/>\n<meta property=\"og:url\" content=\"https:\/\/loop-of-light.com\/nb\/start-here\/\" \/>\n<meta property=\"og:site_name\" content=\"Loop of Light\" \/>\n<meta property=\"article:publisher\" content=\"https:\/\/www.facebook.com\/profile.php?id=61575882834639\" \/>\n<meta property=\"article:modified_time\" content=\"2025-08-27T13:20:40+00:00\" \/>\n<meta property=\"og:image\" content=\"https:\/\/loop-of-light.com\/wp-content\/uploads\/2025\/07\/20250502_084735047_iOS-768x1024.webp\" \/>\n<meta name=\"twitter:card\" content=\"summary_large_image\" \/>\n<meta name=\"twitter:label1\" content=\"Ansl. lesetid\" \/>\n\t<meta name=\"twitter:data1\" content=\"3 minutter\" \/>\n<script type=\"application\/ld+json\" class=\"yoast-schema-graph\">{\"@context\":\"https:\\\/\\\/schema.org\",\"@graph\":[{\"@type\":\"WebPage\",\"@id\":\"https:\\\/\\\/loop-of-light.com\\\/start-here\\\/\",\"url\":\"https:\\\/\\\/loop-of-light.com\\\/start-here\\\/\",\"name\":\"Start here - get to know Loop of Light - Loop of Light\",\"isPartOf\":{\"@id\":\"https:\\\/\\\/loop-of-light.com\\\/#website\"},\"primaryImageOfPage\":{\"@id\":\"https:\\\/\\\/loop-of-light.com\\\/start-here\\\/#primaryimage\"},\"image\":{\"@id\":\"https:\\\/\\\/loop-of-light.com\\\/start-here\\\/#primaryimage\"},\"thumbnailUrl\":\"https:\\\/\\\/loop-of-light.com\\\/wp-content\\\/uploads\\\/2025\\\/07\\\/20250502_084735047_iOS-768x1024.webp\",\"datePublished\":\"2025-07-19T15:30:33+00:00\",\"dateModified\":\"2025-08-27T13:20:40+00:00\",\"description\":\"Discover a mindful yarn space for calm, creativity, and connection. Learn how to begin your journey with gentle crafting and self-kindness.\",\"breadcrumb\":{\"@id\":\"https:\\\/\\\/loop-of-light.com\\\/start-here\\\/#breadcrumb\"},\"inLanguage\":\"nb-NO\",\"potentialAction\":[{\"@type\":\"ReadAction\",\"target\":[\"https:\\\/\\\/loop-of-light.com\\\/start-here\\\/\"]}]},{\"@type\":\"ImageObject\",\"inLanguage\":\"nb-NO\",\"@id\":\"https:\\\/\\\/loop-of-light.com\\\/start-here\\\/#primaryimage\",\"url\":\"https:\\\/\\\/loop-of-light.com\\\/wp-content\\\/uploads\\\/2025\\\/07\\\/20250502_084735047_iOS-768x1024.webp\",\"contentUrl\":\"https:\\\/\\\/loop-of-light.com\\\/wp-content\\\/uploads\\\/2025\\\/07\\\/20250502_084735047_iOS-768x1024.webp\"},{\"@type\":\"BreadcrumbList\",\"@id\":\"https:\\\/\\\/loop-of-light.com\\\/start-here\\\/#breadcrumb\",\"itemListElement\":[{\"@type\":\"ListItem\",\"position\":1,\"name\":\"Home\",\"item\":\"https:\\\/\\\/loop-of-light.com\\\/\"},{\"@type\":\"ListItem\",\"position\":2,\"name\":\"Start here &#8211; get to know Loop of Light\"}]},{\"@type\":\"WebSite\",\"@id\":\"https:\\\/\\\/loop-of-light.com\\\/#website\",\"url\":\"https:\\\/\\\/loop-of-light.com\\\/\",\"name\":\"Loop-of-light.com\",\"description\":\"Creativity with calm\",\"publisher\":{\"@id\":\"https:\\\/\\\/loop-of-light.com\\\/#\\\/schema\\\/person\\\/c0a33ff135d2d321a191176e6446ead9\"},\"potentialAction\":[{\"@type\":\"SearchAction\",\"target\":{\"@type\":\"EntryPoint\",\"urlTemplate\":\"https:\\\/\\\/loop-of-light.com\\\/?s={search_term_string}\"},\"query-input\":{\"@type\":\"PropertyValueSpecification\",\"valueRequired\":true,\"valueName\":\"search_term_string\"}}],\"inLanguage\":\"nb-NO\"},{\"@type\":[\"Person\",\"Organization\"],\"@id\":\"https:\\\/\\\/loop-of-light.com\\\/#\\\/schema\\\/person\\\/c0a33ff135d2d321a191176e6446ead9\",\"name\":\"Bente\",\"image\":{\"@type\":\"ImageObject\",\"inLanguage\":\"nb-NO\",\"@id\":\"https:\\\/\\\/i0.wp.com\\\/loop-of-light.com\\\/wp-content\\\/uploads\\\/2025\\\/06\\\/cropped-logo-1.webp?fit=512%2C512&ssl=1\",\"url\":\"https:\\\/\\\/i0.wp.com\\\/loop-of-light.com\\\/wp-content\\\/uploads\\\/2025\\\/06\\\/cropped-logo-1.webp?fit=512%2C512&ssl=1\",\"contentUrl\":\"https:\\\/\\\/i0.wp.com\\\/loop-of-light.com\\\/wp-content\\\/uploads\\\/2025\\\/06\\\/cropped-logo-1.webp?fit=512%2C512&ssl=1\",\"width\":512,\"height\":512,\"caption\":\"Bente\"},\"logo\":{\"@id\":\"https:\\\/\\\/i0.wp.com\\\/loop-of-light.com\\\/wp-content\\\/uploads\\\/2025\\\/06\\\/cropped-logo-1.webp?fit=512%2C512&ssl=1\"},\"sameAs\":[\"http:\\\/\\\/loop-of-light.com\",\"https:\\\/\\\/www.facebook.com\\\/profile.php?id=61575882834639\",\"https:\\\/\\\/www.instagram.com\\\/skaperglede_med_hvilepuls\\\/\",\"https:\\\/\\\/no.pinterest.com\\\/Loopoflight\\\/?actingBusinessId=305893137098757733\"]}]}<\/script>\n<!-- \/ Yoast SEO Premium plugin. -->","yoast_head_json":{"title":"Start here - get to know Loop of Light - Loop of Light","description":"Discover a mindful yarn space for calm, creativity, and connection. Learn how to begin your journey with gentle crafting and self-kindness.","robots":{"index":"index","follow":"follow","max-snippet":"max-snippet:-1","max-image-preview":"max-image-preview:large","max-video-preview":"max-video-preview:-1"},"canonical":"https:\/\/loop-of-light.com\/nb\/start-here\/","og_locale":"nb_NO","og_type":"article","og_title":"Start here - get to know Loop of Light","og_description":"Discover a mindful yarn space for calm, creativity, and connection. Learn how to begin your journey with gentle crafting and self-kindness.","og_url":"https:\/\/loop-of-light.com\/nb\/start-here\/","og_site_name":"Loop of Light","article_publisher":"https:\/\/www.facebook.com\/profile.php?id=61575882834639","article_modified_time":"2025-08-27T13:20:40+00:00","og_image":[{"url":"https:\/\/loop-of-light.com\/wp-content\/uploads\/2025\/07\/20250502_084735047_iOS-768x1024.webp","type":"","width":"","height":""}],"twitter_card":"summary_large_image","twitter_misc":{"Ansl. lesetid":"3 minutter"},"schema":{"@context":"https:\/\/schema.org","@graph":[{"@type":"WebPage","@id":"https:\/\/loop-of-light.com\/start-here\/","url":"https:\/\/loop-of-light.com\/start-here\/","name":"Start here - get to know Loop of Light - Loop of Light","isPartOf":{"@id":"https:\/\/loop-of-light.com\/#website"},"primaryImageOfPage":{"@id":"https:\/\/loop-of-light.com\/start-here\/#primaryimage"},"image":{"@id":"https:\/\/loop-of-light.com\/start-here\/#primaryimage"},"thumbnailUrl":"https:\/\/loop-of-light.com\/wp-content\/uploads\/2025\/07\/20250502_084735047_iOS-768x1024.webp","datePublished":"2025-07-19T15:30:33+00:00","dateModified":"2025-08-27T13:20:40+00:00","description":"Discover a mindful yarn space for calm, creativity, and connection. Learn how to begin your journey with gentle crafting and self-kindness.","breadcrumb":{"@id":"https:\/\/loop-of-light.com\/start-here\/#breadcrumb"},"inLanguage":"nb-NO","potentialAction":[{"@type":"ReadAction","target":["https:\/\/loop-of-light.com\/start-here\/"]}]},{"@type":"ImageObject","inLanguage":"nb-NO","@id":"https:\/\/loop-of-light.com\/start-here\/#primaryimage","url":"https:\/\/loop-of-light.com\/wp-content\/uploads\/2025\/07\/20250502_084735047_iOS-768x1024.webp","contentUrl":"https:\/\/loop-of-light.com\/wp-content\/uploads\/2025\/07\/20250502_084735047_iOS-768x1024.webp"},{"@type":"BreadcrumbList","@id":"https:\/\/loop-of-light.com\/start-here\/#breadcrumb","itemListElement":[{"@type":"ListItem","position":1,"name":"Home","item":"https:\/\/loop-of-light.com\/"},{"@type":"ListItem","position":2,"name":"Start here &#8211; get to know Loop of Light"}]},{"@type":"WebSite","@id":"https:\/\/loop-of-light.com\/#website","url":"https:\/\/loop-of-light.com\/","name":"Loop-of-light.com","description":"Creativity with calm","publisher":{"@id":"https:\/\/loop-of-light.com\/#\/schema\/person\/c0a33ff135d2d321a191176e6446ead9"},"potentialAction":[{"@type":"SearchAction","target":{"@type":"EntryPoint","urlTemplate":"https:\/\/loop-of-light.com\/?s={search_term_string}"},"query-input":{"@type":"PropertyValueSpecification","valueRequired":true,"valueName":"search_term_string"}}],"inLanguage":"nb-NO"},{"@type":["Person","Organization"],"@id":"https:\/\/loop-of-light.com\/#\/schema\/person\/c0a33ff135d2d321a191176e6446ead9","name":"Bente","image":{"@type":"ImageObject","inLanguage":"nb-NO","@id":"https:\/\/i0.wp.com\/loop-of-light.com\/wp-content\/uploads\/2025\/06\/cropped-logo-1.webp?fit=512%2C512&ssl=1","url":"https:\/\/i0.wp.com\/loop-of-light.com\/wp-content\/uploads\/2025\/06\/cropped-logo-1.webp?fit=512%2C512&ssl=1","contentUrl":"https:\/\/i0.wp.com\/loop-of-light.com\/wp-content\/uploads\/2025\/06\/cropped-logo-1.webp?fit=512%2C512&ssl=1","width":512,"height":512,"caption":"Bente"},"logo":{"@id":"https:\/\/i0.wp.com\/loop-of-light.com\/wp-content\/uploads\/2025\/06\/cropped-logo-1.webp?fit=512%2C512&ssl=1"},"sameAs":["http:\/\/loop-of-light.com","https:\/\/www.facebook.com\/profile.php?id=61575882834639","https:\/\/www.instagram.com\/skaperglede_med_hvilepuls\/","https:\/\/no.pinterest.com\/Loopoflight\/?actingBusinessId=305893137098757733"]}]}},"jetpack_sharing_enabled":true,"_links":{"self":[{"href":"https:\/\/loop-of-light.com\/nb\/wp-json\/wp\/v2\/pages\/2579","targetHints":{"allow":["GET"]}}],"collection":[{"href":"https:\/\/loop-of-light.com\/nb\/wp-json\/wp\/v2\/pages"}],"about":[{"href":"https:\/\/loop-of-light.com\/nb\/wp-json\/wp\/v2\/types\/page"}],"author":[{"embeddable":true,"href":"https:\/\/loop-of-light.com\/nb\/wp-json\/wp\/v2\/users\/1"}],"replies":[{"embeddable":true,"href":"https:\/\/loop-of-light.com\/nb\/wp-json\/wp\/v2\/comments?post=2579"}],"version-history":[{"count":3,"href":"https:\/\/loop-of-light.com\/nb\/wp-json\/wp\/v2\/pages\/2579\/revisions"}],"predecessor-version":[{"id":2950,"href":"https:\/\/loop-of-light.com\/nb\/wp-json\/wp\/v2\/pages\/2579\/revisions\/2950"}],"wp:attachment":[{"href":"https:\/\/loop-of-light.com\/nb\/wp-json\/wp\/v2\/media?parent=2579"}],"curies":[{"name":"wp","href":"https:\/\/api.w.org\/{rel}","templated":true}]}}