{"id":2506,"date":"2025-07-18T23:19:19","date_gmt":"2025-07-18T23:19:19","guid":{"rendered":"https:\/\/loop-of-light.com\/?page_id=2506"},"modified":"2025-07-24T16:41:09","modified_gmt":"2025-07-24T16:41:09","slug":"faq","status":"publish","type":"page","link":"https:\/\/loop-of-light.com\/nb\/faq\/","title":{"rendered":"FAQ &#8211; Frequently Asked Questions"},"content":{"rendered":"<h3 class=\"wp-block-heading\">This is where you learn about Loop of Light. <\/h3>\n\n\n\n<p class=\"\"><\/p>\n\n\n\n<p class=\"\">Find out <strong>Hven vi er<\/strong>, <strong>Hva vi tilbyr<\/strong>, for<strong> hvem<\/strong> and <strong>hvorfor<\/strong>.<br>Get your questions answered. Send us an e-mail if there is something that hasn&#8217;t been answered.<\/p>\n\n\n\n<div class=\"nfd-container nfd-p-lg  nfd-wb-faq__faq-7 is-style-nfd-theme-light wp-block-group has-theme-palette-5-background-color has-background nfd-bg-effect-dots is-layout-constrained wp-block-group-is-layout-constrained\">\n<div class=\"is-style-nfd-theme-white wp-block-group has-theme-palette-7-color has-theme-palette-7-background-color has-text-color has-background has-link-color nfd-bg-effect-lines-2 wp-elements-71755cf76c04d128e0e102c5f52c227d is-layout-constrained wp-container-core-group-is-layout-76880bb7 wp-block-group-is-layout-constrained\">\n<details class=\"nfd-text-md nfd-p-card-sm nfd-rounded nfd-text-contrast nfd-shadow-xs wp-block-details has-border-color has-theme-palette-5-border-color has-theme-palette-3-color has-base-background-color has-text-color has-background has-link-color wp-elements-cefb7ffd1948e50463ca299f0781cae3 is-layout-flow wp-block-details-is-layout-flow\" style=\"border-width:2px;font-style:normal;font-weight:500\"><summary><strong>1. Hvem er du - og hvorfor b\u00f8r jeg f\u00f8lge deg?<\/strong><\/summary>\n<p class=\"nfd-text-base nfd-text-faded\" style=\"margin-top:var(--wp--preset--spacing--10);font-style:normal;font-weight:400\">I&#8217;m Bente \u2013 not perfect, not polished, often overwhelmed. I live with chronic illness and fatigue, and I\u2019ve found healing in creating slowly, loop by loop. Loop of Light is my gift to you. It is a quiet invitation to rest. Reconnect and feel seen through yarn, journaling and mindful presence.<\/p>\n<\/details>\n\n\n\n<details class=\"nfd-text-md nfd-p-card-sm nfd-rounded nfd-text-contrast nfd-shadow-xs wp-block-details has-border-color has-theme-palette-5-border-color has-theme-palette-4-color has-base-background-color has-text-color has-background has-link-color wp-elements-4814cb6f2bc2dda5596af0dc138c2c19 is-layout-flow wp-block-details-is-layout-flow\" style=\"border-width:2px;font-style:normal;font-weight:500\"><summary><strong>2. Hva er Loop of Light?<\/strong><\/summary>\n<p class=\"nfd-text-base nfd-text-faded\" style=\"margin-top:var(--wp--preset--spacing--10);font-style:normal;font-weight:400\">Loop of Light er et vennlig \u00f8kosystem bygget av tre deler:<\/p>\n\n\n\n<ul class=\"wp-block-list\">\n<li class=\"\"><strong>Loop by Loop<\/strong> - hekleoppskrifter og garn inspirasjon<\/li>\n\n\n\n<li class=\"\"><strong>Light Within<\/strong> - utskriftbare dagb\u00f8ker, refleksjoner, e-b\u00f8ker og verkt\u00f8y for egenomsorg.<\/li>\n\n\n\n<li class=\"\"><strong>An\u00e9a<\/strong> - en myk KI assistent som hjelper med hekling, ro og klarhet.<\/li>\n<\/ul>\n\n\n\n<p class=\"nfd-text-base nfd-text-faded\" style=\"margin-top:var(--wp--preset--spacing--10);font-style:normal;font-weight:400\">Sammen, st\u00f8tter du deg i<strong> gj\u00f8r om tiden med garn til din dyrebare egentid<\/strong>.<\/p>\n<\/details>\n\n\n\n<details class=\"nfd-text-md nfd-p-card-sm nfd-rounded nfd-text-contrast nfd-shadow-xs wp-block-details has-border-color has-theme-palette-5-border-color has-theme-palette-4-color has-base-background-color has-text-color has-background has-link-color wp-elements-e338d85741b6c4e33175436ace3b9fed is-layout-flow wp-block-details-is-layout-flow\" style=\"border-width:2px;font-style:normal;font-weight:500\"><summary><strong>3. I&#8217;m tired and can&#8217;t focus. Can this really help me?<\/strong><\/summary>\n<p class=\"nfd-text-base nfd-text-faded\" style=\"margin-top:var(--wp--preset--spacing--10);font-style:normal;font-weight:400\">Ja. Alt her er laget for rolige dager, vonde hender, rotete hoder og slitte hjerter. Du trenger ikke \u00e5 fullf\u00f8re noe. Bare m\u00f8t opp - en l\u00f8kke, et pust - det er nok.<\/p>\n<\/details>\n\n\n\n<details class=\"nfd-text-md nfd-p-card-sm nfd-rounded nfd-text-contrast nfd-shadow-xs wp-block-details has-border-color has-theme-palette-5-border-color has-theme-palette-5-color has-base-background-color has-text-color has-background has-link-color wp-elements-154e6b87e2d63ad77c7e06b756268cd3 is-layout-flow wp-block-details-is-layout-flow\" style=\"border-width:3px;font-style:normal;font-weight:500\"><summary><strong>4. M\u00e5 jeg v\u00e6re god til \u00e5 hekle for \u00e5 v\u00e6re med?<\/strong><\/summary>\n<p class=\"nfd-text-base nfd-text-faded\" style=\"margin-top:var(--wp--preset--spacing--10);font-style:normal;font-weight:400\">Ikke i det hele tatt. Noen m\u00f8nster er nybegynnervennlig. Mengden oppskrifter vil \u00f8ke. Noen av oppskriftene er meditative for erfarne hender. Loop of Light er ikke om \u00e5 v\u00e6re rask eller dyktig - det er om \u00e5 f\u00f8le seg rolig p\u00e5 p\u00e5koblet mens du skaper.<\/p>\n<\/details>\n\n\n\n<details class=\"nfd-text-md nfd-p-card-sm nfd-rounded nfd-text-contrast nfd-shadow-xs wp-block-details has-border-color has-theme-palette-5-border-color has-theme-palette-5-color has-base-background-color has-text-color has-background has-link-color wp-elements-30e2818af8fc1882c04371d645cd0038 is-layout-flow wp-block-details-is-layout-flow\" style=\"border-width:2px;font-style:normal;font-weight:500\"><summary><strong>5, Hva kan jeg forvente av dagobken \"En rolig stund\"P<\/strong><\/summary>\n<p class=\"nfd-text-base nfd-text-faded\" style=\"margin-top:var(--wp--preset--spacing--10);font-style:normal;font-weight:400\">En utskriftbar7 dagers dagbok med rolige oppgaver som inviterer til refleksjon, hvilke og vennlig kreativitet. Det handler ikke om \u00e5 fikse deg - det er her for \u00e5 hjelpe deg \u00e5 lytte innover og puste.<\/p>\n<\/details>\n\n\n\n<details class=\"nfd-text-md nfd-p-card-sm nfd-rounded nfd-text-contrast nfd-shadow-xs wp-block-details has-border-color has-theme-palette-5-border-color has-theme-palette-5-color has-base-background-color has-text-color has-background has-link-color wp-elements-b7c62c94ef7fdac6e96cfeb864efc117 is-layout-flow wp-block-details-is-layout-flow\" style=\"border-width:2px;font-style:normal;font-weight:500\"><summary><strong><strong>6. Hvem er An\u00e9a - og hvordan kan jeg bruke henne?<\/strong><\/strong><\/summary>\n<p class=\"nfd-text-base nfd-text-faded\" style=\"margin-top:var(--wp--preset--spacing--10);font-style:normal;font-weight:400\">An\u00e9a er din tilstedev\u00e6rende garnvenn - en tilpasset GPT assistent, bygget for \u00e5 m\u00f8te deg der du er. Du kan sp\u00f8rre henne om hva som helst hekling, strikking, m\u00f8nster, egenomsorg eller fokus. Hun svarer sp\u00f8rsm\u00e5lene dine i en rolig tone p\u00e5 engelsk eller norsk, uten press eller ford\u00f8mmelse. Hun er alltid tilgjengelig for \u00e5 st\u00f8tte din vennlige prosess.<\/p>\n<\/details>\n\n\n\n<details class=\"nfd-text-md nfd-p-card-sm nfd-rounded nfd-text-contrast nfd-shadow-xs wp-block-details has-border-color has-theme-palette-5-border-color has-theme-palette-5-color has-base-background-color has-text-color has-background has-link-color wp-elements-944a4fb3ba710bbba24cceddc1730111 is-layout-flow wp-block-details-is-layout-flow\" style=\"border-width:2px;font-style:normal;font-weight:500\"><summary><strong><strong>7. Hvordan starter jeg?<\/strong><\/strong><\/summary>\n<p class=\"nfd-text-base nfd-text-faded\" style=\"margin-top:var(--wp--preset--spacing--10);font-style:normal;font-weight:400\">Start her:<\/p>\n\n\n\n<ol start=\"1\" class=\"wp-block-list\">\n<li class=\"\">Last ned din gratis dagbok - <em>En Rolig Stund<\/em><\/li>\n\n\n\n<li class=\"\">Velg et beroligende m\u00f8nster fra <em>Loop by Loop<\/em><\/li>\n\n\n\n<li class=\"\">Si hei til An\u00e8a dersom du \u00f8nsker en liten veiledning eller varme.<\/li>\n<\/ol>\n\n\n\n<p class=\"nfd-text-base nfd-text-faded\" style=\"margin-top:var(--wp--preset--spacing--10);font-style:normal;font-weight:400\">Dette er alt du trenger. En rolig start.<\/p>\n<\/details>\n\n\n\n<details class=\"nfd-text-md nfd-p-card-sm nfd-rounded nfd-text-contrast nfd-shadow-xs wp-block-details has-border-color has-theme-palette-5-border-color has-theme-palette-5-color has-base-background-color has-text-color has-background has-link-color wp-elements-36c03039713ac94daf906e96657aa82f is-layout-flow wp-block-details-is-layout-flow\" style=\"border-width:2px;font-style:normal;font-weight:500\"><summary><strong><strong>8. Er det gratis?<\/strong><\/strong><\/summary>\n<p class=\"nfd-text-base nfd-text-faded\" style=\"margin-top:var(--wp--preset--spacing--10);font-style:normal;font-weight:400\">Yes \u2013 almost everything is free or &#8220;pay what you wish.&#8221; I believe support should be accessible. If you\u2019d like to support the work, you can make a small contribution on Gumroad. Alternatively, you can share with a friend who needs it. There will be services in the future with a cost. Nonetheless, the basic content is planned to stay free or with a low cost. <\/p>\n<\/details>\n\n\n\n<details class=\"nfd-text-md nfd-p-card-sm nfd-rounded nfd-text-contrast nfd-shadow-xs wp-block-details has-border-color has-theme-palette-5-border-color has-theme-palette-5-color has-base-background-color has-text-color has-background has-link-color wp-elements-977e266b01adb4a9ab2e4935e457c780 is-layout-flow wp-block-details-is-layout-flow\" style=\"border-width:2px;font-style:normal;font-weight:500\"><summary><strong><strong>9. Can I contact you directly?<\/strong><\/strong><\/summary>\n<p class=\"nfd-text-base nfd-text-faded has-theme-palette-5-color has-text-color has-link-color wp-elements-6417b2f14ae0d607a9672298d4317094\" style=\"margin-top:var(--wp--preset--spacing--10);font-style:normal;font-weight:400\">Ja, jeg vil gjerne h\u00f8re fra deg, Du kan sende meg e-post p\u00e5 <a><strong>post@loop-of-light.com<\/strong><\/a>Jeg leser hver melding - ok svarer n\u00e5r jeg har anledning<\/p>\n<\/details>\n<\/div>\n\n\n\n<hr class=\"wp-block-separator has-alpha-channel-opacity\"\/>\n\n\n\n<p class=\"has-text-align-center has-theme-palette-9-color has-text-color has-link-color wp-elements-73fee5e325b2ec52fcd1dfc547d6f4e5\">Du er velkommen - akkurat slik du er.<br>\u2013 Bente \u2728<\/p>\n<\/div>","protected":false},"excerpt":{"rendered":"<p>This is where you learn about Loop of Light. Find out who we are, what we offer, for who and&#8230;<\/p>","protected":false},"author":1,"featured_media":0,"parent":0,"menu_order":0,"comment_status":"closed","ping_status":"closed","template":"","meta":{"nf_dc_page":"","om_disable_all_campaigns":false,"_monsterinsights_skip_tracking":false,"_monsterinsights_sitenote_active":false,"_monsterinsights_sitenote_note":"","_monsterinsights_sitenote_category":0,"_kadence_starter_templates_imported_post":false,"_kad_post_transparent":"","_kad_post_title":"","_kad_post_layout":"","_kad_post_sidebar_id":"","_kad_post_content_style":"","_kad_post_vertical_padding":"","_kad_post_feature":"","_kad_post_feature_position":"","_kad_post_header":false,"_kad_post_footer":false,"_kad_post_classname":"","footnotes":""},"class_list":["post-2506","page","type-page","status-publish","hentry"],"yoast_head":"<!-- This site is optimized with the Yoast SEO Premium plugin v27.1 (Yoast SEO v27.4) - https:\/\/yoast.com\/product\/yoast-seo-premium-wordpress\/ -->\n<title>FAQ - Frequently Asked Questions - Loop of Light<\/title>\n<meta name=\"description\" content=\"Answers to questions. Learn about mindful crochet, downloads, An\u00e9a the AI assistant, and how to start your journey with yarn and rest.\" \/>\n<meta name=\"robots\" content=\"index, follow, max-snippet:-1, max-image-preview:large, max-video-preview:-1\" \/>\n<link rel=\"canonical\" href=\"https:\/\/loop-of-light.com\/nb\/faq\/\" \/>\n<meta property=\"og:locale\" content=\"nb_NO\" \/>\n<meta property=\"og:type\" content=\"article\" \/>\n<meta property=\"og:title\" content=\"FAQ - Frequently Asked Questions\" \/>\n<meta property=\"og:description\" content=\"Answers to questions. Learn about mindful crochet, downloads, An\u00e9a the AI assistant, and how to start your journey with yarn and rest.\" \/>\n<meta property=\"og:url\" content=\"https:\/\/loop-of-light.com\/nb\/faq\/\" \/>\n<meta property=\"og:site_name\" content=\"Loop of Light\" \/>\n<meta property=\"article:publisher\" content=\"https:\/\/www.facebook.com\/profile.php?id=61575882834639\" \/>\n<meta property=\"article:modified_time\" content=\"2025-07-24T16:41:09+00:00\" \/>\n<meta name=\"twitter:card\" content=\"summary_large_image\" \/>\n<meta name=\"twitter:label1\" content=\"Ansl. lesetid\" \/>\n\t<meta name=\"twitter:data1\" content=\"3 minutter\" \/>\n<script type=\"application\/ld+json\" class=\"yoast-schema-graph\">{\"@context\":\"https:\\\/\\\/schema.org\",\"@graph\":[{\"@type\":\"WebPage\",\"@id\":\"https:\\\/\\\/loop-of-light.com\\\/faq\\\/\",\"url\":\"https:\\\/\\\/loop-of-light.com\\\/faq\\\/\",\"name\":\"FAQ - Frequently Asked Questions - Loop of Light\",\"isPartOf\":{\"@id\":\"https:\\\/\\\/loop-of-light.com\\\/#website\"},\"datePublished\":\"2025-07-18T23:19:19+00:00\",\"dateModified\":\"2025-07-24T16:41:09+00:00\",\"description\":\"Answers to questions. Learn about mindful crochet, downloads, An\u00e9a the AI assistant, and how to start your journey with yarn and rest.\",\"breadcrumb\":{\"@id\":\"https:\\\/\\\/loop-of-light.com\\\/faq\\\/#breadcrumb\"},\"inLanguage\":\"nb-NO\",\"potentialAction\":[{\"@type\":\"ReadAction\",\"target\":[\"https:\\\/\\\/loop-of-light.com\\\/faq\\\/\"]}]},{\"@type\":\"BreadcrumbList\",\"@id\":\"https:\\\/\\\/loop-of-light.com\\\/faq\\\/#breadcrumb\",\"itemListElement\":[{\"@type\":\"ListItem\",\"position\":1,\"name\":\"Home\",\"item\":\"https:\\\/\\\/loop-of-light.com\\\/\"},{\"@type\":\"ListItem\",\"position\":2,\"name\":\"FAQ &#8211; Frequently Asked Questions\"}]},{\"@type\":\"WebSite\",\"@id\":\"https:\\\/\\\/loop-of-light.com\\\/#website\",\"url\":\"https:\\\/\\\/loop-of-light.com\\\/\",\"name\":\"Loop-of-light.com\",\"description\":\"Creativity with calm\",\"publisher\":{\"@id\":\"https:\\\/\\\/loop-of-light.com\\\/#\\\/schema\\\/person\\\/c0a33ff135d2d321a191176e6446ead9\"},\"potentialAction\":[{\"@type\":\"SearchAction\",\"target\":{\"@type\":\"EntryPoint\",\"urlTemplate\":\"https:\\\/\\\/loop-of-light.com\\\/?s={search_term_string}\"},\"query-input\":{\"@type\":\"PropertyValueSpecification\",\"valueRequired\":true,\"valueName\":\"search_term_string\"}}],\"inLanguage\":\"nb-NO\"},{\"@type\":[\"Person\",\"Organization\"],\"@id\":\"https:\\\/\\\/loop-of-light.com\\\/#\\\/schema\\\/person\\\/c0a33ff135d2d321a191176e6446ead9\",\"name\":\"Bente\",\"image\":{\"@type\":\"ImageObject\",\"inLanguage\":\"nb-NO\",\"@id\":\"https:\\\/\\\/i0.wp.com\\\/loop-of-light.com\\\/wp-content\\\/uploads\\\/2025\\\/06\\\/cropped-logo-1.webp?fit=512%2C512&ssl=1\",\"url\":\"https:\\\/\\\/i0.wp.com\\\/loop-of-light.com\\\/wp-content\\\/uploads\\\/2025\\\/06\\\/cropped-logo-1.webp?fit=512%2C512&ssl=1\",\"contentUrl\":\"https:\\\/\\\/i0.wp.com\\\/loop-of-light.com\\\/wp-content\\\/uploads\\\/2025\\\/06\\\/cropped-logo-1.webp?fit=512%2C512&ssl=1\",\"width\":512,\"height\":512,\"caption\":\"Bente\"},\"logo\":{\"@id\":\"https:\\\/\\\/i0.wp.com\\\/loop-of-light.com\\\/wp-content\\\/uploads\\\/2025\\\/06\\\/cropped-logo-1.webp?fit=512%2C512&ssl=1\"},\"sameAs\":[\"http:\\\/\\\/loop-of-light.com\",\"https:\\\/\\\/www.facebook.com\\\/profile.php?id=61575882834639\",\"https:\\\/\\\/www.instagram.com\\\/skaperglede_med_hvilepuls\\\/\",\"https:\\\/\\\/no.pinterest.com\\\/Loopoflight\\\/?actingBusinessId=305893137098757733\"]}]}<\/script>\n<!-- \/ Yoast SEO Premium plugin. -->","yoast_head_json":{"title":"FAQ - Frequently Asked Questions - Loop of Light","description":"Answers to questions. Learn about mindful crochet, downloads, An\u00e9a the AI assistant, and how to start your journey with yarn and rest.","robots":{"index":"index","follow":"follow","max-snippet":"max-snippet:-1","max-image-preview":"max-image-preview:large","max-video-preview":"max-video-preview:-1"},"canonical":"https:\/\/loop-of-light.com\/nb\/faq\/","og_locale":"nb_NO","og_type":"article","og_title":"FAQ - Frequently Asked Questions","og_description":"Answers to questions. Learn about mindful crochet, downloads, An\u00e9a the AI assistant, and how to start your journey with yarn and rest.","og_url":"https:\/\/loop-of-light.com\/nb\/faq\/","og_site_name":"Loop of Light","article_publisher":"https:\/\/www.facebook.com\/profile.php?id=61575882834639","article_modified_time":"2025-07-24T16:41:09+00:00","twitter_card":"summary_large_image","twitter_misc":{"Ansl. lesetid":"3 minutter"},"schema":{"@context":"https:\/\/schema.org","@graph":[{"@type":"WebPage","@id":"https:\/\/loop-of-light.com\/faq\/","url":"https:\/\/loop-of-light.com\/faq\/","name":"FAQ - Frequently Asked Questions - Loop of Light","isPartOf":{"@id":"https:\/\/loop-of-light.com\/#website"},"datePublished":"2025-07-18T23:19:19+00:00","dateModified":"2025-07-24T16:41:09+00:00","description":"Answers to questions. Learn about mindful crochet, downloads, An\u00e9a the AI assistant, and how to start your journey with yarn and rest.","breadcrumb":{"@id":"https:\/\/loop-of-light.com\/faq\/#breadcrumb"},"inLanguage":"nb-NO","potentialAction":[{"@type":"ReadAction","target":["https:\/\/loop-of-light.com\/faq\/"]}]},{"@type":"BreadcrumbList","@id":"https:\/\/loop-of-light.com\/faq\/#breadcrumb","itemListElement":[{"@type":"ListItem","position":1,"name":"Home","item":"https:\/\/loop-of-light.com\/"},{"@type":"ListItem","position":2,"name":"FAQ &#8211; Frequently Asked Questions"}]},{"@type":"WebSite","@id":"https:\/\/loop-of-light.com\/#website","url":"https:\/\/loop-of-light.com\/","name":"Loop-of-light.com","description":"Creativity with calm","publisher":{"@id":"https:\/\/loop-of-light.com\/#\/schema\/person\/c0a33ff135d2d321a191176e6446ead9"},"potentialAction":[{"@type":"SearchAction","target":{"@type":"EntryPoint","urlTemplate":"https:\/\/loop-of-light.com\/?s={search_term_string}"},"query-input":{"@type":"PropertyValueSpecification","valueRequired":true,"valueName":"search_term_string"}}],"inLanguage":"nb-NO"},{"@type":["Person","Organization"],"@id":"https:\/\/loop-of-light.com\/#\/schema\/person\/c0a33ff135d2d321a191176e6446ead9","name":"Bente","image":{"@type":"ImageObject","inLanguage":"nb-NO","@id":"https:\/\/i0.wp.com\/loop-of-light.com\/wp-content\/uploads\/2025\/06\/cropped-logo-1.webp?fit=512%2C512&ssl=1","url":"https:\/\/i0.wp.com\/loop-of-light.com\/wp-content\/uploads\/2025\/06\/cropped-logo-1.webp?fit=512%2C512&ssl=1","contentUrl":"https:\/\/i0.wp.com\/loop-of-light.com\/wp-content\/uploads\/2025\/06\/cropped-logo-1.webp?fit=512%2C512&ssl=1","width":512,"height":512,"caption":"Bente"},"logo":{"@id":"https:\/\/i0.wp.com\/loop-of-light.com\/wp-content\/uploads\/2025\/06\/cropped-logo-1.webp?fit=512%2C512&ssl=1"},"sameAs":["http:\/\/loop-of-light.com","https:\/\/www.facebook.com\/profile.php?id=61575882834639","https:\/\/www.instagram.com\/skaperglede_med_hvilepuls\/","https:\/\/no.pinterest.com\/Loopoflight\/?actingBusinessId=305893137098757733"]}]}},"jetpack_sharing_enabled":true,"_links":{"self":[{"href":"https:\/\/loop-of-light.com\/nb\/wp-json\/wp\/v2\/pages\/2506","targetHints":{"allow":["GET"]}}],"collection":[{"href":"https:\/\/loop-of-light.com\/nb\/wp-json\/wp\/v2\/pages"}],"about":[{"href":"https:\/\/loop-of-light.com\/nb\/wp-json\/wp\/v2\/types\/page"}],"author":[{"embeddable":true,"href":"https:\/\/loop-of-light.com\/nb\/wp-json\/wp\/v2\/users\/1"}],"replies":[{"embeddable":true,"href":"https:\/\/loop-of-light.com\/nb\/wp-json\/wp\/v2\/comments?post=2506"}],"version-history":[{"count":0,"href":"https:\/\/loop-of-light.com\/nb\/wp-json\/wp\/v2\/pages\/2506\/revisions"}],"wp:attachment":[{"href":"https:\/\/loop-of-light.com\/nb\/wp-json\/wp\/v2\/media?parent=2506"}],"curies":[{"name":"wp","href":"https:\/\/api.w.org\/{rel}","templated":true}]}}