{"id":2290,"date":"2025-07-12T21:01:57","date_gmt":"2025-07-12T21:01:57","guid":{"rendered":"https:\/\/loop-of-light.com\/?page_id=2290"},"modified":"2025-08-19T13:35:20","modified_gmt":"2025-08-19T13:35:20","slug":"yarn-guide","status":"publish","type":"page","link":"https:\/\/loop-of-light.com\/nb\/yarn-guide\/","title":{"rendered":"\ud83c\udf38Garnguiden din - Din mindfulle garn assistent"},"content":{"rendered":"<h2 class=\"wp-block-heading has-theme-palette-2-color has-text-color has-link-color wp-elements-2e65eb0878618be2efa9971345dc1882\"><em><strong>Oppdag din varsomme st\u00f8tte for hekle- og strikke\u00f8yeblikk.<br><\/strong><\/em><\/h2>\n\n\n\n\n\n<div class=\"wp-block-group is-content-justification-center is-nowrap is-layout-flex wp-container-core-group-is-layout-94bc23d7 wp-block-group-is-layout-flex\">\n<figure class=\"is-style-rounded wp-block-image size-full is-resized has-custom-border\" style=\"margin-right:0;margin-left:0\"><img data-recalc-dims=\"1\" loading=\"lazy\" decoding=\"async\" width=\"320\" height=\"320\" src=\"https:\/\/i0.wp.com\/loop-of-light.com\/wp-content\/uploads\/2025\/08\/Beige-Abstract-Watercolor-Instagram-Profile-Picture-1.webp?resize=320%2C320&#038;ssl=1\" alt=\"A picture of a AI- robot guide. She is holding a pink yarn.\" class=\"wp-image-2735\" style=\"border-width:3px;border-radius:58px;width:443px;height:auto\" srcset=\"https:\/\/i0.wp.com\/loop-of-light.com\/wp-content\/uploads\/2025\/08\/Beige-Abstract-Watercolor-Instagram-Profile-Picture-1.webp?w=320&amp;ssl=1 320w, https:\/\/i0.wp.com\/loop-of-light.com\/wp-content\/uploads\/2025\/08\/Beige-Abstract-Watercolor-Instagram-Profile-Picture-1.webp?resize=300%2C300&amp;ssl=1 300w, https:\/\/i0.wp.com\/loop-of-light.com\/wp-content\/uploads\/2025\/08\/Beige-Abstract-Watercolor-Instagram-Profile-Picture-1.webp?resize=150%2C150&amp;ssl=1 150w, https:\/\/i0.wp.com\/loop-of-light.com\/wp-content\/uploads\/2025\/08\/Beige-Abstract-Watercolor-Instagram-Profile-Picture-1.webp?resize=12%2C12&amp;ssl=1 12w\" sizes=\"auto, (max-width: 320px) 100vw, 320px\" \/><\/figure>\n<\/div>\n\n\n\n<hr class=\"wp-block-separator has-alpha-channel-opacity\"\/>\n\n\n\n<h2 class=\"wp-block-heading\"><strong>Hva er Garnguiden?<\/strong><\/h2>\n\n\n\n<p class=\"\">Garnguiden er en vennlig og st\u00f8ttende KI assistent. Den er designet for \u00e5 hjelpe deg med \u00e5 endre garntiden sin til egenomsorgstid.<\/p>\n\n\n\n<p class=\"\">Uavhengig av om du f\u00f8ler deg overveldet eller s\u00f8ker ro er Garnguiden her. Den tilbyr hjelp til \u00e5 velge ditt neste prosjekt, oppmuntring, kreative tios og fredlig st\u00f8tte.<\/p>\n\n\n\n<p class=\"\">Du kan sp\u00f8rre henne om:<\/p>\n\n\n\n<ul class=\"wp-block-list\">\n<li class=\"\">Beroligende prosjekter til \u00e5 hekle eller strikke.<\/li>\n\n\n\n<li class=\"\">Klare og vennlige forklaringer av masker og teknikker.<\/li>\n\n\n\n<li class=\"\">Tips til hvordan du kan bruke garnet du har liggende med en tilstedev\u00e6rende tiln\u00e6rming.<\/li>\n\n\n\n<li class=\"\">P\u00e5minnelser om \u00e5 pause, puste og nyte prosessen.<\/li>\n<\/ul>\n\n\n\n<hr class=\"wp-block-separator has-alpha-channel-opacity\"\/>\n\n\n\n<h2 class=\"wp-block-heading\"><strong>\ud83d\udc8cHvordan f\u00e5 tilgang<\/strong><\/h2>\n\n\n\n<p class=\"\">Meld deg p\u00e5 for \u00e5 f\u00e5 <em>Loop of Light<\/em> nyhetsbrevet ved \u00e5 bruke skjemaet under.<br>Etter \u00e5 ha meldt deg p\u00e5, vil du motta:<\/p>\n\n\n\n<ul class=\"wp-block-list\">\n<li class=\"\">umiddelbar tilgang til <em>Garnguiden din<\/em><\/li>\n\n\n\n<li class=\"\">Samt en m\u00e5nedlig dose mild inspirasjon, vennlig refleksjoner og gratis kreative ressurser.<\/li>\n<\/ul>\n\n\n\n<p class=\"\">\ud83c\udf3fLa garnet ditt praktisere for \u00e5 gi et \u00f8yeblikk av ro og glede - med st\u00f8tte uten press.<\/p>\n\n\n\n<blockquote class=\"wp-block-quote is-layout-flow wp-block-quote-is-layout-flow\">\n<p class=\"\">\u2728 <em>Hun snakker b\u00e5de engelsk og norsk - skriv eller snakk til henne p\u00e5 det spr\u00e5ket du \u00f8nsker.<\/em><\/p>\n<\/blockquote>\n\n\n\n<hr class=\"wp-block-separator has-alpha-channel-opacity\"\/>\n\n\n\n<h3 class=\"wp-block-heading\"><strong>\ud83d\udce9Meld deg p\u00e5 her<\/strong><\/h3>\n\n\n\n\n<div class=\"ml-embedded\" data-form=\"wXfnlC\"><\/div>\n\n\n\n<hr class=\"wp-block-separator has-alpha-channel-opacity\"\/>\n\n\n\n<h3 class=\"wp-block-heading\"><strong><strong>\ud83c\udf10 Hvordan bruke Garnguiden din<\/strong><\/strong><\/h3>\n\n\n\n<p class=\"\">Garnguiden er tilgjengelig via ChatGPT - og du tremger bare \u00e5 <strong>gratis konto<\/strong> \u00e5 bruke her:<\/p>\n\n\n\n<p class=\"\"><strong>Hvordan det fungerer<\/strong><\/p>\n\n\n\n<ol class=\"wp-block-list\">\n<li class=\"\">Klikk p\u00e5 knappen du mottar n\u00e5r du har meldt deg p\u00e5 nyhetsbrevet v\u00e5rt under. Denne knappen \u00e5oner An\u00e9a i ChatGPT.<\/li>\n\n\n\n<li class=\"\">Dersom du ikke har en ChatGPT enda, kan du lage deg en gratis konto.<\/li>\n\n\n\n<li class=\"\">Start \u00e5 snakke\/skrive med henne. Huner klar til \u00e5 hjelpe med ro, hekling og klarhet \ud83d\udcab<\/li>\n<\/ol>\n\n\n\n<p class=\"\"><strong>Husk:\n\nSnakk til henne slik du ville snakket til en venn. ChatGPT tillater deg ogs\u00e5 \u00e5 snakke via mikrofonen p\u00e5 pcen\/telefonen din dersom du foretrekker dette i steden for \u00e5 skrive.<\/strong>:<\/p>\n\n\n\n<ul class=\"wp-block-list\">\n<li class=\"\">Talk to her as you would talk to a friend. ChatGPT allows you also to talk via a microphone if you prefer that over writing. <\/li>\n\n\n\n<li class=\"\">N\u00e5r du \u00e5pner en samtale med henne, f\u00e5r du opp noen forslag til start p\u00e5 samtaler (p\u00e5 engelsk). Du kan likevel starte samtalen akkurat slik du \u00f8nsker. La samtalen utfolde seg akkurat slik det f\u00f8les riktig for deg. <\/li>\n<\/ul>\n\n\n\n<p class=\"\"><strong>Flere eksempler:<\/strong><\/p>\n\n\n\n<ul class=\"wp-block-list\">\n<li class=\"\">Finne fokus og ro f\u00f8r du starter et prosjekt<\/li>\n\n\n\n<li class=\"\">Sm\u00e5 p\u00e5minnelser og \u00e5 sette ned tempoet, puste og lytte innover.<\/li>\n\n\n\n<li class=\"\">Enkel og sk\u00e5nsom gj\u00f8rem\u00e5ls planlegging: \" Hva er viktig i dag?\"<\/li>\n\n\n\n<li class=\"\">Hekle- og strikkesp\u00f8rsm\u00e5l - fra telling av masker til kreative ideer.<\/li>\n\n\n\n<li class=\"\">Organisering av m\u00f8nster og planlegging av dine egne design.<\/li>\n\n\n\n<li class=\"\">St\u00f8tte til mindfulle rutiner, selv p\u00e5 dager med lite energi<\/li>\n\n\n\n<li class=\"\">Dersom du liker bedre stikking enn hekling, hjelper hun ogs\u00e5 gledelig med \u00e5 veilede deg i \u00e5 finne prosjekter og gi deg andre tips relatert til strikking. <\/li>\n<\/ul>\n\n\n\n<hr class=\"wp-block-separator has-alpha-channel-opacity\"\/>\n\n\n\n<h2 class=\"wp-block-heading\">\ud83c\udf3f Forbehold\/ begresninger<\/h2>\n\n\n\n<p class=\"\"><strong>Garnguiden er designet for \u00e5 v\u00e6re en rolig og mindfull vennv- ikke en ekspert med lisens.<\/strong><\/p>\n\n\n\n<p class=\"\">Hver svar du f\u00e5r fra guiden er ment \u00e5 v\u00e6re varnem vennlige og st\u00f8ttende. Uansett, hun er en KI-assistent og ikke en mennesklig ekspert. Svarene hennes blir generert p\u00e5 bakgrunn av m\u00f8nster i spr\u00e5ket og skal ikke bli sett p\u00e5 som juridiske, medisinske eller psykologiske r\u00e5d.<\/p>\n\n\n\n<p class=\"\">Husk \u00e5 alltid bruke din egen d\u00f8mmekraft og konsulter med en kvalifisert profesjonell dersom du er usikker.<\/p>\n\n\n\n<p class=\"\"><em>Loop of Light har ingen ansvar for hvordan Garnguiden sine svar er tolket eller brukt.<\/em><\/p>\n\n\n\n<p class=\"\">\ud83d\udc97 N\u00e5r det er sagt. Vi har gjort v\u00e5rt alle beste. Vi \u00f8nsker at hennes svar skal reflektere Loop of Light sin sjel. Hun skal v\u00e6re snill, respektfull, og pr\u00f8ve \u00e5 tilby st\u00f8tte og motivasjon til dine kreative \u00f8yeblikk.<\/p>\n\n\n\n<p class=\"\"><\/p>","protected":false},"excerpt":{"rendered":"<p>Discover gentle support for your crochet and knitting moments. \u2728 What is The Yarn Guide? The Yarn Guide is a&#8230;<\/p>","protected":false},"author":1,"featured_media":2738,"parent":0,"menu_order":0,"comment_status":"closed","ping_status":"closed","template":"","meta":{"nf_dc_page":"","om_disable_all_campaigns":false,"_monsterinsights_skip_tracking":false,"_monsterinsights_sitenote_active":false,"_monsterinsights_sitenote_note":"","_monsterinsights_sitenote_category":0,"_kadence_starter_templates_imported_post":false,"_kad_post_transparent":"","_kad_post_title":"","_kad_post_layout":"","_kad_post_sidebar_id":"","_kad_post_content_style":"","_kad_post_vertical_padding":"","_kad_post_feature":"","_kad_post_feature_position":"","_kad_post_header":false,"_kad_post_footer":false,"_kad_post_classname":"","footnotes":""},"class_list":["post-2290","page","type-page","status-publish","has-post-thumbnail","hentry"],"yoast_head":"<!-- This site is optimized with the Yoast SEO Premium plugin v27.1 (Yoast SEO v27.4) - https:\/\/yoast.com\/product\/yoast-seo-premium-wordpress\/ -->\n<title>\ud83c\udf38 The Yarn Guide \u2013 your mindful yarn assistant - Loop of Light An\u00e9a \u2013 Your Mindful Crochet Companion - Loop of Light<\/title>\n<meta name=\"description\" content=\"Meet An\u00e9a \u2013 your gentle crochet guide. Ask questions, explore patterns, and receive mindful support from your yarn-loving digital friend\" \/>\n<meta name=\"robots\" content=\"index, follow, max-snippet:-1, max-image-preview:large, max-video-preview:-1\" \/>\n<link rel=\"canonical\" href=\"https:\/\/loop-of-light.com\/nb\/yarn-guide\/\" \/>\n<meta property=\"og:locale\" content=\"nb_NO\" \/>\n<meta property=\"og:type\" content=\"article\" \/>\n<meta property=\"og:title\" content=\"\ud83c\udf38 The Yarn Guide \u2013 your mindful yarn assistant\" \/>\n<meta property=\"og:description\" content=\"Meet An\u00e9a \u2013 your gentle crochet guide. Ask questions, explore patterns, and receive mindful support from your yarn-loving digital friend\" \/>\n<meta property=\"og:url\" content=\"https:\/\/loop-of-light.com\/nb\/yarn-guide\/\" \/>\n<meta property=\"og:site_name\" content=\"Loop of Light\" \/>\n<meta property=\"article:publisher\" content=\"https:\/\/www.facebook.com\/profile.php?id=61575882834639\" \/>\n<meta property=\"article:modified_time\" content=\"2025-08-19T13:35:20+00:00\" \/>\n<meta property=\"og:image\" content=\"https:\/\/loop-of-light.com\/wp-content\/uploads\/2025\/08\/Beige-Abstract-Watercolor-Instagram-Profile-Picture.webp\" \/>\n\t<meta property=\"og:image:width\" content=\"320\" \/>\n\t<meta property=\"og:image:height\" content=\"320\" \/>\n\t<meta property=\"og:image:type\" content=\"image\/webp\" \/>\n<meta name=\"twitter:card\" content=\"summary_large_image\" \/>\n<meta name=\"twitter:label1\" content=\"Ansl. lesetid\" \/>\n\t<meta name=\"twitter:data1\" content=\"3 minutter\" \/>\n<script type=\"application\/ld+json\" class=\"yoast-schema-graph\">{\"@context\":\"https:\\\/\\\/schema.org\",\"@graph\":[{\"@type\":\"WebPage\",\"@id\":\"https:\\\/\\\/loop-of-light.com\\\/yarn-guide\\\/\",\"url\":\"https:\\\/\\\/loop-of-light.com\\\/yarn-guide\\\/\",\"name\":\"\ud83c\udf38 The Yarn Guide \u2013 your mindful yarn assistant - Loop of Light An\u00e9a \u2013 Your Mindful Crochet Companion - Loop of Light\",\"isPartOf\":{\"@id\":\"https:\\\/\\\/loop-of-light.com\\\/#website\"},\"primaryImageOfPage\":{\"@id\":\"https:\\\/\\\/loop-of-light.com\\\/yarn-guide\\\/#primaryimage\"},\"image\":{\"@id\":\"https:\\\/\\\/loop-of-light.com\\\/yarn-guide\\\/#primaryimage\"},\"thumbnailUrl\":\"https:\\\/\\\/i0.wp.com\\\/loop-of-light.com\\\/wp-content\\\/uploads\\\/2025\\\/08\\\/Beige-Abstract-Watercolor-Instagram-Profile-Picture.webp?fit=320%2C320&ssl=1\",\"datePublished\":\"2025-07-12T21:01:57+00:00\",\"dateModified\":\"2025-08-19T13:35:20+00:00\",\"description\":\"Meet An\u00e9a \u2013 your gentle crochet guide. Ask questions, explore patterns, and receive mindful support from your yarn-loving digital friend\",\"breadcrumb\":{\"@id\":\"https:\\\/\\\/loop-of-light.com\\\/yarn-guide\\\/#breadcrumb\"},\"inLanguage\":\"nb-NO\",\"potentialAction\":[{\"@type\":\"ReadAction\",\"target\":[\"https:\\\/\\\/loop-of-light.com\\\/yarn-guide\\\/\"]}]},{\"@type\":\"ImageObject\",\"inLanguage\":\"nb-NO\",\"@id\":\"https:\\\/\\\/loop-of-light.com\\\/yarn-guide\\\/#primaryimage\",\"url\":\"https:\\\/\\\/i0.wp.com\\\/loop-of-light.com\\\/wp-content\\\/uploads\\\/2025\\\/08\\\/Beige-Abstract-Watercolor-Instagram-Profile-Picture.webp?fit=320%2C320&ssl=1\",\"contentUrl\":\"https:\\\/\\\/i0.wp.com\\\/loop-of-light.com\\\/wp-content\\\/uploads\\\/2025\\\/08\\\/Beige-Abstract-Watercolor-Instagram-Profile-Picture.webp?fit=320%2C320&ssl=1\",\"width\":320,\"height\":320,\"caption\":\"A picture of a AI- robot. The is holding a pink yarn\"},{\"@type\":\"BreadcrumbList\",\"@id\":\"https:\\\/\\\/loop-of-light.com\\\/yarn-guide\\\/#breadcrumb\",\"itemListElement\":[{\"@type\":\"ListItem\",\"position\":1,\"name\":\"Home\",\"item\":\"https:\\\/\\\/loop-of-light.com\\\/\"},{\"@type\":\"ListItem\",\"position\":2,\"name\":\"\ud83c\udf38 The Yarn Guide \u2013 your mindful yarn assistant\"}]},{\"@type\":\"WebSite\",\"@id\":\"https:\\\/\\\/loop-of-light.com\\\/#website\",\"url\":\"https:\\\/\\\/loop-of-light.com\\\/\",\"name\":\"Loop-of-light.com\",\"description\":\"Creativity with calm\",\"publisher\":{\"@id\":\"https:\\\/\\\/loop-of-light.com\\\/#\\\/schema\\\/person\\\/c0a33ff135d2d321a191176e6446ead9\"},\"potentialAction\":[{\"@type\":\"SearchAction\",\"target\":{\"@type\":\"EntryPoint\",\"urlTemplate\":\"https:\\\/\\\/loop-of-light.com\\\/?s={search_term_string}\"},\"query-input\":{\"@type\":\"PropertyValueSpecification\",\"valueRequired\":true,\"valueName\":\"search_term_string\"}}],\"inLanguage\":\"nb-NO\"},{\"@type\":[\"Person\",\"Organization\"],\"@id\":\"https:\\\/\\\/loop-of-light.com\\\/#\\\/schema\\\/person\\\/c0a33ff135d2d321a191176e6446ead9\",\"name\":\"Bente\",\"image\":{\"@type\":\"ImageObject\",\"inLanguage\":\"nb-NO\",\"@id\":\"https:\\\/\\\/i0.wp.com\\\/loop-of-light.com\\\/wp-content\\\/uploads\\\/2025\\\/06\\\/cropped-logo-1.webp?fit=512%2C512&ssl=1\",\"url\":\"https:\\\/\\\/i0.wp.com\\\/loop-of-light.com\\\/wp-content\\\/uploads\\\/2025\\\/06\\\/cropped-logo-1.webp?fit=512%2C512&ssl=1\",\"contentUrl\":\"https:\\\/\\\/i0.wp.com\\\/loop-of-light.com\\\/wp-content\\\/uploads\\\/2025\\\/06\\\/cropped-logo-1.webp?fit=512%2C512&ssl=1\",\"width\":512,\"height\":512,\"caption\":\"Bente\"},\"logo\":{\"@id\":\"https:\\\/\\\/i0.wp.com\\\/loop-of-light.com\\\/wp-content\\\/uploads\\\/2025\\\/06\\\/cropped-logo-1.webp?fit=512%2C512&ssl=1\"},\"sameAs\":[\"http:\\\/\\\/loop-of-light.com\",\"https:\\\/\\\/www.facebook.com\\\/profile.php?id=61575882834639\",\"https:\\\/\\\/www.instagram.com\\\/skaperglede_med_hvilepuls\\\/\",\"https:\\\/\\\/no.pinterest.com\\\/Loopoflight\\\/?actingBusinessId=305893137098757733\"]}]}<\/script>\n<!-- \/ Yoast SEO Premium plugin. -->","yoast_head_json":{"title":"\ud83c\udf38 The Yarn Guide \u2013 your mindful yarn assistant - Loop of Light An\u00e9a \u2013 Your Mindful Crochet Companion - Loop of Light","description":"Meet An\u00e9a \u2013 your gentle crochet guide. Ask questions, explore patterns, and receive mindful support from your yarn-loving digital friend","robots":{"index":"index","follow":"follow","max-snippet":"max-snippet:-1","max-image-preview":"max-image-preview:large","max-video-preview":"max-video-preview:-1"},"canonical":"https:\/\/loop-of-light.com\/nb\/yarn-guide\/","og_locale":"nb_NO","og_type":"article","og_title":"\ud83c\udf38 The Yarn Guide \u2013 your mindful yarn assistant","og_description":"Meet An\u00e9a \u2013 your gentle crochet guide. Ask questions, explore patterns, and receive mindful support from your yarn-loving digital friend","og_url":"https:\/\/loop-of-light.com\/nb\/yarn-guide\/","og_site_name":"Loop of Light","article_publisher":"https:\/\/www.facebook.com\/profile.php?id=61575882834639","article_modified_time":"2025-08-19T13:35:20+00:00","og_image":[{"width":320,"height":320,"url":"https:\/\/loop-of-light.com\/wp-content\/uploads\/2025\/08\/Beige-Abstract-Watercolor-Instagram-Profile-Picture.webp","type":"image\/webp"}],"twitter_card":"summary_large_image","twitter_misc":{"Ansl. lesetid":"3 minutter"},"schema":{"@context":"https:\/\/schema.org","@graph":[{"@type":"WebPage","@id":"https:\/\/loop-of-light.com\/yarn-guide\/","url":"https:\/\/loop-of-light.com\/yarn-guide\/","name":"\ud83c\udf38 The Yarn Guide \u2013 your mindful yarn assistant - Loop of Light An\u00e9a \u2013 Your Mindful Crochet Companion - Loop of Light","isPartOf":{"@id":"https:\/\/loop-of-light.com\/#website"},"primaryImageOfPage":{"@id":"https:\/\/loop-of-light.com\/yarn-guide\/#primaryimage"},"image":{"@id":"https:\/\/loop-of-light.com\/yarn-guide\/#primaryimage"},"thumbnailUrl":"https:\/\/i0.wp.com\/loop-of-light.com\/wp-content\/uploads\/2025\/08\/Beige-Abstract-Watercolor-Instagram-Profile-Picture.webp?fit=320%2C320&ssl=1","datePublished":"2025-07-12T21:01:57+00:00","dateModified":"2025-08-19T13:35:20+00:00","description":"Meet An\u00e9a \u2013 your gentle crochet guide. Ask questions, explore patterns, and receive mindful support from your yarn-loving digital friend","breadcrumb":{"@id":"https:\/\/loop-of-light.com\/yarn-guide\/#breadcrumb"},"inLanguage":"nb-NO","potentialAction":[{"@type":"ReadAction","target":["https:\/\/loop-of-light.com\/yarn-guide\/"]}]},{"@type":"ImageObject","inLanguage":"nb-NO","@id":"https:\/\/loop-of-light.com\/yarn-guide\/#primaryimage","url":"https:\/\/i0.wp.com\/loop-of-light.com\/wp-content\/uploads\/2025\/08\/Beige-Abstract-Watercolor-Instagram-Profile-Picture.webp?fit=320%2C320&ssl=1","contentUrl":"https:\/\/i0.wp.com\/loop-of-light.com\/wp-content\/uploads\/2025\/08\/Beige-Abstract-Watercolor-Instagram-Profile-Picture.webp?fit=320%2C320&ssl=1","width":320,"height":320,"caption":"A picture of a AI- robot. The is holding a pink yarn"},{"@type":"BreadcrumbList","@id":"https:\/\/loop-of-light.com\/yarn-guide\/#breadcrumb","itemListElement":[{"@type":"ListItem","position":1,"name":"Home","item":"https:\/\/loop-of-light.com\/"},{"@type":"ListItem","position":2,"name":"\ud83c\udf38 The Yarn Guide \u2013 your mindful yarn assistant"}]},{"@type":"WebSite","@id":"https:\/\/loop-of-light.com\/#website","url":"https:\/\/loop-of-light.com\/","name":"Loop-of-light.com","description":"Creativity with calm","publisher":{"@id":"https:\/\/loop-of-light.com\/#\/schema\/person\/c0a33ff135d2d321a191176e6446ead9"},"potentialAction":[{"@type":"SearchAction","target":{"@type":"EntryPoint","urlTemplate":"https:\/\/loop-of-light.com\/?s={search_term_string}"},"query-input":{"@type":"PropertyValueSpecification","valueRequired":true,"valueName":"search_term_string"}}],"inLanguage":"nb-NO"},{"@type":["Person","Organization"],"@id":"https:\/\/loop-of-light.com\/#\/schema\/person\/c0a33ff135d2d321a191176e6446ead9","name":"Bente","image":{"@type":"ImageObject","inLanguage":"nb-NO","@id":"https:\/\/i0.wp.com\/loop-of-light.com\/wp-content\/uploads\/2025\/06\/cropped-logo-1.webp?fit=512%2C512&ssl=1","url":"https:\/\/i0.wp.com\/loop-of-light.com\/wp-content\/uploads\/2025\/06\/cropped-logo-1.webp?fit=512%2C512&ssl=1","contentUrl":"https:\/\/i0.wp.com\/loop-of-light.com\/wp-content\/uploads\/2025\/06\/cropped-logo-1.webp?fit=512%2C512&ssl=1","width":512,"height":512,"caption":"Bente"},"logo":{"@id":"https:\/\/i0.wp.com\/loop-of-light.com\/wp-content\/uploads\/2025\/06\/cropped-logo-1.webp?fit=512%2C512&ssl=1"},"sameAs":["http:\/\/loop-of-light.com","https:\/\/www.facebook.com\/profile.php?id=61575882834639","https:\/\/www.instagram.com\/skaperglede_med_hvilepuls\/","https:\/\/no.pinterest.com\/Loopoflight\/?actingBusinessId=305893137098757733"]}]}},"jetpack_sharing_enabled":true,"_links":{"self":[{"href":"https:\/\/loop-of-light.com\/nb\/wp-json\/wp\/v2\/pages\/2290","targetHints":{"allow":["GET"]}}],"collection":[{"href":"https:\/\/loop-of-light.com\/nb\/wp-json\/wp\/v2\/pages"}],"about":[{"href":"https:\/\/loop-of-light.com\/nb\/wp-json\/wp\/v2\/types\/page"}],"author":[{"embeddable":true,"href":"https:\/\/loop-of-light.com\/nb\/wp-json\/wp\/v2\/users\/1"}],"replies":[{"embeddable":true,"href":"https:\/\/loop-of-light.com\/nb\/wp-json\/wp\/v2\/comments?post=2290"}],"version-history":[{"count":6,"href":"https:\/\/loop-of-light.com\/nb\/wp-json\/wp\/v2\/pages\/2290\/revisions"}],"predecessor-version":[{"id":2749,"href":"https:\/\/loop-of-light.com\/nb\/wp-json\/wp\/v2\/pages\/2290\/revisions\/2749"}],"wp:featuredmedia":[{"embeddable":true,"href":"https:\/\/loop-of-light.com\/nb\/wp-json\/wp\/v2\/media\/2738"}],"wp:attachment":[{"href":"https:\/\/loop-of-light.com\/nb\/wp-json\/wp\/v2\/media?parent=2290"}],"curies":[{"name":"wp","href":"https:\/\/api.w.org\/{rel}","templated":true}]}}