{"id":1380,"date":"2025-05-31T20:22:20","date_gmt":"2025-05-31T18:22:20","guid":{"rendered":"https:\/\/loop-of-light.com\/?page_id=1380"},"modified":"2025-06-16T19:17:17","modified_gmt":"2025-06-16T19:17:17","slug":"crochet-create","status":"publish","type":"page","link":"https:\/\/loop-of-light.com\/nb\/crochet-create\/","title":{"rendered":"Hekle og skape"},"content":{"rendered":"<p class=\"\">Velkommen til den kreative siden av Loop of Light<\/p>\n\n\n\n<p class=\"\">Dette stedet har koselige og fleksible hekleoppskrifter som er laget for rolig skapning samt bloggposter for mindfult h\u00e5ndarbeid.<\/p>\n\n\n\n<p class=\"\">\ud83e\uddf6 What you&#8217;ll find:<\/p>\n\n\n\n<ul class=\"wp-block-list\">\n<li class=\"\">Gratis oppskrifter: bolero, genser og topp. Flere er p\u00e5 vei.,<\/li>\n\n\n\n<li class=\"\">Tips til hvordan du kan bruke internasjonale oppskrifter og garn<\/li>\n\n\n\n<li class=\"\">Sk\u00e5nsomme guider og kreative bloggposter<\/li>\n<\/ul>\n\n\n<style>.wp-block-kadence-spacer.kt-block-spacer-1380_ee3004-77 .kt-block-spacer{height:60px;}.wp-block-kadence-spacer.kt-block-spacer-1380_ee3004-77 .kt-divider{border-top-width:1px;height:1px;border-top-color:#eee;width:80%;border-top-style:solid;}<\/style>\n<div class=\"wp-block-kadence-spacer aligncenter kt-block-spacer-1380_ee3004-77\"><div class=\"kt-block-spacer kt-block-spacer-halign-center\"><hr class=\"kt-divider\"\/><\/div><\/div>\n\n\n<style>.wp-block-kadence-advancedbtn.kb-btns1380_6386c2-3f{gap:var(--global-kb-gap-xs, 0.5rem );justify-content:center;align-items:center;}.kt-btns1380_6386c2-3f .kt-button{font-weight:normal;font-style:normal;}.kt-btns1380_6386c2-3f .kt-btn-wrap-0{margin-right:5px;}.wp-block-kadence-advancedbtn.kt-btns1380_6386c2-3f .kt-btn-wrap-0 .kt-button{color:#555555;border-color:#555555;}.wp-block-kadence-advancedbtn.kt-btns1380_6386c2-3f .kt-btn-wrap-0 .kt-button:hover, .wp-block-kadence-advancedbtn.kt-btns1380_6386c2-3f .kt-btn-wrap-0 .kt-button:focus{color:#ffffff;border-color:#444444;}.wp-block-kadence-advancedbtn.kt-btns1380_6386c2-3f .kt-btn-wrap-0 .kt-button::before{display:none;}.wp-block-kadence-advancedbtn.kt-btns1380_6386c2-3f .kt-btn-wrap-0 .kt-button:hover, .wp-block-kadence-advancedbtn.kt-btns1380_6386c2-3f .kt-btn-wrap-0 .kt-button:focus{background:#444444;}<\/style>\n<div class=\"wp-block-kadence-advancedbtn kb-buttons-wrap kb-btns1380_6386c2-3f\"><style>ul.menu .wp-block-kadence-advancedbtn .kb-btn1380_b5749b-d6.kb-button{width:initial;}.wp-block-kadence-advancedbtn .kb-btn1380_b5749b-d6.kb-button{border-top:20px solid;border-right:20px solid;border-bottom:20px solid;border-left:20px solid;box-shadow:20px 20px 30px 0px rgba(0, 0, 0, 0.2);}@media all and (max-width: 1024px){.wp-block-kadence-advancedbtn .kb-btn1380_b5749b-d6.kb-button{border-top:20px solid;border-right:20px solid;border-bottom:20px solid;border-left:20px solid;}}@media all and (max-width: 767px){.wp-block-kadence-advancedbtn .kb-btn1380_b5749b-d6.kb-button{border-top:20px solid;border-right:20px solid;border-bottom:20px solid;border-left:20px solid;}}<\/style><a class=\"kb-button kt-button button kb-btn1380_b5749b-d6 kt-btn-size-standard kt-btn-width-type-auto kb-btn-global-fill  kt-btn-has-text-true kt-btn-has-svg-false  wp-block-kadence-singlebtn\" href=\"https:\/\/rye.ijy.mybluehost.me\/en\/en-resource-library\/\"><span class=\"kt-btn-inner-text\">Ressursbibliotek <\/span><\/a><\/div>\n\n\n\n<div class=\"wp-block-buttons is-content-justification-center is-layout-flex wp-container-core-buttons-is-layout-16018d1d wp-block-buttons-is-layout-flex\"><\/div>\n\n\n<style>.wp-block-kadence-spacer.kt-block-spacer-1380_7e57b7-8c .kt-block-spacer{height:60px;}.wp-block-kadence-spacer.kt-block-spacer-1380_7e57b7-8c .kt-divider{border-top-width:1px;height:1px;border-top-color:#eee;width:80%;border-top-style:solid;}<\/style>\n<div class=\"wp-block-kadence-spacer aligncenter kt-block-spacer-1380_7e57b7-8c\"><div class=\"kt-block-spacer kt-block-spacer-halign-center\"><hr class=\"kt-divider\"\/><\/div><\/div>\n\n\n\n<p class=\"\"><\/p>","protected":false},"excerpt":{"rendered":"<p>Loop of Light inviterer deg inn i en varm og kreativ hekleverden. Her finner du gratis oppskrifter p\u00e5 stilige plagg, verdifulle tips om valg av garn og st\u00f8rrelser, og gjennomtenkte blogginnlegg for deg som hekler med omtanke. Dette rommet skaper et behagelig milj\u00f8 for alle som \u00f8nsker \u00e5 hekle med omtanke.<\/p>","protected":false},"author":1,"featured_media":1274,"parent":0,"menu_order":0,"comment_status":"open","ping_status":"closed","template":"","meta":{"nf_dc_page":"","om_disable_all_campaigns":false,"_monsterinsights_skip_tracking":false,"_monsterinsights_sitenote_active":false,"_monsterinsights_sitenote_note":"","_monsterinsights_sitenote_category":0,"_kadence_starter_templates_imported_post":false,"_kad_post_transparent":"","_kad_post_title":"","_kad_post_layout":"","_kad_post_sidebar_id":"","_kad_post_content_style":"","_kad_post_vertical_padding":"","_kad_post_feature":"","_kad_post_feature_position":"","_kad_post_header":false,"_kad_post_footer":false,"_kad_post_classname":"","footnotes":""},"class_list":["post-1380","page","type-page","status-publish","has-post-thumbnail","hentry"],"yoast_head":"<!-- This site is optimized with the Yoast SEO Premium plugin v27.1 (Yoast SEO v27.4) - https:\/\/yoast.com\/product\/yoast-seo-premium-wordpress\/ -->\n<title>Crochet &amp; Create - Loop of Light<\/title>\n<meta name=\"robots\" content=\"index, follow, max-snippet:-1, max-image-preview:large, max-video-preview:-1\" \/>\n<link rel=\"canonical\" href=\"https:\/\/loop-of-light.com\/nb\/crochet-create\/\" \/>\n<meta property=\"og:locale\" content=\"nb_NO\" \/>\n<meta property=\"og:type\" content=\"article\" \/>\n<meta property=\"og:title\" content=\"Crochet &amp; Create\" \/>\n<meta property=\"og:description\" content=\"Loop of Light invites you into a warm, creative world of crochet. Here, you\u2019ll discover free patterns for stylish pieces, valuable tips on yarn selection and sizing, and thoughtful blog posts designed for mindful makers. This space fosters a comforting environment for all who wish to craft with care.\" \/>\n<meta property=\"og:url\" content=\"https:\/\/loop-of-light.com\/nb\/crochet-create\/\" \/>\n<meta property=\"og:site_name\" content=\"Loop of Light\" \/>\n<meta property=\"article:publisher\" content=\"https:\/\/www.facebook.com\/profile.php?id=61575882834639\" \/>\n<meta property=\"article:modified_time\" content=\"2025-06-16T19:17:17+00:00\" \/>\n<meta property=\"og:image\" content=\"https:\/\/i0.wp.com\/loop-of-light.com\/wp-content\/uploads\/2025\/05\/20250511_100716872_ios.jpg?fit=1390%2C1853&ssl=1\" \/>\n\t<meta property=\"og:image:width\" content=\"1390\" \/>\n\t<meta property=\"og:image:height\" content=\"1853\" \/>\n\t<meta property=\"og:image:type\" content=\"image\/jpeg\" \/>\n<meta name=\"twitter:card\" content=\"summary_large_image\" \/>\n<meta name=\"twitter:label1\" content=\"Ansl. lesetid\" \/>\n\t<meta name=\"twitter:data1\" content=\"1 minutt\" \/>\n<script type=\"application\/ld+json\" class=\"yoast-schema-graph\">{\"@context\":\"https:\\\/\\\/schema.org\",\"@graph\":[{\"@type\":\"WebPage\",\"@id\":\"https:\\\/\\\/loop-of-light.com\\\/en\\\/crochet-create\\\/\",\"url\":\"https:\\\/\\\/loop-of-light.com\\\/en\\\/crochet-create\\\/\",\"name\":\"Crochet &amp; Create - Loop of Light\",\"isPartOf\":{\"@id\":\"https:\\\/\\\/loop-of-light.com\\\/#website\"},\"primaryImageOfPage\":{\"@id\":\"https:\\\/\\\/loop-of-light.com\\\/en\\\/crochet-create\\\/#primaryimage\"},\"image\":{\"@id\":\"https:\\\/\\\/loop-of-light.com\\\/en\\\/crochet-create\\\/#primaryimage\"},\"thumbnailUrl\":\"https:\\\/\\\/i0.wp.com\\\/loop-of-light.com\\\/wp-content\\\/uploads\\\/2025\\\/05\\\/20250511_100716872_ios.jpg?fit=1390%2C1853&ssl=1\",\"datePublished\":\"2025-05-31T18:22:20+00:00\",\"dateModified\":\"2025-06-16T19:17:17+00:00\",\"breadcrumb\":{\"@id\":\"https:\\\/\\\/loop-of-light.com\\\/en\\\/crochet-create\\\/#breadcrumb\"},\"inLanguage\":\"nb-NO\",\"potentialAction\":[{\"@type\":\"ReadAction\",\"target\":[\"https:\\\/\\\/loop-of-light.com\\\/en\\\/crochet-create\\\/\"]}]},{\"@type\":\"ImageObject\",\"inLanguage\":\"nb-NO\",\"@id\":\"https:\\\/\\\/loop-of-light.com\\\/en\\\/crochet-create\\\/#primaryimage\",\"url\":\"https:\\\/\\\/i0.wp.com\\\/loop-of-light.com\\\/wp-content\\\/uploads\\\/2025\\\/05\\\/20250511_100716872_ios.jpg?fit=1390%2C1853&ssl=1\",\"contentUrl\":\"https:\\\/\\\/i0.wp.com\\\/loop-of-light.com\\\/wp-content\\\/uploads\\\/2025\\\/05\\\/20250511_100716872_ios.jpg?fit=1390%2C1853&ssl=1\",\"width\":1390,\"height\":1853},{\"@type\":\"BreadcrumbList\",\"@id\":\"https:\\\/\\\/loop-of-light.com\\\/en\\\/crochet-create\\\/#breadcrumb\",\"itemListElement\":[{\"@type\":\"ListItem\",\"position\":1,\"name\":\"Home\",\"item\":\"https:\\\/\\\/loop-of-light.com\\\/\"},{\"@type\":\"ListItem\",\"position\":2,\"name\":\"Crochet &amp; Create\"}]},{\"@type\":\"WebSite\",\"@id\":\"https:\\\/\\\/loop-of-light.com\\\/#website\",\"url\":\"https:\\\/\\\/loop-of-light.com\\\/\",\"name\":\"Loop-of-light.com\",\"description\":\"Creativity with calm\",\"publisher\":{\"@id\":\"https:\\\/\\\/loop-of-light.com\\\/#\\\/schema\\\/person\\\/c0a33ff135d2d321a191176e6446ead9\"},\"potentialAction\":[{\"@type\":\"SearchAction\",\"target\":{\"@type\":\"EntryPoint\",\"urlTemplate\":\"https:\\\/\\\/loop-of-light.com\\\/?s={search_term_string}\"},\"query-input\":{\"@type\":\"PropertyValueSpecification\",\"valueRequired\":true,\"valueName\":\"search_term_string\"}}],\"inLanguage\":\"nb-NO\"},{\"@type\":[\"Person\",\"Organization\"],\"@id\":\"https:\\\/\\\/loop-of-light.com\\\/#\\\/schema\\\/person\\\/c0a33ff135d2d321a191176e6446ead9\",\"name\":\"Bente\",\"image\":{\"@type\":\"ImageObject\",\"inLanguage\":\"nb-NO\",\"@id\":\"https:\\\/\\\/i0.wp.com\\\/loop-of-light.com\\\/wp-content\\\/uploads\\\/2025\\\/06\\\/cropped-logo-1.webp?fit=512%2C512&ssl=1\",\"url\":\"https:\\\/\\\/i0.wp.com\\\/loop-of-light.com\\\/wp-content\\\/uploads\\\/2025\\\/06\\\/cropped-logo-1.webp?fit=512%2C512&ssl=1\",\"contentUrl\":\"https:\\\/\\\/i0.wp.com\\\/loop-of-light.com\\\/wp-content\\\/uploads\\\/2025\\\/06\\\/cropped-logo-1.webp?fit=512%2C512&ssl=1\",\"width\":512,\"height\":512,\"caption\":\"Bente\"},\"logo\":{\"@id\":\"https:\\\/\\\/i0.wp.com\\\/loop-of-light.com\\\/wp-content\\\/uploads\\\/2025\\\/06\\\/cropped-logo-1.webp?fit=512%2C512&ssl=1\"},\"sameAs\":[\"http:\\\/\\\/loop-of-light.com\",\"https:\\\/\\\/www.facebook.com\\\/profile.php?id=61575882834639\",\"https:\\\/\\\/www.instagram.com\\\/skaperglede_med_hvilepuls\\\/\",\"https:\\\/\\\/no.pinterest.com\\\/Loopoflight\\\/?actingBusinessId=305893137098757733\"]}]}<\/script>\n<!-- \/ Yoast SEO Premium plugin. -->","yoast_head_json":{"title":"Hekle og skape - Loop of Light","robots":{"index":"index","follow":"follow","max-snippet":"max-snippet:-1","max-image-preview":"max-image-preview:large","max-video-preview":"max-video-preview:-1"},"canonical":"https:\/\/loop-of-light.com\/nb\/crochet-create\/","og_locale":"nb_NO","og_type":"article","og_title":"Crochet &amp; Create","og_description":"Loop of Light invites you into a warm, creative world of crochet. Here, you\u2019ll discover free patterns for stylish pieces, valuable tips on yarn selection and sizing, and thoughtful blog posts designed for mindful makers. This space fosters a comforting environment for all who wish to craft with care.","og_url":"https:\/\/loop-of-light.com\/nb\/crochet-create\/","og_site_name":"Loop of Light","article_publisher":"https:\/\/www.facebook.com\/profile.php?id=61575882834639","article_modified_time":"2025-06-16T19:17:17+00:00","og_image":[{"width":1390,"height":1853,"url":"https:\/\/i0.wp.com\/loop-of-light.com\/wp-content\/uploads\/2025\/05\/20250511_100716872_ios.jpg?fit=1390%2C1853&ssl=1","type":"image\/jpeg"}],"twitter_card":"summary_large_image","twitter_misc":{"Ansl. lesetid":"1 minutt"},"schema":{"@context":"https:\/\/schema.org","@graph":[{"@type":"WebPage","@id":"https:\/\/loop-of-light.com\/en\/crochet-create\/","url":"https:\/\/loop-of-light.com\/en\/crochet-create\/","name":"Hekle og skape - Loop of Light","isPartOf":{"@id":"https:\/\/loop-of-light.com\/#website"},"primaryImageOfPage":{"@id":"https:\/\/loop-of-light.com\/en\/crochet-create\/#primaryimage"},"image":{"@id":"https:\/\/loop-of-light.com\/en\/crochet-create\/#primaryimage"},"thumbnailUrl":"https:\/\/i0.wp.com\/loop-of-light.com\/wp-content\/uploads\/2025\/05\/20250511_100716872_ios.jpg?fit=1390%2C1853&ssl=1","datePublished":"2025-05-31T18:22:20+00:00","dateModified":"2025-06-16T19:17:17+00:00","breadcrumb":{"@id":"https:\/\/loop-of-light.com\/en\/crochet-create\/#breadcrumb"},"inLanguage":"nb-NO","potentialAction":[{"@type":"ReadAction","target":["https:\/\/loop-of-light.com\/en\/crochet-create\/"]}]},{"@type":"ImageObject","inLanguage":"nb-NO","@id":"https:\/\/loop-of-light.com\/en\/crochet-create\/#primaryimage","url":"https:\/\/i0.wp.com\/loop-of-light.com\/wp-content\/uploads\/2025\/05\/20250511_100716872_ios.jpg?fit=1390%2C1853&ssl=1","contentUrl":"https:\/\/i0.wp.com\/loop-of-light.com\/wp-content\/uploads\/2025\/05\/20250511_100716872_ios.jpg?fit=1390%2C1853&ssl=1","width":1390,"height":1853},{"@type":"BreadcrumbList","@id":"https:\/\/loop-of-light.com\/en\/crochet-create\/#breadcrumb","itemListElement":[{"@type":"ListItem","position":1,"name":"Home","item":"https:\/\/loop-of-light.com\/"},{"@type":"ListItem","position":2,"name":"Crochet &amp; Create"}]},{"@type":"WebSite","@id":"https:\/\/loop-of-light.com\/#website","url":"https:\/\/loop-of-light.com\/","name":"Loop-of-light.com","description":"Creativity with calm","publisher":{"@id":"https:\/\/loop-of-light.com\/#\/schema\/person\/c0a33ff135d2d321a191176e6446ead9"},"potentialAction":[{"@type":"SearchAction","target":{"@type":"EntryPoint","urlTemplate":"https:\/\/loop-of-light.com\/?s={search_term_string}"},"query-input":{"@type":"PropertyValueSpecification","valueRequired":true,"valueName":"search_term_string"}}],"inLanguage":"nb-NO"},{"@type":["Person","Organization"],"@id":"https:\/\/loop-of-light.com\/#\/schema\/person\/c0a33ff135d2d321a191176e6446ead9","name":"Bente","image":{"@type":"ImageObject","inLanguage":"nb-NO","@id":"https:\/\/i0.wp.com\/loop-of-light.com\/wp-content\/uploads\/2025\/06\/cropped-logo-1.webp?fit=512%2C512&ssl=1","url":"https:\/\/i0.wp.com\/loop-of-light.com\/wp-content\/uploads\/2025\/06\/cropped-logo-1.webp?fit=512%2C512&ssl=1","contentUrl":"https:\/\/i0.wp.com\/loop-of-light.com\/wp-content\/uploads\/2025\/06\/cropped-logo-1.webp?fit=512%2C512&ssl=1","width":512,"height":512,"caption":"Bente"},"logo":{"@id":"https:\/\/i0.wp.com\/loop-of-light.com\/wp-content\/uploads\/2025\/06\/cropped-logo-1.webp?fit=512%2C512&ssl=1"},"sameAs":["http:\/\/loop-of-light.com","https:\/\/www.facebook.com\/profile.php?id=61575882834639","https:\/\/www.instagram.com\/skaperglede_med_hvilepuls\/","https:\/\/no.pinterest.com\/Loopoflight\/?actingBusinessId=305893137098757733"]}]}},"jetpack_sharing_enabled":true,"_links":{"self":[{"href":"https:\/\/loop-of-light.com\/nb\/wp-json\/wp\/v2\/pages\/1380","targetHints":{"allow":["GET"]}}],"collection":[{"href":"https:\/\/loop-of-light.com\/nb\/wp-json\/wp\/v2\/pages"}],"about":[{"href":"https:\/\/loop-of-light.com\/nb\/wp-json\/wp\/v2\/types\/page"}],"author":[{"embeddable":true,"href":"https:\/\/loop-of-light.com\/nb\/wp-json\/wp\/v2\/users\/1"}],"replies":[{"embeddable":true,"href":"https:\/\/loop-of-light.com\/nb\/wp-json\/wp\/v2\/comments?post=1380"}],"version-history":[{"count":0,"href":"https:\/\/loop-of-light.com\/nb\/wp-json\/wp\/v2\/pages\/1380\/revisions"}],"wp:featuredmedia":[{"embeddable":true,"href":"https:\/\/loop-of-light.com\/nb\/wp-json\/wp\/v2\/media\/1274"}],"wp:attachment":[{"href":"https:\/\/loop-of-light.com\/nb\/wp-json\/wp\/v2\/media?parent=1380"}],"curies":[{"name":"wp","href":"https:\/\/api.w.org\/{rel}","templated":true}]}}