{"id":1339,"date":"2025-05-31T18:38:35","date_gmt":"2025-05-31T16:38:35","guid":{"rendered":"https:\/\/loop-of-light.com\/?page_id=1339"},"modified":"2025-07-15T10:01:30","modified_gmt":"2025-07-15T10:01:30","slug":"no-oppskrifter","status":"publish","type":"page","link":"https:\/\/loop-of-light.com\/nb\/no-oppskrifter\/","title":{"rendered":"Hekleoppskrifter"},"content":{"rendered":"<p class=\"\">Her finner du fleksible hekleoppskrifter og milde veiledninger.<\/p>\n\n\n\n<p class=\"\">\ud83e\uddf6 Alle oppskrifter er tilpasset for glede og ro, og inkluderer:<\/p>\n\n\n\n<ul class=\"wp-block-list\">\n<li class=\"\">Boleroer, topper og omslagsplagg<\/li>\n\n\n\n<li class=\"\">Tips til tilpasning og garnvalg<\/li>\n\n\n\n<li class=\"\">Innlegg om hekleglede og skapende ro<\/li>\n<\/ul>\n\n\n\n<p class=\"\">Siden inkluderer ogs\u00e5 blogginnlegg om heklerelaterte tema og mindful kreativitet.<\/p>\n\n\n\n<p class=\"\">\u2192 Nye prosjekter og blogginnlegg legges til fortl\u00f8pende.<\/p>\n\n\n\n<hr class=\"wp-block-separator has-alpha-channel-opacity\"\/>\n\n\n\n<h2 class=\"wp-block-heading\">&#8220;Gentle Hug&#8221; Genser<\/h2>\n\n\n\n<p class=\"\">Dette er en nybegynnervennlig og fleksibel oppskrift. Du lager to sekskanter som settes sammen til en omslagsgenser. Du tilpasser st\u00f8rrelsen etterhvert i forhold til hvor stor du \u00f8nsker genseren og hvilket garn du bruker. <\/p>\n\n\n\n<figure class=\"wp-block-image aligncenter size-medium\"><img data-recalc-dims=\"1\" loading=\"lazy\" decoding=\"async\" width=\"225\" height=\"300\" src=\"https:\/\/i0.wp.com\/loop-of-light.com\/wp-content\/uploads\/2025\/07\/20250402_073746300_iOS.webp?resize=225%2C300&#038;ssl=1\" alt=\"\" class=\"wp-image-2324\" srcset=\"https:\/\/i0.wp.com\/loop-of-light.com\/wp-content\/uploads\/2025\/07\/20250402_073746300_iOS-scaled.webp?resize=225%2C300&amp;ssl=1 225w, https:\/\/i0.wp.com\/loop-of-light.com\/wp-content\/uploads\/2025\/07\/20250402_073746300_iOS-scaled.webp?resize=768%2C1024&amp;ssl=1 768w, https:\/\/i0.wp.com\/loop-of-light.com\/wp-content\/uploads\/2025\/07\/20250402_073746300_iOS-scaled.webp?resize=1152%2C1536&amp;ssl=1 1152w, https:\/\/i0.wp.com\/loop-of-light.com\/wp-content\/uploads\/2025\/07\/20250402_073746300_iOS-scaled.webp?resize=1536%2C2048&amp;ssl=1 1536w, https:\/\/i0.wp.com\/loop-of-light.com\/wp-content\/uploads\/2025\/07\/20250402_073746300_iOS-scaled.webp?resize=9%2C12&amp;ssl=1 9w, https:\/\/i0.wp.com\/loop-of-light.com\/wp-content\/uploads\/2025\/07\/20250402_073746300_iOS-scaled.webp?resize=600%2C800&amp;ssl=1 600w, https:\/\/i0.wp.com\/loop-of-light.com\/wp-content\/uploads\/2025\/07\/20250402_073746300_iOS-scaled.webp?w=1920&amp;ssl=1 1920w\" sizes=\"auto, (max-width: 225px) 100vw, 225px\" \/><\/figure>\n\n\n\n<div class=\"wp-block-file\"><a id=\"wp-block-file--media-333287c1-e970-4ea7-a754-9da179288840\" href=\"https:\/\/loopoflightcom.wordpress.com\/wp-content\/uploads\/2025\/06\/gentle-hug-genser_loop-of-light.pdf\">Gentle-Hug-Genser_Loop-of-Light<\/a><a href=\"https:\/\/loopoflightcom.wordpress.com\/wp-content\/uploads\/2025\/06\/gentle-hug-genser_loop-of-light.pdf\" class=\"wp-block-file__button wp-element-button\" download aria-describedby=\"wp-block-file--media-333287c1-e970-4ea7-a754-9da179288840\">Last ned<\/a><\/div>\n\n\n\n<hr class=\"wp-block-separator has-alpha-channel-opacity\"\/>\n\n\n\n<h2 class=\"wp-block-heading\">Gentle Bloom Sjal<\/h2>\n\n\n\n<p class=\"\">Dette er et enkelt, raskt og fleksibelt sjal, der du bruker samme rad og m\u00f8nster hele tiden. Det skaper et luftig og flott sjal. Du kan bruke det garnet du \u00f8nsker. Skap det i den st\u00f8rrelsen som passer deg. Et perfekt m\u00f8nster der du ikke trenger \u00e5 telle masker hele tiden, men kan f\u00f8lge med p\u00e5 verden rundt deg. <\/p>\n\n\n\n<figure class=\"wp-block-image aligncenter size-medium\"><img data-recalc-dims=\"1\" loading=\"lazy\" decoding=\"async\" width=\"225\" height=\"300\" src=\"https:\/\/i0.wp.com\/loop-of-light.com\/wp-content\/uploads\/2025\/07\/20250707_122812039_iOS.webp?resize=225%2C300&#038;ssl=1\" alt=\"Picture of a woman with half long hair and glasses wearing the Gentle Bloom Scarf in dusty pink with a darker edge.\" class=\"wp-image-2250\" srcset=\"https:\/\/i0.wp.com\/loop-of-light.com\/wp-content\/uploads\/2025\/07\/20250707_122812039_iOS-scaled.webp?resize=225%2C300&amp;ssl=1 225w, https:\/\/i0.wp.com\/loop-of-light.com\/wp-content\/uploads\/2025\/07\/20250707_122812039_iOS-scaled.webp?resize=768%2C1024&amp;ssl=1 768w, https:\/\/i0.wp.com\/loop-of-light.com\/wp-content\/uploads\/2025\/07\/20250707_122812039_iOS-scaled.webp?resize=1152%2C1536&amp;ssl=1 1152w, https:\/\/i0.wp.com\/loop-of-light.com\/wp-content\/uploads\/2025\/07\/20250707_122812039_iOS-scaled.webp?resize=1536%2C2048&amp;ssl=1 1536w, https:\/\/i0.wp.com\/loop-of-light.com\/wp-content\/uploads\/2025\/07\/20250707_122812039_iOS-scaled.webp?resize=9%2C12&amp;ssl=1 9w, https:\/\/i0.wp.com\/loop-of-light.com\/wp-content\/uploads\/2025\/07\/20250707_122812039_iOS-scaled.webp?resize=600%2C800&amp;ssl=1 600w, https:\/\/i0.wp.com\/loop-of-light.com\/wp-content\/uploads\/2025\/07\/20250707_122812039_iOS-scaled.webp?w=1920&amp;ssl=1 1920w\" sizes=\"auto, (max-width: 225px) 100vw, 225px\" \/><\/figure>\n\n\n\n<div class=\"wp-block-file\"><a id=\"wp-block-file--media-58f6339d-63e0-4f61-96a2-b8b0e046f47a\" href=\"https:\/\/loop-of-light.com\/wp-content\/uploads\/2025\/07\/Gentle-Bloom-Sjal-Loop-of-Light.pdf\">Gentle Bloom Sjal &#8211; Loop of Light<\/a><a href=\"https:\/\/loop-of-light.com\/wp-content\/uploads\/2025\/07\/Gentle-Bloom-Sjal-Loop-of-Light.pdf\" class=\"wp-block-file__button wp-element-button\" download aria-describedby=\"wp-block-file--media-58f6339d-63e0-4f61-96a2-b8b0e046f47a\">Download<\/a><\/div>\n\n\n\n<h2 class=\"wp-block-heading\"> &#8220;Cozy Hug&#8221; Bolero<\/h2>\n\n\n\n<p class=\"\">Dette er en fleksibel oppskrift for en praktisk bolero. Du kan ved hjelp av oppskriften tilpasse den til din st\u00f8rrelse og den det garnet du velger \u00e5 bruke. <\/p>\n\n\n\n<figure class=\"wp-block-image aligncenter size-medium\"><img data-recalc-dims=\"1\" loading=\"lazy\" decoding=\"async\" width=\"225\" height=\"300\" src=\"https:\/\/i0.wp.com\/loop-of-light.com\/wp-content\/uploads\/2025\/07\/20250517_144047847_iOS.webp?resize=225%2C300&#038;ssl=1\" alt=\"\" class=\"wp-image-2331\" srcset=\"https:\/\/i0.wp.com\/loop-of-light.com\/wp-content\/uploads\/2025\/07\/20250517_144047847_iOS-scaled.webp?resize=225%2C300&amp;ssl=1 225w, https:\/\/i0.wp.com\/loop-of-light.com\/wp-content\/uploads\/2025\/07\/20250517_144047847_iOS-scaled.webp?resize=768%2C1024&amp;ssl=1 768w, https:\/\/i0.wp.com\/loop-of-light.com\/wp-content\/uploads\/2025\/07\/20250517_144047847_iOS-scaled.webp?resize=1152%2C1536&amp;ssl=1 1152w, https:\/\/i0.wp.com\/loop-of-light.com\/wp-content\/uploads\/2025\/07\/20250517_144047847_iOS-scaled.webp?resize=1536%2C2048&amp;ssl=1 1536w, https:\/\/i0.wp.com\/loop-of-light.com\/wp-content\/uploads\/2025\/07\/20250517_144047847_iOS-scaled.webp?resize=9%2C12&amp;ssl=1 9w, https:\/\/i0.wp.com\/loop-of-light.com\/wp-content\/uploads\/2025\/07\/20250517_144047847_iOS-scaled.webp?resize=600%2C800&amp;ssl=1 600w, https:\/\/i0.wp.com\/loop-of-light.com\/wp-content\/uploads\/2025\/07\/20250517_144047847_iOS-scaled.webp?w=1920&amp;ssl=1 1920w\" sizes=\"auto, (max-width: 225px) 100vw, 225px\" \/><\/figure>\n\n\n\n<div class=\"wp-block-file\"><a id=\"wp-block-file--media-7e3b6230-f4ae-4091-94b2-d8fafd6a928d\" href=\"https:\/\/loopoflightcom.wordpress.com\/wp-content\/uploads\/2025\/05\/cozy-hug-bolero-hekleoppskrift-1.pdf\">Cozy-hug bolero -hekleoppskrift<\/a><a href=\"https:\/\/loopoflightcom.wordpress.com\/wp-content\/uploads\/2025\/05\/cozy-hug-bolero-hekleoppskrift-1.pdf\" class=\"wp-block-file__button wp-element-button\" download aria-describedby=\"wp-block-file--media-7e3b6230-f4ae-4091-94b2-d8fafd6a928d\">Last ned<\/a><\/div>\n\n\n\n<p class=\"\"><\/p>\n\n\n\n<hr class=\"wp-block-separator has-alpha-channel-opacity\"\/>\n\n\n\n<h2 class=\"wp-block-heading\">Sommertopp &#8220;Lila&#8221;<\/h2>\n\n\n\n<p class=\"\">Sommertoppen Lila er laget for \u00e5 tilpasses til den som skal ha toppen. Den har personlige detaljer i form av kantene rundt. <\/p>\n\n\n\n<figure class=\"wp-block-image aligncenter size-medium\"><img data-recalc-dims=\"1\" loading=\"lazy\" decoding=\"async\" width=\"300\" height=\"225\" src=\"https:\/\/i0.wp.com\/loop-of-light.com\/wp-content\/uploads\/2025\/07\/20250510_161759952_iOS.webp?resize=300%2C225&#038;ssl=1\" alt=\"\" class=\"wp-image-2326\" srcset=\"https:\/\/i0.wp.com\/loop-of-light.com\/wp-content\/uploads\/2025\/07\/20250510_161759952_iOS-scaled.webp?resize=300%2C225&amp;ssl=1 300w, https:\/\/i0.wp.com\/loop-of-light.com\/wp-content\/uploads\/2025\/07\/20250510_161759952_iOS-scaled.webp?resize=1024%2C768&amp;ssl=1 1024w, https:\/\/i0.wp.com\/loop-of-light.com\/wp-content\/uploads\/2025\/07\/20250510_161759952_iOS-scaled.webp?resize=768%2C576&amp;ssl=1 768w, https:\/\/i0.wp.com\/loop-of-light.com\/wp-content\/uploads\/2025\/07\/20250510_161759952_iOS-scaled.webp?resize=1536%2C1152&amp;ssl=1 1536w, https:\/\/i0.wp.com\/loop-of-light.com\/wp-content\/uploads\/2025\/07\/20250510_161759952_iOS-scaled.webp?resize=2048%2C1536&amp;ssl=1 2048w, https:\/\/i0.wp.com\/loop-of-light.com\/wp-content\/uploads\/2025\/07\/20250510_161759952_iOS-scaled.webp?resize=16%2C12&amp;ssl=1 16w, https:\/\/i0.wp.com\/loop-of-light.com\/wp-content\/uploads\/2025\/07\/20250510_161759952_iOS-scaled.webp?resize=600%2C450&amp;ssl=1 600w\" sizes=\"auto, (max-width: 300px) 100vw, 300px\" \/><\/figure>\n\n\n\n<div class=\"wp-block-file\"><a id=\"wp-block-file--media-d36d3fbf-6da4-4e33-b4eb-ca5f168a8dee\" href=\"https:\/\/loopoflightcom.wordpress.com\/wp-content\/uploads\/2025\/05\/lila-sommertopp-hekleoppskrift.pdf-2.pdf\">Lila-sommertopp-hekleoppskrift.pdf<\/a><a href=\"https:\/\/loopoflightcom.wordpress.com\/wp-content\/uploads\/2025\/05\/lila-sommertopp-hekleoppskrift.pdf-2.pdf\" class=\"wp-block-file__button wp-element-button\" download aria-describedby=\"wp-block-file--media-d36d3fbf-6da4-4e33-b4eb-ca5f168a8dee\">Last ned<\/a><\/div>\n\n\n\n<hr class=\"wp-block-separator has-alpha-channel-opacity\"\/>\n\n\n\n<div class=\"wp-block-buttons is-content-justification-center is-layout-flex wp-container-core-buttons-is-layout-16018d1d wp-block-buttons-is-layout-flex\">\n<div class=\"wp-block-button\"><a class=\"wp-block-button__link wp-element-button\" href=\"https:\/\/loop-of-light.com\/nb\/forside-norsk\/\">Forsiden<\/a><\/div>\n\n\n\n<div class=\"wp-block-button\"><a class=\"wp-block-button__link wp-element-button\" href=\"https:\/\/loop-of-light.com\/nb\/frontpage-english\/\">Engelish Menu<\/a><\/div>\n<\/div>\n\n\n\n<p class=\"\"><\/p>","protected":false},"excerpt":{"rendered":"<p>Siden tilbyr fleksible hekleoppskrifter og veiledninger for boleroer, topper og omslagsplagg. Hver oppskrift er tilpasset personlig glede og inkluderer tips til garnvalg. I tillegg er det blogginnlegg om hekleglede og mindful kreativitet, med nye prosjekter som legges til fortl\u00f8pende.<\/p>","protected":false},"author":1,"featured_media":2324,"parent":0,"menu_order":0,"comment_status":"closed","ping_status":"closed","template":"","meta":{"nf_dc_page":"","om_disable_all_campaigns":false,"_monsterinsights_skip_tracking":false,"_monsterinsights_sitenote_active":false,"_monsterinsights_sitenote_note":"","_monsterinsights_sitenote_category":0,"_kadence_starter_templates_imported_post":false,"_kad_post_transparent":"","_kad_post_title":"","_kad_post_layout":"","_kad_post_sidebar_id":"","_kad_post_content_style":"","_kad_post_vertical_padding":"","_kad_post_feature":"","_kad_post_feature_position":"","_kad_post_header":false,"_kad_post_footer":false,"_kad_post_classname":"","footnotes":""},"class_list":["post-1339","page","type-page","status-publish","has-post-thumbnail","hentry"],"yoast_head":"<!-- This site is optimized with the Yoast SEO Premium plugin v27.1 (Yoast SEO v27.4) - https:\/\/yoast.com\/product\/yoast-seo-premium-wordpress\/ -->\n<title>Hekleoppskrifter - Loop of Light<\/title>\n<meta name=\"robots\" content=\"index, follow, max-snippet:-1, max-image-preview:large, max-video-preview:-1\" \/>\n<link rel=\"canonical\" href=\"https:\/\/loop-of-light.com\/nb\/no-oppskrifter\/\" \/>\n<meta property=\"og:locale\" content=\"nb_NO\" \/>\n<meta property=\"og:type\" content=\"article\" \/>\n<meta property=\"og:title\" content=\"Hekleoppskrifter\" \/>\n<meta property=\"og:description\" content=\"Siden tilbyr fleksible hekleoppskrifter og veiledninger for boleroer, topper og omslagsplagg. Hver oppskrift er tilpasset personlig glede og inkluderer tips til garnvalg. I tillegg er det blogginnlegg om hekleglede og mindful kreativitet, med nye prosjekter som legges til fortl\u00f8pende.\" \/>\n<meta property=\"og:url\" content=\"https:\/\/loop-of-light.com\/nb\/no-oppskrifter\/\" \/>\n<meta property=\"og:site_name\" content=\"Loop of Light\" \/>\n<meta property=\"article:publisher\" content=\"https:\/\/www.facebook.com\/profile.php?id=61575882834639\" \/>\n<meta property=\"article:modified_time\" content=\"2025-07-15T10:01:30+00:00\" \/>\n<meta property=\"og:image\" content=\"https:\/\/loop-of-light.com\/wp-content\/uploads\/2025\/07\/20250402_073746300_iOS-768x1024.webp\" \/>\n\t<meta property=\"og:image:width\" content=\"768\" \/>\n\t<meta property=\"og:image:height\" content=\"1024\" \/>\n\t<meta property=\"og:image:type\" content=\"image\/webp\" \/>\n<meta name=\"twitter:card\" content=\"summary_large_image\" \/>\n<meta name=\"twitter:label1\" content=\"Ansl. lesetid\" \/>\n\t<meta name=\"twitter:data1\" content=\"2 minutter\" \/>\n<script type=\"application\/ld+json\" class=\"yoast-schema-graph\">{\"@context\":\"https:\\\/\\\/schema.org\",\"@graph\":[{\"@type\":\"WebPage\",\"@id\":\"https:\\\/\\\/loop-of-light.com\\\/no-oppskrifter\\\/\",\"url\":\"https:\\\/\\\/loop-of-light.com\\\/no-oppskrifter\\\/\",\"name\":\"Hekleoppskrifter - Loop of Light\",\"isPartOf\":{\"@id\":\"https:\\\/\\\/loop-of-light.com\\\/#website\"},\"primaryImageOfPage\":{\"@id\":\"https:\\\/\\\/loop-of-light.com\\\/no-oppskrifter\\\/#primaryimage\"},\"image\":{\"@id\":\"https:\\\/\\\/loop-of-light.com\\\/no-oppskrifter\\\/#primaryimage\"},\"thumbnailUrl\":\"https:\\\/\\\/i0.wp.com\\\/loop-of-light.com\\\/wp-content\\\/uploads\\\/2025\\\/07\\\/20250402_073746300_iOS-scaled.webp?fit=1920%2C2560&ssl=1\",\"datePublished\":\"2025-05-31T16:38:35+00:00\",\"dateModified\":\"2025-07-15T10:01:30+00:00\",\"breadcrumb\":{\"@id\":\"https:\\\/\\\/loop-of-light.com\\\/no-oppskrifter\\\/#breadcrumb\"},\"inLanguage\":\"nb-NO\",\"potentialAction\":[{\"@type\":\"ReadAction\",\"target\":[\"https:\\\/\\\/loop-of-light.com\\\/no-oppskrifter\\\/\"]}]},{\"@type\":\"ImageObject\",\"inLanguage\":\"nb-NO\",\"@id\":\"https:\\\/\\\/loop-of-light.com\\\/no-oppskrifter\\\/#primaryimage\",\"url\":\"https:\\\/\\\/i0.wp.com\\\/loop-of-light.com\\\/wp-content\\\/uploads\\\/2025\\\/07\\\/20250402_073746300_iOS-scaled.webp?fit=1920%2C2560&ssl=1\",\"contentUrl\":\"https:\\\/\\\/i0.wp.com\\\/loop-of-light.com\\\/wp-content\\\/uploads\\\/2025\\\/07\\\/20250402_073746300_iOS-scaled.webp?fit=1920%2C2560&ssl=1\",\"width\":1920,\"height\":2560,\"caption\":\"Handmade crochet sweater in soft green and beige tones \u2013 Gentle Hug pattern by Loop of Light\"},{\"@type\":\"BreadcrumbList\",\"@id\":\"https:\\\/\\\/loop-of-light.com\\\/no-oppskrifter\\\/#breadcrumb\",\"itemListElement\":[{\"@type\":\"ListItem\",\"position\":1,\"name\":\"Home\",\"item\":\"https:\\\/\\\/loop-of-light.com\\\/\"},{\"@type\":\"ListItem\",\"position\":2,\"name\":\"Hekleoppskrifter\"}]},{\"@type\":\"WebSite\",\"@id\":\"https:\\\/\\\/loop-of-light.com\\\/#website\",\"url\":\"https:\\\/\\\/loop-of-light.com\\\/\",\"name\":\"Loop-of-light.com\",\"description\":\"Creativity with calm\",\"publisher\":{\"@id\":\"https:\\\/\\\/loop-of-light.com\\\/#\\\/schema\\\/person\\\/c0a33ff135d2d321a191176e6446ead9\"},\"potentialAction\":[{\"@type\":\"SearchAction\",\"target\":{\"@type\":\"EntryPoint\",\"urlTemplate\":\"https:\\\/\\\/loop-of-light.com\\\/?s={search_term_string}\"},\"query-input\":{\"@type\":\"PropertyValueSpecification\",\"valueRequired\":true,\"valueName\":\"search_term_string\"}}],\"inLanguage\":\"nb-NO\"},{\"@type\":[\"Person\",\"Organization\"],\"@id\":\"https:\\\/\\\/loop-of-light.com\\\/#\\\/schema\\\/person\\\/c0a33ff135d2d321a191176e6446ead9\",\"name\":\"Bente\",\"image\":{\"@type\":\"ImageObject\",\"inLanguage\":\"nb-NO\",\"@id\":\"https:\\\/\\\/i0.wp.com\\\/loop-of-light.com\\\/wp-content\\\/uploads\\\/2025\\\/06\\\/cropped-logo-1.webp?fit=512%2C512&ssl=1\",\"url\":\"https:\\\/\\\/i0.wp.com\\\/loop-of-light.com\\\/wp-content\\\/uploads\\\/2025\\\/06\\\/cropped-logo-1.webp?fit=512%2C512&ssl=1\",\"contentUrl\":\"https:\\\/\\\/i0.wp.com\\\/loop-of-light.com\\\/wp-content\\\/uploads\\\/2025\\\/06\\\/cropped-logo-1.webp?fit=512%2C512&ssl=1\",\"width\":512,\"height\":512,\"caption\":\"Bente\"},\"logo\":{\"@id\":\"https:\\\/\\\/i0.wp.com\\\/loop-of-light.com\\\/wp-content\\\/uploads\\\/2025\\\/06\\\/cropped-logo-1.webp?fit=512%2C512&ssl=1\"},\"sameAs\":[\"http:\\\/\\\/loop-of-light.com\",\"https:\\\/\\\/www.facebook.com\\\/profile.php?id=61575882834639\",\"https:\\\/\\\/www.instagram.com\\\/skaperglede_med_hvilepuls\\\/\",\"https:\\\/\\\/no.pinterest.com\\\/Loopoflight\\\/?actingBusinessId=305893137098757733\"]}]}<\/script>\n<!-- \/ Yoast SEO Premium plugin. -->","yoast_head_json":{"title":"Hekleoppskrifter - Loop of Light","robots":{"index":"index","follow":"follow","max-snippet":"max-snippet:-1","max-image-preview":"max-image-preview:large","max-video-preview":"max-video-preview:-1"},"canonical":"https:\/\/loop-of-light.com\/nb\/no-oppskrifter\/","og_locale":"nb_NO","og_type":"article","og_title":"Hekleoppskrifter","og_description":"Siden tilbyr fleksible hekleoppskrifter og veiledninger for boleroer, topper og omslagsplagg. Hver oppskrift er tilpasset personlig glede og inkluderer tips til garnvalg. I tillegg er det blogginnlegg om hekleglede og mindful kreativitet, med nye prosjekter som legges til fortl\u00f8pende.","og_url":"https:\/\/loop-of-light.com\/nb\/no-oppskrifter\/","og_site_name":"Loop of Light","article_publisher":"https:\/\/www.facebook.com\/profile.php?id=61575882834639","article_modified_time":"2025-07-15T10:01:30+00:00","og_image":[{"width":768,"height":1024,"url":"https:\/\/loop-of-light.com\/wp-content\/uploads\/2025\/07\/20250402_073746300_iOS-768x1024.webp","type":"image\/webp"}],"twitter_card":"summary_large_image","twitter_misc":{"Ansl. lesetid":"2 minutter"},"schema":{"@context":"https:\/\/schema.org","@graph":[{"@type":"WebPage","@id":"https:\/\/loop-of-light.com\/no-oppskrifter\/","url":"https:\/\/loop-of-light.com\/no-oppskrifter\/","name":"Hekleoppskrifter - Loop of Light","isPartOf":{"@id":"https:\/\/loop-of-light.com\/#website"},"primaryImageOfPage":{"@id":"https:\/\/loop-of-light.com\/no-oppskrifter\/#primaryimage"},"image":{"@id":"https:\/\/loop-of-light.com\/no-oppskrifter\/#primaryimage"},"thumbnailUrl":"https:\/\/i0.wp.com\/loop-of-light.com\/wp-content\/uploads\/2025\/07\/20250402_073746300_iOS-scaled.webp?fit=1920%2C2560&ssl=1","datePublished":"2025-05-31T16:38:35+00:00","dateModified":"2025-07-15T10:01:30+00:00","breadcrumb":{"@id":"https:\/\/loop-of-light.com\/no-oppskrifter\/#breadcrumb"},"inLanguage":"nb-NO","potentialAction":[{"@type":"ReadAction","target":["https:\/\/loop-of-light.com\/no-oppskrifter\/"]}]},{"@type":"ImageObject","inLanguage":"nb-NO","@id":"https:\/\/loop-of-light.com\/no-oppskrifter\/#primaryimage","url":"https:\/\/i0.wp.com\/loop-of-light.com\/wp-content\/uploads\/2025\/07\/20250402_073746300_iOS-scaled.webp?fit=1920%2C2560&ssl=1","contentUrl":"https:\/\/i0.wp.com\/loop-of-light.com\/wp-content\/uploads\/2025\/07\/20250402_073746300_iOS-scaled.webp?fit=1920%2C2560&ssl=1","width":1920,"height":2560,"caption":"Handmade crochet sweater in soft green and beige tones \u2013 Gentle Hug pattern by Loop of Light"},{"@type":"BreadcrumbList","@id":"https:\/\/loop-of-light.com\/no-oppskrifter\/#breadcrumb","itemListElement":[{"@type":"ListItem","position":1,"name":"Home","item":"https:\/\/loop-of-light.com\/"},{"@type":"ListItem","position":2,"name":"Hekleoppskrifter"}]},{"@type":"WebSite","@id":"https:\/\/loop-of-light.com\/#website","url":"https:\/\/loop-of-light.com\/","name":"Loop-of-light.com","description":"Creativity with calm","publisher":{"@id":"https:\/\/loop-of-light.com\/#\/schema\/person\/c0a33ff135d2d321a191176e6446ead9"},"potentialAction":[{"@type":"SearchAction","target":{"@type":"EntryPoint","urlTemplate":"https:\/\/loop-of-light.com\/?s={search_term_string}"},"query-input":{"@type":"PropertyValueSpecification","valueRequired":true,"valueName":"search_term_string"}}],"inLanguage":"nb-NO"},{"@type":["Person","Organization"],"@id":"https:\/\/loop-of-light.com\/#\/schema\/person\/c0a33ff135d2d321a191176e6446ead9","name":"Bente","image":{"@type":"ImageObject","inLanguage":"nb-NO","@id":"https:\/\/i0.wp.com\/loop-of-light.com\/wp-content\/uploads\/2025\/06\/cropped-logo-1.webp?fit=512%2C512&ssl=1","url":"https:\/\/i0.wp.com\/loop-of-light.com\/wp-content\/uploads\/2025\/06\/cropped-logo-1.webp?fit=512%2C512&ssl=1","contentUrl":"https:\/\/i0.wp.com\/loop-of-light.com\/wp-content\/uploads\/2025\/06\/cropped-logo-1.webp?fit=512%2C512&ssl=1","width":512,"height":512,"caption":"Bente"},"logo":{"@id":"https:\/\/i0.wp.com\/loop-of-light.com\/wp-content\/uploads\/2025\/06\/cropped-logo-1.webp?fit=512%2C512&ssl=1"},"sameAs":["http:\/\/loop-of-light.com","https:\/\/www.facebook.com\/profile.php?id=61575882834639","https:\/\/www.instagram.com\/skaperglede_med_hvilepuls\/","https:\/\/no.pinterest.com\/Loopoflight\/?actingBusinessId=305893137098757733"]}]}},"jetpack_sharing_enabled":true,"_links":{"self":[{"href":"https:\/\/loop-of-light.com\/nb\/wp-json\/wp\/v2\/pages\/1339","targetHints":{"allow":["GET"]}}],"collection":[{"href":"https:\/\/loop-of-light.com\/nb\/wp-json\/wp\/v2\/pages"}],"about":[{"href":"https:\/\/loop-of-light.com\/nb\/wp-json\/wp\/v2\/types\/page"}],"author":[{"embeddable":true,"href":"https:\/\/loop-of-light.com\/nb\/wp-json\/wp\/v2\/users\/1"}],"replies":[{"embeddable":true,"href":"https:\/\/loop-of-light.com\/nb\/wp-json\/wp\/v2\/comments?post=1339"}],"version-history":[{"count":0,"href":"https:\/\/loop-of-light.com\/nb\/wp-json\/wp\/v2\/pages\/1339\/revisions"}],"wp:featuredmedia":[{"embeddable":true,"href":"https:\/\/loop-of-light.com\/nb\/wp-json\/wp\/v2\/media\/2324"}],"wp:attachment":[{"href":"https:\/\/loop-of-light.com\/nb\/wp-json\/wp\/v2\/media?parent=1339"}],"curies":[{"name":"wp","href":"https:\/\/api.w.org\/{rel}","templated":true}]}}