{"id":128,"date":"2025-04-28T23:17:50","date_gmt":"2025-04-28T21:17:50","guid":{"rendered":"https:\/\/loop-of-light.com\/?page_id=128"},"modified":"2025-08-27T18:31:28","modified_gmt":"2025-08-27T18:31:28","slug":"en-about","status":"publish","type":"page","link":"https:\/\/loop-of-light.com\/nb\/en-about\/","title":{"rendered":"Om meg - Min vei til \u00e5 finne ro gjennom kreativtet"},"content":{"rendered":"<h2 class=\"wp-block-heading\">About me &#8211; get to know me<\/h2>\n\n\n\n<p class=\"\"><br>My name is Bente, and I\u2019m the creator behind Loop of Light. .&nbsp;I am a married mother of three, with my kids growing up really fast. My youngest is now 11 years old. I used to work full time. I had a lot of positions and roles. My health situation has turned my life upside down. I have been looking for a new approach to fill my everyday with positive activities. With a crochet hook in my hand and thoughts on my mind, I meet life one stitch at a time. I hope you follow me a bit longer to get to know me better. <\/p>\n\n\n\n<hr class=\"wp-block-separator has-alpha-channel-opacity\"\/>\n\n\n\n<figure class=\"wp-block-image aligncenter size-medium\"><img data-recalc-dims=\"1\" loading=\"lazy\" decoding=\"async\" width=\"225\" height=\"300\" src=\"https:\/\/i0.wp.com\/loop-of-light.com\/wp-content\/uploads\/2025\/07\/20250507_141942859_iOS.webp?resize=225%2C300&#038;ssl=1\" alt=\"Bente smiling gently while holding a soft crochet project \u2013 mindful yarn crafting in practice\" class=\"wp-image-2409\" srcset=\"https:\/\/i0.wp.com\/loop-of-light.com\/wp-content\/uploads\/2025\/07\/20250507_141942859_iOS-scaled.webp?resize=225%2C300&amp;ssl=1 225w, https:\/\/i0.wp.com\/loop-of-light.com\/wp-content\/uploads\/2025\/07\/20250507_141942859_iOS-scaled.webp?resize=768%2C1024&amp;ssl=1 768w, https:\/\/i0.wp.com\/loop-of-light.com\/wp-content\/uploads\/2025\/07\/20250507_141942859_iOS-scaled.webp?resize=1152%2C1536&amp;ssl=1 1152w, https:\/\/i0.wp.com\/loop-of-light.com\/wp-content\/uploads\/2025\/07\/20250507_141942859_iOS-scaled.webp?resize=1536%2C2048&amp;ssl=1 1536w, https:\/\/i0.wp.com\/loop-of-light.com\/wp-content\/uploads\/2025\/07\/20250507_141942859_iOS-scaled.webp?resize=9%2C12&amp;ssl=1 9w, https:\/\/i0.wp.com\/loop-of-light.com\/wp-content\/uploads\/2025\/07\/20250507_141942859_iOS-scaled.webp?resize=600%2C800&amp;ssl=1 600w, https:\/\/i0.wp.com\/loop-of-light.com\/wp-content\/uploads\/2025\/07\/20250507_141942859_iOS-scaled.webp?w=1440&amp;ssl=1 1440w\" sizes=\"auto, (max-width: 225px) 100vw, 225px\" \/><\/figure>\n\n\n\n<h2 class=\"wp-block-heading\">Hvorfor Loop of Light<\/h2>\n\n\n\n<p class=\"\"><br>Crafting has become my pause button. A way to find calm when the world feels too much. When my health limits what I can do, I let creativity take up space where my body can&#8217;t.&nbsp;<br>&nbsp;<br>Loop of Light ble til gjennom troen p\u00e5 at det \u00e5 v\u00e6re kreativ kan bidra til at en kan f\u00f8le seg bedre. Dette er ikke for \u00e5 skape perfeksjon, men for \u00e5 skape tilstedev\u00e6relse. Dette er for glede, mykhet og ro.<\/p>\n\n\n\n<hr class=\"wp-block-separator has-alpha-channel-opacity\"\/>\n\n\n\n<h2 class=\"wp-block-heading\">Hva jeg h\u00e5per at Loop og Light kan gi deg<\/h2>\n\n\n\n<p class=\"\"> Jeg \u00f8nsker \u00e5 inspirere de som, slik som meg, ser etter sm\u00e5 og sk\u00e5nsomme \u00f8yeblikk i hverdagslivet. En p\u00e5minnelse til deg selv om at selvomsorg kan v\u00e6re b\u00e5de vakkert og kreativt.&nbsp;<br>&nbsp;<br>Du vil ofte finne meg med en kopp kaffe og et hekleprosjekt i fanget. Jeg har ogs\u00e5 stille tanker jeg \u00f8nsker \u00e5 dele med deg. <\/p>\n\n\n\n<p class=\"\">Welcome to my creative breathing space.&nbsp;I hope I can inspire you to find moments of calmness and joy though the art of handicraft.<\/p>\n\n\n\n<p class=\"\">Varme hilsener fra<br>Bente<\/p>\n\n\n\n<hr class=\"wp-block-separator has-alpha-channel-opacity\"\/>\n\n\n\n<figure class=\"wp-block-image aligncenter size-large is-resized\"><img data-recalc-dims=\"1\" loading=\"lazy\" decoding=\"async\" width=\"768\" height=\"1024\" src=\"https:\/\/i0.wp.com\/loop-of-light.com\/wp-content\/uploads\/2025\/07\/20250504_170552697_iOS.webp?resize=768%2C1024&#038;ssl=1\" alt=\"Bente smiling and throwing a peace sign while using a wheelchair \u2013 joyful and empowered on a mindful yarn journey\" class=\"wp-image-2424\" style=\"aspect-ratio:0.7500089104323342;width:189px;height:auto\" srcset=\"https:\/\/i0.wp.com\/loop-of-light.com\/wp-content\/uploads\/2025\/07\/20250504_170552697_iOS-scaled.webp?resize=768%2C1024&amp;ssl=1 768w, https:\/\/i0.wp.com\/loop-of-light.com\/wp-content\/uploads\/2025\/07\/20250504_170552697_iOS-scaled.webp?resize=225%2C300&amp;ssl=1 225w, https:\/\/i0.wp.com\/loop-of-light.com\/wp-content\/uploads\/2025\/07\/20250504_170552697_iOS-scaled.webp?resize=1152%2C1536&amp;ssl=1 1152w, https:\/\/i0.wp.com\/loop-of-light.com\/wp-content\/uploads\/2025\/07\/20250504_170552697_iOS-scaled.webp?w=1440&amp;ssl=1 1440w, https:\/\/i0.wp.com\/loop-of-light.com\/wp-content\/uploads\/2025\/07\/20250504_170552697_iOS-scaled.webp?resize=9%2C12&amp;ssl=1 9w, https:\/\/i0.wp.com\/loop-of-light.com\/wp-content\/uploads\/2025\/07\/20250504_170552697_iOS-scaled.webp?resize=600%2C800&amp;ssl=1 600w\" sizes=\"auto, (max-width: 768px) 100vw, 768px\" \/><\/figure>\n\n\n\n<p class=\"\"><\/p>","protected":false},"excerpt":{"rendered":"<p>Bente, the heart behind Skaperglede med hvilepuls and Loop of Light, shares her journey of finding peace and joy through creativity after facing illness. She emphasizes how crafting fosters connection, rest, and hope. Bente invites you to explore inspiration and mindfulness at your own pace, offering a free e-book on color and feelings.<\/p>","protected":false},"author":1,"featured_media":1476,"parent":0,"menu_order":0,"comment_status":"open","ping_status":"closed","template":"","meta":{"nf_dc_page":"","om_disable_all_campaigns":false,"_monsterinsights_skip_tracking":false,"_monsterinsights_sitenote_active":false,"_monsterinsights_sitenote_note":"","_monsterinsights_sitenote_category":0,"_kadence_starter_templates_imported_post":false,"_kad_post_transparent":"","_kad_post_title":"","_kad_post_layout":"","_kad_post_sidebar_id":"","_kad_post_content_style":"","_kad_post_vertical_padding":"","_kad_post_feature":"","_kad_post_feature_position":"","_kad_post_header":false,"_kad_post_footer":false,"_kad_post_classname":"","footnotes":""},"class_list":["post-128","page","type-page","status-publish","has-post-thumbnail","hentry"],"yoast_head":"<!-- This site is optimized with the Yoast SEO Premium plugin v27.1 (Yoast SEO v27.4) - https:\/\/yoast.com\/product\/yoast-seo-premium-wordpress\/ -->\n<title>About me - My journey to finding peace through creative crafting - Loop of Light<\/title>\n<meta name=\"description\" content=\"A soft corner of the internet where yarn becomes self-care. Created to support tired and overwhelmed women through gentle creativity.\" \/>\n<meta name=\"robots\" content=\"index, follow, max-snippet:-1, max-image-preview:large, max-video-preview:-1\" \/>\n<link rel=\"canonical\" href=\"https:\/\/loop-of-light.com\/nb\/en-about\/\" \/>\n<meta property=\"og:locale\" content=\"nb_NO\" \/>\n<meta property=\"og:type\" content=\"article\" \/>\n<meta property=\"og:title\" content=\"About me - My journey to finding peace through creative crafting\" \/>\n<meta property=\"og:description\" content=\"A soft corner of the internet where yarn becomes self-care. Created to support tired and overwhelmed women through gentle creativity.\" \/>\n<meta property=\"og:url\" content=\"https:\/\/loop-of-light.com\/nb\/en-about\/\" \/>\n<meta property=\"og:site_name\" content=\"Loop of Light\" \/>\n<meta property=\"article:publisher\" content=\"https:\/\/www.facebook.com\/profile.php?id=61575882834639\" \/>\n<meta property=\"article:modified_time\" content=\"2025-08-27T18:31:28+00:00\" \/>\n<meta property=\"og:image\" content=\"https:\/\/loop-of-light.com\/wp-content\/uploads\/2025\/06\/20250511_101529582_ios.jpg\" \/>\n\t<meta property=\"og:image:width\" content=\"1390\" \/>\n\t<meta property=\"og:image:height\" content=\"1853\" \/>\n\t<meta property=\"og:image:type\" content=\"image\/jpeg\" \/>\n<meta name=\"twitter:card\" content=\"summary_large_image\" \/>\n<meta name=\"twitter:label1\" content=\"Ansl. lesetid\" \/>\n\t<meta name=\"twitter:data1\" content=\"2 minutter\" \/>\n<script type=\"application\/ld+json\" class=\"yoast-schema-graph\">{\"@context\":\"https:\\\/\\\/schema.org\",\"@graph\":[{\"@type\":\"WebPage\",\"@id\":\"https:\\\/\\\/loop-of-light.com\\\/en-about\\\/\",\"url\":\"https:\\\/\\\/loop-of-light.com\\\/en-about\\\/\",\"name\":\"About me - My journey to finding peace through creative crafting - Loop of Light\",\"isPartOf\":{\"@id\":\"https:\\\/\\\/loop-of-light.com\\\/#website\"},\"primaryImageOfPage\":{\"@id\":\"https:\\\/\\\/loop-of-light.com\\\/en-about\\\/#primaryimage\"},\"image\":{\"@id\":\"https:\\\/\\\/loop-of-light.com\\\/en-about\\\/#primaryimage\"},\"thumbnailUrl\":\"https:\\\/\\\/i0.wp.com\\\/loop-of-light.com\\\/wp-content\\\/uploads\\\/2025\\\/06\\\/20250511_101529582_ios.jpg?fit=1390%2C1853&ssl=1\",\"datePublished\":\"2025-04-28T21:17:50+00:00\",\"dateModified\":\"2025-08-27T18:31:28+00:00\",\"description\":\"A soft corner of the internet where yarn becomes self-care. Created to support tired and overwhelmed women through gentle creativity.\",\"breadcrumb\":{\"@id\":\"https:\\\/\\\/loop-of-light.com\\\/en-about\\\/#breadcrumb\"},\"inLanguage\":\"nb-NO\",\"potentialAction\":[{\"@type\":\"ReadAction\",\"target\":[\"https:\\\/\\\/loop-of-light.com\\\/en-about\\\/\"]}]},{\"@type\":\"ImageObject\",\"inLanguage\":\"nb-NO\",\"@id\":\"https:\\\/\\\/loop-of-light.com\\\/en-about\\\/#primaryimage\",\"url\":\"https:\\\/\\\/i0.wp.com\\\/loop-of-light.com\\\/wp-content\\\/uploads\\\/2025\\\/06\\\/20250511_101529582_ios.jpg?fit=1390%2C1853&ssl=1\",\"contentUrl\":\"https:\\\/\\\/i0.wp.com\\\/loop-of-light.com\\\/wp-content\\\/uploads\\\/2025\\\/06\\\/20250511_101529582_ios.jpg?fit=1390%2C1853&ssl=1\",\"width\":1390,\"height\":1853},{\"@type\":\"BreadcrumbList\",\"@id\":\"https:\\\/\\\/loop-of-light.com\\\/en-about\\\/#breadcrumb\",\"itemListElement\":[{\"@type\":\"ListItem\",\"position\":1,\"name\":\"Home\",\"item\":\"https:\\\/\\\/loop-of-light.com\\\/\"},{\"@type\":\"ListItem\",\"position\":2,\"name\":\"About me &#8211; My journey to finding peace through creative crafting\"}]},{\"@type\":\"WebSite\",\"@id\":\"https:\\\/\\\/loop-of-light.com\\\/#website\",\"url\":\"https:\\\/\\\/loop-of-light.com\\\/\",\"name\":\"Loop-of-light.com\",\"description\":\"Creativity with calm\",\"publisher\":{\"@id\":\"https:\\\/\\\/loop-of-light.com\\\/#\\\/schema\\\/person\\\/c0a33ff135d2d321a191176e6446ead9\"},\"potentialAction\":[{\"@type\":\"SearchAction\",\"target\":{\"@type\":\"EntryPoint\",\"urlTemplate\":\"https:\\\/\\\/loop-of-light.com\\\/?s={search_term_string}\"},\"query-input\":{\"@type\":\"PropertyValueSpecification\",\"valueRequired\":true,\"valueName\":\"search_term_string\"}}],\"inLanguage\":\"nb-NO\"},{\"@type\":[\"Person\",\"Organization\"],\"@id\":\"https:\\\/\\\/loop-of-light.com\\\/#\\\/schema\\\/person\\\/c0a33ff135d2d321a191176e6446ead9\",\"name\":\"Bente\",\"image\":{\"@type\":\"ImageObject\",\"inLanguage\":\"nb-NO\",\"@id\":\"https:\\\/\\\/i0.wp.com\\\/loop-of-light.com\\\/wp-content\\\/uploads\\\/2025\\\/06\\\/cropped-logo-1.webp?fit=512%2C512&ssl=1\",\"url\":\"https:\\\/\\\/i0.wp.com\\\/loop-of-light.com\\\/wp-content\\\/uploads\\\/2025\\\/06\\\/cropped-logo-1.webp?fit=512%2C512&ssl=1\",\"contentUrl\":\"https:\\\/\\\/i0.wp.com\\\/loop-of-light.com\\\/wp-content\\\/uploads\\\/2025\\\/06\\\/cropped-logo-1.webp?fit=512%2C512&ssl=1\",\"width\":512,\"height\":512,\"caption\":\"Bente\"},\"logo\":{\"@id\":\"https:\\\/\\\/i0.wp.com\\\/loop-of-light.com\\\/wp-content\\\/uploads\\\/2025\\\/06\\\/cropped-logo-1.webp?fit=512%2C512&ssl=1\"},\"sameAs\":[\"http:\\\/\\\/loop-of-light.com\",\"https:\\\/\\\/www.facebook.com\\\/profile.php?id=61575882834639\",\"https:\\\/\\\/www.instagram.com\\\/skaperglede_med_hvilepuls\\\/\",\"https:\\\/\\\/no.pinterest.com\\\/Loopoflight\\\/?actingBusinessId=305893137098757733\"]}]}<\/script>\n<!-- \/ Yoast SEO Premium plugin. -->","yoast_head_json":{"title":"About me - My journey to finding peace through creative crafting - Loop of Light","description":"A soft corner of the internet where yarn becomes self-care. Created to support tired and overwhelmed women through gentle creativity.","robots":{"index":"index","follow":"follow","max-snippet":"max-snippet:-1","max-image-preview":"max-image-preview:large","max-video-preview":"max-video-preview:-1"},"canonical":"https:\/\/loop-of-light.com\/nb\/en-about\/","og_locale":"nb_NO","og_type":"article","og_title":"About me - My journey to finding peace through creative crafting","og_description":"A soft corner of the internet where yarn becomes self-care. Created to support tired and overwhelmed women through gentle creativity.","og_url":"https:\/\/loop-of-light.com\/nb\/en-about\/","og_site_name":"Loop of Light","article_publisher":"https:\/\/www.facebook.com\/profile.php?id=61575882834639","article_modified_time":"2025-08-27T18:31:28+00:00","og_image":[{"width":1390,"height":1853,"url":"https:\/\/loop-of-light.com\/wp-content\/uploads\/2025\/06\/20250511_101529582_ios.jpg","type":"image\/jpeg"}],"twitter_card":"summary_large_image","twitter_misc":{"Ansl. lesetid":"2 minutter"},"schema":{"@context":"https:\/\/schema.org","@graph":[{"@type":"WebPage","@id":"https:\/\/loop-of-light.com\/en-about\/","url":"https:\/\/loop-of-light.com\/en-about\/","name":"About me - My journey to finding peace through creative crafting - Loop of Light","isPartOf":{"@id":"https:\/\/loop-of-light.com\/#website"},"primaryImageOfPage":{"@id":"https:\/\/loop-of-light.com\/en-about\/#primaryimage"},"image":{"@id":"https:\/\/loop-of-light.com\/en-about\/#primaryimage"},"thumbnailUrl":"https:\/\/i0.wp.com\/loop-of-light.com\/wp-content\/uploads\/2025\/06\/20250511_101529582_ios.jpg?fit=1390%2C1853&ssl=1","datePublished":"2025-04-28T21:17:50+00:00","dateModified":"2025-08-27T18:31:28+00:00","description":"A soft corner of the internet where yarn becomes self-care. Created to support tired and overwhelmed women through gentle creativity.","breadcrumb":{"@id":"https:\/\/loop-of-light.com\/en-about\/#breadcrumb"},"inLanguage":"nb-NO","potentialAction":[{"@type":"ReadAction","target":["https:\/\/loop-of-light.com\/en-about\/"]}]},{"@type":"ImageObject","inLanguage":"nb-NO","@id":"https:\/\/loop-of-light.com\/en-about\/#primaryimage","url":"https:\/\/i0.wp.com\/loop-of-light.com\/wp-content\/uploads\/2025\/06\/20250511_101529582_ios.jpg?fit=1390%2C1853&ssl=1","contentUrl":"https:\/\/i0.wp.com\/loop-of-light.com\/wp-content\/uploads\/2025\/06\/20250511_101529582_ios.jpg?fit=1390%2C1853&ssl=1","width":1390,"height":1853},{"@type":"BreadcrumbList","@id":"https:\/\/loop-of-light.com\/en-about\/#breadcrumb","itemListElement":[{"@type":"ListItem","position":1,"name":"Home","item":"https:\/\/loop-of-light.com\/"},{"@type":"ListItem","position":2,"name":"About me &#8211; My journey to finding peace through creative crafting"}]},{"@type":"WebSite","@id":"https:\/\/loop-of-light.com\/#website","url":"https:\/\/loop-of-light.com\/","name":"Loop-of-light.com","description":"Creativity with calm","publisher":{"@id":"https:\/\/loop-of-light.com\/#\/schema\/person\/c0a33ff135d2d321a191176e6446ead9"},"potentialAction":[{"@type":"SearchAction","target":{"@type":"EntryPoint","urlTemplate":"https:\/\/loop-of-light.com\/?s={search_term_string}"},"query-input":{"@type":"PropertyValueSpecification","valueRequired":true,"valueName":"search_term_string"}}],"inLanguage":"nb-NO"},{"@type":["Person","Organization"],"@id":"https:\/\/loop-of-light.com\/#\/schema\/person\/c0a33ff135d2d321a191176e6446ead9","name":"Bente","image":{"@type":"ImageObject","inLanguage":"nb-NO","@id":"https:\/\/i0.wp.com\/loop-of-light.com\/wp-content\/uploads\/2025\/06\/cropped-logo-1.webp?fit=512%2C512&ssl=1","url":"https:\/\/i0.wp.com\/loop-of-light.com\/wp-content\/uploads\/2025\/06\/cropped-logo-1.webp?fit=512%2C512&ssl=1","contentUrl":"https:\/\/i0.wp.com\/loop-of-light.com\/wp-content\/uploads\/2025\/06\/cropped-logo-1.webp?fit=512%2C512&ssl=1","width":512,"height":512,"caption":"Bente"},"logo":{"@id":"https:\/\/i0.wp.com\/loop-of-light.com\/wp-content\/uploads\/2025\/06\/cropped-logo-1.webp?fit=512%2C512&ssl=1"},"sameAs":["http:\/\/loop-of-light.com","https:\/\/www.facebook.com\/profile.php?id=61575882834639","https:\/\/www.instagram.com\/skaperglede_med_hvilepuls\/","https:\/\/no.pinterest.com\/Loopoflight\/?actingBusinessId=305893137098757733"]}]}},"jetpack_sharing_enabled":true,"_links":{"self":[{"href":"https:\/\/loop-of-light.com\/nb\/wp-json\/wp\/v2\/pages\/128","targetHints":{"allow":["GET"]}}],"collection":[{"href":"https:\/\/loop-of-light.com\/nb\/wp-json\/wp\/v2\/pages"}],"about":[{"href":"https:\/\/loop-of-light.com\/nb\/wp-json\/wp\/v2\/types\/page"}],"author":[{"embeddable":true,"href":"https:\/\/loop-of-light.com\/nb\/wp-json\/wp\/v2\/users\/1"}],"replies":[{"embeddable":true,"href":"https:\/\/loop-of-light.com\/nb\/wp-json\/wp\/v2\/comments?post=128"}],"version-history":[{"count":2,"href":"https:\/\/loop-of-light.com\/nb\/wp-json\/wp\/v2\/pages\/128\/revisions"}],"predecessor-version":[{"id":2945,"href":"https:\/\/loop-of-light.com\/nb\/wp-json\/wp\/v2\/pages\/128\/revisions\/2945"}],"wp:featuredmedia":[{"embeddable":true,"href":"https:\/\/loop-of-light.com\/nb\/wp-json\/wp\/v2\/media\/1476"}],"wp:attachment":[{"href":"https:\/\/loop-of-light.com\/nb\/wp-json\/wp\/v2\/media?parent=128"}],"curies":[{"name":"wp","href":"https:\/\/api.w.org\/{rel}","templated":true}]}}