{"id":3804,"date":"2025-10-23T13:50:26","date_gmt":"2025-10-23T13:50:26","guid":{"rendered":"https:\/\/loop-of-light.com\/product\/maske-og-ro-et-tilstedevaerende-mote-med-garn-norsk-variant\/"},"modified":"2025-10-28T14:10:28","modified_gmt":"2025-10-28T14:10:28","slug":"maske-og-ro-et-tilstedevaerende-mote-med-garn-norsk-variant","status":"publish","type":"product","link":"https:\/\/loop-of-light.com\/en\/product\/maske-og-ro-et-tilstedevaerende-mote-med-garn-norsk-variant\/","title":{"rendered":"Maske og ro &#8211; Et tilstedev\u00e6rende m\u00f8te med garn &#8211; Norsk variant"},"content":{"rendered":"<p><em>Printbart refleksjonskort for deg som \u00f8nsker \u00e5 bruke hekling og strikking som egenomsorg<\/em><\/p>\n<p>Skap et lite pusterom \u2013 med tr\u00e5d mellom fingrene og ro i kroppen.<\/p>\n<p><strong>Maske og ro<\/strong> er et mykt, printbart refleksjonskort med sp\u00f8rsm\u00e5l og invitasjoner som hjelper deg koble hekling eller strikking sammen med n\u00e6rv\u00e6r, sansing og selvomsorg.<\/p>\n<blockquote><p>\ud83e\uddf6 Et \u00f8yeblikk med garn kan v\u00e6re mer enn et prosjekt. Det kan v\u00e6re en pause. En pust. En liten handling av kj\u00e6rlighet til deg selv.<\/p><\/blockquote>\n<p><strong>Du f\u00e5r:<\/strong><br \/>\n\u2013 1 A5 dobbeltsidig kort for print (kan brettes som et lite hefte)<br \/>\n\u2013 1 A4 versjon (for oppslagstavle, journal eller vegg)<br \/>\n\u2013 To fargevalg \u2013 velg den som passer din energi<\/p>\n<p>\ud83d\udca1 Print det ut. Legg det i garnkurven. La det minne deg p\u00e5 at det du gj\u00f8r med hendene ogs\u00e5 kan n\u00e6re hjertet.<\/p>\n<hr \/>\n<p><strong>Dette er ogs\u00e5 en del av pakken Den varsomme sti: <\/strong><a href=\"https:\/\/loopoflight.gumroad.com\/l\/qiclxb\" target=\"_blank\" rel=\"noopener noreferrer nofollow\"><strong>F\u00e5 pakken med flere dokumenter her<\/strong><\/a><strong><br \/>\nGratis om du melder deg p\u00e5 nyhetsbrevet her <\/strong>(Trykk p\u00e5 det norske flagget for en norsk variant av siden): <a href=\"https:\/\/loop-of-light.com\/en\/gentle-path\/\" target=\"_blank\" rel=\"noopener noreferrer nofollow\"><strong>The Gentle Path &#8211; Loop of Light<\/strong><\/a><\/p>\n","protected":false},"excerpt":{"rendered":"<p>Printbart refleksjonskort for deg som \u00f8nsker \u00e5 bruke hekling og strikking som egenomsorg Skap et lite pusterom \u2013 med tr\u00e5d&#8230;<\/p>\n","protected":false},"featured_media":3805,"comment_status":"open","ping_status":"closed","template":"","meta":{"nf_dc_page":"","om_disable_all_campaigns":false,"_monsterinsights_skip_tracking":false,"_monsterinsights_sitenote_active":false,"_monsterinsights_sitenote_note":"","_monsterinsights_sitenote_category":0,"_kadence_starter_templates_imported_post":false,"_kad_post_transparent":"default","_kad_post_title":"","_kad_post_layout":"default","_kad_post_sidebar_id":"","_kad_post_content_style":"default","_kad_post_vertical_padding":"default","_kad_post_feature":"","_kad_post_feature_position":"","_kad_post_header":false,"_kad_post_footer":false,"_kad_post_classname":""},"product_brand":[],"product_cat":[103,104],"product_tag":[],"class_list":{"0":"post-3804","1":"product","2":"type-product","3":"status-publish","4":"has-post-thumbnail","6":"product_cat-downloads","7":"product_cat-norsk","9":"first","10":"instock","11":"downloadable","12":"taxable","13":"shipping-taxable","14":"purchasable","15":"product-type-simple","16":"entry","17":"content-bg","18":"loop-entry"},"yoast_head":"<!-- This site is optimized with the Yoast SEO Premium plugin v27.1 (Yoast SEO v27.4) - https:\/\/yoast.com\/product\/yoast-seo-premium-wordpress\/ -->\n<title>Maske og ro - Et tilstedev\u00e6rende m\u00f8te med garn - Norsk variant - Loop of Light<\/title>\n<meta name=\"robots\" content=\"noindex, follow\" \/>\n<meta property=\"og:locale\" content=\"en_GB\" \/>\n<meta property=\"og:type\" content=\"article\" \/>\n<meta property=\"og:title\" content=\"Maske og ro - Et tilstedev\u00e6rende m\u00f8te med garn - Norsk variant\" \/>\n<meta property=\"og:description\" content=\"Printbart refleksjonskort for deg som \u00f8nsker \u00e5 bruke hekling og strikking som egenomsorg Skap et lite pusterom \u2013 med tr\u00e5d...\" \/>\n<meta property=\"og:url\" content=\"https:\/\/loop-of-light.com\/en\/product\/maske-og-ro-et-tilstedevaerende-mote-med-garn-norsk-variant\/\" \/>\n<meta property=\"og:site_name\" content=\"Loop of Light\" \/>\n<meta property=\"article:publisher\" content=\"https:\/\/www.facebook.com\/profile.php?id=61575882834639\" \/>\n<meta property=\"article:modified_time\" content=\"2025-10-28T14:10:28+00:00\" \/>\n<meta property=\"og:image\" content=\"https:\/\/loop-of-light.com\/wp-content\/uploads\/2025\/10\/Maske-og-ro-Et-tilstedevaerende-mote-med-garn-Norsk-variant.jpg\" \/>\n\t<meta property=\"og:image:width\" content=\"600\" \/>\n\t<meta property=\"og:image:height\" content=\"600\" \/>\n\t<meta property=\"og:image:type\" content=\"image\/jpeg\" \/>\n<meta name=\"twitter:card\" content=\"summary_large_image\" \/>\n<meta name=\"twitter:label1\" content=\"Estimated reading time\" \/>\n\t<meta name=\"twitter:data1\" content=\"1 minute\" \/>\n<script type=\"application\/ld+json\" class=\"yoast-schema-graph\">{\"@context\":\"https:\\\/\\\/schema.org\",\"@graph\":[{\"@type\":\"WebPage\",\"@id\":\"https:\\\/\\\/loop-of-light.com\\\/product\\\/maske-og-ro-et-tilstedevaerende-mote-med-garn-norsk-variant\\\/\",\"url\":\"https:\\\/\\\/loop-of-light.com\\\/product\\\/maske-og-ro-et-tilstedevaerende-mote-med-garn-norsk-variant\\\/\",\"name\":\"Maske og ro - Et tilstedev\u00e6rende m\u00f8te med garn - Norsk variant - Loop of Light\",\"isPartOf\":{\"@id\":\"https:\\\/\\\/loop-of-light.com\\\/#website\"},\"primaryImageOfPage\":{\"@id\":\"https:\\\/\\\/loop-of-light.com\\\/product\\\/maske-og-ro-et-tilstedevaerende-mote-med-garn-norsk-variant\\\/#primaryimage\"},\"image\":{\"@id\":\"https:\\\/\\\/loop-of-light.com\\\/product\\\/maske-og-ro-et-tilstedevaerende-mote-med-garn-norsk-variant\\\/#primaryimage\"},\"thumbnailUrl\":\"https:\\\/\\\/i0.wp.com\\\/loop-of-light.com\\\/wp-content\\\/uploads\\\/2025\\\/10\\\/Maske-og-ro-Et-tilstedevaerende-mote-med-garn-Norsk-variant.jpg?fit=600%2C600&ssl=1\",\"datePublished\":\"2025-10-23T13:50:26+00:00\",\"dateModified\":\"2025-10-28T14:10:28+00:00\",\"breadcrumb\":{\"@id\":\"https:\\\/\\\/loop-of-light.com\\\/product\\\/maske-og-ro-et-tilstedevaerende-mote-med-garn-norsk-variant\\\/#breadcrumb\"},\"inLanguage\":\"en-GB\",\"potentialAction\":[{\"@type\":\"ReadAction\",\"target\":[\"https:\\\/\\\/loop-of-light.com\\\/product\\\/maske-og-ro-et-tilstedevaerende-mote-med-garn-norsk-variant\\\/\"]}]},{\"@type\":\"ImageObject\",\"inLanguage\":\"en-GB\",\"@id\":\"https:\\\/\\\/loop-of-light.com\\\/product\\\/maske-og-ro-et-tilstedevaerende-mote-med-garn-norsk-variant\\\/#primaryimage\",\"url\":\"https:\\\/\\\/i0.wp.com\\\/loop-of-light.com\\\/wp-content\\\/uploads\\\/2025\\\/10\\\/Maske-og-ro-Et-tilstedevaerende-mote-med-garn-Norsk-variant.jpg?fit=600%2C600&ssl=1\",\"contentUrl\":\"https:\\\/\\\/i0.wp.com\\\/loop-of-light.com\\\/wp-content\\\/uploads\\\/2025\\\/10\\\/Maske-og-ro-Et-tilstedevaerende-mote-med-garn-Norsk-variant.jpg?fit=600%2C600&ssl=1\",\"width\":600,\"height\":600},{\"@type\":\"BreadcrumbList\",\"@id\":\"https:\\\/\\\/loop-of-light.com\\\/product\\\/maske-og-ro-et-tilstedevaerende-mote-med-garn-norsk-variant\\\/#breadcrumb\",\"itemListElement\":[{\"@type\":\"ListItem\",\"position\":1,\"name\":\"Home\",\"item\":\"https:\\\/\\\/loop-of-light.com\\\/\"},{\"@type\":\"ListItem\",\"position\":2,\"name\":\"Shop\",\"item\":\"https:\\\/\\\/loop-of-light.com\\\/shop\\\/\"},{\"@type\":\"ListItem\",\"position\":3,\"name\":\"Maske og ro &#8211; Et tilstedev\u00e6rende m\u00f8te med garn &#8211; Norsk variant\"}]},{\"@type\":\"WebSite\",\"@id\":\"https:\\\/\\\/loop-of-light.com\\\/#website\",\"url\":\"https:\\\/\\\/loop-of-light.com\\\/\",\"name\":\"Loop-of-light.com\",\"description\":\"Creativity with calm\",\"publisher\":{\"@id\":\"https:\\\/\\\/loop-of-light.com\\\/#\\\/schema\\\/person\\\/c0a33ff135d2d321a191176e6446ead9\"},\"potentialAction\":[{\"@type\":\"SearchAction\",\"target\":{\"@type\":\"EntryPoint\",\"urlTemplate\":\"https:\\\/\\\/loop-of-light.com\\\/?s={search_term_string}\"},\"query-input\":{\"@type\":\"PropertyValueSpecification\",\"valueRequired\":true,\"valueName\":\"search_term_string\"}}],\"inLanguage\":\"en-GB\"},{\"@type\":[\"Person\",\"Organization\"],\"@id\":\"https:\\\/\\\/loop-of-light.com\\\/#\\\/schema\\\/person\\\/c0a33ff135d2d321a191176e6446ead9\",\"name\":\"Bente\",\"image\":{\"@type\":\"ImageObject\",\"inLanguage\":\"en-GB\",\"@id\":\"https:\\\/\\\/i0.wp.com\\\/loop-of-light.com\\\/wp-content\\\/uploads\\\/2025\\\/06\\\/cropped-logo-1.webp?fit=512%2C512&ssl=1\",\"url\":\"https:\\\/\\\/i0.wp.com\\\/loop-of-light.com\\\/wp-content\\\/uploads\\\/2025\\\/06\\\/cropped-logo-1.webp?fit=512%2C512&ssl=1\",\"contentUrl\":\"https:\\\/\\\/i0.wp.com\\\/loop-of-light.com\\\/wp-content\\\/uploads\\\/2025\\\/06\\\/cropped-logo-1.webp?fit=512%2C512&ssl=1\",\"width\":512,\"height\":512,\"caption\":\"Bente\"},\"logo\":{\"@id\":\"https:\\\/\\\/i0.wp.com\\\/loop-of-light.com\\\/wp-content\\\/uploads\\\/2025\\\/06\\\/cropped-logo-1.webp?fit=512%2C512&ssl=1\"},\"sameAs\":[\"http:\\\/\\\/loop-of-light.com\",\"https:\\\/\\\/www.facebook.com\\\/profile.php?id=61575882834639\",\"https:\\\/\\\/www.instagram.com\\\/skaperglede_med_hvilepuls\\\/\",\"https:\\\/\\\/no.pinterest.com\\\/Loopoflight\\\/?actingBusinessId=305893137098757733\"]}]}<\/script>\n<!-- \/ Yoast SEO Premium plugin. -->","yoast_head_json":{"title":"Maske og ro - Et tilstedev\u00e6rende m\u00f8te med garn - Norsk variant - Loop of Light","robots":{"index":"noindex","follow":"follow"},"og_locale":"en_GB","og_type":"article","og_title":"Maske og ro - Et tilstedev\u00e6rende m\u00f8te med garn - Norsk variant","og_description":"Printbart refleksjonskort for deg som \u00f8nsker \u00e5 bruke hekling og strikking som egenomsorg Skap et lite pusterom \u2013 med tr\u00e5d...","og_url":"https:\/\/loop-of-light.com\/en\/product\/maske-og-ro-et-tilstedevaerende-mote-med-garn-norsk-variant\/","og_site_name":"Loop of Light","article_publisher":"https:\/\/www.facebook.com\/profile.php?id=61575882834639","article_modified_time":"2025-10-28T14:10:28+00:00","og_image":[{"width":600,"height":600,"url":"https:\/\/loop-of-light.com\/wp-content\/uploads\/2025\/10\/Maske-og-ro-Et-tilstedevaerende-mote-med-garn-Norsk-variant.jpg","type":"image\/jpeg"}],"twitter_card":"summary_large_image","twitter_misc":{"Estimated reading time":"1 minute"},"schema":{"@context":"https:\/\/schema.org","@graph":[{"@type":"WebPage","@id":"https:\/\/loop-of-light.com\/product\/maske-og-ro-et-tilstedevaerende-mote-med-garn-norsk-variant\/","url":"https:\/\/loop-of-light.com\/product\/maske-og-ro-et-tilstedevaerende-mote-med-garn-norsk-variant\/","name":"Maske og ro - Et tilstedev\u00e6rende m\u00f8te med garn - Norsk variant - Loop of Light","isPartOf":{"@id":"https:\/\/loop-of-light.com\/#website"},"primaryImageOfPage":{"@id":"https:\/\/loop-of-light.com\/product\/maske-og-ro-et-tilstedevaerende-mote-med-garn-norsk-variant\/#primaryimage"},"image":{"@id":"https:\/\/loop-of-light.com\/product\/maske-og-ro-et-tilstedevaerende-mote-med-garn-norsk-variant\/#primaryimage"},"thumbnailUrl":"https:\/\/i0.wp.com\/loop-of-light.com\/wp-content\/uploads\/2025\/10\/Maske-og-ro-Et-tilstedevaerende-mote-med-garn-Norsk-variant.jpg?fit=600%2C600&ssl=1","datePublished":"2025-10-23T13:50:26+00:00","dateModified":"2025-10-28T14:10:28+00:00","breadcrumb":{"@id":"https:\/\/loop-of-light.com\/product\/maske-og-ro-et-tilstedevaerende-mote-med-garn-norsk-variant\/#breadcrumb"},"inLanguage":"en-GB","potentialAction":[{"@type":"ReadAction","target":["https:\/\/loop-of-light.com\/product\/maske-og-ro-et-tilstedevaerende-mote-med-garn-norsk-variant\/"]}]},{"@type":"ImageObject","inLanguage":"en-GB","@id":"https:\/\/loop-of-light.com\/product\/maske-og-ro-et-tilstedevaerende-mote-med-garn-norsk-variant\/#primaryimage","url":"https:\/\/i0.wp.com\/loop-of-light.com\/wp-content\/uploads\/2025\/10\/Maske-og-ro-Et-tilstedevaerende-mote-med-garn-Norsk-variant.jpg?fit=600%2C600&ssl=1","contentUrl":"https:\/\/i0.wp.com\/loop-of-light.com\/wp-content\/uploads\/2025\/10\/Maske-og-ro-Et-tilstedevaerende-mote-med-garn-Norsk-variant.jpg?fit=600%2C600&ssl=1","width":600,"height":600},{"@type":"BreadcrumbList","@id":"https:\/\/loop-of-light.com\/product\/maske-og-ro-et-tilstedevaerende-mote-med-garn-norsk-variant\/#breadcrumb","itemListElement":[{"@type":"ListItem","position":1,"name":"Home","item":"https:\/\/loop-of-light.com\/"},{"@type":"ListItem","position":2,"name":"Shop","item":"https:\/\/loop-of-light.com\/shop\/"},{"@type":"ListItem","position":3,"name":"Maske og ro &#8211; Et tilstedev\u00e6rende m\u00f8te med garn &#8211; Norsk variant"}]},{"@type":"WebSite","@id":"https:\/\/loop-of-light.com\/#website","url":"https:\/\/loop-of-light.com\/","name":"Loop-of-light.com","description":"Creativity with calm","publisher":{"@id":"https:\/\/loop-of-light.com\/#\/schema\/person\/c0a33ff135d2d321a191176e6446ead9"},"potentialAction":[{"@type":"SearchAction","target":{"@type":"EntryPoint","urlTemplate":"https:\/\/loop-of-light.com\/?s={search_term_string}"},"query-input":{"@type":"PropertyValueSpecification","valueRequired":true,"valueName":"search_term_string"}}],"inLanguage":"en-GB"},{"@type":["Person","Organization"],"@id":"https:\/\/loop-of-light.com\/#\/schema\/person\/c0a33ff135d2d321a191176e6446ead9","name":"Bente","image":{"@type":"ImageObject","inLanguage":"en-GB","@id":"https:\/\/i0.wp.com\/loop-of-light.com\/wp-content\/uploads\/2025\/06\/cropped-logo-1.webp?fit=512%2C512&ssl=1","url":"https:\/\/i0.wp.com\/loop-of-light.com\/wp-content\/uploads\/2025\/06\/cropped-logo-1.webp?fit=512%2C512&ssl=1","contentUrl":"https:\/\/i0.wp.com\/loop-of-light.com\/wp-content\/uploads\/2025\/06\/cropped-logo-1.webp?fit=512%2C512&ssl=1","width":512,"height":512,"caption":"Bente"},"logo":{"@id":"https:\/\/i0.wp.com\/loop-of-light.com\/wp-content\/uploads\/2025\/06\/cropped-logo-1.webp?fit=512%2C512&ssl=1"},"sameAs":["http:\/\/loop-of-light.com","https:\/\/www.facebook.com\/profile.php?id=61575882834639","https:\/\/www.instagram.com\/skaperglede_med_hvilepuls\/","https:\/\/no.pinterest.com\/Loopoflight\/?actingBusinessId=305893137098757733"]}]}},"jetpack_sharing_enabled":true,"_links":{"self":[{"href":"https:\/\/loop-of-light.com\/en\/wp-json\/wp\/v2\/product\/3804","targetHints":{"allow":["GET"]}}],"collection":[{"href":"https:\/\/loop-of-light.com\/en\/wp-json\/wp\/v2\/product"}],"about":[{"href":"https:\/\/loop-of-light.com\/en\/wp-json\/wp\/v2\/types\/product"}],"replies":[{"embeddable":true,"href":"https:\/\/loop-of-light.com\/en\/wp-json\/wp\/v2\/comments?post=3804"}],"wp:featuredmedia":[{"embeddable":true,"href":"https:\/\/loop-of-light.com\/en\/wp-json\/wp\/v2\/media\/3805"}],"wp:attachment":[{"href":"https:\/\/loop-of-light.com\/en\/wp-json\/wp\/v2\/media?parent=3804"}],"wp:term":[{"taxonomy":"product_brand","embeddable":true,"href":"https:\/\/loop-of-light.com\/en\/wp-json\/wp\/v2\/product_brand?post=3804"},{"taxonomy":"product_cat","embeddable":true,"href":"https:\/\/loop-of-light.com\/en\/wp-json\/wp\/v2\/product_cat?post=3804"},{"taxonomy":"product_tag","embeddable":true,"href":"https:\/\/loop-of-light.com\/en\/wp-json\/wp\/v2\/product_tag?post=3804"}],"curies":[{"name":"wp","href":"https:\/\/api.w.org\/{rel}","templated":true}]}}