{"id":3777,"date":"2025-10-23T13:50:11","date_gmt":"2025-10-23T13:50:11","guid":{"rendered":"https:\/\/loop-of-light.com\/product\/veien-til-egenkjaerlighet-en-mild-dagbok-for-indre-kjaerlighet\/"},"modified":"2025-10-28T14:10:27","modified_gmt":"2025-10-28T14:10:27","slug":"veien-til-egenkjaerlighet-en-mild-dagbok-for-indre-kjaerlighet","status":"publish","type":"product","link":"https:\/\/loop-of-light.com\/en\/product\/veien-til-egenkjaerlighet-en-mild-dagbok-for-indre-kjaerlighet\/","title":{"rendered":"Veien til egenkj\u00e6rlighet &#8211; en mild dagbok for indre kj\u00e6rlighet"},"content":{"rendered":"<h3>\u2728 <em>Veien til egenkj\u00e6rlighet<\/em> \u2013 En vennlig dagbok for indre godhet<\/h3>\n<p>Denne varme, utskritsvennlige egenkj\u00e6rlighets-dagboken, inviterer deg til \u00e5 roe ned, lytte innover og f\u00e5 kontakt med din indre verdi &#8211; et steg av gangen.<\/p>\n<p>Uansett om du er p\u00e5 vei til \u00e5 hente deg inn etter \u00e5 ha v\u00e6rt overveldet , eller bare s\u00f8ker mer ro og tilstedev\u00e6relse i hverdagen er dette en dagboken for deg.<\/p>\n<hr \/>\n<p><strong>\ud83e\uddf6 Dette finner du i dagboken<\/strong><\/p>\n<ul>\n<li>7 kapittel med korte refleksjoner, varsom teori og oppgaver.<\/li>\n<li>Mindfulle sp\u00f8rsm\u00e5l om bevissthet og medf\u00f8lelse med seg selv.<\/li>\n<li>Verkt\u00f8y for \u00e5 omskrive din indre stemme<\/li>\n<li>St\u00f8tte for \u00e5 navigere gjennom de t\u00f8ffe dagene.<\/li>\n<li>Sm\u00e5 ritualer og utsagn for hverdags omsorg for deg selv.<\/li>\n<li>Mulighet for \u00e5 skrive ut lar deg returnere til kapitelene igjen og igjen.<\/li>\n<\/ul>\n<hr \/>\n<p><strong>\ud83c\udf31 Hvem passer det for:<\/strong><\/p>\n<ul>\n<li>H\u00f8ysensitive sjeler<\/li>\n<li>Personer som gir for mye av seg selv og er mest opptatt av at alle andre har det bra.<\/li>\n<li>Alle som er trett av \u00e5 slite og er klar for mykhet.<\/li>\n<li>De som \u00f8nsker en enkel og var f\u00f8lgesvenn gjennom reisen mot egenkj\u00e6rlighet.<\/li>\n<\/ul>\n<hr \/>\n<p><strong>\ud83d\udda8 Format:<\/strong><\/p>\n<ul>\n<li>37-page PDF (utskrift eller digitalt)<\/li>\n<li>Umiddelbar nedlasting<\/li>\n<li>Rolig og minimalistisk design<\/li>\n<\/ul>\n<hr \/>\n<p>\u2728 Denne dagboken er ikke her for \u00e5 reparere deg. Den er her for \u00e5 minne deg p\u00e5 at du aldri var \u00f8delagt.<em>.<\/em><\/p>\n","protected":false},"excerpt":{"rendered":"<p>\u2728 Veien til egenkj\u00e6rlighet \u2013 En vennlig dagbok for indre godhet Denne varme, utskritsvennlige egenkj\u00e6rlighets-dagboken, inviterer deg til \u00e5 roe&#8230;<\/p>\n","protected":false},"featured_media":3778,"comment_status":"open","ping_status":"closed","template":"","meta":{"nf_dc_page":"","om_disable_all_campaigns":false,"_monsterinsights_skip_tracking":false,"_monsterinsights_sitenote_active":false,"_monsterinsights_sitenote_note":"","_monsterinsights_sitenote_category":0,"_kadence_starter_templates_imported_post":false,"_kad_post_transparent":"default","_kad_post_title":"","_kad_post_layout":"default","_kad_post_sidebar_id":"","_kad_post_content_style":"default","_kad_post_vertical_padding":"default","_kad_post_feature":"","_kad_post_feature_position":"","_kad_post_header":false,"_kad_post_footer":false,"_kad_post_classname":""},"product_brand":[],"product_cat":[103,104],"product_tag":[],"class_list":{"0":"post-3777","1":"product","2":"type-product","3":"status-publish","4":"has-post-thumbnail","6":"product_cat-downloads","7":"product_cat-norsk","9":"first","10":"instock","11":"featured","12":"downloadable","13":"taxable","14":"shipping-taxable","15":"purchasable","16":"product-type-simple","17":"entry","18":"content-bg","19":"loop-entry"},"yoast_head":"<!-- This site is optimized with the Yoast SEO Premium plugin v27.1 (Yoast SEO v27.4) - https:\/\/yoast.com\/product\/yoast-seo-premium-wordpress\/ -->\n<title>Veien til egenkj\u00e6rlighet - en mild dagbok for indre kj\u00e6rlighet - Loop of Light<\/title>\n<meta name=\"robots\" content=\"noindex, follow\" \/>\n<meta property=\"og:locale\" content=\"en_GB\" \/>\n<meta property=\"og:type\" content=\"article\" \/>\n<meta property=\"og:title\" content=\"Veien til egenkj\u00e6rlighet - en mild dagbok for indre kj\u00e6rlighet\" \/>\n<meta property=\"og:description\" content=\"\u2728 Veien til egenkj\u00e6rlighet \u2013 En vennlig dagbok for indre godhet Denne varme, utskritsvennlige egenkj\u00e6rlighets-dagboken, inviterer deg til \u00e5 roe...\" \/>\n<meta property=\"og:url\" content=\"https:\/\/loop-of-light.com\/en\/product\/veien-til-egenkjaerlighet-en-mild-dagbok-for-indre-kjaerlighet\/\" \/>\n<meta property=\"og:site_name\" content=\"Loop of Light\" \/>\n<meta property=\"article:publisher\" content=\"https:\/\/www.facebook.com\/profile.php?id=61575882834639\" \/>\n<meta property=\"article:modified_time\" content=\"2025-10-28T14:10:27+00:00\" \/>\n<meta property=\"og:image\" content=\"https:\/\/loop-of-light.com\/wp-content\/uploads\/2025\/10\/Veien-til-egenkjaerlighet-en-mild-dagbok-for-indre-kjaerlighet.jpg\" \/>\n\t<meta property=\"og:image:width\" content=\"600\" \/>\n\t<meta property=\"og:image:height\" content=\"600\" \/>\n\t<meta property=\"og:image:type\" content=\"image\/jpeg\" \/>\n<meta name=\"twitter:card\" content=\"summary_large_image\" \/>\n<meta name=\"twitter:label1\" content=\"Estimated reading time\" \/>\n\t<meta name=\"twitter:data1\" content=\"2 minutes\" \/>\n<script type=\"application\/ld+json\" class=\"yoast-schema-graph\">{\"@context\":\"https:\\\/\\\/schema.org\",\"@graph\":[{\"@type\":\"WebPage\",\"@id\":\"https:\\\/\\\/loop-of-light.com\\\/product\\\/veien-til-egenkjaerlighet-en-mild-dagbok-for-indre-kjaerlighet\\\/\",\"url\":\"https:\\\/\\\/loop-of-light.com\\\/product\\\/veien-til-egenkjaerlighet-en-mild-dagbok-for-indre-kjaerlighet\\\/\",\"name\":\"Veien til egenkj\u00e6rlighet - en mild dagbok for indre kj\u00e6rlighet - Loop of Light\",\"isPartOf\":{\"@id\":\"https:\\\/\\\/loop-of-light.com\\\/#website\"},\"primaryImageOfPage\":{\"@id\":\"https:\\\/\\\/loop-of-light.com\\\/product\\\/veien-til-egenkjaerlighet-en-mild-dagbok-for-indre-kjaerlighet\\\/#primaryimage\"},\"image\":{\"@id\":\"https:\\\/\\\/loop-of-light.com\\\/product\\\/veien-til-egenkjaerlighet-en-mild-dagbok-for-indre-kjaerlighet\\\/#primaryimage\"},\"thumbnailUrl\":\"https:\\\/\\\/i0.wp.com\\\/loop-of-light.com\\\/wp-content\\\/uploads\\\/2025\\\/10\\\/Veien-til-egenkjaerlighet-en-mild-dagbok-for-indre-kjaerlighet.jpg?fit=600%2C600&ssl=1\",\"datePublished\":\"2025-10-23T13:50:11+00:00\",\"dateModified\":\"2025-10-28T14:10:27+00:00\",\"breadcrumb\":{\"@id\":\"https:\\\/\\\/loop-of-light.com\\\/product\\\/veien-til-egenkjaerlighet-en-mild-dagbok-for-indre-kjaerlighet\\\/#breadcrumb\"},\"inLanguage\":\"en-GB\",\"potentialAction\":[{\"@type\":\"ReadAction\",\"target\":[\"https:\\\/\\\/loop-of-light.com\\\/product\\\/veien-til-egenkjaerlighet-en-mild-dagbok-for-indre-kjaerlighet\\\/\"]}]},{\"@type\":\"ImageObject\",\"inLanguage\":\"en-GB\",\"@id\":\"https:\\\/\\\/loop-of-light.com\\\/product\\\/veien-til-egenkjaerlighet-en-mild-dagbok-for-indre-kjaerlighet\\\/#primaryimage\",\"url\":\"https:\\\/\\\/i0.wp.com\\\/loop-of-light.com\\\/wp-content\\\/uploads\\\/2025\\\/10\\\/Veien-til-egenkjaerlighet-en-mild-dagbok-for-indre-kjaerlighet.jpg?fit=600%2C600&ssl=1\",\"contentUrl\":\"https:\\\/\\\/i0.wp.com\\\/loop-of-light.com\\\/wp-content\\\/uploads\\\/2025\\\/10\\\/Veien-til-egenkjaerlighet-en-mild-dagbok-for-indre-kjaerlighet.jpg?fit=600%2C600&ssl=1\",\"width\":600,\"height\":600},{\"@type\":\"BreadcrumbList\",\"@id\":\"https:\\\/\\\/loop-of-light.com\\\/product\\\/veien-til-egenkjaerlighet-en-mild-dagbok-for-indre-kjaerlighet\\\/#breadcrumb\",\"itemListElement\":[{\"@type\":\"ListItem\",\"position\":1,\"name\":\"Home\",\"item\":\"https:\\\/\\\/loop-of-light.com\\\/\"},{\"@type\":\"ListItem\",\"position\":2,\"name\":\"Shop\",\"item\":\"https:\\\/\\\/loop-of-light.com\\\/shop\\\/\"},{\"@type\":\"ListItem\",\"position\":3,\"name\":\"Veien til egenkj\u00e6rlighet &#8211; en mild dagbok for indre kj\u00e6rlighet\"}]},{\"@type\":\"WebSite\",\"@id\":\"https:\\\/\\\/loop-of-light.com\\\/#website\",\"url\":\"https:\\\/\\\/loop-of-light.com\\\/\",\"name\":\"Loop-of-light.com\",\"description\":\"Creativity with calm\",\"publisher\":{\"@id\":\"https:\\\/\\\/loop-of-light.com\\\/#\\\/schema\\\/person\\\/c0a33ff135d2d321a191176e6446ead9\"},\"potentialAction\":[{\"@type\":\"SearchAction\",\"target\":{\"@type\":\"EntryPoint\",\"urlTemplate\":\"https:\\\/\\\/loop-of-light.com\\\/?s={search_term_string}\"},\"query-input\":{\"@type\":\"PropertyValueSpecification\",\"valueRequired\":true,\"valueName\":\"search_term_string\"}}],\"inLanguage\":\"en-GB\"},{\"@type\":[\"Person\",\"Organization\"],\"@id\":\"https:\\\/\\\/loop-of-light.com\\\/#\\\/schema\\\/person\\\/c0a33ff135d2d321a191176e6446ead9\",\"name\":\"Bente\",\"image\":{\"@type\":\"ImageObject\",\"inLanguage\":\"en-GB\",\"@id\":\"https:\\\/\\\/i0.wp.com\\\/loop-of-light.com\\\/wp-content\\\/uploads\\\/2025\\\/06\\\/cropped-logo-1.webp?fit=512%2C512&ssl=1\",\"url\":\"https:\\\/\\\/i0.wp.com\\\/loop-of-light.com\\\/wp-content\\\/uploads\\\/2025\\\/06\\\/cropped-logo-1.webp?fit=512%2C512&ssl=1\",\"contentUrl\":\"https:\\\/\\\/i0.wp.com\\\/loop-of-light.com\\\/wp-content\\\/uploads\\\/2025\\\/06\\\/cropped-logo-1.webp?fit=512%2C512&ssl=1\",\"width\":512,\"height\":512,\"caption\":\"Bente\"},\"logo\":{\"@id\":\"https:\\\/\\\/i0.wp.com\\\/loop-of-light.com\\\/wp-content\\\/uploads\\\/2025\\\/06\\\/cropped-logo-1.webp?fit=512%2C512&ssl=1\"},\"sameAs\":[\"http:\\\/\\\/loop-of-light.com\",\"https:\\\/\\\/www.facebook.com\\\/profile.php?id=61575882834639\",\"https:\\\/\\\/www.instagram.com\\\/skaperglede_med_hvilepuls\\\/\",\"https:\\\/\\\/no.pinterest.com\\\/Loopoflight\\\/?actingBusinessId=305893137098757733\"]}]}<\/script>\n<!-- \/ Yoast SEO Premium plugin. -->","yoast_head_json":{"title":"Veien til egenkj\u00e6rlighet - en mild dagbok for indre kj\u00e6rlighet - Loop of Light","robots":{"index":"noindex","follow":"follow"},"og_locale":"en_GB","og_type":"article","og_title":"Veien til egenkj\u00e6rlighet - en mild dagbok for indre kj\u00e6rlighet","og_description":"\u2728 Veien til egenkj\u00e6rlighet \u2013 En vennlig dagbok for indre godhet Denne varme, utskritsvennlige egenkj\u00e6rlighets-dagboken, inviterer deg til \u00e5 roe...","og_url":"https:\/\/loop-of-light.com\/en\/product\/veien-til-egenkjaerlighet-en-mild-dagbok-for-indre-kjaerlighet\/","og_site_name":"Loop of Light","article_publisher":"https:\/\/www.facebook.com\/profile.php?id=61575882834639","article_modified_time":"2025-10-28T14:10:27+00:00","og_image":[{"width":600,"height":600,"url":"https:\/\/loop-of-light.com\/wp-content\/uploads\/2025\/10\/Veien-til-egenkjaerlighet-en-mild-dagbok-for-indre-kjaerlighet.jpg","type":"image\/jpeg"}],"twitter_card":"summary_large_image","twitter_misc":{"Estimated reading time":"2 minutes"},"schema":{"@context":"https:\/\/schema.org","@graph":[{"@type":"WebPage","@id":"https:\/\/loop-of-light.com\/product\/veien-til-egenkjaerlighet-en-mild-dagbok-for-indre-kjaerlighet\/","url":"https:\/\/loop-of-light.com\/product\/veien-til-egenkjaerlighet-en-mild-dagbok-for-indre-kjaerlighet\/","name":"Veien til egenkj\u00e6rlighet - en mild dagbok for indre kj\u00e6rlighet - Loop of Light","isPartOf":{"@id":"https:\/\/loop-of-light.com\/#website"},"primaryImageOfPage":{"@id":"https:\/\/loop-of-light.com\/product\/veien-til-egenkjaerlighet-en-mild-dagbok-for-indre-kjaerlighet\/#primaryimage"},"image":{"@id":"https:\/\/loop-of-light.com\/product\/veien-til-egenkjaerlighet-en-mild-dagbok-for-indre-kjaerlighet\/#primaryimage"},"thumbnailUrl":"https:\/\/i0.wp.com\/loop-of-light.com\/wp-content\/uploads\/2025\/10\/Veien-til-egenkjaerlighet-en-mild-dagbok-for-indre-kjaerlighet.jpg?fit=600%2C600&ssl=1","datePublished":"2025-10-23T13:50:11+00:00","dateModified":"2025-10-28T14:10:27+00:00","breadcrumb":{"@id":"https:\/\/loop-of-light.com\/product\/veien-til-egenkjaerlighet-en-mild-dagbok-for-indre-kjaerlighet\/#breadcrumb"},"inLanguage":"en-GB","potentialAction":[{"@type":"ReadAction","target":["https:\/\/loop-of-light.com\/product\/veien-til-egenkjaerlighet-en-mild-dagbok-for-indre-kjaerlighet\/"]}]},{"@type":"ImageObject","inLanguage":"en-GB","@id":"https:\/\/loop-of-light.com\/product\/veien-til-egenkjaerlighet-en-mild-dagbok-for-indre-kjaerlighet\/#primaryimage","url":"https:\/\/i0.wp.com\/loop-of-light.com\/wp-content\/uploads\/2025\/10\/Veien-til-egenkjaerlighet-en-mild-dagbok-for-indre-kjaerlighet.jpg?fit=600%2C600&ssl=1","contentUrl":"https:\/\/i0.wp.com\/loop-of-light.com\/wp-content\/uploads\/2025\/10\/Veien-til-egenkjaerlighet-en-mild-dagbok-for-indre-kjaerlighet.jpg?fit=600%2C600&ssl=1","width":600,"height":600},{"@type":"BreadcrumbList","@id":"https:\/\/loop-of-light.com\/product\/veien-til-egenkjaerlighet-en-mild-dagbok-for-indre-kjaerlighet\/#breadcrumb","itemListElement":[{"@type":"ListItem","position":1,"name":"Home","item":"https:\/\/loop-of-light.com\/"},{"@type":"ListItem","position":2,"name":"Shop","item":"https:\/\/loop-of-light.com\/shop\/"},{"@type":"ListItem","position":3,"name":"Veien til egenkj\u00e6rlighet &#8211; en mild dagbok for indre kj\u00e6rlighet"}]},{"@type":"WebSite","@id":"https:\/\/loop-of-light.com\/#website","url":"https:\/\/loop-of-light.com\/","name":"Loop-of-light.com","description":"Creativity with calm","publisher":{"@id":"https:\/\/loop-of-light.com\/#\/schema\/person\/c0a33ff135d2d321a191176e6446ead9"},"potentialAction":[{"@type":"SearchAction","target":{"@type":"EntryPoint","urlTemplate":"https:\/\/loop-of-light.com\/?s={search_term_string}"},"query-input":{"@type":"PropertyValueSpecification","valueRequired":true,"valueName":"search_term_string"}}],"inLanguage":"en-GB"},{"@type":["Person","Organization"],"@id":"https:\/\/loop-of-light.com\/#\/schema\/person\/c0a33ff135d2d321a191176e6446ead9","name":"Bente","image":{"@type":"ImageObject","inLanguage":"en-GB","@id":"https:\/\/i0.wp.com\/loop-of-light.com\/wp-content\/uploads\/2025\/06\/cropped-logo-1.webp?fit=512%2C512&ssl=1","url":"https:\/\/i0.wp.com\/loop-of-light.com\/wp-content\/uploads\/2025\/06\/cropped-logo-1.webp?fit=512%2C512&ssl=1","contentUrl":"https:\/\/i0.wp.com\/loop-of-light.com\/wp-content\/uploads\/2025\/06\/cropped-logo-1.webp?fit=512%2C512&ssl=1","width":512,"height":512,"caption":"Bente"},"logo":{"@id":"https:\/\/i0.wp.com\/loop-of-light.com\/wp-content\/uploads\/2025\/06\/cropped-logo-1.webp?fit=512%2C512&ssl=1"},"sameAs":["http:\/\/loop-of-light.com","https:\/\/www.facebook.com\/profile.php?id=61575882834639","https:\/\/www.instagram.com\/skaperglede_med_hvilepuls\/","https:\/\/no.pinterest.com\/Loopoflight\/?actingBusinessId=305893137098757733"]}]}},"jetpack_sharing_enabled":true,"_links":{"self":[{"href":"https:\/\/loop-of-light.com\/en\/wp-json\/wp\/v2\/product\/3777","targetHints":{"allow":["GET"]}}],"collection":[{"href":"https:\/\/loop-of-light.com\/en\/wp-json\/wp\/v2\/product"}],"about":[{"href":"https:\/\/loop-of-light.com\/en\/wp-json\/wp\/v2\/types\/product"}],"replies":[{"embeddable":true,"href":"https:\/\/loop-of-light.com\/en\/wp-json\/wp\/v2\/comments?post=3777"}],"wp:featuredmedia":[{"embeddable":true,"href":"https:\/\/loop-of-light.com\/en\/wp-json\/wp\/v2\/media\/3778"}],"wp:attachment":[{"href":"https:\/\/loop-of-light.com\/en\/wp-json\/wp\/v2\/media?parent=3777"}],"wp:term":[{"taxonomy":"product_brand","embeddable":true,"href":"https:\/\/loop-of-light.com\/en\/wp-json\/wp\/v2\/product_brand?post=3777"},{"taxonomy":"product_cat","embeddable":true,"href":"https:\/\/loop-of-light.com\/en\/wp-json\/wp\/v2\/product_cat?post=3777"},{"taxonomy":"product_tag","embeddable":true,"href":"https:\/\/loop-of-light.com\/en\/wp-json\/wp\/v2\/product_tag?post=3777"}],"curies":[{"name":"wp","href":"https:\/\/api.w.org\/{rel}","templated":true}]}}