{"id":3773,"date":"2025-10-23T13:50:08","date_gmt":"2025-10-23T13:50:08","guid":{"rendered":"https:\/\/loop-of-light.com\/product\/den-varsomme-stien-the-gentle-path-ditt-forste-steg-tilbake-til-deg-selv\/"},"modified":"2025-10-28T14:10:27","modified_gmt":"2025-10-28T14:10:27","slug":"den-varsomme-stien-the-gentle-path-ditt-forste-steg-tilbake-til-deg-selv","status":"publish","type":"product","link":"https:\/\/loop-of-light.com\/en\/product\/den-varsomme-stien-the-gentle-path-ditt-forste-steg-tilbake-til-deg-selv\/","title":{"rendered":"Den varsomme stien\/The Gentle Path \u2014 ditt f\u00f8rste steg tilbake til deg selv"},"content":{"rendered":"<p>Denne pakken er laget for kvinner som f\u00f8ler seg slitne, overveldet og kanskje litt skyldige n\u00e5r de pr\u00f8ver \u00e5 ta tid til seg selv.<\/p>\n<p><em>Den vennlige stien<\/em> er ikke enda en oppgave p\u00e5 gj\u00f8rem\u00e5lslisten \u2014 det er en myk invitasjon til \u00e5 puste, hvile og finne tilbake til deg selv, ett lite \u00f8yeblikk av gangen.<\/p>\n<p>I pakken finner du:<br \/>\n\u2728 <em>En Rolig stund<\/em> \u2013 en 7-dagers mindful dagbok for tr\u00e5d og tanke<br \/>\n\u2728 <em>Et mykt \u00f8yeblikk<\/em> \u2013 en 5-minutters garnmeditasjon (video)<br \/>\n\u2728 <em>Tillatelse til \u00e5 hvile<\/em> \u2013 utskrivbare kort og plakater som minner deg p\u00e5 at du har lov til \u00e5 hvile<br \/>\n\u2728 <em>Masker og ro<\/em> \u2013 refleksjonssp\u00f8rsm\u00e5l for sm\u00e5, rolige \u00f8yeblikk mellom maskene<br \/>\n\u2728 <em>The Gentle Loop hals<\/em> \u2013 et enkelt, mindful heklem\u00f8nster<\/p>\n<p>Hvert element er laget for \u00e5 gj\u00f8re garnstunden din til en liten oase av ro, egenkj\u00e6rlighet, egenomsorg og tilstedev\u00e6relse.<\/p>\n<p>\ud83d\udc9c Ordin\u00e6r pris: $4.99.<br \/>\nGratis i dag med koden du f\u00e5r n\u00e5r du melder deg p\u00e5 nyhetsbrevet mitt.<\/p>\n","protected":false},"excerpt":{"rendered":"<p>Denne pakken er laget for kvinner som f\u00f8ler seg slitne, overveldet og kanskje litt skyldige n\u00e5r de pr\u00f8ver \u00e5 ta&#8230;<\/p>\n","protected":false},"featured_media":3774,"comment_status":"open","ping_status":"closed","template":"","meta":{"nf_dc_page":"","om_disable_all_campaigns":false,"_monsterinsights_skip_tracking":false,"_monsterinsights_sitenote_active":false,"_monsterinsights_sitenote_note":"","_monsterinsights_sitenote_category":0,"_kadence_starter_templates_imported_post":false,"_kad_post_transparent":"default","_kad_post_title":"","_kad_post_layout":"default","_kad_post_sidebar_id":"","_kad_post_content_style":"default","_kad_post_vertical_padding":"default","_kad_post_feature":"","_kad_post_feature_position":"","_kad_post_header":false,"_kad_post_footer":false,"_kad_post_classname":""},"product_brand":[],"product_cat":[103,104],"product_tag":[],"class_list":{"0":"post-3773","1":"product","2":"type-product","3":"status-publish","4":"has-post-thumbnail","6":"product_cat-downloads","7":"product_cat-norsk","9":"first","10":"instock","11":"downloadable","12":"virtual","13":"taxable","14":"purchasable","15":"product-type-simple","16":"entry","17":"content-bg","18":"loop-entry"},"yoast_head":"<!-- This site is optimized with the Yoast SEO Premium plugin v27.1 (Yoast SEO v27.4) - https:\/\/yoast.com\/product\/yoast-seo-premium-wordpress\/ -->\n<title>Den varsomme stien\/The Gentle Path \u2014 ditt f\u00f8rste steg tilbake til deg selv - Loop of Light<\/title>\n<meta name=\"robots\" content=\"noindex, follow\" \/>\n<meta property=\"og:locale\" content=\"en_GB\" \/>\n<meta property=\"og:type\" content=\"article\" \/>\n<meta property=\"og:title\" content=\"Den varsomme stien\/The Gentle Path \u2014 ditt f\u00f8rste steg tilbake til deg selv\" \/>\n<meta property=\"og:description\" content=\"Denne pakken er laget for kvinner som f\u00f8ler seg slitne, overveldet og kanskje litt skyldige n\u00e5r de pr\u00f8ver \u00e5 ta...\" \/>\n<meta property=\"og:url\" content=\"https:\/\/loop-of-light.com\/en\/product\/den-varsomme-stien-the-gentle-path-ditt-forste-steg-tilbake-til-deg-selv\/\" \/>\n<meta property=\"og:site_name\" content=\"Loop of Light\" \/>\n<meta property=\"article:publisher\" content=\"https:\/\/www.facebook.com\/profile.php?id=61575882834639\" \/>\n<meta property=\"article:modified_time\" content=\"2025-10-28T14:10:27+00:00\" \/>\n<meta property=\"og:image\" content=\"https:\/\/loop-of-light.com\/wp-content\/uploads\/2025\/10\/Den-varsomme-stienThe-Gentle-Path-\u2014-ditt-forste-steg-tilbake-til-deg-selv-.jpg\" \/>\n\t<meta property=\"og:image:width\" content=\"600\" \/>\n\t<meta property=\"og:image:height\" content=\"600\" \/>\n\t<meta property=\"og:image:type\" content=\"image\/jpeg\" \/>\n<meta name=\"twitter:card\" content=\"summary_large_image\" \/>\n<meta name=\"twitter:label1\" content=\"Estimated reading time\" \/>\n\t<meta name=\"twitter:data1\" content=\"1 minute\" \/>\n<script type=\"application\/ld+json\" class=\"yoast-schema-graph\">{\"@context\":\"https:\\\/\\\/schema.org\",\"@graph\":[{\"@type\":\"WebPage\",\"@id\":\"https:\\\/\\\/loop-of-light.com\\\/product\\\/den-varsomme-stien-the-gentle-path-ditt-forste-steg-tilbake-til-deg-selv\\\/\",\"url\":\"https:\\\/\\\/loop-of-light.com\\\/product\\\/den-varsomme-stien-the-gentle-path-ditt-forste-steg-tilbake-til-deg-selv\\\/\",\"name\":\"Den varsomme stien\\\/The Gentle Path \u2014 ditt f\u00f8rste steg tilbake til deg selv - Loop of Light\",\"isPartOf\":{\"@id\":\"https:\\\/\\\/loop-of-light.com\\\/#website\"},\"primaryImageOfPage\":{\"@id\":\"https:\\\/\\\/loop-of-light.com\\\/product\\\/den-varsomme-stien-the-gentle-path-ditt-forste-steg-tilbake-til-deg-selv\\\/#primaryimage\"},\"image\":{\"@id\":\"https:\\\/\\\/loop-of-light.com\\\/product\\\/den-varsomme-stien-the-gentle-path-ditt-forste-steg-tilbake-til-deg-selv\\\/#primaryimage\"},\"thumbnailUrl\":\"https:\\\/\\\/i0.wp.com\\\/loop-of-light.com\\\/wp-content\\\/uploads\\\/2025\\\/10\\\/Den-varsomme-stienThe-Gentle-Path-%E2%80%94-ditt-forste-steg-tilbake-til-deg-selv-.jpg?fit=600%2C600&ssl=1\",\"datePublished\":\"2025-10-23T13:50:08+00:00\",\"dateModified\":\"2025-10-28T14:10:27+00:00\",\"breadcrumb\":{\"@id\":\"https:\\\/\\\/loop-of-light.com\\\/product\\\/den-varsomme-stien-the-gentle-path-ditt-forste-steg-tilbake-til-deg-selv\\\/#breadcrumb\"},\"inLanguage\":\"en-GB\",\"potentialAction\":[{\"@type\":\"ReadAction\",\"target\":[\"https:\\\/\\\/loop-of-light.com\\\/product\\\/den-varsomme-stien-the-gentle-path-ditt-forste-steg-tilbake-til-deg-selv\\\/\"]}]},{\"@type\":\"ImageObject\",\"inLanguage\":\"en-GB\",\"@id\":\"https:\\\/\\\/loop-of-light.com\\\/product\\\/den-varsomme-stien-the-gentle-path-ditt-forste-steg-tilbake-til-deg-selv\\\/#primaryimage\",\"url\":\"https:\\\/\\\/i0.wp.com\\\/loop-of-light.com\\\/wp-content\\\/uploads\\\/2025\\\/10\\\/Den-varsomme-stienThe-Gentle-Path-%E2%80%94-ditt-forste-steg-tilbake-til-deg-selv-.jpg?fit=600%2C600&ssl=1\",\"contentUrl\":\"https:\\\/\\\/i0.wp.com\\\/loop-of-light.com\\\/wp-content\\\/uploads\\\/2025\\\/10\\\/Den-varsomme-stienThe-Gentle-Path-%E2%80%94-ditt-forste-steg-tilbake-til-deg-selv-.jpg?fit=600%2C600&ssl=1\",\"width\":600,\"height\":600},{\"@type\":\"BreadcrumbList\",\"@id\":\"https:\\\/\\\/loop-of-light.com\\\/product\\\/den-varsomme-stien-the-gentle-path-ditt-forste-steg-tilbake-til-deg-selv\\\/#breadcrumb\",\"itemListElement\":[{\"@type\":\"ListItem\",\"position\":1,\"name\":\"Home\",\"item\":\"https:\\\/\\\/loop-of-light.com\\\/\"},{\"@type\":\"ListItem\",\"position\":2,\"name\":\"Shop\",\"item\":\"https:\\\/\\\/loop-of-light.com\\\/shop\\\/\"},{\"@type\":\"ListItem\",\"position\":3,\"name\":\"Den varsomme stien\\\/The Gentle Path \u2014 ditt f\u00f8rste steg tilbake til deg selv\"}]},{\"@type\":\"WebSite\",\"@id\":\"https:\\\/\\\/loop-of-light.com\\\/#website\",\"url\":\"https:\\\/\\\/loop-of-light.com\\\/\",\"name\":\"Loop-of-light.com\",\"description\":\"Creativity with calm\",\"publisher\":{\"@id\":\"https:\\\/\\\/loop-of-light.com\\\/#\\\/schema\\\/person\\\/c0a33ff135d2d321a191176e6446ead9\"},\"potentialAction\":[{\"@type\":\"SearchAction\",\"target\":{\"@type\":\"EntryPoint\",\"urlTemplate\":\"https:\\\/\\\/loop-of-light.com\\\/?s={search_term_string}\"},\"query-input\":{\"@type\":\"PropertyValueSpecification\",\"valueRequired\":true,\"valueName\":\"search_term_string\"}}],\"inLanguage\":\"en-GB\"},{\"@type\":[\"Person\",\"Organization\"],\"@id\":\"https:\\\/\\\/loop-of-light.com\\\/#\\\/schema\\\/person\\\/c0a33ff135d2d321a191176e6446ead9\",\"name\":\"Bente\",\"image\":{\"@type\":\"ImageObject\",\"inLanguage\":\"en-GB\",\"@id\":\"https:\\\/\\\/i0.wp.com\\\/loop-of-light.com\\\/wp-content\\\/uploads\\\/2025\\\/06\\\/cropped-logo-1.webp?fit=512%2C512&ssl=1\",\"url\":\"https:\\\/\\\/i0.wp.com\\\/loop-of-light.com\\\/wp-content\\\/uploads\\\/2025\\\/06\\\/cropped-logo-1.webp?fit=512%2C512&ssl=1\",\"contentUrl\":\"https:\\\/\\\/i0.wp.com\\\/loop-of-light.com\\\/wp-content\\\/uploads\\\/2025\\\/06\\\/cropped-logo-1.webp?fit=512%2C512&ssl=1\",\"width\":512,\"height\":512,\"caption\":\"Bente\"},\"logo\":{\"@id\":\"https:\\\/\\\/i0.wp.com\\\/loop-of-light.com\\\/wp-content\\\/uploads\\\/2025\\\/06\\\/cropped-logo-1.webp?fit=512%2C512&ssl=1\"},\"sameAs\":[\"http:\\\/\\\/loop-of-light.com\",\"https:\\\/\\\/www.facebook.com\\\/profile.php?id=61575882834639\",\"https:\\\/\\\/www.instagram.com\\\/skaperglede_med_hvilepuls\\\/\",\"https:\\\/\\\/no.pinterest.com\\\/Loopoflight\\\/?actingBusinessId=305893137098757733\"]}]}<\/script>\n<!-- \/ Yoast SEO Premium plugin. -->","yoast_head_json":{"title":"Den varsomme stien\/The Gentle Path \u2014 ditt f\u00f8rste steg tilbake til deg selv - Loop of Light","robots":{"index":"noindex","follow":"follow"},"og_locale":"en_GB","og_type":"article","og_title":"Den varsomme stien\/The Gentle Path \u2014 ditt f\u00f8rste steg tilbake til deg selv","og_description":"Denne pakken er laget for kvinner som f\u00f8ler seg slitne, overveldet og kanskje litt skyldige n\u00e5r de pr\u00f8ver \u00e5 ta...","og_url":"https:\/\/loop-of-light.com\/en\/product\/den-varsomme-stien-the-gentle-path-ditt-forste-steg-tilbake-til-deg-selv\/","og_site_name":"Loop of Light","article_publisher":"https:\/\/www.facebook.com\/profile.php?id=61575882834639","article_modified_time":"2025-10-28T14:10:27+00:00","og_image":[{"width":600,"height":600,"url":"https:\/\/loop-of-light.com\/wp-content\/uploads\/2025\/10\/Den-varsomme-stienThe-Gentle-Path-\u2014-ditt-forste-steg-tilbake-til-deg-selv-.jpg","type":"image\/jpeg"}],"twitter_card":"summary_large_image","twitter_misc":{"Estimated reading time":"1 minute"},"schema":{"@context":"https:\/\/schema.org","@graph":[{"@type":"WebPage","@id":"https:\/\/loop-of-light.com\/product\/den-varsomme-stien-the-gentle-path-ditt-forste-steg-tilbake-til-deg-selv\/","url":"https:\/\/loop-of-light.com\/product\/den-varsomme-stien-the-gentle-path-ditt-forste-steg-tilbake-til-deg-selv\/","name":"Den varsomme stien\/The Gentle Path \u2014 ditt f\u00f8rste steg tilbake til deg selv - Loop of Light","isPartOf":{"@id":"https:\/\/loop-of-light.com\/#website"},"primaryImageOfPage":{"@id":"https:\/\/loop-of-light.com\/product\/den-varsomme-stien-the-gentle-path-ditt-forste-steg-tilbake-til-deg-selv\/#primaryimage"},"image":{"@id":"https:\/\/loop-of-light.com\/product\/den-varsomme-stien-the-gentle-path-ditt-forste-steg-tilbake-til-deg-selv\/#primaryimage"},"thumbnailUrl":"https:\/\/i0.wp.com\/loop-of-light.com\/wp-content\/uploads\/2025\/10\/Den-varsomme-stienThe-Gentle-Path-%E2%80%94-ditt-forste-steg-tilbake-til-deg-selv-.jpg?fit=600%2C600&ssl=1","datePublished":"2025-10-23T13:50:08+00:00","dateModified":"2025-10-28T14:10:27+00:00","breadcrumb":{"@id":"https:\/\/loop-of-light.com\/product\/den-varsomme-stien-the-gentle-path-ditt-forste-steg-tilbake-til-deg-selv\/#breadcrumb"},"inLanguage":"en-GB","potentialAction":[{"@type":"ReadAction","target":["https:\/\/loop-of-light.com\/product\/den-varsomme-stien-the-gentle-path-ditt-forste-steg-tilbake-til-deg-selv\/"]}]},{"@type":"ImageObject","inLanguage":"en-GB","@id":"https:\/\/loop-of-light.com\/product\/den-varsomme-stien-the-gentle-path-ditt-forste-steg-tilbake-til-deg-selv\/#primaryimage","url":"https:\/\/i0.wp.com\/loop-of-light.com\/wp-content\/uploads\/2025\/10\/Den-varsomme-stienThe-Gentle-Path-%E2%80%94-ditt-forste-steg-tilbake-til-deg-selv-.jpg?fit=600%2C600&ssl=1","contentUrl":"https:\/\/i0.wp.com\/loop-of-light.com\/wp-content\/uploads\/2025\/10\/Den-varsomme-stienThe-Gentle-Path-%E2%80%94-ditt-forste-steg-tilbake-til-deg-selv-.jpg?fit=600%2C600&ssl=1","width":600,"height":600},{"@type":"BreadcrumbList","@id":"https:\/\/loop-of-light.com\/product\/den-varsomme-stien-the-gentle-path-ditt-forste-steg-tilbake-til-deg-selv\/#breadcrumb","itemListElement":[{"@type":"ListItem","position":1,"name":"Home","item":"https:\/\/loop-of-light.com\/"},{"@type":"ListItem","position":2,"name":"Shop","item":"https:\/\/loop-of-light.com\/shop\/"},{"@type":"ListItem","position":3,"name":"Den varsomme stien\/The Gentle Path \u2014 ditt f\u00f8rste steg tilbake til deg selv"}]},{"@type":"WebSite","@id":"https:\/\/loop-of-light.com\/#website","url":"https:\/\/loop-of-light.com\/","name":"Loop-of-light.com","description":"Creativity with calm","publisher":{"@id":"https:\/\/loop-of-light.com\/#\/schema\/person\/c0a33ff135d2d321a191176e6446ead9"},"potentialAction":[{"@type":"SearchAction","target":{"@type":"EntryPoint","urlTemplate":"https:\/\/loop-of-light.com\/?s={search_term_string}"},"query-input":{"@type":"PropertyValueSpecification","valueRequired":true,"valueName":"search_term_string"}}],"inLanguage":"en-GB"},{"@type":["Person","Organization"],"@id":"https:\/\/loop-of-light.com\/#\/schema\/person\/c0a33ff135d2d321a191176e6446ead9","name":"Bente","image":{"@type":"ImageObject","inLanguage":"en-GB","@id":"https:\/\/i0.wp.com\/loop-of-light.com\/wp-content\/uploads\/2025\/06\/cropped-logo-1.webp?fit=512%2C512&ssl=1","url":"https:\/\/i0.wp.com\/loop-of-light.com\/wp-content\/uploads\/2025\/06\/cropped-logo-1.webp?fit=512%2C512&ssl=1","contentUrl":"https:\/\/i0.wp.com\/loop-of-light.com\/wp-content\/uploads\/2025\/06\/cropped-logo-1.webp?fit=512%2C512&ssl=1","width":512,"height":512,"caption":"Bente"},"logo":{"@id":"https:\/\/i0.wp.com\/loop-of-light.com\/wp-content\/uploads\/2025\/06\/cropped-logo-1.webp?fit=512%2C512&ssl=1"},"sameAs":["http:\/\/loop-of-light.com","https:\/\/www.facebook.com\/profile.php?id=61575882834639","https:\/\/www.instagram.com\/skaperglede_med_hvilepuls\/","https:\/\/no.pinterest.com\/Loopoflight\/?actingBusinessId=305893137098757733"]}]}},"jetpack_sharing_enabled":true,"_links":{"self":[{"href":"https:\/\/loop-of-light.com\/en\/wp-json\/wp\/v2\/product\/3773","targetHints":{"allow":["GET"]}}],"collection":[{"href":"https:\/\/loop-of-light.com\/en\/wp-json\/wp\/v2\/product"}],"about":[{"href":"https:\/\/loop-of-light.com\/en\/wp-json\/wp\/v2\/types\/product"}],"replies":[{"embeddable":true,"href":"https:\/\/loop-of-light.com\/en\/wp-json\/wp\/v2\/comments?post=3773"}],"wp:featuredmedia":[{"embeddable":true,"href":"https:\/\/loop-of-light.com\/en\/wp-json\/wp\/v2\/media\/3774"}],"wp:attachment":[{"href":"https:\/\/loop-of-light.com\/en\/wp-json\/wp\/v2\/media?parent=3773"}],"wp:term":[{"taxonomy":"product_brand","embeddable":true,"href":"https:\/\/loop-of-light.com\/en\/wp-json\/wp\/v2\/product_brand?post=3773"},{"taxonomy":"product_cat","embeddable":true,"href":"https:\/\/loop-of-light.com\/en\/wp-json\/wp\/v2\/product_cat?post=3773"},{"taxonomy":"product_tag","embeddable":true,"href":"https:\/\/loop-of-light.com\/en\/wp-json\/wp\/v2\/product_tag?post=3773"}],"curies":[{"name":"wp","href":"https:\/\/api.w.org\/{rel}","templated":true}]}}