{"id":656,"date":"2025-05-07T23:46:14","date_gmt":"2025-05-07T21:46:14","guid":{"rendered":"https:\/\/loop-of-light.com\/?page_id=656"},"modified":"2025-05-07T23:46:14","modified_gmt":"2025-05-07T21:46:14","slug":"farger-materialer-og-folelser","status":"publish","type":"page","link":"https:\/\/loop-of-light.com\/en\/farger-materialer-og-folelser\/","title":{"rendered":"Farger, materialer og f\u00f8lelser"},"content":{"rendered":"\n<hr class=\"wp-block-separator has-alpha-channel-opacity\" \/>\n\n\n\n<p>Velkommen til <em>Farger og f\u00f8lelser<\/em> \u2013 en side viet samspillet mellom kreativitet, sanselighet og indre liv. Her utforsker vi hvordan farger og h\u00e5ndarbeid kan bli et spr\u00e5k for f\u00f8lelser. Det kan ogs\u00e5 v\u00e6re et verkt\u00f8y for tilstedev\u00e6relse og bearbeiding. Dette gjelder uavhengig av forkunnskaper eller formelle teknikker.<\/p>\n\n\n\n<p><strong>E-boken min, \u201cFarger og f\u00f8lelser i h\u00e5ndarbeid\u201d<\/strong>, gir deg en myk inngang til dette temaet. Gjennom enkle refleksjoner og inspirasjon vil jeg hjelpe deg. M\u00e5let er \u00e5 finne tilbake til din egen skaperglede i ditt eget tempo.<\/p>\n\n\n\n<div class=\"wp-block-group is-nowrap is-layout-flex wp-container-core-group-is-layout-ad2f72ca wp-block-group-is-layout-flex\">\n<p>Den <strong>praktiske arbeidsboken<\/strong> inneholder konkrete \u00f8velser og oppgaver. Disse \u00f8velsene danner grunnlaget for \u00e5 bruke farger og h\u00e5ndarbeid som verkt\u00f8y. Slik kan de brukes for hvile, bearbeiding og glede.<\/p>\n\n\n\n<figure class=\"wp-block-image size-medium\"><img data-recalc-dims=\"1\" loading=\"lazy\" decoding=\"async\" width=\"1290\" height=\"2059\" loading=\"lazy\" src=\"https:\/\/i0.wp.com\/loopoflightcom.wordpress.com\/wp-content\/uploads\/2025\/04\/farger-og-folelser-om-fargevalg-i-handarbeid.zip-1-2.jpg?resize=1290%2C2059&#038;ssl=1\" alt=\"E-bokutsnitt med teksten 'Farger og f\u00f8lelser', illustrert med en blomst og en heklen\u00e5l som arbeider med garn.\" class=\"wp-image-266\" srcset=\"https:\/\/i0.wp.com\/loop-of-light.com\/wp-content\/uploads\/2025\/04\/farger-og-folelser-om-fargevalg-i-handarbeid.zip-1-2.jpg?w=1410&amp;ssl=1 1410w, https:\/\/i0.wp.com\/loop-of-light.com\/wp-content\/uploads\/2025\/04\/farger-og-folelser-om-fargevalg-i-handarbeid.zip-1-2.jpg?resize=188%2C300&amp;ssl=1 188w, https:\/\/i0.wp.com\/loop-of-light.com\/wp-content\/uploads\/2025\/04\/farger-og-folelser-om-fargevalg-i-handarbeid.zip-1-2.jpg?resize=642%2C1024&amp;ssl=1 642w, https:\/\/i0.wp.com\/loop-of-light.com\/wp-content\/uploads\/2025\/04\/farger-og-folelser-om-fargevalg-i-handarbeid.zip-1-2.jpg?resize=768%2C1226&amp;ssl=1 768w, https:\/\/i0.wp.com\/loop-of-light.com\/wp-content\/uploads\/2025\/04\/farger-og-folelser-om-fargevalg-i-handarbeid.zip-1-2.jpg?resize=963%2C1536&amp;ssl=1 963w, https:\/\/i0.wp.com\/loop-of-light.com\/wp-content\/uploads\/2025\/04\/farger-og-folelser-om-fargevalg-i-handarbeid.zip-1-2.jpg?resize=1283%2C2048&amp;ssl=1 1283w\" sizes=\"auto, (max-width: 1290px) 100vw, 1290px\" \/><\/figure>\n<\/div>\n\n\n\n<div class=\"wp-block-buttons is-content-justification-center is-layout-flex wp-container-core-buttons-is-layout-16018d1d wp-block-buttons-is-layout-flex\">\n<div class=\"wp-block-button\"><a class=\"wp-block-button__link wp-element-button\" href=\"http:\/\/subscribepage.io\/upJ9xb\">F\u00e5 gratis arbeidssbok<\/a><\/div>\n<\/div>\n\n\n\n<p>Etter hvert vil denne siden fylles med refleksjoner, erfaringer og tips fra prosessen. Dette vil v\u00e6re i form av blogginnlegg og annet innhold. Inntil videre er dette en rolig base du kan vende tilbake til. Du kan komme hit n\u00e5r du \u00f8nsker p\u00e5fyll eller trenger en p\u00e5minnelse om at sm\u00e5 skritt er mer enn nok.<\/p>\n\n\n\n<blockquote class=\"wp-block-quote is-layout-flow wp-block-quote-is-layout-flow\">\n<p>Du trenger ikke prestere for \u00e5 skape. Du trenger bare et lite rom \u2013 og kanskje en farge eller to.<\/p>\n<\/blockquote>\n\n\n\n<div class=\"wp-block-buttons is-vertical is-content-justification-center is-layout-flex wp-container-core-buttons-is-layout-4b2eccd6 wp-block-buttons-is-layout-flex\">\n<div class=\"wp-block-button\"><a class=\"wp-block-button__link wp-element-button\" href=\"https:\/\/loop-of-light.com\/forside-norsk\/\">Forside<\/a><\/div>\n\n\n\n<div class=\"wp-block-button\"><a class=\"wp-block-button__link wp-element-button\" href=\"https:\/\/loop-of-light.com\/om-meg\/\">Om Meg<\/a><\/div>\n\n\n\n<div class=\"wp-block-button\"><a class=\"wp-block-button__link wp-element-button\" href=\"https:\/\/loop-of-light.com\/frontpage-english\/\">English Meny<\/a><\/div>\n<\/div>\n\n\n\n<p><\/p>\n","protected":false},"excerpt":{"rendered":"<p>Velkommen til Farger og f\u00f8lelser, en plattform som fremmer kreativitet og indre liv gjennom farger og h\u00e5ndarbeid. E-boken \u201cFarger og f\u00f8lelser i h\u00e5ndarbeid\u201d tilbyr en myk tiln\u00e6rming, med refleksjoner og \u00f8velser som oppmuntrer til personlig skaperglede. Her er gode minner om at sm\u00e5 skritt er mer enn tilstrekkelig.<\/p>\n","protected":false},"author":1,"featured_media":0,"parent":0,"menu_order":0,"comment_status":"closed","ping_status":"closed","template":"","meta":{"nf_dc_page":"","om_disable_all_campaigns":false,"_monsterinsights_skip_tracking":false,"_monsterinsights_sitenote_active":false,"_monsterinsights_sitenote_note":"","_monsterinsights_sitenote_category":0,"_kadence_starter_templates_imported_post":false,"_kad_post_transparent":"","_kad_post_title":"","_kad_post_layout":"","_kad_post_sidebar_id":"","_kad_post_content_style":"","_kad_post_vertical_padding":"","_kad_post_feature":"","_kad_post_feature_position":"","_kad_post_header":false,"_kad_post_footer":false,"_kad_post_classname":"","footnotes":""},"class_list":["post-656","page","type-page","status-publish","hentry"],"yoast_head":"<!-- This site is optimized with the Yoast SEO Premium plugin v27.1 (Yoast SEO v27.4) - https:\/\/yoast.com\/product\/yoast-seo-premium-wordpress\/ -->\n<title>Farger, materialer og f\u00f8lelser - Loop of Light<\/title>\n<meta name=\"robots\" content=\"index, follow, max-snippet:-1, max-image-preview:large, max-video-preview:-1\" \/>\n<link rel=\"canonical\" href=\"https:\/\/loop-of-light.com\/en\/farger-materialer-og-folelser\/\" \/>\n<meta property=\"og:locale\" content=\"en_GB\" \/>\n<meta property=\"og:type\" content=\"article\" \/>\n<meta property=\"og:title\" content=\"Farger, materialer og f\u00f8lelser\" \/>\n<meta property=\"og:description\" content=\"Velkommen til Farger og f\u00f8lelser, en plattform som fremmer kreativitet og indre liv gjennom farger og h\u00e5ndarbeid. E-boken \u201cFarger og f\u00f8lelser i h\u00e5ndarbeid\u201d tilbyr en myk tiln\u00e6rming, med refleksjoner og \u00f8velser som oppmuntrer til personlig skaperglede. Her er gode minner om at sm\u00e5 skritt er mer enn tilstrekkelig.\" \/>\n<meta property=\"og:url\" content=\"https:\/\/loop-of-light.com\/en\/farger-materialer-og-folelser\/\" \/>\n<meta property=\"og:site_name\" content=\"Loop of Light\" \/>\n<meta property=\"article:publisher\" content=\"https:\/\/www.facebook.com\/profile.php?id=61575882834639\" \/>\n<meta property=\"og:image\" content=\"https:\/\/loopoflightcom.wordpress.com\/wp-content\/uploads\/2025\/04\/farger-og-folelser-om-fargevalg-i-handarbeid.zip-1-2.jpg?w=188\" \/>\n<meta name=\"twitter:card\" content=\"summary_large_image\" \/>\n<meta name=\"twitter:label1\" content=\"Estimated reading time\" \/>\n\t<meta name=\"twitter:data1\" content=\"1 minute\" \/>\n<script type=\"application\/ld+json\" class=\"yoast-schema-graph\">{\"@context\":\"https:\\\/\\\/schema.org\",\"@graph\":[{\"@type\":\"WebPage\",\"@id\":\"https:\\\/\\\/loop-of-light.com\\\/en\\\/farger-materialer-og-folelser\\\/\",\"url\":\"https:\\\/\\\/loop-of-light.com\\\/en\\\/farger-materialer-og-folelser\\\/\",\"name\":\"Farger, materialer og f\u00f8lelser - Loop of Light\",\"isPartOf\":{\"@id\":\"https:\\\/\\\/loop-of-light.com\\\/#website\"},\"primaryImageOfPage\":{\"@id\":\"https:\\\/\\\/loop-of-light.com\\\/en\\\/farger-materialer-og-folelser\\\/#primaryimage\"},\"image\":{\"@id\":\"https:\\\/\\\/loop-of-light.com\\\/en\\\/farger-materialer-og-folelser\\\/#primaryimage\"},\"thumbnailUrl\":\"https:\\\/\\\/loopoflightcom.wordpress.com\\\/wp-content\\\/uploads\\\/2025\\\/04\\\/farger-og-folelser-om-fargevalg-i-handarbeid.zip-1-2.jpg?w=188\",\"datePublished\":\"2025-05-07T21:46:14+00:00\",\"breadcrumb\":{\"@id\":\"https:\\\/\\\/loop-of-light.com\\\/en\\\/farger-materialer-og-folelser\\\/#breadcrumb\"},\"inLanguage\":\"en-GB\",\"potentialAction\":[{\"@type\":\"ReadAction\",\"target\":[\"https:\\\/\\\/loop-of-light.com\\\/en\\\/farger-materialer-og-folelser\\\/\"]}]},{\"@type\":\"ImageObject\",\"inLanguage\":\"en-GB\",\"@id\":\"https:\\\/\\\/loop-of-light.com\\\/en\\\/farger-materialer-og-folelser\\\/#primaryimage\",\"url\":\"https:\\\/\\\/loopoflightcom.wordpress.com\\\/wp-content\\\/uploads\\\/2025\\\/04\\\/farger-og-folelser-om-fargevalg-i-handarbeid.zip-1-2.jpg?w=188\",\"contentUrl\":\"https:\\\/\\\/loopoflightcom.wordpress.com\\\/wp-content\\\/uploads\\\/2025\\\/04\\\/farger-og-folelser-om-fargevalg-i-handarbeid.zip-1-2.jpg?w=188\"},{\"@type\":\"BreadcrumbList\",\"@id\":\"https:\\\/\\\/loop-of-light.com\\\/en\\\/farger-materialer-og-folelser\\\/#breadcrumb\",\"itemListElement\":[{\"@type\":\"ListItem\",\"position\":1,\"name\":\"Home\",\"item\":\"https:\\\/\\\/loop-of-light.com\\\/\"},{\"@type\":\"ListItem\",\"position\":2,\"name\":\"Farger, materialer og f\u00f8lelser\"}]},{\"@type\":\"WebSite\",\"@id\":\"https:\\\/\\\/loop-of-light.com\\\/#website\",\"url\":\"https:\\\/\\\/loop-of-light.com\\\/\",\"name\":\"Loop-of-light.com\",\"description\":\"Creativity with calm\",\"publisher\":{\"@id\":\"https:\\\/\\\/loop-of-light.com\\\/#\\\/schema\\\/person\\\/c0a33ff135d2d321a191176e6446ead9\"},\"potentialAction\":[{\"@type\":\"SearchAction\",\"target\":{\"@type\":\"EntryPoint\",\"urlTemplate\":\"https:\\\/\\\/loop-of-light.com\\\/?s={search_term_string}\"},\"query-input\":{\"@type\":\"PropertyValueSpecification\",\"valueRequired\":true,\"valueName\":\"search_term_string\"}}],\"inLanguage\":\"en-GB\"},{\"@type\":[\"Person\",\"Organization\"],\"@id\":\"https:\\\/\\\/loop-of-light.com\\\/#\\\/schema\\\/person\\\/c0a33ff135d2d321a191176e6446ead9\",\"name\":\"Bente\",\"image\":{\"@type\":\"ImageObject\",\"inLanguage\":\"en-GB\",\"@id\":\"https:\\\/\\\/i0.wp.com\\\/loop-of-light.com\\\/wp-content\\\/uploads\\\/2025\\\/06\\\/cropped-logo-1.webp?fit=512%2C512&ssl=1\",\"url\":\"https:\\\/\\\/i0.wp.com\\\/loop-of-light.com\\\/wp-content\\\/uploads\\\/2025\\\/06\\\/cropped-logo-1.webp?fit=512%2C512&ssl=1\",\"contentUrl\":\"https:\\\/\\\/i0.wp.com\\\/loop-of-light.com\\\/wp-content\\\/uploads\\\/2025\\\/06\\\/cropped-logo-1.webp?fit=512%2C512&ssl=1\",\"width\":512,\"height\":512,\"caption\":\"Bente\"},\"logo\":{\"@id\":\"https:\\\/\\\/i0.wp.com\\\/loop-of-light.com\\\/wp-content\\\/uploads\\\/2025\\\/06\\\/cropped-logo-1.webp?fit=512%2C512&ssl=1\"},\"sameAs\":[\"http:\\\/\\\/loop-of-light.com\",\"https:\\\/\\\/www.facebook.com\\\/profile.php?id=61575882834639\",\"https:\\\/\\\/www.instagram.com\\\/skaperglede_med_hvilepuls\\\/\",\"https:\\\/\\\/no.pinterest.com\\\/Loopoflight\\\/?actingBusinessId=305893137098757733\"]}]}<\/script>\n<!-- \/ Yoast SEO Premium plugin. -->","yoast_head_json":{"title":"Farger, materialer og f\u00f8lelser - Loop of Light","robots":{"index":"index","follow":"follow","max-snippet":"max-snippet:-1","max-image-preview":"max-image-preview:large","max-video-preview":"max-video-preview:-1"},"canonical":"https:\/\/loop-of-light.com\/en\/farger-materialer-og-folelser\/","og_locale":"en_GB","og_type":"article","og_title":"Farger, materialer og f\u00f8lelser","og_description":"Velkommen til Farger og f\u00f8lelser, en plattform som fremmer kreativitet og indre liv gjennom farger og h\u00e5ndarbeid. E-boken \u201cFarger og f\u00f8lelser i h\u00e5ndarbeid\u201d tilbyr en myk tiln\u00e6rming, med refleksjoner og \u00f8velser som oppmuntrer til personlig skaperglede. Her er gode minner om at sm\u00e5 skritt er mer enn tilstrekkelig.","og_url":"https:\/\/loop-of-light.com\/en\/farger-materialer-og-folelser\/","og_site_name":"Loop of Light","article_publisher":"https:\/\/www.facebook.com\/profile.php?id=61575882834639","og_image":[{"url":"https:\/\/loopoflightcom.wordpress.com\/wp-content\/uploads\/2025\/04\/farger-og-folelser-om-fargevalg-i-handarbeid.zip-1-2.jpg?w=188","type":"","width":"","height":""}],"twitter_card":"summary_large_image","twitter_misc":{"Estimated reading time":"1 minute"},"schema":{"@context":"https:\/\/schema.org","@graph":[{"@type":"WebPage","@id":"https:\/\/loop-of-light.com\/en\/farger-materialer-og-folelser\/","url":"https:\/\/loop-of-light.com\/en\/farger-materialer-og-folelser\/","name":"Farger, materialer og f\u00f8lelser - Loop of Light","isPartOf":{"@id":"https:\/\/loop-of-light.com\/#website"},"primaryImageOfPage":{"@id":"https:\/\/loop-of-light.com\/en\/farger-materialer-og-folelser\/#primaryimage"},"image":{"@id":"https:\/\/loop-of-light.com\/en\/farger-materialer-og-folelser\/#primaryimage"},"thumbnailUrl":"https:\/\/loopoflightcom.wordpress.com\/wp-content\/uploads\/2025\/04\/farger-og-folelser-om-fargevalg-i-handarbeid.zip-1-2.jpg?w=188","datePublished":"2025-05-07T21:46:14+00:00","breadcrumb":{"@id":"https:\/\/loop-of-light.com\/en\/farger-materialer-og-folelser\/#breadcrumb"},"inLanguage":"en-GB","potentialAction":[{"@type":"ReadAction","target":["https:\/\/loop-of-light.com\/en\/farger-materialer-og-folelser\/"]}]},{"@type":"ImageObject","inLanguage":"en-GB","@id":"https:\/\/loop-of-light.com\/en\/farger-materialer-og-folelser\/#primaryimage","url":"https:\/\/loopoflightcom.wordpress.com\/wp-content\/uploads\/2025\/04\/farger-og-folelser-om-fargevalg-i-handarbeid.zip-1-2.jpg?w=188","contentUrl":"https:\/\/loopoflightcom.wordpress.com\/wp-content\/uploads\/2025\/04\/farger-og-folelser-om-fargevalg-i-handarbeid.zip-1-2.jpg?w=188"},{"@type":"BreadcrumbList","@id":"https:\/\/loop-of-light.com\/en\/farger-materialer-og-folelser\/#breadcrumb","itemListElement":[{"@type":"ListItem","position":1,"name":"Home","item":"https:\/\/loop-of-light.com\/"},{"@type":"ListItem","position":2,"name":"Farger, materialer og f\u00f8lelser"}]},{"@type":"WebSite","@id":"https:\/\/loop-of-light.com\/#website","url":"https:\/\/loop-of-light.com\/","name":"Loop-of-light.com","description":"Creativity with calm","publisher":{"@id":"https:\/\/loop-of-light.com\/#\/schema\/person\/c0a33ff135d2d321a191176e6446ead9"},"potentialAction":[{"@type":"SearchAction","target":{"@type":"EntryPoint","urlTemplate":"https:\/\/loop-of-light.com\/?s={search_term_string}"},"query-input":{"@type":"PropertyValueSpecification","valueRequired":true,"valueName":"search_term_string"}}],"inLanguage":"en-GB"},{"@type":["Person","Organization"],"@id":"https:\/\/loop-of-light.com\/#\/schema\/person\/c0a33ff135d2d321a191176e6446ead9","name":"Bente","image":{"@type":"ImageObject","inLanguage":"en-GB","@id":"https:\/\/i0.wp.com\/loop-of-light.com\/wp-content\/uploads\/2025\/06\/cropped-logo-1.webp?fit=512%2C512&ssl=1","url":"https:\/\/i0.wp.com\/loop-of-light.com\/wp-content\/uploads\/2025\/06\/cropped-logo-1.webp?fit=512%2C512&ssl=1","contentUrl":"https:\/\/i0.wp.com\/loop-of-light.com\/wp-content\/uploads\/2025\/06\/cropped-logo-1.webp?fit=512%2C512&ssl=1","width":512,"height":512,"caption":"Bente"},"logo":{"@id":"https:\/\/i0.wp.com\/loop-of-light.com\/wp-content\/uploads\/2025\/06\/cropped-logo-1.webp?fit=512%2C512&ssl=1"},"sameAs":["http:\/\/loop-of-light.com","https:\/\/www.facebook.com\/profile.php?id=61575882834639","https:\/\/www.instagram.com\/skaperglede_med_hvilepuls\/","https:\/\/no.pinterest.com\/Loopoflight\/?actingBusinessId=305893137098757733"]}]}},"jetpack_sharing_enabled":true,"_links":{"self":[{"href":"https:\/\/loop-of-light.com\/en\/wp-json\/wp\/v2\/pages\/656","targetHints":{"allow":["GET"]}}],"collection":[{"href":"https:\/\/loop-of-light.com\/en\/wp-json\/wp\/v2\/pages"}],"about":[{"href":"https:\/\/loop-of-light.com\/en\/wp-json\/wp\/v2\/types\/page"}],"author":[{"embeddable":true,"href":"https:\/\/loop-of-light.com\/en\/wp-json\/wp\/v2\/users\/1"}],"replies":[{"embeddable":true,"href":"https:\/\/loop-of-light.com\/en\/wp-json\/wp\/v2\/comments?post=656"}],"version-history":[{"count":0,"href":"https:\/\/loop-of-light.com\/en\/wp-json\/wp\/v2\/pages\/656\/revisions"}],"wp:attachment":[{"href":"https:\/\/loop-of-light.com\/en\/wp-json\/wp\/v2\/media?parent=656"}],"curies":[{"name":"wp","href":"https:\/\/api.w.org\/{rel}","templated":true}]}}