{"id":213,"date":"2025-04-29T21:05:07","date_gmt":"2025-04-29T19:05:07","guid":{"rendered":"https:\/\/loop-of-light.com\/?page_id=213"},"modified":"2025-04-29T21:05:07","modified_gmt":"2025-04-29T19:05:07","slug":"forside-norsk","status":"publish","type":"page","link":"https:\/\/loop-of-light.com\/en\/forside-norsk\/","title":{"rendered":"Velkommen &#8211; Loop of light | Skaperglede med hvilepuls"},"content":{"rendered":"\n<div class=\"wp-block-group is-nowrap is-layout-flex wp-container-core-group-is-layout-ad2f72ca wp-block-group-is-layout-flex\">\n<div class=\"wp-block-columns is-layout-flex wp-container-core-columns-is-layout-9d6595d7 wp-block-columns-is-layout-flex\">\n<div class=\"wp-block-column is-layout-flow wp-block-column-is-layout-flow\" style=\"flex-basis:100%\">\n<div class=\"wp-block-group is-content-justification-center is-nowrap is-layout-flex wp-container-core-group-is-layout-94bc23d7 wp-block-group-is-layout-flex\">\n<div class=\"wp-block-group is-layout-constrained wp-block-group-is-layout-constrained\">\n<div class=\"wp-block-group wp-container-content-9cfa9a5a is-layout-constrained wp-block-group-is-layout-constrained\">\n<h2 class=\"wp-block-heading\">Velkommen til Loop of Light&nbsp;<\/h2>\n\n\n\n<figure class=\"wp-block-table\"><table class=\"has-white-color has-cyan-bluish-gray-background-color has-text-color has-background has-link-color\"><tbody><tr><td>Velkommen til Loop of Light \u2013 et sted for skaperglede med hvilepuls. <br>Utforsk h\u00e5ndarbeid, refleksjoner og ressurser som gir ro og inspirasjon.<\/td><\/tr><\/tbody><\/table><\/figure>\n\n\n\n<p><br><strong>Skaperglede i hvilepuls \u2013 med plass for b\u00e5de ro og kaos.&nbsp;<\/strong><br>&nbsp;<br>Her finner du et pusterom. En plass der du kan kjenne p\u00e5 gleden i \u00e5 skape noe med hendene \u2013 i ditt eget tempo. Jeg bruker hekling, farger og sm\u00e5 kreative \u00f8yeblikk for \u00e5 inspirere deg. M\u00e5let er \u00e5 hjelpe deg finne tilbake til det som gir ro. Det gir ogs\u00e5 mening i hverdagen.&nbsp;<br>&nbsp;<br>Loop of Light er bygget p\u00e5 ideen om at selv enkle ting kan b\u00e6re stor kraft. En garnl\u00f8kke. Et lite lys. En stille stund.&nbsp;<br>&nbsp;<br>Jeg vet at livet ikke alltid er lett. Derfor tror jeg p\u00e5 verdien av \u00e5 finne de \u00f8yeblikkene der vi bare kan v\u00e6re. <\/p>\n\n\n\n<p>Jeg dr\u00f8mmer om at vi kan skape no vakkert sammen underveis. <\/p>\n<\/div>\n<\/div>\n<\/div>\n\n\n\n<div class=\"wp-block-buttons is-vertical is-content-justification-center is-layout-flex wp-container-core-buttons-is-layout-9a7cdcfd wp-block-buttons-is-layout-flex\">\n<div class=\"wp-block-button\"><a class=\"wp-block-button__link wp-element-button\" href=\"https:\/\/loop-of-light.com\/no-dagbok-refleksjon\/\">Dagbok og refleksjon<\/a><\/div>\n\n\n\n<div class=\"wp-block-button\"><a class=\"wp-block-button__link wp-element-button\" href=\"https:\/\/loop-of-light.com\/no-hekle-skape\/\">Hekle og skape<\/a><\/div>\n\n\n\n<div class=\"wp-block-button\"><a class=\"wp-block-button__link wp-element-button\" href=\"https:\/\/loop-of-light.com\/blogg-norsk\/\">Blogginnlegg<\/a><\/div>\n\n\n\n<div class=\"wp-block-button\"><a class=\"wp-block-button__link wp-element-button\" href=\"https:\/\/loop-of-light.com\/om-meg\/\">Om meg<\/a><\/div>\n<\/div>\n<\/div>\n<\/div>\n<\/div>\n\n\n\n<hr class=\"wp-block-separator has-alpha-channel-opacity\" \/>\n\n\n\n<figure class=\"wp-block-image aligncenter size-medium\"><img data-recalc-dims=\"1\" loading=\"lazy\" decoding=\"async\" width=\"1290\" height=\"1720\" loading=\"lazy\" src=\"https:\/\/i0.wp.com\/loopoflightcom.wordpress.com\/wp-content\/uploads\/2025\/05\/20250323_154427018_ios-1.jpg?resize=1290%2C1720&#038;ssl=1\" alt=\"N\u00e6rbilde av en heklen\u00e5l satt inn i et flerfarget heklearbeid, med myke garnfarger i bakgrunnen.\" class=\"wp-image-524\" srcset=\"https:\/\/i0.wp.com\/loop-of-light.com\/wp-content\/uploads\/2025\/05\/20250323_154427018_ios-1.jpg?w=1440&amp;ssl=1 1440w, https:\/\/i0.wp.com\/loop-of-light.com\/wp-content\/uploads\/2025\/05\/20250323_154427018_ios-1.jpg?resize=225%2C300&amp;ssl=1 225w, https:\/\/i0.wp.com\/loop-of-light.com\/wp-content\/uploads\/2025\/05\/20250323_154427018_ios-1.jpg?resize=768%2C1024&amp;ssl=1 768w, https:\/\/i0.wp.com\/loop-of-light.com\/wp-content\/uploads\/2025\/05\/20250323_154427018_ios-1.jpg?resize=1152%2C1536&amp;ssl=1 1152w\" sizes=\"auto, (max-width: 1290px) 100vw, 1290px\" \/><\/figure>\n\n\n\n<div class=\"wp-block-group is-content-justification-center is-nowrap is-layout-flex wp-container-core-group-is-layout-94bc23d7 wp-block-group-is-layout-flex\">\n<div class=\"wp-block-group is-layout-constrained wp-block-group-is-layout-constrained\">\n<h2 class=\"wp-block-heading\">Om meg<\/h2>\n\n\n\n<p>Jeg heter Bente, og jeg skaper hvilepuls.<\/p>\n\n\n\n<p>Gjennom farger, garn og sm\u00e5 kreative \u00f8yeblikk finner jeg glede i en hverdag som krever ro og tilpasning.<\/p>\n\n\n\n<p>Loop of Light er min lille hjerteplass. Den minner meg om at vi alle kan skape mening, selv i de stilleste stundene. F\u00f8lg meg gjerne p\u00e5 Instagram og Facebook for mer inspirasjon.<\/p>\n<\/div>\n\n\n\n<p><br><\/p>\n<\/div>\n\n\n\n<figure class=\"wp-block-gallery has-nested-images columns-default is-cropped wp-block-gallery-2 is-layout-flex wp-block-gallery-is-layout-flex\">\n<figure class=\"wp-block-image size-medium is-style-rounded\"><a href=\"subscribepage.io\/upJ9xb\"><img data-recalc-dims=\"1\" loading=\"lazy\" decoding=\"async\" width=\"1290\" height=\"2059\" loading=\"lazy\" data-id=\"266\" src=\"https:\/\/i0.wp.com\/loopoflightcom.wordpress.com\/wp-content\/uploads\/2025\/04\/farger-og-folelser-om-fargevalg-i-handarbeid.zip-1-2.jpg?resize=1290%2C2059&#038;ssl=1\" alt=\"Omslag til arbeidsbok om fargevalg i h\u00e5ndarbeid, med et bilde av hekling og en rosa krok, sammen med en gul blomst.\" class=\"wp-image-266\" srcset=\"https:\/\/i0.wp.com\/loop-of-light.com\/wp-content\/uploads\/2025\/04\/farger-og-folelser-om-fargevalg-i-handarbeid.zip-1-2.jpg?w=1410&amp;ssl=1 1410w, https:\/\/i0.wp.com\/loop-of-light.com\/wp-content\/uploads\/2025\/04\/farger-og-folelser-om-fargevalg-i-handarbeid.zip-1-2.jpg?resize=188%2C300&amp;ssl=1 188w, https:\/\/i0.wp.com\/loop-of-light.com\/wp-content\/uploads\/2025\/04\/farger-og-folelser-om-fargevalg-i-handarbeid.zip-1-2.jpg?resize=642%2C1024&amp;ssl=1 642w, https:\/\/i0.wp.com\/loop-of-light.com\/wp-content\/uploads\/2025\/04\/farger-og-folelser-om-fargevalg-i-handarbeid.zip-1-2.jpg?resize=768%2C1226&amp;ssl=1 768w, https:\/\/i0.wp.com\/loop-of-light.com\/wp-content\/uploads\/2025\/04\/farger-og-folelser-om-fargevalg-i-handarbeid.zip-1-2.jpg?resize=963%2C1536&amp;ssl=1 963w, https:\/\/i0.wp.com\/loop-of-light.com\/wp-content\/uploads\/2025\/04\/farger-og-folelser-om-fargevalg-i-handarbeid.zip-1-2.jpg?resize=1283%2C2048&amp;ssl=1 1283w\" sizes=\"auto, (max-width: 1290px) 100vw, 1290px\" \/><\/a><\/figure>\n\n\n\n<figure class=\"wp-block-image size-large is-style-rounded\"><img data-recalc-dims=\"1\" loading=\"lazy\" decoding=\"async\" width=\"953\" height=\"1355\" loading=\"lazy\" data-id=\"1287\" src=\"https:\/\/i0.wp.com\/loopoflightcom.wordpress.com\/wp-content\/uploads\/2025\/05\/20250527_213727000_ios.jpg?resize=953%2C1355&#038;ssl=1\" alt=\"Omslag til en dagbok med tittelen 'En rolig stund - dagbok for tr\u00e5d og tanke', designet med et strikkegarn og en hjerteformet tr\u00e5d.\" class=\"wp-image-1287\" srcset=\"https:\/\/i0.wp.com\/loop-of-light.com\/wp-content\/uploads\/2025\/05\/20250527_213727000_ios.jpg?w=953&amp;ssl=1 953w, https:\/\/i0.wp.com\/loop-of-light.com\/wp-content\/uploads\/2025\/05\/20250527_213727000_ios.jpg?resize=211%2C300&amp;ssl=1 211w, https:\/\/i0.wp.com\/loop-of-light.com\/wp-content\/uploads\/2025\/05\/20250527_213727000_ios.jpg?resize=720%2C1024&amp;ssl=1 720w, https:\/\/i0.wp.com\/loop-of-light.com\/wp-content\/uploads\/2025\/05\/20250527_213727000_ios.jpg?resize=768%2C1092&amp;ssl=1 768w\" sizes=\"auto, (max-width: 953px) 100vw, 953px\" \/><\/figure>\n<\/figure>\n\n\n\n<p>F\u00e5 en gratis e-bok om farger og f\u00f8lelser i h\u00e5ndarbeid. Det er en liten guide til hvordan du kan finne ro og glede gjennom kreativitet.<\/p>\n\n\n\n<div class=\"wp-block-buttons is-content-justification-center is-layout-flex wp-container-core-buttons-is-layout-16018d1d wp-block-buttons-is-layout-flex\">\n<div class=\"wp-block-button has-custom-width wp-block-button__width-50\"><a class=\"wp-block-button__link has-cyan-bluish-gray-background-color has-background wp-element-button\" href=\"https:\/\/loop-of-light.com\/no-dagbok-rolig-stund\/\">F\u00e5 e-bok<\/a><\/div>\n\n\n\n<div class=\"wp-block-button has-custom-width wp-block-button__width-50\"><a class=\"wp-block-button__link has-cyan-bluish-gray-background-color has-background wp-element-button\" href=\"https:\/\/loop-of-light.com\/no-dagbok-rolig-stund\/\">F\u00e5 dagbok<\/a><\/div>\n<\/div>\n\n\n\n<h2 class=\"wp-block-heading\">Ta kontakt<\/h2>\n\n\n\n<p>Har du lyst til \u00e5 dele dine tanker og sp\u00f8rsm\u00e5l? <br>Ta gjerne kontakt p\u00e5 e-post eller via Instagram\/ Facebook under. <\/p>\n\n\n\n<div class=\"wp-block-buttons is-content-justification-center is-layout-flex wp-container-core-buttons-is-layout-16018d1d wp-block-buttons-is-layout-flex\">\n<div class=\"wp-block-button has-custom-width wp-block-button__width-50\"><a class=\"wp-block-button__link has-cyan-bluish-gray-background-color has-background wp-element-button\" href=\"https:\/\/loop-of-light.com\/frontpage-english\/\">English menu<\/a><\/div>\n\n\n\n<div class=\"wp-block-button has-custom-width wp-block-button__width-50\"><a class=\"wp-block-button__link has-cyan-bluish-gray-background-color has-background wp-element-button\" href=\"https:\/\/loop-of-light.com\/kontakt\/\">Kontakt meg<\/a><\/div>\n<\/div>\n\n\n\n<p><\/p>\n","protected":false},"excerpt":{"rendered":"<p>Bente invites you to explore a peaceful journey through creativity, focusing on soft yarns and heartfelt colors. She emphasizes joy and mindfulness in everyday moments and offers a free e-book to enhance your creativity through color. Follow her for inspiration and discover the beauty in stillness.<\/p>\n","protected":false},"author":1,"featured_media":0,"parent":0,"menu_order":0,"comment_status":"open","ping_status":"closed","template":"","meta":{"nf_dc_page":"","om_disable_all_campaigns":false,"_monsterinsights_skip_tracking":false,"_monsterinsights_sitenote_active":false,"_monsterinsights_sitenote_note":"","_monsterinsights_sitenote_category":0,"_kadence_starter_templates_imported_post":false,"_kad_post_transparent":"","_kad_post_title":"","_kad_post_layout":"","_kad_post_sidebar_id":"","_kad_post_content_style":"","_kad_post_vertical_padding":"","_kad_post_feature":"","_kad_post_feature_position":"","_kad_post_header":false,"_kad_post_footer":false,"_kad_post_classname":"","footnotes":""},"class_list":["post-213","page","type-page","status-publish","hentry"],"yoast_head":"<!-- This site is optimized with the Yoast SEO Premium plugin v27.1 (Yoast SEO v27.4) - https:\/\/yoast.com\/product\/yoast-seo-premium-wordpress\/ -->\n<title>Velkommen - Loop of light | Skaperglede med hvilepuls - Loop of Light<\/title>\n<meta name=\"robots\" content=\"index, follow, max-snippet:-1, max-image-preview:large, max-video-preview:-1\" \/>\n<link rel=\"canonical\" href=\"https:\/\/loop-of-light.com\/en\/forside-norsk\/\" \/>\n<meta property=\"og:locale\" content=\"en_GB\" \/>\n<meta property=\"og:type\" content=\"article\" \/>\n<meta property=\"og:title\" content=\"Velkommen - Loop of light | Skaperglede med hvilepuls\" \/>\n<meta property=\"og:description\" content=\"Bente invites you to explore a peaceful journey through creativity, focusing on soft yarns and heartfelt colors. She emphasizes joy and mindfulness in everyday moments and offers a free e-book to enhance your creativity through color. Follow her for inspiration and discover the beauty in stillness.\" \/>\n<meta property=\"og:url\" content=\"https:\/\/loop-of-light.com\/en\/forside-norsk\/\" \/>\n<meta property=\"og:site_name\" content=\"Loop of Light\" \/>\n<meta property=\"article:publisher\" content=\"https:\/\/www.facebook.com\/profile.php?id=61575882834639\" \/>\n<meta property=\"og:image\" content=\"https:\/\/loopoflightcom.wordpress.com\/wp-content\/uploads\/2025\/05\/20250323_154427018_ios-1.jpg?w=225\" \/>\n<meta name=\"twitter:card\" content=\"summary_large_image\" \/>\n<meta name=\"twitter:label1\" content=\"Estimated reading time\" \/>\n\t<meta name=\"twitter:data1\" content=\"1 minute\" \/>\n<script type=\"application\/ld+json\" class=\"yoast-schema-graph\">{\"@context\":\"https:\\\/\\\/schema.org\",\"@graph\":[{\"@type\":\"WebPage\",\"@id\":\"https:\\\/\\\/loop-of-light.com\\\/en\\\/forside-norsk\\\/\",\"url\":\"https:\\\/\\\/loop-of-light.com\\\/en\\\/forside-norsk\\\/\",\"name\":\"Velkommen - Loop of light | Skaperglede med hvilepuls - Loop of Light\",\"isPartOf\":{\"@id\":\"https:\\\/\\\/loop-of-light.com\\\/#website\"},\"primaryImageOfPage\":{\"@id\":\"https:\\\/\\\/loop-of-light.com\\\/en\\\/forside-norsk\\\/#primaryimage\"},\"image\":{\"@id\":\"https:\\\/\\\/loop-of-light.com\\\/en\\\/forside-norsk\\\/#primaryimage\"},\"thumbnailUrl\":\"https:\\\/\\\/loopoflightcom.wordpress.com\\\/wp-content\\\/uploads\\\/2025\\\/05\\\/20250323_154427018_ios-1.jpg?w=225\",\"datePublished\":\"2025-04-29T19:05:07+00:00\",\"breadcrumb\":{\"@id\":\"https:\\\/\\\/loop-of-light.com\\\/en\\\/forside-norsk\\\/#breadcrumb\"},\"inLanguage\":\"en-GB\",\"potentialAction\":[{\"@type\":\"ReadAction\",\"target\":[\"https:\\\/\\\/loop-of-light.com\\\/en\\\/forside-norsk\\\/\"]}]},{\"@type\":\"ImageObject\",\"inLanguage\":\"en-GB\",\"@id\":\"https:\\\/\\\/loop-of-light.com\\\/en\\\/forside-norsk\\\/#primaryimage\",\"url\":\"https:\\\/\\\/loopoflightcom.wordpress.com\\\/wp-content\\\/uploads\\\/2025\\\/05\\\/20250323_154427018_ios-1.jpg?w=225\",\"contentUrl\":\"https:\\\/\\\/loopoflightcom.wordpress.com\\\/wp-content\\\/uploads\\\/2025\\\/05\\\/20250323_154427018_ios-1.jpg?w=225\"},{\"@type\":\"BreadcrumbList\",\"@id\":\"https:\\\/\\\/loop-of-light.com\\\/en\\\/forside-norsk\\\/#breadcrumb\",\"itemListElement\":[{\"@type\":\"ListItem\",\"position\":1,\"name\":\"Home\",\"item\":\"https:\\\/\\\/loop-of-light.com\\\/\"},{\"@type\":\"ListItem\",\"position\":2,\"name\":\"Velkommen &#8211; Loop of light | Skaperglede med hvilepuls\"}]},{\"@type\":\"WebSite\",\"@id\":\"https:\\\/\\\/loop-of-light.com\\\/#website\",\"url\":\"https:\\\/\\\/loop-of-light.com\\\/\",\"name\":\"Loop-of-light.com\",\"description\":\"Creativity with calm\",\"publisher\":{\"@id\":\"https:\\\/\\\/loop-of-light.com\\\/#\\\/schema\\\/person\\\/c0a33ff135d2d321a191176e6446ead9\"},\"potentialAction\":[{\"@type\":\"SearchAction\",\"target\":{\"@type\":\"EntryPoint\",\"urlTemplate\":\"https:\\\/\\\/loop-of-light.com\\\/?s={search_term_string}\"},\"query-input\":{\"@type\":\"PropertyValueSpecification\",\"valueRequired\":true,\"valueName\":\"search_term_string\"}}],\"inLanguage\":\"en-GB\"},{\"@type\":[\"Person\",\"Organization\"],\"@id\":\"https:\\\/\\\/loop-of-light.com\\\/#\\\/schema\\\/person\\\/c0a33ff135d2d321a191176e6446ead9\",\"name\":\"Bente\",\"image\":{\"@type\":\"ImageObject\",\"inLanguage\":\"en-GB\",\"@id\":\"https:\\\/\\\/i0.wp.com\\\/loop-of-light.com\\\/wp-content\\\/uploads\\\/2025\\\/06\\\/cropped-logo-1.webp?fit=512%2C512&ssl=1\",\"url\":\"https:\\\/\\\/i0.wp.com\\\/loop-of-light.com\\\/wp-content\\\/uploads\\\/2025\\\/06\\\/cropped-logo-1.webp?fit=512%2C512&ssl=1\",\"contentUrl\":\"https:\\\/\\\/i0.wp.com\\\/loop-of-light.com\\\/wp-content\\\/uploads\\\/2025\\\/06\\\/cropped-logo-1.webp?fit=512%2C512&ssl=1\",\"width\":512,\"height\":512,\"caption\":\"Bente\"},\"logo\":{\"@id\":\"https:\\\/\\\/i0.wp.com\\\/loop-of-light.com\\\/wp-content\\\/uploads\\\/2025\\\/06\\\/cropped-logo-1.webp?fit=512%2C512&ssl=1\"},\"sameAs\":[\"http:\\\/\\\/loop-of-light.com\",\"https:\\\/\\\/www.facebook.com\\\/profile.php?id=61575882834639\",\"https:\\\/\\\/www.instagram.com\\\/skaperglede_med_hvilepuls\\\/\",\"https:\\\/\\\/no.pinterest.com\\\/Loopoflight\\\/?actingBusinessId=305893137098757733\"]}]}<\/script>\n<!-- \/ Yoast SEO Premium plugin. -->","yoast_head_json":{"title":"Velkommen - Loop of light | Skaperglede med hvilepuls - Loop of Light","robots":{"index":"index","follow":"follow","max-snippet":"max-snippet:-1","max-image-preview":"max-image-preview:large","max-video-preview":"max-video-preview:-1"},"canonical":"https:\/\/loop-of-light.com\/en\/forside-norsk\/","og_locale":"en_GB","og_type":"article","og_title":"Velkommen - Loop of light | Skaperglede med hvilepuls","og_description":"Bente invites you to explore a peaceful journey through creativity, focusing on soft yarns and heartfelt colors. She emphasizes joy and mindfulness in everyday moments and offers a free e-book to enhance your creativity through color. Follow her for inspiration and discover the beauty in stillness.","og_url":"https:\/\/loop-of-light.com\/en\/forside-norsk\/","og_site_name":"Loop of Light","article_publisher":"https:\/\/www.facebook.com\/profile.php?id=61575882834639","og_image":[{"url":"https:\/\/loopoflightcom.wordpress.com\/wp-content\/uploads\/2025\/05\/20250323_154427018_ios-1.jpg?w=225","type":"","width":"","height":""}],"twitter_card":"summary_large_image","twitter_misc":{"Estimated reading time":"1 minute"},"schema":{"@context":"https:\/\/schema.org","@graph":[{"@type":"WebPage","@id":"https:\/\/loop-of-light.com\/en\/forside-norsk\/","url":"https:\/\/loop-of-light.com\/en\/forside-norsk\/","name":"Velkommen - Loop of light | Skaperglede med hvilepuls - Loop of Light","isPartOf":{"@id":"https:\/\/loop-of-light.com\/#website"},"primaryImageOfPage":{"@id":"https:\/\/loop-of-light.com\/en\/forside-norsk\/#primaryimage"},"image":{"@id":"https:\/\/loop-of-light.com\/en\/forside-norsk\/#primaryimage"},"thumbnailUrl":"https:\/\/loopoflightcom.wordpress.com\/wp-content\/uploads\/2025\/05\/20250323_154427018_ios-1.jpg?w=225","datePublished":"2025-04-29T19:05:07+00:00","breadcrumb":{"@id":"https:\/\/loop-of-light.com\/en\/forside-norsk\/#breadcrumb"},"inLanguage":"en-GB","potentialAction":[{"@type":"ReadAction","target":["https:\/\/loop-of-light.com\/en\/forside-norsk\/"]}]},{"@type":"ImageObject","inLanguage":"en-GB","@id":"https:\/\/loop-of-light.com\/en\/forside-norsk\/#primaryimage","url":"https:\/\/loopoflightcom.wordpress.com\/wp-content\/uploads\/2025\/05\/20250323_154427018_ios-1.jpg?w=225","contentUrl":"https:\/\/loopoflightcom.wordpress.com\/wp-content\/uploads\/2025\/05\/20250323_154427018_ios-1.jpg?w=225"},{"@type":"BreadcrumbList","@id":"https:\/\/loop-of-light.com\/en\/forside-norsk\/#breadcrumb","itemListElement":[{"@type":"ListItem","position":1,"name":"Home","item":"https:\/\/loop-of-light.com\/"},{"@type":"ListItem","position":2,"name":"Velkommen &#8211; Loop of light | Skaperglede med hvilepuls"}]},{"@type":"WebSite","@id":"https:\/\/loop-of-light.com\/#website","url":"https:\/\/loop-of-light.com\/","name":"Loop-of-light.com","description":"Creativity with calm","publisher":{"@id":"https:\/\/loop-of-light.com\/#\/schema\/person\/c0a33ff135d2d321a191176e6446ead9"},"potentialAction":[{"@type":"SearchAction","target":{"@type":"EntryPoint","urlTemplate":"https:\/\/loop-of-light.com\/?s={search_term_string}"},"query-input":{"@type":"PropertyValueSpecification","valueRequired":true,"valueName":"search_term_string"}}],"inLanguage":"en-GB"},{"@type":["Person","Organization"],"@id":"https:\/\/loop-of-light.com\/#\/schema\/person\/c0a33ff135d2d321a191176e6446ead9","name":"Bente","image":{"@type":"ImageObject","inLanguage":"en-GB","@id":"https:\/\/i0.wp.com\/loop-of-light.com\/wp-content\/uploads\/2025\/06\/cropped-logo-1.webp?fit=512%2C512&ssl=1","url":"https:\/\/i0.wp.com\/loop-of-light.com\/wp-content\/uploads\/2025\/06\/cropped-logo-1.webp?fit=512%2C512&ssl=1","contentUrl":"https:\/\/i0.wp.com\/loop-of-light.com\/wp-content\/uploads\/2025\/06\/cropped-logo-1.webp?fit=512%2C512&ssl=1","width":512,"height":512,"caption":"Bente"},"logo":{"@id":"https:\/\/i0.wp.com\/loop-of-light.com\/wp-content\/uploads\/2025\/06\/cropped-logo-1.webp?fit=512%2C512&ssl=1"},"sameAs":["http:\/\/loop-of-light.com","https:\/\/www.facebook.com\/profile.php?id=61575882834639","https:\/\/www.instagram.com\/skaperglede_med_hvilepuls\/","https:\/\/no.pinterest.com\/Loopoflight\/?actingBusinessId=305893137098757733"]}]}},"jetpack_sharing_enabled":true,"_links":{"self":[{"href":"https:\/\/loop-of-light.com\/en\/wp-json\/wp\/v2\/pages\/213","targetHints":{"allow":["GET"]}}],"collection":[{"href":"https:\/\/loop-of-light.com\/en\/wp-json\/wp\/v2\/pages"}],"about":[{"href":"https:\/\/loop-of-light.com\/en\/wp-json\/wp\/v2\/types\/page"}],"author":[{"embeddable":true,"href":"https:\/\/loop-of-light.com\/en\/wp-json\/wp\/v2\/users\/1"}],"replies":[{"embeddable":true,"href":"https:\/\/loop-of-light.com\/en\/wp-json\/wp\/v2\/comments?post=213"}],"version-history":[{"count":0,"href":"https:\/\/loop-of-light.com\/en\/wp-json\/wp\/v2\/pages\/213\/revisions"}],"wp:attachment":[{"href":"https:\/\/loop-of-light.com\/en\/wp-json\/wp\/v2\/media?parent=213"}],"curies":[{"name":"wp","href":"https:\/\/api.w.org\/{rel}","templated":true}]}}