{"id":192,"date":"2025-04-29T00:39:41","date_gmt":"2025-04-28T22:39:41","guid":{"rendered":"https:\/\/loop-of-light.com\/?page_id=192"},"modified":"2025-04-29T00:39:41","modified_gmt":"2025-04-28T22:39:41","slug":"joy-crafting","status":"publish","type":"page","link":"https:\/\/loop-of-light.com\/en\/joy-crafting\/","title":{"rendered":"Finding joy in crafting"},"content":{"rendered":"\n<hr class=\"wp-block-separator has-alpha-channel-opacity\" \/>\n\n\n\n<p>I&#8217;m so happy you&#8217;re here! This space is created for those who long for more calm, joy and creativity in their everyday life.<\/p>\n\n\n\n<p>Through crafting, colors and mindful creative breaks, we can all reconnect with ourselves and create from the heart.<\/p>\n\n\n\n<figure class=\"wp-block-image aligncenter size-medium\"><img data-recalc-dims=\"1\" decoding=\"async\" loading=\"lazy\" src=\"https:\/\/i0.wp.com\/loopoflightcom.wordpress.com\/wp-content\/uploads\/2025\/04\/1dccf417-4a09-4575-9b98-680c7e16769a-1.jpg?w=1290&#038;ssl=1\" alt=\"Person wearing a handmade, multicolored crochet sweater, standing outdoors with a relaxed posture, showcasing creativity and personal style.\" class=\"wp-image-393\" style=\"aspect-ratio:0.7500089104323342\" \/><\/figure>\n\n\n\n<hr class=\"wp-block-separator has-alpha-channel-opacity\" \/>\n\n\n\n<p><strong>Would you like inspiration sent directly to your inbox?<\/strong><\/p>\n\n\n\n<p>I have created a free e-book about how colors and emotions influence crafting and creativity. Sign up for my newsletter and get the e-book for free!<\/p>\n\n\n\n<p><strong>Click here to download:<\/strong><br><a href=\"http:\/\/subscribepage.io\/hxSnEW\">Workbook &#8211; Colors and Emotions<\/a><\/p>\n\n\n\n<p><strong>Thank you for being here &#8211; I&#8217;m excited to share creativity and joy with you!<\/strong><\/p>\n\n\n\n<div class=\"wp-block-group is-vertical is-content-justification-center is-layout-flex wp-container-core-group-is-layout-4b2eccd6 wp-block-group-is-layout-flex\">\n<figure class=\"wp-block-gallery has-nested-images columns-1 is-cropped is-style-rectangular wp-block-gallery-2 is-layout-flex wp-block-gallery-is-layout-flex\">\n<figure class=\"wp-block-image aligncenter size-medium\"><img data-recalc-dims=\"1\" decoding=\"async\" loading=\"lazy\" data-id=\"395\" src=\"https:\/\/i0.wp.com\/loopoflightcom.wordpress.com\/wp-content\/uploads\/2025\/04\/11a3b502-731f-4443-aa6b-f3ad507f228c_l0_001-25.4.2025-17_09_36-1.jpg?w=1290&#038;ssl=1\" alt=\"En samling av tre gr\u00f8nne, heklede underlag i en blomsterm\u00f8nsterform, plassert p\u00e5 et bord ved siden av en pott med r\u00f8d plante og en liten dekorativ gr\u00f8nn gjenstand.\" class=\"wp-image-395\" \/><\/figure>\n<\/figure>\n<\/div>\n\n\n\n<hr class=\"wp-block-separator has-alpha-channel-opacity\" \/>\n\n\n\n<p>Here you&#8217;ll find different menu related to crocheting. One of them is about how choosing colors and materials can affect out emotions while doing handicrafts. One page called &#8220;Calmness and Joy&#8221; is about gaining calmness and joy through handicrafts. The last crochet-related page covers my latest crochet projects. It includes a free guide about making some garments. There is also going to be a part about tips and tricks. <\/p>\n\n\n\n<div class=\"wp-block-buttons is-content-justification-center is-layout-flex wp-container-core-buttons-is-layout-16018d1d wp-block-buttons-is-layout-flex\">\n<div class=\"wp-block-button\"><a class=\"wp-block-button__link wp-element-button\" href=\"https:\/\/loop-of-light.com\/colors-materials-and-emotions\/\">Colors and Emotions<\/a><\/div>\n\n\n\n<div class=\"wp-block-button\"><a class=\"wp-block-button__link wp-element-button\" href=\"https:\/\/loop-of-light.com\/calmness-and-joy\/\">Calmness and Joy<\/a><\/div>\n\n\n\n<div class=\"wp-block-button\"><a class=\"wp-block-button__link wp-element-button\" href=\"https:\/\/loop-of-light.com\/crochet-projects\/\">Crochet projects<\/a><\/div>\n<\/div>\n\n\n\n<figure class=\"wp-block-image aligncenter size-medium\"><img data-recalc-dims=\"1\" loading=\"lazy\" decoding=\"async\" width=\"1290\" height=\"1720\" loading=\"lazy\" src=\"https:\/\/i0.wp.com\/loopoflightcom.wordpress.com\/wp-content\/uploads\/2025\/05\/20250511_101529165_ios.jpg?resize=1290%2C1720&#038;ssl=1\" alt=\"\" class=\"wp-image-783\" srcset=\"https:\/\/i0.wp.com\/loop-of-light.com\/wp-content\/uploads\/2025\/05\/20250511_101529165_ios.jpg?w=1390&amp;ssl=1 1390w, https:\/\/i0.wp.com\/loop-of-light.com\/wp-content\/uploads\/2025\/05\/20250511_101529165_ios.jpg?resize=225%2C300&amp;ssl=1 225w, https:\/\/i0.wp.com\/loop-of-light.com\/wp-content\/uploads\/2025\/05\/20250511_101529165_ios.jpg?resize=768%2C1024&amp;ssl=1 768w, https:\/\/i0.wp.com\/loop-of-light.com\/wp-content\/uploads\/2025\/05\/20250511_101529165_ios.jpg?resize=1152%2C1536&amp;ssl=1 1152w\" sizes=\"auto, (max-width: 1290px) 100vw, 1290px\" \/><\/figure>\n\n\n\n<div class=\"wp-block-buttons is-content-justification-center is-layout-flex wp-container-core-buttons-is-layout-16018d1d wp-block-buttons-is-layout-flex\">\n<div class=\"wp-block-button\"><a class=\"wp-block-button__link wp-element-button\" href=\"https:\/\/loop-of-light.com\/frontpage-english\/\">Frontpage<\/a><\/div>\n\n\n\n<div class=\"wp-block-button\"><a class=\"wp-block-button__link wp-element-button\" href=\"https:\/\/loop-of-light.com\/blog-english\/\">Blog <\/a><\/div>\n\n\n\n<div class=\"wp-block-button\"><a class=\"wp-block-button__link wp-element-button\" href=\"https:\/\/loop-of-light.com\/forside-norsk\/\">To Norwegian menu<\/a><\/div>\n<\/div>\n\n\n\n<p><\/p>\n","protected":false},"excerpt":{"rendered":"<p>Welcome to Skaperglede med hvilepuls | Loop of Light, a nurturing space for those seeking calm, joy, and creativity. Through crafting and mindful practices, we can reconnect with ourselves. Sign up for the newsletter to receive a free e-book on colors and emotions in creativity. Thank you for joining this journey!<\/p>\n","protected":false},"author":1,"featured_media":0,"parent":0,"menu_order":0,"comment_status":"closed","ping_status":"closed","template":"","meta":{"nf_dc_page":"","om_disable_all_campaigns":false,"_monsterinsights_skip_tracking":false,"_monsterinsights_sitenote_active":false,"_monsterinsights_sitenote_note":"","_monsterinsights_sitenote_category":0,"_kadence_starter_templates_imported_post":false,"_kad_post_transparent":"","_kad_post_title":"","_kad_post_layout":"","_kad_post_sidebar_id":"","_kad_post_content_style":"","_kad_post_vertical_padding":"","_kad_post_feature":"","_kad_post_feature_position":"","_kad_post_header":false,"_kad_post_footer":false,"_kad_post_classname":"","footnotes":""},"class_list":["post-192","page","type-page","status-publish","hentry"],"yoast_head":"<!-- This site is optimized with the Yoast SEO Premium plugin v27.1 (Yoast SEO v27.4) - https:\/\/yoast.com\/product\/yoast-seo-premium-wordpress\/ -->\n<title>Finding joy in crafting - Loop of Light<\/title>\n<meta name=\"robots\" content=\"index, follow, max-snippet:-1, max-image-preview:large, max-video-preview:-1\" \/>\n<link rel=\"canonical\" href=\"https:\/\/loop-of-light.com\/en\/joy-crafting\/\" \/>\n<meta property=\"og:locale\" content=\"en_GB\" \/>\n<meta property=\"og:type\" content=\"article\" \/>\n<meta property=\"og:title\" content=\"Finding joy in crafting\" \/>\n<meta property=\"og:description\" content=\"Welcome to Skaperglede med hvilepuls | Loop of Light, a nurturing space for those seeking calm, joy, and creativity. Through crafting and mindful practices, we can reconnect with ourselves. Sign up for the newsletter to receive a free e-book on colors and emotions in creativity. Thank you for joining this journey!\" \/>\n<meta property=\"og:url\" content=\"https:\/\/loop-of-light.com\/en\/joy-crafting\/\" \/>\n<meta property=\"og:site_name\" content=\"Loop of Light\" \/>\n<meta property=\"article:publisher\" content=\"https:\/\/www.facebook.com\/profile.php?id=61575882834639\" \/>\n<meta property=\"og:image\" content=\"https:\/\/loopoflightcom.wordpress.com\/wp-content\/uploads\/2025\/04\/1dccf417-4a09-4575-9b98-680c7e16769a-1.jpg?w=225\" \/>\n<meta name=\"twitter:card\" content=\"summary_large_image\" \/>\n<meta name=\"twitter:label1\" content=\"Estimated reading time\" \/>\n\t<meta name=\"twitter:data1\" content=\"1 minute\" \/>\n<script type=\"application\/ld+json\" class=\"yoast-schema-graph\">{\"@context\":\"https:\\\/\\\/schema.org\",\"@graph\":[{\"@type\":\"WebPage\",\"@id\":\"https:\\\/\\\/loop-of-light.com\\\/joy-crafting\\\/\",\"url\":\"https:\\\/\\\/loop-of-light.com\\\/joy-crafting\\\/\",\"name\":\"Finding joy in crafting - Loop of Light\",\"isPartOf\":{\"@id\":\"https:\\\/\\\/loop-of-light.com\\\/#website\"},\"primaryImageOfPage\":{\"@id\":\"https:\\\/\\\/loop-of-light.com\\\/joy-crafting\\\/#primaryimage\"},\"image\":{\"@id\":\"https:\\\/\\\/loop-of-light.com\\\/joy-crafting\\\/#primaryimage\"},\"thumbnailUrl\":\"https:\\\/\\\/loopoflightcom.wordpress.com\\\/wp-content\\\/uploads\\\/2025\\\/04\\\/1dccf417-4a09-4575-9b98-680c7e16769a-1.jpg?w=225\",\"datePublished\":\"2025-04-28T22:39:41+00:00\",\"breadcrumb\":{\"@id\":\"https:\\\/\\\/loop-of-light.com\\\/joy-crafting\\\/#breadcrumb\"},\"inLanguage\":\"en-GB\",\"potentialAction\":[{\"@type\":\"ReadAction\",\"target\":[\"https:\\\/\\\/loop-of-light.com\\\/joy-crafting\\\/\"]}]},{\"@type\":\"ImageObject\",\"inLanguage\":\"en-GB\",\"@id\":\"https:\\\/\\\/loop-of-light.com\\\/joy-crafting\\\/#primaryimage\",\"url\":\"https:\\\/\\\/loopoflightcom.wordpress.com\\\/wp-content\\\/uploads\\\/2025\\\/04\\\/1dccf417-4a09-4575-9b98-680c7e16769a-1.jpg?w=225\",\"contentUrl\":\"https:\\\/\\\/loopoflightcom.wordpress.com\\\/wp-content\\\/uploads\\\/2025\\\/04\\\/1dccf417-4a09-4575-9b98-680c7e16769a-1.jpg?w=225\"},{\"@type\":\"BreadcrumbList\",\"@id\":\"https:\\\/\\\/loop-of-light.com\\\/joy-crafting\\\/#breadcrumb\",\"itemListElement\":[{\"@type\":\"ListItem\",\"position\":1,\"name\":\"Home\",\"item\":\"https:\\\/\\\/loop-of-light.com\\\/\"},{\"@type\":\"ListItem\",\"position\":2,\"name\":\"Finding joy in crafting\"}]},{\"@type\":\"WebSite\",\"@id\":\"https:\\\/\\\/loop-of-light.com\\\/#website\",\"url\":\"https:\\\/\\\/loop-of-light.com\\\/\",\"name\":\"Loop-of-light.com\",\"description\":\"Creativity with calm\",\"publisher\":{\"@id\":\"https:\\\/\\\/loop-of-light.com\\\/#\\\/schema\\\/person\\\/c0a33ff135d2d321a191176e6446ead9\"},\"potentialAction\":[{\"@type\":\"SearchAction\",\"target\":{\"@type\":\"EntryPoint\",\"urlTemplate\":\"https:\\\/\\\/loop-of-light.com\\\/?s={search_term_string}\"},\"query-input\":{\"@type\":\"PropertyValueSpecification\",\"valueRequired\":true,\"valueName\":\"search_term_string\"}}],\"inLanguage\":\"en-GB\"},{\"@type\":[\"Person\",\"Organization\"],\"@id\":\"https:\\\/\\\/loop-of-light.com\\\/#\\\/schema\\\/person\\\/c0a33ff135d2d321a191176e6446ead9\",\"name\":\"Bente\",\"image\":{\"@type\":\"ImageObject\",\"inLanguage\":\"en-GB\",\"@id\":\"https:\\\/\\\/i0.wp.com\\\/loop-of-light.com\\\/wp-content\\\/uploads\\\/2025\\\/06\\\/cropped-logo-1.webp?fit=512%2C512&ssl=1\",\"url\":\"https:\\\/\\\/i0.wp.com\\\/loop-of-light.com\\\/wp-content\\\/uploads\\\/2025\\\/06\\\/cropped-logo-1.webp?fit=512%2C512&ssl=1\",\"contentUrl\":\"https:\\\/\\\/i0.wp.com\\\/loop-of-light.com\\\/wp-content\\\/uploads\\\/2025\\\/06\\\/cropped-logo-1.webp?fit=512%2C512&ssl=1\",\"width\":512,\"height\":512,\"caption\":\"Bente\"},\"logo\":{\"@id\":\"https:\\\/\\\/i0.wp.com\\\/loop-of-light.com\\\/wp-content\\\/uploads\\\/2025\\\/06\\\/cropped-logo-1.webp?fit=512%2C512&ssl=1\"},\"sameAs\":[\"http:\\\/\\\/loop-of-light.com\",\"https:\\\/\\\/www.facebook.com\\\/profile.php?id=61575882834639\",\"https:\\\/\\\/www.instagram.com\\\/skaperglede_med_hvilepuls\\\/\",\"https:\\\/\\\/no.pinterest.com\\\/Loopoflight\\\/?actingBusinessId=305893137098757733\"]}]}<\/script>\n<!-- \/ Yoast SEO Premium plugin. -->","yoast_head_json":{"title":"Finding joy in crafting - Loop of Light","robots":{"index":"index","follow":"follow","max-snippet":"max-snippet:-1","max-image-preview":"max-image-preview:large","max-video-preview":"max-video-preview:-1"},"canonical":"https:\/\/loop-of-light.com\/en\/joy-crafting\/","og_locale":"en_GB","og_type":"article","og_title":"Finding joy in crafting","og_description":"Welcome to Skaperglede med hvilepuls | Loop of Light, a nurturing space for those seeking calm, joy, and creativity. Through crafting and mindful practices, we can reconnect with ourselves. Sign up for the newsletter to receive a free e-book on colors and emotions in creativity. Thank you for joining this journey!","og_url":"https:\/\/loop-of-light.com\/en\/joy-crafting\/","og_site_name":"Loop of Light","article_publisher":"https:\/\/www.facebook.com\/profile.php?id=61575882834639","og_image":[{"url":"https:\/\/loopoflightcom.wordpress.com\/wp-content\/uploads\/2025\/04\/1dccf417-4a09-4575-9b98-680c7e16769a-1.jpg?w=225","type":"","width":"","height":""}],"twitter_card":"summary_large_image","twitter_misc":{"Estimated reading time":"1 minute"},"schema":{"@context":"https:\/\/schema.org","@graph":[{"@type":"WebPage","@id":"https:\/\/loop-of-light.com\/joy-crafting\/","url":"https:\/\/loop-of-light.com\/joy-crafting\/","name":"Finding joy in crafting - Loop of Light","isPartOf":{"@id":"https:\/\/loop-of-light.com\/#website"},"primaryImageOfPage":{"@id":"https:\/\/loop-of-light.com\/joy-crafting\/#primaryimage"},"image":{"@id":"https:\/\/loop-of-light.com\/joy-crafting\/#primaryimage"},"thumbnailUrl":"https:\/\/loopoflightcom.wordpress.com\/wp-content\/uploads\/2025\/04\/1dccf417-4a09-4575-9b98-680c7e16769a-1.jpg?w=225","datePublished":"2025-04-28T22:39:41+00:00","breadcrumb":{"@id":"https:\/\/loop-of-light.com\/joy-crafting\/#breadcrumb"},"inLanguage":"en-GB","potentialAction":[{"@type":"ReadAction","target":["https:\/\/loop-of-light.com\/joy-crafting\/"]}]},{"@type":"ImageObject","inLanguage":"en-GB","@id":"https:\/\/loop-of-light.com\/joy-crafting\/#primaryimage","url":"https:\/\/loopoflightcom.wordpress.com\/wp-content\/uploads\/2025\/04\/1dccf417-4a09-4575-9b98-680c7e16769a-1.jpg?w=225","contentUrl":"https:\/\/loopoflightcom.wordpress.com\/wp-content\/uploads\/2025\/04\/1dccf417-4a09-4575-9b98-680c7e16769a-1.jpg?w=225"},{"@type":"BreadcrumbList","@id":"https:\/\/loop-of-light.com\/joy-crafting\/#breadcrumb","itemListElement":[{"@type":"ListItem","position":1,"name":"Home","item":"https:\/\/loop-of-light.com\/"},{"@type":"ListItem","position":2,"name":"Finding joy in crafting"}]},{"@type":"WebSite","@id":"https:\/\/loop-of-light.com\/#website","url":"https:\/\/loop-of-light.com\/","name":"Loop-of-light.com","description":"Creativity with calm","publisher":{"@id":"https:\/\/loop-of-light.com\/#\/schema\/person\/c0a33ff135d2d321a191176e6446ead9"},"potentialAction":[{"@type":"SearchAction","target":{"@type":"EntryPoint","urlTemplate":"https:\/\/loop-of-light.com\/?s={search_term_string}"},"query-input":{"@type":"PropertyValueSpecification","valueRequired":true,"valueName":"search_term_string"}}],"inLanguage":"en-GB"},{"@type":["Person","Organization"],"@id":"https:\/\/loop-of-light.com\/#\/schema\/person\/c0a33ff135d2d321a191176e6446ead9","name":"Bente","image":{"@type":"ImageObject","inLanguage":"en-GB","@id":"https:\/\/i0.wp.com\/loop-of-light.com\/wp-content\/uploads\/2025\/06\/cropped-logo-1.webp?fit=512%2C512&ssl=1","url":"https:\/\/i0.wp.com\/loop-of-light.com\/wp-content\/uploads\/2025\/06\/cropped-logo-1.webp?fit=512%2C512&ssl=1","contentUrl":"https:\/\/i0.wp.com\/loop-of-light.com\/wp-content\/uploads\/2025\/06\/cropped-logo-1.webp?fit=512%2C512&ssl=1","width":512,"height":512,"caption":"Bente"},"logo":{"@id":"https:\/\/i0.wp.com\/loop-of-light.com\/wp-content\/uploads\/2025\/06\/cropped-logo-1.webp?fit=512%2C512&ssl=1"},"sameAs":["http:\/\/loop-of-light.com","https:\/\/www.facebook.com\/profile.php?id=61575882834639","https:\/\/www.instagram.com\/skaperglede_med_hvilepuls\/","https:\/\/no.pinterest.com\/Loopoflight\/?actingBusinessId=305893137098757733"]}]}},"jetpack_sharing_enabled":true,"_links":{"self":[{"href":"https:\/\/loop-of-light.com\/en\/wp-json\/wp\/v2\/pages\/192","targetHints":{"allow":["GET"]}}],"collection":[{"href":"https:\/\/loop-of-light.com\/en\/wp-json\/wp\/v2\/pages"}],"about":[{"href":"https:\/\/loop-of-light.com\/en\/wp-json\/wp\/v2\/types\/page"}],"author":[{"embeddable":true,"href":"https:\/\/loop-of-light.com\/en\/wp-json\/wp\/v2\/users\/1"}],"replies":[{"embeddable":true,"href":"https:\/\/loop-of-light.com\/en\/wp-json\/wp\/v2\/comments?post=192"}],"version-history":[{"count":0,"href":"https:\/\/loop-of-light.com\/en\/wp-json\/wp\/v2\/pages\/192\/revisions"}],"wp:attachment":[{"href":"https:\/\/loop-of-light.com\/en\/wp-json\/wp\/v2\/media?parent=192"}],"curies":[{"name":"wp","href":"https:\/\/api.w.org\/{rel}","templated":true}]}}