{"id":186,"date":"2025-04-29T00:38:01","date_gmt":"2025-04-28T22:38:01","guid":{"rendered":"https:\/\/loop-of-light.com\/?page_id=186"},"modified":"2025-04-29T00:38:01","modified_gmt":"2025-04-28T22:38:01","slug":"glede-handarbeid","status":"publish","type":"page","link":"https:\/\/loop-of-light.com\/en\/glede-handarbeid\/","title":{"rendered":"H\u00e5ndarbeid og glede"},"content":{"rendered":"\n<p><\/p>\n\n\n\n<p>Her \u00f8nsker jeg \u00e5 skape et pusterom for deg, som lengter etter mer ro, glede og kreativitet i hverdagen. Gjennom h\u00e5ndarbeid, farger og sm\u00e5 kreative pauser, kan vi finne en dypere forbindelse til som selv og skape med hjertet.<\/p>\n\n\n\n<p><strong>Vil du har inspirasjon rett i innboksen?<\/strong><\/p>\n\n\n\n<p>Jeg har laget en gratis arbeidsbok om hvordan farger og f\u00f8lelser p\u00e5virker h\u00e5ndarbeid og kreativitet. <br>Ved \u00e5 melde deg p\u00e5 nyhetsbrevet, f\u00e5r du e-boken tilsendt helt gratis.<\/p>\n\n\n\n<p><strong>Klikk her for \u00e5 laste ned<\/strong>: <\/p>\n\n\n\n<div class=\"wp-block-buttons is-content-justification-center is-layout-flex wp-container-core-buttons-is-layout-16018d1d wp-block-buttons-is-layout-flex\">\n<div class=\"wp-block-button\"><a class=\"wp-block-button__link wp-element-button\" href=\"http:\/\/subscribepage.io\/upJ9xb\">Arbeidsbok farger og f\u00f8lelser<\/a><\/div>\n<\/div>\n\n\n\n<figure class=\"wp-block-image aligncenter size-medium is-resized\"><img data-recalc-dims=\"1\" decoding=\"async\" loading=\"lazy\" src=\"https:\/\/i0.wp.com\/loopoflightcom.wordpress.com\/wp-content\/uploads\/2025\/04\/50c35fbf-7a7b-4c7a-a1ea-cff2581c9744_l0_001-26.4.2025-22_49_54-1-1.jpg?w=1290&#038;ssl=1\" alt=\"Turkis garnn\u00f8ster og heklet coasters i ulike nyanser av bl\u00e5tt og gr\u00f8nt.\" class=\"wp-image-405\" style=\"width:380px;height:auto\" \/><\/figure>\n\n\n\n<div class=\"wp-block-buttons is-content-justification-center is-layout-flex wp-container-core-buttons-is-layout-16018d1d wp-block-buttons-is-layout-flex\">\n<div class=\"wp-block-button\"><a class=\"wp-block-button__link wp-element-button\" href=\"https:\/\/loop-of-light.com\/farger-materialer-og-folelser\/\">Farger, materialer og f\u00f8lelser<\/a><\/div>\n\n\n\n<div class=\"wp-block-button\"><a class=\"wp-block-button__link wp-element-button\" href=\"https:\/\/loop-of-light.com\/ro-og-glede\/\">Ro og glede gjennom h\u00e5ndarbeid<\/a><\/div>\n\n\n\n<div class=\"wp-block-button\"><a class=\"wp-block-button__link wp-element-button\" href=\"https:\/\/loopoflightcom.wordpress.com\/wp-admin\/post.php?post=707&amp;action=edit\">Hekleprosjekter<\/a><\/div>\n<\/div>\n\n\n\n<figure class=\"wp-block-image aligncenter is-resized\"><img data-recalc-dims=\"1\" decoding=\"async\" loading=\"lazy\" src=\"https:\/\/i0.wp.com\/loopoflightcom.wordpress.com\/wp-content\/uploads\/2025\/04\/img_0717.png?w=1290&#038;ssl=1\" alt=\"En kvinne med kr\u00f8llete h\u00e5r som st\u00e5r utend\u00f8rs if\u00f8rt en lys gr\u00f8nn heklet topp og sorte bukser, med en avslappet holdning og et smil mens hun holder en h\u00e5nd bak hodet.\" style=\"aspect-ratio:0.5976766643944558;width:203px;height:auto\" \/><\/figure>\n\n\n\n<p><strong>Takk for at du er her &#8211; jeg gleder meg til \u00e5 dele skaperglede sammen med deg. <\/strong><\/p>\n\n\n\n<div class=\"wp-block-buttons is-content-justification-center is-layout-flex wp-container-core-buttons-is-layout-16018d1d wp-block-buttons-is-layout-flex\">\n<div class=\"wp-block-button\"><a class=\"wp-block-button__link wp-element-button\" href=\"https:\/\/loop-of-light.com\/blogg-norsk\/\">Blogginnlegg<\/a><\/div>\n\n\n\n<div class=\"wp-block-button\"><a class=\"wp-block-button__link wp-element-button\" href=\"https:\/\/loop-of-light.com\/forside-norsk\/\">Til Forside<\/a><\/div>\n\n\n\n<div class=\"wp-block-button\"><a class=\"wp-block-button__link wp-element-button\" href=\"https:\/\/loop-of-light.com\/frontpage-english\/\">English Menu<\/a><\/div>\n<\/div>\n\n\n\n<p><\/p>\n","protected":false},"excerpt":{"rendered":"<p>I denne inspirerende plattformen \u00f8nsker vi \u00e5 skape et pusterom for alle som s\u00f8ker mer ro, glede og kreativitet i hverdagen. Gjennom h\u00e5ndarbeid og farger kan vi styrke v\u00e5r forbindelse til oss selv. Meld deg p\u00e5 nyhetsbrevet for \u00e5 motta en gratis arbeidsbok om farger og f\u00f8lelser.<\/p>\n","protected":false},"author":1,"featured_media":0,"parent":0,"menu_order":0,"comment_status":"closed","ping_status":"closed","template":"","meta":{"nf_dc_page":"","om_disable_all_campaigns":false,"_monsterinsights_skip_tracking":false,"_monsterinsights_sitenote_active":false,"_monsterinsights_sitenote_note":"","_monsterinsights_sitenote_category":0,"_kadence_starter_templates_imported_post":false,"_kad_post_transparent":"","_kad_post_title":"","_kad_post_layout":"","_kad_post_sidebar_id":"","_kad_post_content_style":"","_kad_post_vertical_padding":"","_kad_post_feature":"","_kad_post_feature_position":"","_kad_post_header":false,"_kad_post_footer":false,"_kad_post_classname":"","footnotes":""},"class_list":["post-186","page","type-page","status-publish","hentry"],"yoast_head":"<!-- This site is optimized with the Yoast SEO Premium plugin v27.1 (Yoast SEO v27.4) - https:\/\/yoast.com\/product\/yoast-seo-premium-wordpress\/ -->\n<title>H\u00e5ndarbeid og glede - Loop of Light<\/title>\n<meta name=\"robots\" content=\"index, follow, max-snippet:-1, max-image-preview:large, max-video-preview:-1\" \/>\n<link rel=\"canonical\" href=\"https:\/\/loop-of-light.com\/en\/glede-handarbeid\/\" \/>\n<meta property=\"og:locale\" content=\"en_GB\" \/>\n<meta property=\"og:type\" content=\"article\" \/>\n<meta property=\"og:title\" content=\"H\u00e5ndarbeid og glede\" \/>\n<meta property=\"og:description\" content=\"I denne inspirerende plattformen \u00f8nsker vi \u00e5 skape et pusterom for alle som s\u00f8ker mer ro, glede og kreativitet i hverdagen. Gjennom h\u00e5ndarbeid og farger kan vi styrke v\u00e5r forbindelse til oss selv. Meld deg p\u00e5 nyhetsbrevet for \u00e5 motta en gratis arbeidsbok om farger og f\u00f8lelser.\" \/>\n<meta property=\"og:url\" content=\"https:\/\/loop-of-light.com\/en\/glede-handarbeid\/\" \/>\n<meta property=\"og:site_name\" content=\"Loop of Light\" \/>\n<meta property=\"article:publisher\" content=\"https:\/\/www.facebook.com\/profile.php?id=61575882834639\" \/>\n<meta property=\"og:image\" content=\"https:\/\/loopoflightcom.wordpress.com\/wp-content\/uploads\/2025\/04\/50c35fbf-7a7b-4c7a-a1ea-cff2581c9744_l0_001-26.4.2025-22_49_54-1-1.jpg?w=225\" \/>\n<meta name=\"twitter:card\" content=\"summary_large_image\" \/>\n<meta name=\"twitter:label1\" content=\"Estimated reading time\" \/>\n\t<meta name=\"twitter:data1\" content=\"1 minute\" \/>\n<script type=\"application\/ld+json\" class=\"yoast-schema-graph\">{\"@context\":\"https:\\\/\\\/schema.org\",\"@graph\":[{\"@type\":\"WebPage\",\"@id\":\"https:\\\/\\\/loop-of-light.com\\\/en\\\/glede-handarbeid\\\/\",\"url\":\"https:\\\/\\\/loop-of-light.com\\\/en\\\/glede-handarbeid\\\/\",\"name\":\"H\u00e5ndarbeid og glede - Loop of Light\",\"isPartOf\":{\"@id\":\"https:\\\/\\\/loop-of-light.com\\\/#website\"},\"primaryImageOfPage\":{\"@id\":\"https:\\\/\\\/loop-of-light.com\\\/en\\\/glede-handarbeid\\\/#primaryimage\"},\"image\":{\"@id\":\"https:\\\/\\\/loop-of-light.com\\\/en\\\/glede-handarbeid\\\/#primaryimage\"},\"thumbnailUrl\":\"https:\\\/\\\/loopoflightcom.wordpress.com\\\/wp-content\\\/uploads\\\/2025\\\/04\\\/50c35fbf-7a7b-4c7a-a1ea-cff2581c9744_l0_001-26.4.2025-22_49_54-1-1.jpg?w=225\",\"datePublished\":\"2025-04-28T22:38:01+00:00\",\"breadcrumb\":{\"@id\":\"https:\\\/\\\/loop-of-light.com\\\/en\\\/glede-handarbeid\\\/#breadcrumb\"},\"inLanguage\":\"en-GB\",\"potentialAction\":[{\"@type\":\"ReadAction\",\"target\":[\"https:\\\/\\\/loop-of-light.com\\\/en\\\/glede-handarbeid\\\/\"]}]},{\"@type\":\"ImageObject\",\"inLanguage\":\"en-GB\",\"@id\":\"https:\\\/\\\/loop-of-light.com\\\/en\\\/glede-handarbeid\\\/#primaryimage\",\"url\":\"https:\\\/\\\/loopoflightcom.wordpress.com\\\/wp-content\\\/uploads\\\/2025\\\/04\\\/50c35fbf-7a7b-4c7a-a1ea-cff2581c9744_l0_001-26.4.2025-22_49_54-1-1.jpg?w=225\",\"contentUrl\":\"https:\\\/\\\/loopoflightcom.wordpress.com\\\/wp-content\\\/uploads\\\/2025\\\/04\\\/50c35fbf-7a7b-4c7a-a1ea-cff2581c9744_l0_001-26.4.2025-22_49_54-1-1.jpg?w=225\"},{\"@type\":\"BreadcrumbList\",\"@id\":\"https:\\\/\\\/loop-of-light.com\\\/en\\\/glede-handarbeid\\\/#breadcrumb\",\"itemListElement\":[{\"@type\":\"ListItem\",\"position\":1,\"name\":\"Home\",\"item\":\"https:\\\/\\\/loop-of-light.com\\\/\"},{\"@type\":\"ListItem\",\"position\":2,\"name\":\"H\u00e5ndarbeid og glede\"}]},{\"@type\":\"WebSite\",\"@id\":\"https:\\\/\\\/loop-of-light.com\\\/#website\",\"url\":\"https:\\\/\\\/loop-of-light.com\\\/\",\"name\":\"Loop-of-light.com\",\"description\":\"Creativity with calm\",\"publisher\":{\"@id\":\"https:\\\/\\\/loop-of-light.com\\\/#\\\/schema\\\/person\\\/c0a33ff135d2d321a191176e6446ead9\"},\"potentialAction\":[{\"@type\":\"SearchAction\",\"target\":{\"@type\":\"EntryPoint\",\"urlTemplate\":\"https:\\\/\\\/loop-of-light.com\\\/?s={search_term_string}\"},\"query-input\":{\"@type\":\"PropertyValueSpecification\",\"valueRequired\":true,\"valueName\":\"search_term_string\"}}],\"inLanguage\":\"en-GB\"},{\"@type\":[\"Person\",\"Organization\"],\"@id\":\"https:\\\/\\\/loop-of-light.com\\\/#\\\/schema\\\/person\\\/c0a33ff135d2d321a191176e6446ead9\",\"name\":\"Bente\",\"image\":{\"@type\":\"ImageObject\",\"inLanguage\":\"en-GB\",\"@id\":\"https:\\\/\\\/i0.wp.com\\\/loop-of-light.com\\\/wp-content\\\/uploads\\\/2025\\\/06\\\/cropped-logo-1.webp?fit=512%2C512&ssl=1\",\"url\":\"https:\\\/\\\/i0.wp.com\\\/loop-of-light.com\\\/wp-content\\\/uploads\\\/2025\\\/06\\\/cropped-logo-1.webp?fit=512%2C512&ssl=1\",\"contentUrl\":\"https:\\\/\\\/i0.wp.com\\\/loop-of-light.com\\\/wp-content\\\/uploads\\\/2025\\\/06\\\/cropped-logo-1.webp?fit=512%2C512&ssl=1\",\"width\":512,\"height\":512,\"caption\":\"Bente\"},\"logo\":{\"@id\":\"https:\\\/\\\/i0.wp.com\\\/loop-of-light.com\\\/wp-content\\\/uploads\\\/2025\\\/06\\\/cropped-logo-1.webp?fit=512%2C512&ssl=1\"},\"sameAs\":[\"http:\\\/\\\/loop-of-light.com\",\"https:\\\/\\\/www.facebook.com\\\/profile.php?id=61575882834639\",\"https:\\\/\\\/www.instagram.com\\\/skaperglede_med_hvilepuls\\\/\",\"https:\\\/\\\/no.pinterest.com\\\/Loopoflight\\\/?actingBusinessId=305893137098757733\"]}]}<\/script>\n<!-- \/ Yoast SEO Premium plugin. -->","yoast_head_json":{"title":"H\u00e5ndarbeid og glede - Loop of Light","robots":{"index":"index","follow":"follow","max-snippet":"max-snippet:-1","max-image-preview":"max-image-preview:large","max-video-preview":"max-video-preview:-1"},"canonical":"https:\/\/loop-of-light.com\/en\/glede-handarbeid\/","og_locale":"en_GB","og_type":"article","og_title":"H\u00e5ndarbeid og glede","og_description":"I denne inspirerende plattformen \u00f8nsker vi \u00e5 skape et pusterom for alle som s\u00f8ker mer ro, glede og kreativitet i hverdagen. Gjennom h\u00e5ndarbeid og farger kan vi styrke v\u00e5r forbindelse til oss selv. Meld deg p\u00e5 nyhetsbrevet for \u00e5 motta en gratis arbeidsbok om farger og f\u00f8lelser.","og_url":"https:\/\/loop-of-light.com\/en\/glede-handarbeid\/","og_site_name":"Loop of Light","article_publisher":"https:\/\/www.facebook.com\/profile.php?id=61575882834639","og_image":[{"url":"https:\/\/loopoflightcom.wordpress.com\/wp-content\/uploads\/2025\/04\/50c35fbf-7a7b-4c7a-a1ea-cff2581c9744_l0_001-26.4.2025-22_49_54-1-1.jpg?w=225","type":"","width":"","height":""}],"twitter_card":"summary_large_image","twitter_misc":{"Estimated reading time":"1 minute"},"schema":{"@context":"https:\/\/schema.org","@graph":[{"@type":"WebPage","@id":"https:\/\/loop-of-light.com\/en\/glede-handarbeid\/","url":"https:\/\/loop-of-light.com\/en\/glede-handarbeid\/","name":"H\u00e5ndarbeid og glede - Loop of Light","isPartOf":{"@id":"https:\/\/loop-of-light.com\/#website"},"primaryImageOfPage":{"@id":"https:\/\/loop-of-light.com\/en\/glede-handarbeid\/#primaryimage"},"image":{"@id":"https:\/\/loop-of-light.com\/en\/glede-handarbeid\/#primaryimage"},"thumbnailUrl":"https:\/\/loopoflightcom.wordpress.com\/wp-content\/uploads\/2025\/04\/50c35fbf-7a7b-4c7a-a1ea-cff2581c9744_l0_001-26.4.2025-22_49_54-1-1.jpg?w=225","datePublished":"2025-04-28T22:38:01+00:00","breadcrumb":{"@id":"https:\/\/loop-of-light.com\/en\/glede-handarbeid\/#breadcrumb"},"inLanguage":"en-GB","potentialAction":[{"@type":"ReadAction","target":["https:\/\/loop-of-light.com\/en\/glede-handarbeid\/"]}]},{"@type":"ImageObject","inLanguage":"en-GB","@id":"https:\/\/loop-of-light.com\/en\/glede-handarbeid\/#primaryimage","url":"https:\/\/loopoflightcom.wordpress.com\/wp-content\/uploads\/2025\/04\/50c35fbf-7a7b-4c7a-a1ea-cff2581c9744_l0_001-26.4.2025-22_49_54-1-1.jpg?w=225","contentUrl":"https:\/\/loopoflightcom.wordpress.com\/wp-content\/uploads\/2025\/04\/50c35fbf-7a7b-4c7a-a1ea-cff2581c9744_l0_001-26.4.2025-22_49_54-1-1.jpg?w=225"},{"@type":"BreadcrumbList","@id":"https:\/\/loop-of-light.com\/en\/glede-handarbeid\/#breadcrumb","itemListElement":[{"@type":"ListItem","position":1,"name":"Home","item":"https:\/\/loop-of-light.com\/"},{"@type":"ListItem","position":2,"name":"H\u00e5ndarbeid og glede"}]},{"@type":"WebSite","@id":"https:\/\/loop-of-light.com\/#website","url":"https:\/\/loop-of-light.com\/","name":"Loop-of-light.com","description":"Creativity with calm","publisher":{"@id":"https:\/\/loop-of-light.com\/#\/schema\/person\/c0a33ff135d2d321a191176e6446ead9"},"potentialAction":[{"@type":"SearchAction","target":{"@type":"EntryPoint","urlTemplate":"https:\/\/loop-of-light.com\/?s={search_term_string}"},"query-input":{"@type":"PropertyValueSpecification","valueRequired":true,"valueName":"search_term_string"}}],"inLanguage":"en-GB"},{"@type":["Person","Organization"],"@id":"https:\/\/loop-of-light.com\/#\/schema\/person\/c0a33ff135d2d321a191176e6446ead9","name":"Bente","image":{"@type":"ImageObject","inLanguage":"en-GB","@id":"https:\/\/i0.wp.com\/loop-of-light.com\/wp-content\/uploads\/2025\/06\/cropped-logo-1.webp?fit=512%2C512&ssl=1","url":"https:\/\/i0.wp.com\/loop-of-light.com\/wp-content\/uploads\/2025\/06\/cropped-logo-1.webp?fit=512%2C512&ssl=1","contentUrl":"https:\/\/i0.wp.com\/loop-of-light.com\/wp-content\/uploads\/2025\/06\/cropped-logo-1.webp?fit=512%2C512&ssl=1","width":512,"height":512,"caption":"Bente"},"logo":{"@id":"https:\/\/i0.wp.com\/loop-of-light.com\/wp-content\/uploads\/2025\/06\/cropped-logo-1.webp?fit=512%2C512&ssl=1"},"sameAs":["http:\/\/loop-of-light.com","https:\/\/www.facebook.com\/profile.php?id=61575882834639","https:\/\/www.instagram.com\/skaperglede_med_hvilepuls\/","https:\/\/no.pinterest.com\/Loopoflight\/?actingBusinessId=305893137098757733"]}]}},"jetpack_sharing_enabled":true,"_links":{"self":[{"href":"https:\/\/loop-of-light.com\/en\/wp-json\/wp\/v2\/pages\/186","targetHints":{"allow":["GET"]}}],"collection":[{"href":"https:\/\/loop-of-light.com\/en\/wp-json\/wp\/v2\/pages"}],"about":[{"href":"https:\/\/loop-of-light.com\/en\/wp-json\/wp\/v2\/types\/page"}],"author":[{"embeddable":true,"href":"https:\/\/loop-of-light.com\/en\/wp-json\/wp\/v2\/users\/1"}],"replies":[{"embeddable":true,"href":"https:\/\/loop-of-light.com\/en\/wp-json\/wp\/v2\/comments?post=186"}],"version-history":[{"count":0,"href":"https:\/\/loop-of-light.com\/en\/wp-json\/wp\/v2\/pages\/186\/revisions"}],"wp:attachment":[{"href":"https:\/\/loop-of-light.com\/en\/wp-json\/wp\/v2\/media?parent=186"}],"curies":[{"name":"wp","href":"https:\/\/api.w.org\/{rel}","templated":true}]}}