{"id":1410,"date":"2025-05-31T21:19:47","date_gmt":"2025-05-31T19:19:47","guid":{"rendered":"https:\/\/loop-of-light.com\/?page_id=1410"},"modified":"2025-05-31T21:19:47","modified_gmt":"2025-05-31T19:19:47","slug":"no-spillelister","status":"publish","type":"page","link":"https:\/\/loop-of-light.com\/en\/no-spillelister\/","title":{"rendered":"Spillelister for ro, stillhet og glede"},"content":{"rendered":"\n<p>Spotify; <a href=\"https:\/\/open.spotify.com\/user\/bente.grytoyr?si=96358aac04fb4ed2\" target=\"_blank\" rel=\"noreferrer noopener\">Spillelister for ulikt hum\u00f8r og behov &#8211; Loop of Light<\/a><\/p>\n\n\n\n<hr class=\"wp-block-separator has-alpha-channel-opacity\" \/>\n\n\n\n<p>Noen dager er ment for stilhet og refleksjon, andre for glede og lettere toner. Jeg h\u00e5per at spillelistene til Loop of Light kan hjelpe deg med \u00e5 finne hum\u00f8ret og stemningen du trenger. Mande det blir en omsorgsfull klem av musikk.<\/p>\n\n\n\n<hr class=\"wp-block-separator has-alpha-channel-opacity\" \/>\n\n\n\n<p>Du kan finne mer informasjon om de ulike spillelistene ved \u00e5 klikke p\u00e5 linkene under. Y<\/p>\n\n\n\n<p>Trykk p\u00e5 &#8220;Play&#8221; og la de beroligende melodiene bli med deg p\u00e5 h\u00e5ndarbeidsreisen din. <\/p>\n\n\n\n<hr class=\"wp-block-separator has-alpha-channel-opacity\" \/>\n\n\n\n<div class=\"wp-block-columns is-layout-flex wp-container-core-columns-is-layout-9d6595d7 wp-block-columns-is-layout-flex\">\n<div class=\"wp-block-column is-layout-flow wp-block-column-is-layout-flow\">\n<h3 class=\"wp-block-heading has-black-color has-cyan-bluish-gray-background-color has-text-color has-background has-link-color wp-elements-515541e4a33b725fe0512bfe10a70b52\"><strong>Ro og stillhet<\/strong><\/h3>\n\n\n\n<div class=\"wp-block-buttons is-layout-flex wp-block-buttons-is-layout-flex\">\n<div class=\"wp-block-button\"><a class=\"wp-block-button__link wp-element-button\" href=\"https:\/\/open.spotify.com\/playlist\/3HlDQ5F1eKaX6nLG5lYugI?si=LxuzSBjJSHa64z0wKZKP5Q\">Stitch &amp; Stillness<\/a><\/div>\n\n\n\n<div class=\"wp-block-button\"><a class=\"wp-block-button__link wp-element-button\" href=\"https:\/\/open.spotify.com\/playlist\/3HiRzJBdynUmkLHDXNnV0p?si=oycxcxb2QkmCZHPS3HFXRQ\">Soundtrack of Stillness<\/a><\/div>\n<\/div>\n<\/div>\n\n\n\n<div class=\"wp-block-column is-layout-flow wp-block-column-is-layout-flow\">\n<h3 class=\"wp-block-heading has-black-color has-cyan-bluish-gray-background-color has-text-color has-background has-link-color wp-elements-c07e248627104260609ec9926f4c085c\"><strong>Kos og komfort<\/strong><\/h3>\n\n\n\n<div class=\"wp-block-buttons is-layout-flex wp-block-buttons-is-layout-flex\">\n<div class=\"wp-block-button\"><a class=\"wp-block-button__link wp-element-button\" href=\"https:\/\/open.spotify.com\/playlist\/6vqgCw58DR5vDyJUHygjfv?si=g52KwKdQQESMLuT__3pj1g\">Comfort on Grey Days<\/a><\/div>\n\n\n\n<div class=\"wp-block-button\"><a class=\"wp-block-button__link wp-element-button\" href=\"https:\/\/open.spotify.com\/playlist\/2ZU4WrENSrCtJjIRzxPUnu?si=K3X6izmPQn-JY85k-Hz1kQ\">Crochet in Bloom<\/a><\/div>\n<\/div>\n<\/div>\n<\/div>\n\n\n\n<div class=\"wp-block-columns is-layout-flex wp-container-core-columns-is-layout-9d6595d7 wp-block-columns-is-layout-flex\">\n<div class=\"wp-block-column is-layout-flow wp-block-column-is-layout-flow\">\n<hr class=\"wp-block-separator has-alpha-channel-opacity\" \/>\n<\/div>\n<\/div>\n\n\n\n<div class=\"wp-block-columns is-layout-flex wp-container-core-columns-is-layout-9d6595d7 wp-block-columns-is-layout-flex\">\n<div class=\"wp-block-column is-layout-flow wp-block-column-is-layout-flow\">\n<h3 class=\"wp-block-heading has-black-color has-cyan-bluish-gray-background-color has-text-color has-background has-link-color wp-elements-8a221588cc42a36f54012d905f7edcb0\"><strong>Lett og oppfriskende<\/strong><\/h3>\n\n\n\n<div class=\"wp-block-buttons is-layout-flex wp-block-buttons-is-layout-flex\">\n<div class=\"wp-block-button\"><a class=\"wp-block-button__link wp-element-button\" href=\"https:\/\/open.spotify.com\/playlist\/686DQdia2Rql1Vtre029vc?si=tx5oOEXuROOnnaNhXiJmMg\">Dancing Yarn &amp; Gentle Smile<\/a><\/div>\n<\/div>\n<\/div>\n\n\n\n<div class=\"wp-block-column is-layout-flow wp-block-column-is-layout-flow\">\n<h3 class=\"wp-block-heading has-black-color has-cyan-bluish-gray-background-color has-text-color has-background has-link-color wp-elements-8332e73d39e9c60a3636309f81833d69\"><strong>Refleksjon og rolighet<\/strong><\/h3>\n\n\n\n<div class=\"wp-block-buttons is-layout-flex wp-block-buttons-is-layout-flex\">\n<div class=\"wp-block-button\"><a class=\"wp-block-button__link wp-element-button\" href=\"https:\/\/open.spotify.com\/playlist\/4Uf7kaPUAScnMD5vlbyN4g?si=6jGsUtIeQ4uOyQauSR40rA\">Looped Reflections<\/a><\/div>\n<\/div>\n<\/div>\n<\/div>\n\n\n\n<p><\/p>\n","protected":false},"excerpt":{"rendered":"<p>Loop of Light tilbyr spillelister for ulike hum\u00f8r og behov, fra stilhet og refleksjon til glede og letthet. Musikkene fungerer som en omsorgsfull klem og kan forbedre opplevelsen av h\u00e5ndarbeid. Klikk p\u00e5 lenkene for \u00e5 utforske spillelistene og la melodiene f\u00f8lge deg.<\/p>\n","protected":false},"author":1,"featured_media":0,"parent":0,"menu_order":0,"comment_status":"open","ping_status":"closed","template":"","meta":{"nf_dc_page":"","om_disable_all_campaigns":false,"_monsterinsights_skip_tracking":false,"_monsterinsights_sitenote_active":false,"_monsterinsights_sitenote_note":"","_monsterinsights_sitenote_category":0,"_kadence_starter_templates_imported_post":false,"_kad_post_transparent":"","_kad_post_title":"","_kad_post_layout":"","_kad_post_sidebar_id":"","_kad_post_content_style":"","_kad_post_vertical_padding":"","_kad_post_feature":"","_kad_post_feature_position":"","_kad_post_header":false,"_kad_post_footer":false,"_kad_post_classname":"","footnotes":""},"class_list":["post-1410","page","type-page","status-publish","hentry"],"yoast_head":"<!-- This site is optimized with the Yoast SEO Premium plugin v27.1 (Yoast SEO v27.4) - https:\/\/yoast.com\/product\/yoast-seo-premium-wordpress\/ -->\n<title>Spillelister for ro, stillhet og glede - Loop of Light<\/title>\n<meta name=\"robots\" content=\"index, follow, max-snippet:-1, max-image-preview:large, max-video-preview:-1\" \/>\n<link rel=\"canonical\" href=\"https:\/\/loop-of-light.com\/en\/no-spillelister\/\" \/>\n<meta property=\"og:locale\" content=\"en_GB\" \/>\n<meta property=\"og:type\" content=\"article\" \/>\n<meta property=\"og:title\" content=\"Spillelister for ro, stillhet og glede\" \/>\n<meta property=\"og:description\" content=\"Loop of Light tilbyr spillelister for ulike hum\u00f8r og behov, fra stilhet og refleksjon til glede og letthet. Musikkene fungerer som en omsorgsfull klem og kan forbedre opplevelsen av h\u00e5ndarbeid. Klikk p\u00e5 lenkene for \u00e5 utforske spillelistene og la melodiene f\u00f8lge deg.\" \/>\n<meta property=\"og:url\" content=\"https:\/\/loop-of-light.com\/en\/no-spillelister\/\" \/>\n<meta property=\"og:site_name\" content=\"Loop of Light\" \/>\n<meta property=\"article:publisher\" content=\"https:\/\/www.facebook.com\/profile.php?id=61575882834639\" \/>\n<meta name=\"twitter:card\" content=\"summary_large_image\" \/>\n<meta name=\"twitter:label1\" content=\"Estimated reading time\" \/>\n\t<meta name=\"twitter:data1\" content=\"1 minute\" \/>\n<script type=\"application\/ld+json\" class=\"yoast-schema-graph\">{\"@context\":\"https:\\\/\\\/schema.org\",\"@graph\":[{\"@type\":\"WebPage\",\"@id\":\"https:\\\/\\\/loop-of-light.com\\\/en\\\/no-spillelister\\\/\",\"url\":\"https:\\\/\\\/loop-of-light.com\\\/en\\\/no-spillelister\\\/\",\"name\":\"Spillelister for ro, stillhet og glede - Loop of Light\",\"isPartOf\":{\"@id\":\"https:\\\/\\\/loop-of-light.com\\\/#website\"},\"datePublished\":\"2025-05-31T19:19:47+00:00\",\"breadcrumb\":{\"@id\":\"https:\\\/\\\/loop-of-light.com\\\/en\\\/no-spillelister\\\/#breadcrumb\"},\"inLanguage\":\"en-GB\",\"potentialAction\":[{\"@type\":\"ReadAction\",\"target\":[\"https:\\\/\\\/loop-of-light.com\\\/en\\\/no-spillelister\\\/\"]}]},{\"@type\":\"BreadcrumbList\",\"@id\":\"https:\\\/\\\/loop-of-light.com\\\/en\\\/no-spillelister\\\/#breadcrumb\",\"itemListElement\":[{\"@type\":\"ListItem\",\"position\":1,\"name\":\"Home\",\"item\":\"https:\\\/\\\/loop-of-light.com\\\/\"},{\"@type\":\"ListItem\",\"position\":2,\"name\":\"Spillelister for ro, stillhet og glede\"}]},{\"@type\":\"WebSite\",\"@id\":\"https:\\\/\\\/loop-of-light.com\\\/#website\",\"url\":\"https:\\\/\\\/loop-of-light.com\\\/\",\"name\":\"Loop-of-light.com\",\"description\":\"Creativity with calm\",\"publisher\":{\"@id\":\"https:\\\/\\\/loop-of-light.com\\\/#\\\/schema\\\/person\\\/c0a33ff135d2d321a191176e6446ead9\"},\"potentialAction\":[{\"@type\":\"SearchAction\",\"target\":{\"@type\":\"EntryPoint\",\"urlTemplate\":\"https:\\\/\\\/loop-of-light.com\\\/?s={search_term_string}\"},\"query-input\":{\"@type\":\"PropertyValueSpecification\",\"valueRequired\":true,\"valueName\":\"search_term_string\"}}],\"inLanguage\":\"en-GB\"},{\"@type\":[\"Person\",\"Organization\"],\"@id\":\"https:\\\/\\\/loop-of-light.com\\\/#\\\/schema\\\/person\\\/c0a33ff135d2d321a191176e6446ead9\",\"name\":\"Bente\",\"image\":{\"@type\":\"ImageObject\",\"inLanguage\":\"en-GB\",\"@id\":\"https:\\\/\\\/i0.wp.com\\\/loop-of-light.com\\\/wp-content\\\/uploads\\\/2025\\\/06\\\/cropped-logo-1.webp?fit=512%2C512&ssl=1\",\"url\":\"https:\\\/\\\/i0.wp.com\\\/loop-of-light.com\\\/wp-content\\\/uploads\\\/2025\\\/06\\\/cropped-logo-1.webp?fit=512%2C512&ssl=1\",\"contentUrl\":\"https:\\\/\\\/i0.wp.com\\\/loop-of-light.com\\\/wp-content\\\/uploads\\\/2025\\\/06\\\/cropped-logo-1.webp?fit=512%2C512&ssl=1\",\"width\":512,\"height\":512,\"caption\":\"Bente\"},\"logo\":{\"@id\":\"https:\\\/\\\/i0.wp.com\\\/loop-of-light.com\\\/wp-content\\\/uploads\\\/2025\\\/06\\\/cropped-logo-1.webp?fit=512%2C512&ssl=1\"},\"sameAs\":[\"http:\\\/\\\/loop-of-light.com\",\"https:\\\/\\\/www.facebook.com\\\/profile.php?id=61575882834639\",\"https:\\\/\\\/www.instagram.com\\\/skaperglede_med_hvilepuls\\\/\",\"https:\\\/\\\/no.pinterest.com\\\/Loopoflight\\\/?actingBusinessId=305893137098757733\"]}]}<\/script>\n<!-- \/ Yoast SEO Premium plugin. -->","yoast_head_json":{"title":"Spillelister for ro, stillhet og glede - Loop of Light","robots":{"index":"index","follow":"follow","max-snippet":"max-snippet:-1","max-image-preview":"max-image-preview:large","max-video-preview":"max-video-preview:-1"},"canonical":"https:\/\/loop-of-light.com\/en\/no-spillelister\/","og_locale":"en_GB","og_type":"article","og_title":"Spillelister for ro, stillhet og glede","og_description":"Loop of Light tilbyr spillelister for ulike hum\u00f8r og behov, fra stilhet og refleksjon til glede og letthet. Musikkene fungerer som en omsorgsfull klem og kan forbedre opplevelsen av h\u00e5ndarbeid. Klikk p\u00e5 lenkene for \u00e5 utforske spillelistene og la melodiene f\u00f8lge deg.","og_url":"https:\/\/loop-of-light.com\/en\/no-spillelister\/","og_site_name":"Loop of Light","article_publisher":"https:\/\/www.facebook.com\/profile.php?id=61575882834639","twitter_card":"summary_large_image","twitter_misc":{"Estimated reading time":"1 minute"},"schema":{"@context":"https:\/\/schema.org","@graph":[{"@type":"WebPage","@id":"https:\/\/loop-of-light.com\/en\/no-spillelister\/","url":"https:\/\/loop-of-light.com\/en\/no-spillelister\/","name":"Spillelister for ro, stillhet og glede - Loop of Light","isPartOf":{"@id":"https:\/\/loop-of-light.com\/#website"},"datePublished":"2025-05-31T19:19:47+00:00","breadcrumb":{"@id":"https:\/\/loop-of-light.com\/en\/no-spillelister\/#breadcrumb"},"inLanguage":"en-GB","potentialAction":[{"@type":"ReadAction","target":["https:\/\/loop-of-light.com\/en\/no-spillelister\/"]}]},{"@type":"BreadcrumbList","@id":"https:\/\/loop-of-light.com\/en\/no-spillelister\/#breadcrumb","itemListElement":[{"@type":"ListItem","position":1,"name":"Home","item":"https:\/\/loop-of-light.com\/"},{"@type":"ListItem","position":2,"name":"Spillelister for ro, stillhet og glede"}]},{"@type":"WebSite","@id":"https:\/\/loop-of-light.com\/#website","url":"https:\/\/loop-of-light.com\/","name":"Loop-of-light.com","description":"Creativity with calm","publisher":{"@id":"https:\/\/loop-of-light.com\/#\/schema\/person\/c0a33ff135d2d321a191176e6446ead9"},"potentialAction":[{"@type":"SearchAction","target":{"@type":"EntryPoint","urlTemplate":"https:\/\/loop-of-light.com\/?s={search_term_string}"},"query-input":{"@type":"PropertyValueSpecification","valueRequired":true,"valueName":"search_term_string"}}],"inLanguage":"en-GB"},{"@type":["Person","Organization"],"@id":"https:\/\/loop-of-light.com\/#\/schema\/person\/c0a33ff135d2d321a191176e6446ead9","name":"Bente","image":{"@type":"ImageObject","inLanguage":"en-GB","@id":"https:\/\/i0.wp.com\/loop-of-light.com\/wp-content\/uploads\/2025\/06\/cropped-logo-1.webp?fit=512%2C512&ssl=1","url":"https:\/\/i0.wp.com\/loop-of-light.com\/wp-content\/uploads\/2025\/06\/cropped-logo-1.webp?fit=512%2C512&ssl=1","contentUrl":"https:\/\/i0.wp.com\/loop-of-light.com\/wp-content\/uploads\/2025\/06\/cropped-logo-1.webp?fit=512%2C512&ssl=1","width":512,"height":512,"caption":"Bente"},"logo":{"@id":"https:\/\/i0.wp.com\/loop-of-light.com\/wp-content\/uploads\/2025\/06\/cropped-logo-1.webp?fit=512%2C512&ssl=1"},"sameAs":["http:\/\/loop-of-light.com","https:\/\/www.facebook.com\/profile.php?id=61575882834639","https:\/\/www.instagram.com\/skaperglede_med_hvilepuls\/","https:\/\/no.pinterest.com\/Loopoflight\/?actingBusinessId=305893137098757733"]}]}},"jetpack_sharing_enabled":true,"_links":{"self":[{"href":"https:\/\/loop-of-light.com\/en\/wp-json\/wp\/v2\/pages\/1410","targetHints":{"allow":["GET"]}}],"collection":[{"href":"https:\/\/loop-of-light.com\/en\/wp-json\/wp\/v2\/pages"}],"about":[{"href":"https:\/\/loop-of-light.com\/en\/wp-json\/wp\/v2\/types\/page"}],"author":[{"embeddable":true,"href":"https:\/\/loop-of-light.com\/en\/wp-json\/wp\/v2\/users\/1"}],"replies":[{"embeddable":true,"href":"https:\/\/loop-of-light.com\/en\/wp-json\/wp\/v2\/comments?post=1410"}],"version-history":[{"count":0,"href":"https:\/\/loop-of-light.com\/en\/wp-json\/wp\/v2\/pages\/1410\/revisions"}],"wp:attachment":[{"href":"https:\/\/loop-of-light.com\/en\/wp-json\/wp\/v2\/media?parent=1410"}],"curies":[{"name":"wp","href":"https:\/\/api.w.org\/{rel}","templated":true}]}}