{"id":107,"date":"2025-04-28T23:00:28","date_gmt":"2025-04-28T21:00:28","guid":{"rendered":"https:\/\/loopoflightcom.wordpress.com\/?page_id=107"},"modified":"2025-04-28T23:00:28","modified_gmt":"2025-04-28T21:00:28","slug":"om-meg","status":"publish","type":"page","link":"https:\/\/loop-of-light.com\/en\/om-meg\/","title":{"rendered":"Om meg  &#8211; og om \u00e5 skaper ro med h\u00e5ndarbeid"},"content":{"rendered":"\n<h2 class=\"wp-block-heading\">Hvem er jeg?<\/h2>\n\n\n\n<p><br>Jeg heter Bente, og er skaperen bak Loop of Light. Med heklen\u00e5l Jeg er en gift 3 barns mamma der mine h\u00e5pefulle n\u00e5 ikke er s\u00e5 sm\u00e5 lengre. Familens yngste er i dag 11 \u00e5r.  <br>Sykdom gj\u00f8r at livstilv\u00e6relsen min n\u00e5 er snudd total p\u00e5 hodet. Fra \u00e5 v\u00e6re i full jobb, med verv og en aktiv livsstil, er n\u00e5 livet mitt n\u00e5 et helt annet. <\/p>\n\n\n\n<p><br>Med heklen\u00e5len i h\u00e5nden har jeg funnet min m\u00e5te \u00e5 m\u00f8te livet p\u00e5. Jeg har mange tanker i hodet. Jeg m\u00f8ter livet en maske av gangen.&nbsp;<br>&nbsp;<\/p>\n\n\n\n<figure class=\"wp-block-image aligncenter size-medium\"><img data-recalc-dims=\"1\" decoding=\"async\" loading=\"lazy\" src=\"https:\/\/i0.wp.com\/loopoflightcom.wordpress.com\/wp-content\/uploads\/2025\/06\/20250511_101344897_ios.jpg?w=1290&#038;ssl=1\" alt=\"En kvinne med gr\u00e5tt h\u00e5r som sitter i rullestol, if\u00f8rt solbriller og gr\u00f8nn hettegenser, smilende mens hun holder solbrillene oppe med den ene h\u00e5nden. Rester av natur og skog i bakgrunnen.\" class=\"wp-image-1473\" \/><\/figure>\n\n\n\n<hr class=\"wp-block-separator has-alpha-channel-opacity\" \/>\n\n\n\n<h2 class=\"wp-block-heading\">Hvorfor Loop of Light &#8211; Skaperglede med hvilepuls?<\/h2>\n\n\n\n<p><br>H\u00e5ndarbeid har blitt min pauseknapp. Det er her jeg finner ro n\u00e5r verden kjennes overveldende. Og n\u00e5r helsen ikke strekker til, lar jeg kreativiteten f\u00e5 plass der kroppen m\u00e5 hvile.&nbsp;<br>&nbsp;<br>Loop of Light ble til fordi jeg tror p\u00e5 verdien av \u00e5 skape. Jeg gj\u00f8r det ikke for perfeksjon, men for n\u00e6rhet, glede og tilstedev\u00e6relse. Jeg \u00f8nsker \u00e5 inspirere deg som s\u00f8ker sm\u00e5 pusterom. <\/p>\n\n\n\n<hr class=\"wp-block-separator has-alpha-channel-opacity\" \/>\n\n\n\n<h2 class=\"wp-block-heading\">Hva jeg \u00f8nsker for deg<\/h2>\n\n\n\n<p>Kanskje du trenger en p\u00e5minnelse om at egenomsorg ogs\u00e5 kan v\u00e6re noe vakkert. Det kan ogs\u00e5 v\u00e6re skapende.&nbsp;<br>&nbsp;<br>Du finner meg ofte med en kopp kaffe, et hekleprosjekt i fanget, og en tanke jeg vil dele. Velkommen inn i mitt kreative pusterom.&nbsp;<\/p>\n\n\n\n<p>Velkommen til et sted der det er rom for \u00e5 v\u00e6re deg selv, uten hastverk.<\/p>\n\n\n\n<p>Varm hilsen,<br>Bente<\/p>\n\n\n\n<figure class=\"wp-block-image aligncenter size-medium\"><img data-recalc-dims=\"1\" decoding=\"async\" loading=\"lazy\" src=\"https:\/\/i0.wp.com\/loopoflightcom.wordpress.com\/wp-content\/uploads\/2025\/04\/2e9dbf29-8280-4ffb-95fe-b7de41411f54-1-2.jpg?w=1290&#038;ssl=1\" alt=\"En kvinne med kr\u00f8llete h\u00e5r if\u00f8rt store solbriller, sitter ute og holder p\u00e5 med hekling. Hun er kledd i en gr\u00f8nn skjorte og ser konsentrert ut mens hun arbeider med fargerikt garn.\" class=\"wp-image-403\" \/><\/figure>\n\n\n\n<p><\/p>\n\n\n\n<div class=\"wp-block-buttons is-content-justification-center is-layout-flex wp-container-core-buttons-is-layout-16018d1d wp-block-buttons-is-layout-flex\">\n<div class=\"wp-block-button\"><a class=\"wp-block-button__link wp-element-button\" href=\"https:\/\/loop-of-light.com\/blogg-norsk\/\">Blogg<\/a><\/div>\n\n\n\n<div class=\"wp-block-button\"><a class=\"wp-block-button__link wp-element-button\" href=\"https:\/\/loop-of-light.com\/no-dagbok-refleksjon\/\">Dagbok og refleksjon<\/a><\/div>\n\n\n\n<div class=\"wp-block-button\"><a class=\"wp-block-button__link wp-element-button\" href=\"https:\/\/loop-of-light.com\/no-hekle-skape\/\">Hekle og skape<\/a><\/div>\n\n\n\n<div class=\"wp-block-button\"><a class=\"wp-block-button__link wp-element-button\" href=\"https:\/\/loop-of-light.com\/frontpage-english\/\">English Menu<\/a><\/div>\n\n\n\n<div class=\"wp-block-button\"><a class=\"wp-block-button__link wp-element-button\" href=\"https:\/\/loop-of-light.com\/forside-norsk\/\">Forside Norsk<\/a><\/div>\n<\/div>\n\n\n\n<p><\/p>\n","protected":false},"excerpt":{"rendered":"<p>Bente, grunnleggeren av Skaperglede med hvilepuls, deler sitt personlige s\u00f8k etter mening og ro gjennom kreativitet p\u00e5 grunn av sykdom. Hun \u00f8nsker \u00e5 inspirere andre til \u00e5 skape med hjertet, i sitt eget tempo, og tilbyr tips og en gratis e-bok om farger og f\u00f8lelser i h\u00e5ndarbeid. Velkommen!<\/p>\n","protected":false},"author":1,"featured_media":1475,"parent":0,"menu_order":0,"comment_status":"open","ping_status":"closed","template":"","meta":{"nf_dc_page":"","om_disable_all_campaigns":false,"_monsterinsights_skip_tracking":false,"_monsterinsights_sitenote_active":false,"_monsterinsights_sitenote_note":"","_monsterinsights_sitenote_category":0,"_kadence_starter_templates_imported_post":false,"_kad_post_transparent":"","_kad_post_title":"","_kad_post_layout":"","_kad_post_sidebar_id":"","_kad_post_content_style":"","_kad_post_vertical_padding":"","_kad_post_feature":"","_kad_post_feature_position":"","_kad_post_header":false,"_kad_post_footer":false,"_kad_post_classname":"","footnotes":""},"class_list":["post-107","page","type-page","status-publish","has-post-thumbnail","hentry"],"yoast_head":"<!-- This site is optimized with the Yoast SEO Premium plugin v27.1 (Yoast SEO v27.4) - https:\/\/yoast.com\/product\/yoast-seo-premium-wordpress\/ -->\n<title>Om meg - og om \u00e5 skaper ro med h\u00e5ndarbeid - Loop of Light<\/title>\n<meta name=\"robots\" content=\"index, follow, max-snippet:-1, max-image-preview:large, max-video-preview:-1\" \/>\n<link rel=\"canonical\" href=\"https:\/\/loop-of-light.com\/en\/om-meg\/\" \/>\n<meta property=\"og:locale\" content=\"en_GB\" \/>\n<meta property=\"og:type\" content=\"article\" \/>\n<meta property=\"og:title\" content=\"Om meg - og om \u00e5 skaper ro med h\u00e5ndarbeid\" \/>\n<meta property=\"og:description\" content=\"Bente, grunnleggeren av Skaperglede med hvilepuls, deler sitt personlige s\u00f8k etter mening og ro gjennom kreativitet p\u00e5 grunn av sykdom. Hun \u00f8nsker \u00e5 inspirere andre til \u00e5 skape med hjertet, i sitt eget tempo, og tilbyr tips og en gratis e-bok om farger og f\u00f8lelser i h\u00e5ndarbeid. Velkommen!\" \/>\n<meta property=\"og:url\" content=\"https:\/\/loop-of-light.com\/en\/om-meg\/\" \/>\n<meta property=\"og:site_name\" content=\"Loop of Light\" \/>\n<meta property=\"article:publisher\" content=\"https:\/\/www.facebook.com\/profile.php?id=61575882834639\" \/>\n<meta property=\"og:image\" content=\"https:\/\/i0.wp.com\/loop-of-light.com\/wp-content\/uploads\/2025\/06\/20250511_101345695_ios-scaled.jpg?fit=1920%2C2560&ssl=1\" \/>\n\t<meta property=\"og:image:width\" content=\"1920\" \/>\n\t<meta property=\"og:image:height\" content=\"2560\" \/>\n\t<meta property=\"og:image:type\" content=\"image\/jpeg\" \/>\n<meta name=\"twitter:card\" content=\"summary_large_image\" \/>\n<meta name=\"twitter:label1\" content=\"Estimated reading time\" \/>\n\t<meta name=\"twitter:data1\" content=\"1 minute\" \/>\n<script type=\"application\/ld+json\" class=\"yoast-schema-graph\">{\"@context\":\"https:\\\/\\\/schema.org\",\"@graph\":[{\"@type\":\"WebPage\",\"@id\":\"https:\\\/\\\/loop-of-light.com\\\/en\\\/om-meg\\\/\",\"url\":\"https:\\\/\\\/loop-of-light.com\\\/en\\\/om-meg\\\/\",\"name\":\"Om meg - og om \u00e5 skaper ro med h\u00e5ndarbeid - Loop of Light\",\"isPartOf\":{\"@id\":\"https:\\\/\\\/loop-of-light.com\\\/#website\"},\"primaryImageOfPage\":{\"@id\":\"https:\\\/\\\/loop-of-light.com\\\/en\\\/om-meg\\\/#primaryimage\"},\"image\":{\"@id\":\"https:\\\/\\\/loop-of-light.com\\\/en\\\/om-meg\\\/#primaryimage\"},\"thumbnailUrl\":\"https:\\\/\\\/i0.wp.com\\\/loop-of-light.com\\\/wp-content\\\/uploads\\\/2025\\\/06\\\/20250511_101345695_ios-scaled.jpg?fit=1920%2C2560&ssl=1\",\"datePublished\":\"2025-04-28T21:00:28+00:00\",\"breadcrumb\":{\"@id\":\"https:\\\/\\\/loop-of-light.com\\\/en\\\/om-meg\\\/#breadcrumb\"},\"inLanguage\":\"en-GB\",\"potentialAction\":[{\"@type\":\"ReadAction\",\"target\":[\"https:\\\/\\\/loop-of-light.com\\\/en\\\/om-meg\\\/\"]}]},{\"@type\":\"ImageObject\",\"inLanguage\":\"en-GB\",\"@id\":\"https:\\\/\\\/loop-of-light.com\\\/en\\\/om-meg\\\/#primaryimage\",\"url\":\"https:\\\/\\\/i0.wp.com\\\/loop-of-light.com\\\/wp-content\\\/uploads\\\/2025\\\/06\\\/20250511_101345695_ios-scaled.jpg?fit=1920%2C2560&ssl=1\",\"contentUrl\":\"https:\\\/\\\/i0.wp.com\\\/loop-of-light.com\\\/wp-content\\\/uploads\\\/2025\\\/06\\\/20250511_101345695_ios-scaled.jpg?fit=1920%2C2560&ssl=1\",\"width\":1920,\"height\":2560},{\"@type\":\"BreadcrumbList\",\"@id\":\"https:\\\/\\\/loop-of-light.com\\\/en\\\/om-meg\\\/#breadcrumb\",\"itemListElement\":[{\"@type\":\"ListItem\",\"position\":1,\"name\":\"Home\",\"item\":\"https:\\\/\\\/loop-of-light.com\\\/\"},{\"@type\":\"ListItem\",\"position\":2,\"name\":\"Om meg &#8211; og om \u00e5 skaper ro med h\u00e5ndarbeid\"}]},{\"@type\":\"WebSite\",\"@id\":\"https:\\\/\\\/loop-of-light.com\\\/#website\",\"url\":\"https:\\\/\\\/loop-of-light.com\\\/\",\"name\":\"Loop-of-light.com\",\"description\":\"Creativity with calm\",\"publisher\":{\"@id\":\"https:\\\/\\\/loop-of-light.com\\\/#\\\/schema\\\/person\\\/c0a33ff135d2d321a191176e6446ead9\"},\"potentialAction\":[{\"@type\":\"SearchAction\",\"target\":{\"@type\":\"EntryPoint\",\"urlTemplate\":\"https:\\\/\\\/loop-of-light.com\\\/?s={search_term_string}\"},\"query-input\":{\"@type\":\"PropertyValueSpecification\",\"valueRequired\":true,\"valueName\":\"search_term_string\"}}],\"inLanguage\":\"en-GB\"},{\"@type\":[\"Person\",\"Organization\"],\"@id\":\"https:\\\/\\\/loop-of-light.com\\\/#\\\/schema\\\/person\\\/c0a33ff135d2d321a191176e6446ead9\",\"name\":\"Bente\",\"image\":{\"@type\":\"ImageObject\",\"inLanguage\":\"en-GB\",\"@id\":\"https:\\\/\\\/i0.wp.com\\\/loop-of-light.com\\\/wp-content\\\/uploads\\\/2025\\\/06\\\/cropped-logo-1.webp?fit=512%2C512&ssl=1\",\"url\":\"https:\\\/\\\/i0.wp.com\\\/loop-of-light.com\\\/wp-content\\\/uploads\\\/2025\\\/06\\\/cropped-logo-1.webp?fit=512%2C512&ssl=1\",\"contentUrl\":\"https:\\\/\\\/i0.wp.com\\\/loop-of-light.com\\\/wp-content\\\/uploads\\\/2025\\\/06\\\/cropped-logo-1.webp?fit=512%2C512&ssl=1\",\"width\":512,\"height\":512,\"caption\":\"Bente\"},\"logo\":{\"@id\":\"https:\\\/\\\/i0.wp.com\\\/loop-of-light.com\\\/wp-content\\\/uploads\\\/2025\\\/06\\\/cropped-logo-1.webp?fit=512%2C512&ssl=1\"},\"sameAs\":[\"http:\\\/\\\/loop-of-light.com\",\"https:\\\/\\\/www.facebook.com\\\/profile.php?id=61575882834639\",\"https:\\\/\\\/www.instagram.com\\\/skaperglede_med_hvilepuls\\\/\",\"https:\\\/\\\/no.pinterest.com\\\/Loopoflight\\\/?actingBusinessId=305893137098757733\"]}]}<\/script>\n<!-- \/ Yoast SEO Premium plugin. -->","yoast_head_json":{"title":"Om meg - og om \u00e5 skaper ro med h\u00e5ndarbeid - Loop of Light","robots":{"index":"index","follow":"follow","max-snippet":"max-snippet:-1","max-image-preview":"max-image-preview:large","max-video-preview":"max-video-preview:-1"},"canonical":"https:\/\/loop-of-light.com\/en\/om-meg\/","og_locale":"en_GB","og_type":"article","og_title":"Om meg - og om \u00e5 skaper ro med h\u00e5ndarbeid","og_description":"Bente, grunnleggeren av Skaperglede med hvilepuls, deler sitt personlige s\u00f8k etter mening og ro gjennom kreativitet p\u00e5 grunn av sykdom. Hun \u00f8nsker \u00e5 inspirere andre til \u00e5 skape med hjertet, i sitt eget tempo, og tilbyr tips og en gratis e-bok om farger og f\u00f8lelser i h\u00e5ndarbeid. Velkommen!","og_url":"https:\/\/loop-of-light.com\/en\/om-meg\/","og_site_name":"Loop of Light","article_publisher":"https:\/\/www.facebook.com\/profile.php?id=61575882834639","og_image":[{"width":1920,"height":2560,"url":"https:\/\/i0.wp.com\/loop-of-light.com\/wp-content\/uploads\/2025\/06\/20250511_101345695_ios-scaled.jpg?fit=1920%2C2560&ssl=1","type":"image\/jpeg"}],"twitter_card":"summary_large_image","twitter_misc":{"Estimated reading time":"1 minute"},"schema":{"@context":"https:\/\/schema.org","@graph":[{"@type":"WebPage","@id":"https:\/\/loop-of-light.com\/en\/om-meg\/","url":"https:\/\/loop-of-light.com\/en\/om-meg\/","name":"Om meg - og om \u00e5 skaper ro med h\u00e5ndarbeid - Loop of Light","isPartOf":{"@id":"https:\/\/loop-of-light.com\/#website"},"primaryImageOfPage":{"@id":"https:\/\/loop-of-light.com\/en\/om-meg\/#primaryimage"},"image":{"@id":"https:\/\/loop-of-light.com\/en\/om-meg\/#primaryimage"},"thumbnailUrl":"https:\/\/i0.wp.com\/loop-of-light.com\/wp-content\/uploads\/2025\/06\/20250511_101345695_ios-scaled.jpg?fit=1920%2C2560&ssl=1","datePublished":"2025-04-28T21:00:28+00:00","breadcrumb":{"@id":"https:\/\/loop-of-light.com\/en\/om-meg\/#breadcrumb"},"inLanguage":"en-GB","potentialAction":[{"@type":"ReadAction","target":["https:\/\/loop-of-light.com\/en\/om-meg\/"]}]},{"@type":"ImageObject","inLanguage":"en-GB","@id":"https:\/\/loop-of-light.com\/en\/om-meg\/#primaryimage","url":"https:\/\/i0.wp.com\/loop-of-light.com\/wp-content\/uploads\/2025\/06\/20250511_101345695_ios-scaled.jpg?fit=1920%2C2560&ssl=1","contentUrl":"https:\/\/i0.wp.com\/loop-of-light.com\/wp-content\/uploads\/2025\/06\/20250511_101345695_ios-scaled.jpg?fit=1920%2C2560&ssl=1","width":1920,"height":2560},{"@type":"BreadcrumbList","@id":"https:\/\/loop-of-light.com\/en\/om-meg\/#breadcrumb","itemListElement":[{"@type":"ListItem","position":1,"name":"Home","item":"https:\/\/loop-of-light.com\/"},{"@type":"ListItem","position":2,"name":"Om meg &#8211; og om \u00e5 skaper ro med h\u00e5ndarbeid"}]},{"@type":"WebSite","@id":"https:\/\/loop-of-light.com\/#website","url":"https:\/\/loop-of-light.com\/","name":"Loop-of-light.com","description":"Creativity with calm","publisher":{"@id":"https:\/\/loop-of-light.com\/#\/schema\/person\/c0a33ff135d2d321a191176e6446ead9"},"potentialAction":[{"@type":"SearchAction","target":{"@type":"EntryPoint","urlTemplate":"https:\/\/loop-of-light.com\/?s={search_term_string}"},"query-input":{"@type":"PropertyValueSpecification","valueRequired":true,"valueName":"search_term_string"}}],"inLanguage":"en-GB"},{"@type":["Person","Organization"],"@id":"https:\/\/loop-of-light.com\/#\/schema\/person\/c0a33ff135d2d321a191176e6446ead9","name":"Bente","image":{"@type":"ImageObject","inLanguage":"en-GB","@id":"https:\/\/i0.wp.com\/loop-of-light.com\/wp-content\/uploads\/2025\/06\/cropped-logo-1.webp?fit=512%2C512&ssl=1","url":"https:\/\/i0.wp.com\/loop-of-light.com\/wp-content\/uploads\/2025\/06\/cropped-logo-1.webp?fit=512%2C512&ssl=1","contentUrl":"https:\/\/i0.wp.com\/loop-of-light.com\/wp-content\/uploads\/2025\/06\/cropped-logo-1.webp?fit=512%2C512&ssl=1","width":512,"height":512,"caption":"Bente"},"logo":{"@id":"https:\/\/i0.wp.com\/loop-of-light.com\/wp-content\/uploads\/2025\/06\/cropped-logo-1.webp?fit=512%2C512&ssl=1"},"sameAs":["http:\/\/loop-of-light.com","https:\/\/www.facebook.com\/profile.php?id=61575882834639","https:\/\/www.instagram.com\/skaperglede_med_hvilepuls\/","https:\/\/no.pinterest.com\/Loopoflight\/?actingBusinessId=305893137098757733"]}]}},"jetpack_sharing_enabled":true,"_links":{"self":[{"href":"https:\/\/loop-of-light.com\/en\/wp-json\/wp\/v2\/pages\/107","targetHints":{"allow":["GET"]}}],"collection":[{"href":"https:\/\/loop-of-light.com\/en\/wp-json\/wp\/v2\/pages"}],"about":[{"href":"https:\/\/loop-of-light.com\/en\/wp-json\/wp\/v2\/types\/page"}],"author":[{"embeddable":true,"href":"https:\/\/loop-of-light.com\/en\/wp-json\/wp\/v2\/users\/1"}],"replies":[{"embeddable":true,"href":"https:\/\/loop-of-light.com\/en\/wp-json\/wp\/v2\/comments?post=107"}],"version-history":[{"count":0,"href":"https:\/\/loop-of-light.com\/en\/wp-json\/wp\/v2\/pages\/107\/revisions"}],"wp:featuredmedia":[{"embeddable":true,"href":"https:\/\/loop-of-light.com\/en\/wp-json\/wp\/v2\/media\/1475"}],"wp:attachment":[{"href":"https:\/\/loop-of-light.com\/en\/wp-json\/wp\/v2\/media?parent=107"}],"curies":[{"name":"wp","href":"https:\/\/api.w.org\/{rel}","templated":true}]}}